{"id":36534,"date":"2024-06-11T15:21:26","date_gmt":"2024-06-11T13:21:26","guid":{"rendered":"https:\/\/staging.praxas.com\/product\/senza-categoria\/tubi-filtranti-in-etilene-ef50\/"},"modified":"2025-09-11T16:37:58","modified_gmt":"2025-09-11T14:37:58","slug":"tubi-filtranti-in-etilene-ef50","status":"publish","type":"product","link":"https:\/\/praxas.com\/it\/product\/protezione-del-carico\/tubi-filtranti-in-etilene-ef50\/","title":{"rendered":"TUBI FILTRANTI IN ETILENE EF50"},"content":{"rendered":"<p>Freighttube EF50 \u00e8 un tubo filtrante per etilene progettato per proteggere i prodotti deperibili da alte concentrazioni di gas etilene. Grazie a caratteristiche uniche, \u00e8 leader nel mercato per la salvaguardia di frutti specifici e per la sicurezza di coloro che sono coinvolti nella loro produzione.<\/p>\n<p>Questi filtri sono <strong>lunghi 75 cm<\/strong> e contengono i granuli GK3 e GK4 per una capacit\u00e0 di assorbimento rispettivamente di oltre 3 e 4 litri di etilene per chilogrammo di GreenKeeper. Per alcune applicazioni sono disponibili formati con carbone attivo.<\/p>\n<p><strong>Questi granuli sono stati progettati appositamente per:<\/strong><\/p>\n<ul>\n<li>Produce una quantit\u00e0 minima di polvere<\/li>\n<li>Raggiunge un&#8217;elevata efficienza, abbassando i livelli di etilene nel contenitore in modo pi\u00f9 efficace rispetto a qualsiasi altro prodotto presente sul mercato<\/li>\n<li>Fornisce una capacit\u00e0 estremamente elevata senza i rischi associati al permanganato di sodio<\/li>\n<\/ul>\n<p>Il sistema &#8220;Easyfit&#8221; integra le connessioni flangiate nel tappo, rendendo l&#8217;assemblaggio del filtro semplice e veloce:<\/p>\n<ul>\n<li>Non \u00e8 necessario piegare le flange di plastica, evitando la difficolt\u00e0 di farle passare attraverso i fori della griglia<\/li>\n<li>Flange preformate con curva morbida per un&#8217;installazione pi\u00f9 agevole<\/li>\n<li>Le flange ancorate permettono al cavo di entrare da quattro posizioni diverse, garantendo flessibilit\u00e0, soprattutto per le installazioni su camion.<\/li>\n<\/ul>\n<p>Per il filtro Freight EF50 \u00e8 disponibile un&#8217;opzione biadesiva che ne facilita l&#8217;installazione nei camion con sistemi di ventilazione a tubi di plastica privi di guide perforate.<\/p>\n<p>Il calcolo della capacit\u00e0 di assorbimento teorica necessaria dipende da:<\/p>\n<ul>\n<li>Il tipo di frutta<\/li>\n<li>I giorni di transito<\/li>\n<li>I chili trasportati<\/li>\n<\/ul>\n<p>Misurazione della capacit\u00e0 residua: La capacit\u00e0 disponibile del filtro pu\u00f2 essere regolata in modo realistico. Questo metodo ci permette di tenere conto di variabili come le influenze stagionali e i diversi livelli di maturazione.<\/p>\n<p>Questi filtri sono disponibili in confezioni da 18.<\/p>\n<p>Puoi anche ordinare dei filtri di etilene da inserire nelle scatole. Visualizza <a href=\"https:\/\/praxas.com\/es\/product\/proteccion-de-la-carga\/bolsas-filtrantes-de-etileno-gk4-2\/\">qui<\/a> la gamma di filtri etilenici Praxas Styveck.<\/p>\n","protected":false},"excerpt":{"rendered":"<ul>\n<li>Filtro per etilene con tubo a cassetta<\/li>\n<li>Alta capacit\u00e0 di assorbimento<\/li>\n<li>Grano tondo<\/li>\n<li>Facile da attaccare<\/li>\n<li>18 Confezioni<\/li>\n<\/ul>\n","protected":false},"featured_media":36535,"template":"","meta":{"_acf_changed":false,"content-type":"","_uag_custom_page_level_css":""},"product_brand":[],"product_cat":[2531,2140],"product_tag":[],"class_list":{"0":"post-36534","1":"product","2":"type-product","3":"status-publish","4":"has-post-thumbnail","6":"product_cat-protezione-del-carico","7":"product_cat-filtri-per-etilene","9":"first","10":"instock","11":"taxable","12":"shipping-taxable","13":"purchasable","14":"product-type-simple"},"bundled_by":[],"bundle_stock_status":"instock","bundle_stock_quantity":null,"bundle_virtual":false,"bundle_layout":"","bundle_add_to_cart_form_location":"","bundle_editable_in_cart":false,"bundle_sold_individually_context":"","bundle_item_grouping":"","bundle_min_size":"","bundle_max_size":"","bundle_price":[],"bundled_items":[],"bundle_sell_ids":[],"acf":[],"spectra_custom_meta":{"_product_attributes":["a:2:{s:16:\"pa_product-brand\";a:6:{s:4:\"name\";s:16:\"pa_product-brand\";s:5:\"value\";s:0:\"\";s:8:\"position\";i:0;s:10:\"is_visible\";i:1;s:12:\"is_variation\";i:0;s:11:\"is_taxonomy\";i:1;}s:16:\"pa_make-a-choice\";a:6:{s:4:\"name\";s:16:\"pa_make-a-choice\";s:5:\"value\";s:0:\"\";s:8:\"position\";i:1;s:10:\"is_visible\";i:1;s:12:\"is_variation\";i:1;s:11:\"is_taxonomy\";i:1;}}"],"attr_label_translations":["a:1:{s:2:\"it\";a:1:{s:13:\"make-a-choice\";s:14:\"Fai una scelta\";}}"],"_backorders":["no"],"_download_limit":["-1"],"_download_expiry":["-1"],"_downloadable":["no"],"_manage_stock":["no"],"_sku":["EF50-HC"],"_stock_status":["instock"],"_sold_individually":["no"],"_tax_class":[""],"_tax_status":["taxable"],"_virtual":["no"],"product_datasheet":[""],"_product_datasheet":["field_650ad7d6ea3a0"],"connectivity":[""],"_connectivity":["field_64dce263bb57c"],"brand":["Praxas"],"_brand":["field_64ddf62ed2593"],"brand_image":[""],"_brand_image":["field_650c5e7c84cae"],"_specifications_table":["field_65044e1db92a8"],"_display_data_alarm":["field_667d647bcb066"],"_resources":["field_650849c6945ee"],"_accessories":["field_650849e6945f0"],"_faqs":["field_650859523d8d5"],"_calibration_suitable_ids_gb":["field_654b4c4acb54a"],"_calibration_suitable_ids_us":["field_654b4c56cb54b"],"_show_in_calibration_suitable":["field_654cfb691d345"],"_shipping":["field_66852535c98a5"],"_refrigerant_cabinet":["field_66852557c98a6"],"_main_specifications":["field_66855b25b1245"],"_usd_price_4":["field_651570dcac479"],"_usd_price_9":["field_6515713eb4807"],"_usd_price_24":["field_65157141b4809"],"_usd_price_49":["field_65157140b4808"],"_usd_price_99":["field_6515715bb480a"],"_gbp_price_4":["field_6515716e83bfa"],"_gbp_price_9":["field_6515724783bfb"],"_gbp_price_24":["field_6515724b83bfc"],"_gbp_price_49":["field_6515725983bfd"],"_gbp_price_99":["field_6515725d83bfe"],"_usdhk_price_4":["field_6515726f83bff"],"_usdhk_price_9":["field_6515727c83c00"],"_usdhk_price_24":["field_6515728083c01"],"_usdhk_price_49":["field_6515728983c02"],"_usdhk_price_99":["field_6515728e83c03"],"stock_options":["In stock"],"_stock_options":["field_6544b605dc7f9"],"_top_nav_excluded":[""],"_cms_nav_minihome":[""],"wcml_sync_hash":["a:1:{s:15:\"postmeta_fields\";s:32:\"338f08404901db71660762afab598464\";}"],"_thumbnail_id":["36535"],"_product_image_gallery":["36536"],"_crosssell_ids":["a:0:{}"],"_last_translation_edit_mode":["translation-editor"],"_edit_lock":["1721807970:8383"],"classic-editor-remember":["classic-editor"],"rank_math_seo_score":["30"],"_edit_last":["8383"],"commercekit_gallery_layout":[""],"commercekit_disable_sticky_atc":["0"],"commercekit_wc_video_gallery":["a:0:{}"],"_rank_math_gtin_code":[""],"_wcml_average_rating":[null],"_wcml_review_count":[null],"_wcml_rating_count":[null],"_stock":[null],"_wc_average_rating":[0],"_wc_review_count":["0"],"_product_version":["9.1.2"],"usd_price_4":[""],"usd_price_9":[""],"usd_price_24":[""],"usd_price_49":[""],"usd_price_99":[""],"gbp_price_4":[""],"gbp_price_9":[""],"gbp_price_24":[""],"gbp_price_49":[""],"gbp_price_99":[""],"usdhk_price_4":[""],"usdhk_price_9":[""],"usdhk_price_24":[""],"usdhk_price_49":[""],"usdhk_price_99":[""],"display_data_alarm":[""],"calibration":[""],"accessories":[""],"faqs":[""],"calibration_suitable_ids_gb":[""],"calibration_suitable_ids_us":[""],"show_in_calibration_suitable":[""],"other_features":[""],"shipping":[""],"refrigerant_cabinet":[""],"main_specifications":[""],"shoptimizer_layout_pdp_short_description_position":["default"],"_wpml_media_duplicate":["1"],"_wpml_media_featured":["1"],"_calibration":["field_66a0ddd599972"],"min_temp":[""],"max_temp":[""],"_min_temp":["field_67ea5eb4e0a77"],"_max_temp":["field_67ea5f81e0a79"],"_wpml_word_count":["378"],"rank_math_primary_product_cat":["2529"],"_weight":["15"],"_regular_price":["340.20"],"_price":["340.20","340.20"],"_other_features":["field_686fa2aa98dce"],"rank_math_focus_keyword":["Filtro per etilene"],"specifications_table":["<table class=\"specifications\">\n<tbody>\n<tr>\n<td class=\"td-left\">Lunghezza<\/td>\n<td>105 mm<\/td>\n<\/tr>\n<tr>\n<td class=\"td-left\">Larghezza<\/td>\n<td>17 mm<\/td>\n<\/tr>\n<tr>\n<td class=\"td-left\">Altezza<\/td>\n<td>18 mm<\/td>\n<\/tr>\n<tr>\n<td class=\"td-left\">Peso<\/td>\n<td>15000 grammi<\/td>\n<\/tr>\n<tr>\n<td class=\"td-left\">Prodotto<\/td>\n<td>1105<\/td>\n<\/tr>\n<tr>\n<td class=\"td-left\">Altezza mm<\/td>\n<td>500<\/td>\n<\/tr>\n<tr>\n<td class=\"td-left\">Altezza mm<\/td>\n<td>50<\/td>\n<\/tr>\n<tr>\n<td class=\"td-left\">Peso in grammi<\/td>\n<td>530<\/td>\n<\/tr>\n<tr>\n<td class=\"td-left\">Composizione del grano<\/td>\n<td>AL203-KmnO4<\/td>\n<\/tr>\n<tr>\n<td class=\"td-left\">Capacit\u00e0<\/td>\n<td>1,5 litri<\/td>\n<\/tr>\n<tr>\n<td class=\"td-left\">Quantit\u00e0 necessaria di<\/td>\n<td>2 - 8<\/td>\n<\/tr>\n<tr>\n<td class=\"td-left\">Peso (sfuso\/confezionato)<\/td>\n<td>9550 g per scatola<\/td>\n<\/tr>\n<tr>\n<td class=\"td-left\">Unit\u00e0 di vendita<\/td>\n<td>Scatola<\/td>\n<\/tr>\n<tr>\n<td class=\"td-left\">Quantit\u00e0 Scatola<\/td>\n<td>18<\/td>\n<\/tr>\n<tr>\n<td class=\"td-left\">Tema<\/td>\n<td>L'etilene<\/td>\n<\/tr>\n<tr>\n<td class=\"td-left\">Quantit\u00e0 minima ordinabile<\/td>\n<td>18<\/td>\n<\/tr>\n<\/tbody>\n<\/table>"],"resources":["<ul class=\"resources-list\">\n \t<li><a href=\"https:\/\/praxas.com\/wp-content\/uploads\/1105-vrachttubes-ethylene-filter.pdf\" target=\"_blank\" rel=\"noopener\"><img src=\"https:\/\/praxas.com\/wp-content\/uploads\/document-icon.png\" alt=\"Icona del documento\">Opuscolo sul tubo di trasporto Praxas<\/a><\/li>\n<\/ul>"],"_uag_page_assets":["a:9:{s:3:\"css\";s:0:\"\";s:2:\"js\";s:0:\"\";s:18:\"current_block_list\";a:0:{}s:8:\"uag_flag\";b:0;s:11:\"uag_version\";s:10:\"1777052440\";s:6:\"gfonts\";a:0:{}s:10:\"gfonts_url\";s:0:\"\";s:12:\"gfonts_files\";a:0:{}s:14:\"uag_faq_layout\";b:0;}"],"total_sales":["33"],"_max_variation_price":[""],"_max_variation_regular_price":[""],"_max_variation_sale_price":[""],"_min_variation_price":[""],"_min_variation_regular_price":[""],"_min_variation_sale_price":[""],"_sale_price":[""],"_wc_pb_base_regular_price":[""],"_wc_pb_base_sale_price":[""],"_wc_pb_base_price":[""],"_wc_sw_max_price":[""],"_wc_sw_max_regular_price":[""],"_wc_rating_count":[""]},"uagb_featured_image_src":{"full":["https:\/\/praxas.com\/wp-content\/uploads\/oxylene-box-freight-tube-ethylene-filters-18-pcs-800px.jpg",800,463,false],"thumbnail":["https:\/\/praxas.com\/wp-content\/uploads\/oxylene-box-freight-tube-ethylene-filters-18-pcs-800px-150x150.jpg",150,150,true],"medium":["https:\/\/praxas.com\/wp-content\/uploads\/oxylene-box-freight-tube-ethylene-filters-18-pcs-800px-300x174.jpg",300,174,true],"medium_large":["https:\/\/praxas.com\/wp-content\/uploads\/oxylene-box-freight-tube-ethylene-filters-18-pcs-800px-768x444.jpg",768,444,true],"large":["https:\/\/praxas.com\/wp-content\/uploads\/oxylene-box-freight-tube-ethylene-filters-18-pcs-800px.jpg",800,463,false],"1536x1536":["https:\/\/praxas.com\/wp-content\/uploads\/oxylene-box-freight-tube-ethylene-filters-18-pcs-800px.jpg",800,463,false],"2048x2048":["https:\/\/praxas.com\/wp-content\/uploads\/oxylene-box-freight-tube-ethylene-filters-18-pcs-800px.jpg",800,463,false],"crunchify-admin-post-featured-image":["https:\/\/praxas.com\/wp-content\/uploads\/oxylene-box-freight-tube-ethylene-filters-18-pcs-800px-120x69.jpg",120,69,true],"commercegurus-pdp-large":["https:\/\/praxas.com\/wp-content\/uploads\/oxylene-box-freight-tube-ethylene-filters-18-pcs-800px.jpg",800,463,false],"commercegurus-plp-mobile":["https:\/\/praxas.com\/wp-content\/uploads\/oxylene-box-freight-tube-ethylene-filters-18-pcs-800px-441x255.jpg",441,255,true],"cgkit_image_swatch":["https:\/\/praxas.com\/wp-content\/uploads\/oxylene-box-freight-tube-ethylene-filters-18-pcs-800px-100x100.jpg",100,100,true],"woocommerce_thumbnail":["https:\/\/praxas.com\/wp-content\/uploads\/oxylene-box-freight-tube-ethylene-filters-18-pcs-800px-350x203.jpg",350,203,true],"woocommerce_single":["https:\/\/praxas.com\/wp-content\/uploads\/oxylene-box-freight-tube-ethylene-filters-18-pcs-800px.jpg",800,463,false],"woocommerce_gallery_thumbnail":["https:\/\/praxas.com\/wp-content\/uploads\/oxylene-box-freight-tube-ethylene-filters-18-pcs-800px-150x87.jpg",150,87,true]},"uagb_author_info":{"display_name":"Andy Price","author_link":"https:\/\/praxas.com\/it\/author\/"},"uagb_comment_info":0,"uagb_excerpt":"Filtro per etilene con tubo a cassetta Alta capacit\u00e0 di assorbimento Grano tondo Facile da attaccare 18 Confezioni","_links":{"self":[{"href":"https:\/\/praxas.com\/it\/wp-json\/wp\/v2\/product\/36534","targetHints":{"allow":["GET"]}}],"collection":[{"href":"https:\/\/praxas.com\/it\/wp-json\/wp\/v2\/product"}],"about":[{"href":"https:\/\/praxas.com\/it\/wp-json\/wp\/v2\/types\/product"}],"wp:featuredmedia":[{"embeddable":true,"href":"https:\/\/praxas.com\/it\/wp-json\/wp\/v2\/media\/36535"}],"wp:attachment":[{"href":"https:\/\/praxas.com\/it\/wp-json\/wp\/v2\/media?parent=36534"}],"wp:term":[{"taxonomy":"product_brand","embeddable":true,"href":"https:\/\/praxas.com\/it\/wp-json\/wp\/v2\/product_brand?post=36534"},{"taxonomy":"product_cat","embeddable":true,"href":"https:\/\/praxas.com\/it\/wp-json\/wp\/v2\/product_cat?post=36534"},{"taxonomy":"product_tag","embeddable":true,"href":"https:\/\/praxas.com\/it\/wp-json\/wp\/v2\/product_tag?post=36534"}],"curies":[{"name":"wp","href":"https:\/\/api.w.org\/{rel}","templated":true}]}}