{"id":36578,"date":"2024-06-10T13:21:12","date_gmt":"2024-06-10T11:21:12","guid":{"rendered":"https:\/\/staging.praxas.com\/product\/senza-categoria\/registratore-di-temperatura-utrix-16\/"},"modified":"2025-11-28T11:54:43","modified_gmt":"2025-11-28T10:54:43","slug":"registratore-di-temperatura-utrix-16","status":"publish","type":"product","link":"https:\/\/praxas.com\/it\/product\/registratori-di-dati\/registratori-di-dati-di-temperatura\/registratore-di-temperatura-utrix-16\/","title":{"rendered":"Registratore di temperatura UTRIX-16"},"content":{"rendered":"<p>Il logger di temperatura LogTag UTRIX-16 con connettore USB \u00e8 specifico per il monitoraggio della temperatura durante il trasporto e lo stoccaggio. Il datalogger ha un intervallo di misurazione compreso tra -30\u00b0C e +70\u00b0C ed \u00e8 dotato di un connettore USB. Collegando il connettore USB al computer \u00e8 possibile generare un rapporto PDF dettagliato.<\/p>\n<p>La misurazione accurata della temperatura durante il trasporto evita danni, perdite di peso o deterioramento. Dotato di un orologio in tempo reale che fornisce data e ora per ogni lettura della temperatura, questo registratore di temperatura \u00e8 ideale per il trasporto di prodotti sensibili alla temperatura.<\/p>\n<p>I registratori di temperatura LogTag sono noti per avere i migliori tempi di download e la migliore precisione del mercato. Combinando una tecnologia chiara, un design innovativo e una produzione ad alto volume, LogTag \u00e8 il registratore pi\u00f9 conveniente e dalle prestazioni pi\u00f9 elevate attualmente sul mercato.<\/p>\n<p><strong>I vantaggi del logger di temperatura LogTag UTRIX-16 includono:<\/strong><\/p>\n<ul>\n<li>Connettore USB integrato<\/li>\n<li>Intervalli di temperatura da -30\u00b0C a +70\u00b0C<\/li>\n<li>Genera automaticamente un report in PDF e un file di dati in Excel.<\/li>\n<li>Fino a 16.129 registrazioni: offre oltre 3 mesi di registrazione a intervalli di 10 minuti.<\/li>\n<li>L&#8217;indicatore di allarme segnala quando le letture superano i limiti impostati<\/li>\n<li>Niente pi\u00f9 misurazioni manuali<\/li>\n<li>Dimensioni compatte per un facile trasporto e stoccaggio<\/li>\n<\/ul>\n<p><strong>Connettore USB \/ Facile accesso ai dati<\/strong><\/p>\n<p>Questo registratore di temperatura \u00e8 dotato di un connettore USB che offre il grande vantaggio di generare automaticamente un report in formato PDF. Basta collegare il datalogger al computer per accedere direttamente ai dati.<\/p>\n<p>Quando acquisti il registratore di temperatura, ricevi l&#8217;accesso gratuito al software LogTag Analyzer. Questo software consente di configurare, scaricare e visualizzare i dati del logger di temperatura LogTag UTRIX-16, con comode opzioni di esportazione in Excel e altri formati.<\/p>\n<p><strong>Indicatore di ALERT<\/strong><\/p>\n<p>Il registratore di temperatura \u00e8 dotato di un indicatore LED. Ogni volta che le letture non rientrano nei limiti, l&#8217;indicatore diventa rosso. Quando tutto \u00e8 in ordine, l&#8217;indicatore sar\u00e0 verde. Puoi vedere lo stato del carico a colpo d&#8217;occhio.<\/p>\n<p><strong>Conserva la merce per un periodo pi\u00f9 lungo<\/strong><\/p>\n<p>Questo registratore di temperatura monitora le temperature di trasporto e di stoccaggio su brevi e lunghe distanze, rinomato per le sue elevate prestazioni, la sua qualit\u00e0 e la sua precisione. L&#8217;integrit\u00e0 dei prodotti, come gli alimenti o le opere d&#8217;arte, dipende dal mantenimento della corretta temperatura ambientale. Installando il LogTag UTRIX-16 nel tuo carico, ti assicurerai di conoscere le condizioni di temperatura fondamentali per mantenere la qualit\u00e0 e la sicurezza dei prodotti.<\/p>\n","protected":false},"excerpt":{"rendered":"<ul>\n<li>Da -25\u00b0C a +70\u00b0C<\/li>\n<li>Connettore USB con contatti dorati<\/li>\n<li>Oltre 16.000 letture<\/li>\n<li>Generazione automatica di rapporti PDF<\/li>\n<li>USB e PDF multiuso<\/li>\n<\/ul>\n","protected":false},"featured_media":36579,"template":"","meta":{"_acf_changed":false,"content-type":"","_uag_custom_page_level_css":""},"product_brand":[],"product_cat":[1892],"product_tag":[2512,2264,1914],"class_list":{"0":"post-36578","1":"product","2":"type-product","3":"status-publish","4":"has-post-thumbnail","6":"product_cat-registratori-di-dati-di-temperatura","7":"product_tag-logtag-it","8":"product_tag-temperatura","9":"product_tag-usb-it","11":"first","12":"instock","13":"sale","14":"taxable","15":"shipping-taxable","16":"purchasable","17":"product-type-simple"},"bundled_by":[],"bundle_stock_status":"instock","bundle_stock_quantity":null,"bundle_virtual":false,"bundle_layout":"","bundle_add_to_cart_form_location":"","bundle_editable_in_cart":false,"bundle_sold_individually_context":"","bundle_item_grouping":"","bundle_min_size":"","bundle_max_size":"","bundle_price":[],"bundled_items":[],"bundle_sell_ids":[],"acf":[],"spectra_custom_meta":{"_backorders":["no"],"_download_limit":["-1"],"_download_expiry":["-1"],"_downloadable":["no"],"_manage_stock":["no"],"_sku":["UTRIX-16"],"_stock_status":["instock"],"_sold_individually":["no"],"_tax_class":[""],"_tax_status":["taxable"],"_virtual":["no"],"_width":["90"],"_height":["90"],"_length":["62"],"product_datasheet":[""],"_product_datasheet":["field_650ad7d6ea3a0"],"connectivity":["USB"],"_connectivity":["field_64dce263bb57c"],"brand":["LogTag"],"_brand":["field_64ddf62ed2593"],"brand_image":[""],"_brand_image":["field_650c5e7c84cae"],"_specifications_table":["field_65044e1db92a8"],"_resources":["field_650849c6945ee"],"_accessories":["field_650849e6945f0"],"_faqs":["field_650859523d8d5"],"_calibration_suitable_ids_gb":["field_654b4c4acb54a"],"_calibration_suitable_ids_us":["field_654b4c56cb54b"],"_show_in_calibration_suitable":["field_654cfb691d345"],"_usd_price_4":["field_651570dcac479"],"_usd_price_9":["field_6515713eb4807"],"_usd_price_24":["field_65157141b4809"],"_usd_price_49":["field_65157140b4808"],"_usd_price_99":["field_6515715bb480a"],"_gbp_price_4":["field_6515716e83bfa"],"_gbp_price_9":["field_6515724783bfb"],"_gbp_price_24":["field_6515724b83bfc"],"_gbp_price_49":["field_6515725983bfd"],"_gbp_price_99":["field_6515725d83bfe"],"_usdhk_price_4":["field_6515726f83bff"],"_usdhk_price_9":["field_6515727c83c00"],"_usdhk_price_24":["field_6515728083c01"],"_usdhk_price_49":["field_6515728983c02"],"_usdhk_price_99":["field_6515728e83c03"],"stock_options":["In stock"],"_stock_options":["field_6544b605dc7f9"],"_top_nav_excluded":[""],"_cms_nav_minihome":[""],"wcml_sync_hash":["a:1:{s:15:\"postmeta_fields\";s:32:\"157ff7fbd0dc6e06ad1fba5c90697cbb\";}"],"attr_label_translations":["a:0:{}"],"_product_attributes":["a:1:{s:16:\"pa_product-brand\";a:6:{s:4:\"name\";s:16:\"pa_product-brand\";s:5:\"value\";s:0:\"\";s:8:\"position\";i:0;s:10:\"is_visible\";i:1;s:12:\"is_variation\";i:0;s:11:\"is_taxonomy\";i:1;}}"],"_product_image_gallery":["36580,36581,36582"],"_thumbnail_id":["36579"],"_crosssell_ids":["a:0:{}"],"_display_data_alarm":["field_667d647bcb066"],"_shipping":["field_66852535c98a5"],"_refrigerant_cabinet":["field_66852557c98a6"],"_main_specifications":["field_66855b25b1245"],"_last_translation_edit_mode":["translation-editor"],"_calibration":["field_66a0ddd599972"],"_edit_lock":["1724237757:8383"],"classic-editor-remember":["classic-editor"],"rank_math_seo_score":["84"],"rank_math_contentai_score":["a:5:{s:8:\"keywords\";s:5:\"74.51\";s:9:\"wordCount\";s:1:\"0\";s:9:\"linkCount\";s:1:\"0\";s:12:\"headingCount\";s:1:\"0\";s:10:\"mediaCount\";s:1:\"0\";}"],"_edit_last":["8383"],"commercekit_gallery_layout":[""],"commercekit_disable_sticky_atc":["0"],"commercekit_wc_video_gallery":["a:0:{}"],"_rank_math_gtin_code":[""],"_wcml_average_rating":[null],"_wcml_review_count":[null],"_wcml_rating_count":[null],"_stock":[null],"_wc_average_rating":[0],"_wc_review_count":["0"],"_product_version":["9.1.4"],"usd_price_4":[""],"usd_price_9":[""],"usd_price_24":[""],"usd_price_49":[""],"usd_price_99":[""],"gbp_price_4":[""],"gbp_price_9":[""],"gbp_price_24":[""],"gbp_price_49":[""],"gbp_price_99":[""],"usdhk_price_4":[""],"usdhk_price_9":[""],"usdhk_price_24":[""],"usdhk_price_49":[""],"usdhk_price_99":[""],"display_data_alarm":[""],"calibration":[""],"faqs":[""],"calibration_suitable_ids_gb":[""],"calibration_suitable_ids_us":[""],"show_in_calibration_suitable":[""],"other_features":[""],"shipping":[""],"refrigerant_cabinet":[""],"main_specifications":[""],"shoptimizer_layout_pdp_short_description_position":["default"],"rank_math_analytic_object_id":["596"],"_wpml_media_duplicate":["1"],"_wpml_media_featured":["1"],"_weight":["0.36"],"_regular_price":["34.30"],"min_temp":["-30"],"max_temp":["70"],"_min_temp":["field_67ea5eb4e0a77"],"_max_temp":["field_67ea5f81e0a79"],"_wpml_word_count":["495"],"rank_math_primary_product_cat":["87"],"_global_unique_id":["850040258141"],"total_sales":["127"],"_other_features":["field_686fa2aa98dce"],"_sale_price":["27.44"],"_price":["27.44"],"rank_math_description":["Il versatile registratore di temperatura UTRIX-16 misura da -25\u00b0C a +70\u00b0C, \u00e8 dotato di un resistente connettore USB in metallo e genera file LTD criptati e rapporti PDF automatici.  "],"rank_math_focus_keyword":["UTRIX-16"],"specifications_table":["<table class=\"specifications\">\n<tbody>\n<tr>\n<td class=\"left-td\">Intervallo di misurazione della temperatura<\/td>\n<td>Da -30\u00b0C a +70\u00b0C (da -22\u00b0F a +158\u00b0F)<\/td>\n<\/tr>\n<tr>\n<td class=\"left-td\">Intervallo di temperatura di conservazione<\/td>\n<td>Da 0\u00b0C a +40\u00b0C (da 32\u00b0F a +104\u00b0F)<\/td>\n<\/tr>\n<tr>\n<td class=\"left-td\">Risoluzione della lettura della temperatura nominale<\/td>\n<td>Meno di 0,1\u00b0C\/F\nLogTag Analyzer\u00ae attualmente visualizza con una sola cifra decimale \u00b0C o \u00b0F. La risoluzione nativa \u00e8 quella memorizzata nel LogTag\u00ae. <\/td>\n<\/tr>\n<tr>\n<td class=\"left-td\">Tempo di reazione del sensore<\/td>\n<td>Tipicamente inferiore a 7 minuti (T90) in aria in movimento (1m\/s) in EN12830:1999<\/td>\n<\/tr>\n<tr>\n<td class=\"left-td\">Capacit\u00e0 di registrazione<\/td>\n<td>16.129 letture della temperatura. 56 giorni con registrazione a 5 minuti, 168 giorni con registrazione a 15 minuti. <\/td>\n<\/tr>\n<tr>\n<td class=\"left-td\">Intervallo di campionamento<\/td>\n<td>Configurabile da 30 secondi a 18 ore<\/td>\n<\/tr>\n<tr>\n<td class=\"left-td\">Opzioni di avvio della registrazione<\/td>\n<td>Avvio a pulsante (con ritardo di avvio configurabile da 1 minuto a 72 ore) o data e ora specifiche<\/td>\n<\/tr>\n<tr>\n<td class=\"left-td\">Indicazione di registrazione<\/td>\n<td>Indicatore 'OK' lampeggiante \/ indicatore 'ALERT' lampeggiante<\/td>\n<\/tr>\n<tr>\n<td class=\"left-td\">Allarmi<\/td>\n<td>1 allarme superiore configurabile e 1 allarme inferiore configurabile<\/td>\n<\/tr>\n<tr>\n<td class=\"left-td\">Tempo di download<\/td>\n<td>In genere con la memoria piena (16.129 letture) in meno di 30 secondi dal momento dell'inserimento alla disponibilit\u00e0 del report PDF\nIn genere meno di 10 secondi dal momento dell'inserimento alla disponibilit\u00e0 del file LTD in LogTag\u00ae Analyzer (se configurato)<\/td>\n<\/tr>\n<tr>\n<td class=\"left-td\">Ambiente<\/td>\n<td>IEC 60529: IP64 con cappuccio USB montato<\/td>\n<\/tr>\n<tr>\n<td class=\"left-td\">Fonte di alimentazione<\/td>\n<td>Batteria CR2450 3V LiMnO2 (fissa)<\/td>\n<\/tr>\n<tr>\n<td class=\"left-td\">Durata della batteria<\/td>\n<td>1 anno di stoccaggio, seguito da 2 - 3 anni di utilizzo normale (basato su registrazioni di 15 minuti, download dei dati mensile)<\/td>\n<\/tr>\n<tr>\n<td class=\"left-td\">Orologio in tempo reale<\/td>\n<td>Orologio in tempo reale incorporato\nAccuratezza nominale \u00b125ppm @ 25\u00b0C (equivalente a 2,5 secondi\/giorno)\nIl coefficiente di temperatura nominale \u00e8 -0,034 \u00b10,006ppm\/\u00b0C (cio\u00e8 tipicamente +\/- 0,00294 secondi\/giorno\/\u00b0C)<\/td>\n<\/tr>\n<tr>\n<td class=\"left-td\">Interfaccia di connessione<\/td>\n<td>USB 2.0, connettore di tipo A<\/td>\n<\/tr>\n<tr>\n<td class=\"left-td\">Software<\/td>\n<td>PDF Reader, LogTag\u00ae Analyzer 2.5 o superiore<\/td>\n<\/tr>\n<tr>\n<td class=\"left-td\">Supporto multilingue<\/td>\n<td>Supporto multilingue per inglese, spagnolo, francese, russo e tedesco.<\/td>\n<\/tr>\n<tr>\n<td class=\"left-td\">Dimensioni<\/td>\n<td>93 mm (H) x 54,5 mm (L) x 8,6 mm (T) compreso il cappuccio protettivo USB<\/td>\n<\/tr>\n<tr>\n<td class=\"left-td\">Peso<\/td>\n<td>36g<\/td>\n<\/tr>\n<tr>\n<td class=\"left-td\">Materiale della custodia<\/td>\n<td>Policarbonato<\/td>\n<\/tr>\n<\/tbody>\n<\/table>"],"resources":["<ul class=\"resources-list\">\n \t<li><a href=\"https:\/\/praxas.com\/wp-content\/uploads\/LogTag_UTRIX-16_Brochure.pdf\"><img src=\"https:\/\/praxas.com\/wp-content\/uploads\/document-icon.png\" alt=\"Icona del documento\">Opuscolo LogTag UTRIX-16<\/a><\/li>\n \t<li><img src=\"https:\/\/praxas.com\/wp-content\/uploads\/document-icon.png\" alt=\"Icona del documento\"><a href=\"https:\/\/praxas.com\/wp-content\/uploads\/UTRIX-16_QSG.pdf\">Guida rapida di LogTag UTRIX-16<\/a><\/li>\n<\/ul>\n<ul class=\"resources-list\">\n \t<li><img src=\"https:\/\/praxas.com\/wp-content\/uploads\/document-icon.png\" alt=\"Icona del documento\"><a href=\"https:\/\/praxas.com\/wp-content\/uploads\/UTRIX-16_User_Guide.pdf\">Manuale d'uso LogTag UTRIX-16<\/a><\/li>\n<\/ul>"],"accessories":["[products skus=\"PROTECTIVE ENCLOSURE,WMB-1\"]"],"_uag_page_assets":["a:9:{s:3:\"css\";s:0:\"\";s:2:\"js\";s:0:\"\";s:18:\"current_block_list\";a:0:{}s:8:\"uag_flag\";b:0;s:11:\"uag_version\";s:10:\"1777295789\";s:6:\"gfonts\";a:0:{}s:10:\"gfonts_url\";s:0:\"\";s:12:\"gfonts_files\";a:0:{}s:14:\"uag_faq_layout\";b:0;}"],"_max_variation_price":[""],"_max_variation_regular_price":[""],"_max_variation_sale_price":[""],"_min_variation_price":[""],"_min_variation_regular_price":[""],"_min_variation_sale_price":[""],"_wc_pb_base_regular_price":[""],"_wc_pb_base_sale_price":[""],"_wc_pb_base_price":[""],"_wc_sw_max_price":[""],"_wc_sw_max_regular_price":[""],"_wc_rating_count":[""]},"uagb_featured_image_src":{"full":["https:\/\/praxas.com\/wp-content\/uploads\/logtag-front-facing-2-1200-x-630.jpg",1200,630,false],"thumbnail":["https:\/\/praxas.com\/wp-content\/uploads\/logtag-front-facing-2-1200-x-630-150x150.jpg",150,150,true],"medium":["https:\/\/praxas.com\/wp-content\/uploads\/logtag-front-facing-2-1200-x-630-300x158.jpg",300,158,true],"medium_large":["https:\/\/praxas.com\/wp-content\/uploads\/logtag-front-facing-2-1200-x-630-768x403.jpg",768,403,true],"large":["https:\/\/praxas.com\/wp-content\/uploads\/logtag-front-facing-2-1200-x-630-1024x538.jpg",1024,538,true],"1536x1536":["https:\/\/praxas.com\/wp-content\/uploads\/logtag-front-facing-2-1200-x-630.jpg",1200,630,false],"2048x2048":["https:\/\/praxas.com\/wp-content\/uploads\/logtag-front-facing-2-1200-x-630.jpg",1200,630,false],"crunchify-admin-post-featured-image":["https:\/\/praxas.com\/wp-content\/uploads\/logtag-front-facing-2-1200-x-630-120x63.jpg",120,63,true],"commercegurus-pdp-large":["https:\/\/praxas.com\/wp-content\/uploads\/logtag-front-facing-2-1200-x-630-990x520.jpg",990,520,true],"commercegurus-plp-mobile":["https:\/\/praxas.com\/wp-content\/uploads\/logtag-front-facing-2-1200-x-630-441x232.jpg",441,232,true],"cgkit_image_swatch":["https:\/\/praxas.com\/wp-content\/uploads\/logtag-front-facing-2-1200-x-630-100x100.jpg",100,100,true],"woocommerce_thumbnail":["https:\/\/praxas.com\/wp-content\/uploads\/logtag-front-facing-2-1200-x-630-350x184.jpg",350,184,true],"woocommerce_single":["https:\/\/praxas.com\/wp-content\/uploads\/logtag-front-facing-2-1200-x-630-800x420.jpg",800,420,true],"woocommerce_gallery_thumbnail":["https:\/\/praxas.com\/wp-content\/uploads\/logtag-front-facing-2-1200-x-630-150x79.jpg",150,79,true]},"uagb_author_info":{"display_name":"Beth Foord","author_link":"https:\/\/praxas.com\/it\/author\/"},"uagb_comment_info":0,"uagb_excerpt":"Da -25\u00b0C a +70\u00b0C Connettore USB con contatti dorati Oltre 16.000 letture Generazione automatica di rapporti PDF USB e PDF multiuso","_links":{"self":[{"href":"https:\/\/praxas.com\/it\/wp-json\/wp\/v2\/product\/36578","targetHints":{"allow":["GET"]}}],"collection":[{"href":"https:\/\/praxas.com\/it\/wp-json\/wp\/v2\/product"}],"about":[{"href":"https:\/\/praxas.com\/it\/wp-json\/wp\/v2\/types\/product"}],"wp:featuredmedia":[{"embeddable":true,"href":"https:\/\/praxas.com\/it\/wp-json\/wp\/v2\/media\/36579"}],"wp:attachment":[{"href":"https:\/\/praxas.com\/it\/wp-json\/wp\/v2\/media?parent=36578"}],"wp:term":[{"taxonomy":"product_brand","embeddable":true,"href":"https:\/\/praxas.com\/it\/wp-json\/wp\/v2\/product_brand?post=36578"},{"taxonomy":"product_cat","embeddable":true,"href":"https:\/\/praxas.com\/it\/wp-json\/wp\/v2\/product_cat?post=36578"},{"taxonomy":"product_tag","embeddable":true,"href":"https:\/\/praxas.com\/it\/wp-json\/wp\/v2\/product_tag?post=36578"}],"curies":[{"name":"wp","href":"https:\/\/api.w.org\/{rel}","templated":true}]}}