{"id":36632,"date":"2023-09-14T17:41:39","date_gmt":"2023-09-14T15:41:39","guid":{"rendered":"https:\/\/staging.praxas.com\/product\/senza-categoria\/el-wifi-21cfr-th-2\/"},"modified":"2025-10-09T10:01:38","modified_gmt":"2025-10-09T08:01:38","slug":"el-wifi-21cfr-th-2","status":"publish","type":"product","link":"https:\/\/praxas.com\/it\/product\/registratori-di-dati\/temperatura-e-umidita\/el-wifi-21cfr-th-2\/","title":{"rendered":"EL-WiFi-21CFR-TH+"},"content":{"rendered":"<p>Questo data logger di temperatura, umidit\u00e0 e punto di rugiada EL-WIFI-21CFR-TH+, abilitato al WiFi, \u00e8 in grado di monitorare da remoto un ambiente con un intervallo di misurazione da -20 a +60\u00b0C (da -4 a +140\u00b0F) e da 0 a 100% RH. I dati vengono caricati periodicamente utilizzando una rete WiFi standard senza la necessit\u00e0 di raccogliere e collegare fisicamente l&#8217;unit\u00e0 a un PC. I dati vengono trasmessi in modalit\u00e0 wireless al <a href=\"https:\/\/21cfr.wifisensorcloud.com\/\" target=\"_blank\" rel=\"noopener\">Cloud di EasyLog 21CFR<\/a>.<\/p>\n<p>Il dispositivo memorizza i dati internamente se perde la connessione WiFi e li carica automaticamente sul Cloud una volta ricollegato.<\/p>\n<p><strong>Perch\u00e9 acquistare un logger 21CFR?<\/strong><br \/>\nLa normativa 21 CFR Part 11 emanata dalla Food and Drug Administration (FDA) statunitense stabilisce i criteri in base ai quali i documenti elettronici possono essere considerati dalla FDA equivalenti ai documenti cartacei. Se hai bisogno di rispettare queste normative o hai requisiti di sicurezza dei dati pi\u00f9 elevati, allora dovresti scegliere uno dei nostri logger 21CFR, altrimenti saranno sufficienti i nostri logger standard.<\/p>\n<p>L&#8217;abbonamento a 21CFR Cloud offre tutta la flessibilit\u00e0 del monitoraggio remoto e pu\u00f2 essere installato come parte di un sistema conforme a 21CFR. Le caratteristiche includono l&#8217;uso basato sui permessi, la firma a livello di autorit\u00e0 e l&#8217;audit completo del sistema per garantire che i dati monitorati e raccolti siano conformi agli standard 21CFR Part 11. Questo dispositivo richiede un abbonamento al nostro servizio EasyLog 21CFR Cloud.<\/p>\n<p>Questo prodotto \u00e8 conforme alla norma BS EN 12830:2018 (Registratori di temperatura per il trasporto, lo stoccaggio e la distribuzione di merci sensibili alla temperatura).<\/p>\n","protected":false},"excerpt":{"rendered":"<p>Registratore di dati Temp e RH WiFi 21CFR ad alta precisione<\/p>\n","protected":false},"featured_media":36633,"template":"","meta":{"_acf_changed":false,"content-type":"","_uag_custom_page_level_css":""},"product_brand":[],"product_cat":[1880],"product_tag":[1900,1882,2436,1886,1885,1881],"class_list":{"0":"post-36632","1":"product","2":"type-product","3":"status-publish","4":"has-post-thumbnail","6":"product_cat-temperatura-e-umidita","7":"product_tag-21cfr-it","8":"product_tag-display-it","9":"product_tag-easylog-it","10":"product_tag-iot-it","11":"product_tag-sensore-interno","12":"product_tag-wifi-it","14":"first","15":"instock","16":"taxable","17":"shipping-taxable","18":"purchasable","19":"product-type-simple"},"bundled_by":[],"bundle_stock_status":"instock","bundle_stock_quantity":250,"bundle_virtual":false,"bundle_layout":"","bundle_add_to_cart_form_location":"","bundle_editable_in_cart":false,"bundle_sold_individually_context":"","bundle_item_grouping":"","bundle_min_size":"","bundle_max_size":"","bundle_price":[],"bundled_items":[],"bundle_sell_ids":[],"acf":[],"spectra_custom_meta":{"_download_limit":["-1"],"_download_expiry":["-1"],"_downloadable":["no"],"_sku":["EL-WiFi-21CFR-TH+"],"_stock_status":["instock"],"_sold_individually":["no"],"_tax_class":[""],"_tax_status":["taxable"],"_virtual":["no"],"_weight":["0.185"],"_width":["0"],"_height":["0"],"_length":["0"],"total_sales":["58"],"_product_datasheet":["field_650ad7d6ea3a0"],"connectivity":["WiFi"],"_connectivity":["field_64dce263bb57c"],"brand":["EasyLog"],"_brand":["field_64ddf62ed2593"],"_brand_image":["field_650c5e7c84cae"],"_specifications_table":["field_65044e1db92a8"],"_display_data_alarm":["field_667d647bcb066"],"_resources":["field_650849c6945ee"],"_accessories":["field_650849e6945f0"],"_faqs":["field_650859523d8d5"],"_calibration_suitable_ids_gb":["field_654b4c4acb54a"],"_calibration_suitable_ids_us":["field_654b4c56cb54b"],"_show_in_calibration_suitable":["field_654cfb691d345"],"_other_features":["field_668524f8c98a4"],"_shipping":["field_66852535c98a5"],"_refrigerant_cabinet":["field_66852557c98a6"],"_usd_price_4":["field_651570dcac479"],"_usd_price_9":["field_6515713eb4807"],"_usd_price_24":["field_65157141b4809"],"_usd_price_49":["field_65157140b4808"],"_usd_price_99":["field_6515715bb480a"],"_gbp_price_4":["field_6515716e83bfa"],"_gbp_price_9":["field_6515724783bfb"],"_gbp_price_24":["field_6515724b83bfc"],"_gbp_price_49":["field_6515725983bfd"],"_gbp_price_99":["field_6515725d83bfe"],"_usdhk_price_4":["field_6515726f83bff"],"_usdhk_price_9":["field_6515727c83c00"],"_usdhk_price_24":["field_6515728083c01"],"_usdhk_price_49":["field_6515728983c02"],"_usdhk_price_99":["field_6515728e83c03"],"stock_options":["In stock"],"_stock_options":["field_6544b605dc7f9"],"_top_nav_excluded":[""],"_cms_nav_minihome":[""],"calibration":[""],"wcml_sync_hash":["a:1:{s:15:\"postmeta_fields\";s:32:\"f3401408766a854227c2d313b3f0bc88\";}"],"attr_label_translations":["a:0:{}"],"_product_image_gallery":["36634,36635"],"_thumbnail_id":["36633"],"_crosssell_ids":["a:0:{}"],"_stock":["250.000000"],"_calibration":["field_66a0ddd599972"],"_main_specifications":["field_66855b25b1245"],"_last_translation_edit_mode":["translation-editor"],"_edit_lock":["1721827316:8383"],"classic-editor-remember":["classic-editor"],"_edit_last":["8383"],"commercekit_gallery_layout":[""],"commercekit_disable_sticky_atc":["0"],"commercekit_wc_video_gallery":["a:0:{}"],"_rank_math_gtin_code":[""],"_wcml_average_rating":[null],"_wcml_review_count":[null],"_wcml_rating_count":[null],"_wc_average_rating":[0],"_wc_review_count":["0"],"_product_version":["9.1.2"],"display_data_alarm":[""],"calibration_suitable_ids_gb":[""],"calibration_suitable_ids_us":[""],"show_in_calibration_suitable":[""],"other_features":[""],"shipping":[""],"refrigerant_cabinet":[""],"main_specifications":[""],"shoptimizer_layout_pdp_short_description_position":["default"],"product_datasheet":["10424"],"brand_image":["10467"],"_wpml_media_duplicate":["1"],"_wpml_media_featured":["1"],"_product_attributes":["a:2:{s:16:\"pa_product-brand\";a:6:{s:4:\"name\";s:16:\"pa_product-brand\";s:5:\"value\";s:0:\"\";s:8:\"position\";i:0;s:10:\"is_visible\";i:1;s:12:\"is_variation\";i:0;s:11:\"is_taxonomy\";i:1;}s:19:\"pa_product-features\";a:6:{s:4:\"name\";s:19:\"pa_product-features\";s:5:\"value\";s:0:\"\";s:8:\"position\";i:1;s:10:\"is_visible\";i:1;s:12:\"is_variation\";i:0;s:11:\"is_taxonomy\";i:1;}}"],"_backorders":["no"],"_manage_stock":["no"],"min_temp":["-20"],"max_temp":["60"],"_min_temp":["field_67ea5eb4e0a77"],"_max_temp":["field_67ea5f81e0a79"],"_wpml_word_count":["289"],"rank_math_primary_product_cat":["97"],"_global_unique_id":["5056744401202"],"rank_math_title":["EL-WiFi-21CFR-TH+ | Registratore di temperatura e umidit\u00e0 21CFR"],"rank_math_description":["EL-WiFi-21CFR-TH+, un registratore di dati di temperatura, umidit\u00e0 e punto di rugiada 21CFR WiFi ad alta precisione di Lascar Electronics. Chiama oggi stesso il numero +44 1794 884567"],"rank_math_focus_keyword":["EL-WiFi-21CFR-TH+"],"specifications_table":["<table class=\"specifications\">\n<tbody>\n<tr class=\"even-row\">\n<td class=\"left-td\">Intervallo di misurazione<\/td>\n<td>Da -20 a +60\u00b0C \/ da -4 a + 140\u00b0F\nDa 0 a 100% RH<\/td>\n<\/tr>\n<tr class=\"odd-row\">\n<td class=\"left-td\">Precisione<\/td>\n<td>\u00b10,2\u00b0C \/ \u00b10,4\u00b0F\n\u00b11,8% RH Tipico<\/td>\n<\/tr>\n<tr class=\"even-row\">\n<td class=\"left-td\">Letture<\/td>\n<td>Illimitato<\/td>\n<\/tr>\n<tr class=\"odd-row\">\n<td class=\"left-td\">Velocit\u00e0 di registrazione<\/td>\n<td>Selezionabile dall'utente tra 10 secondi e 12 ore<\/td>\n<\/tr>\n<tr class=\"even-row\">\n<td class=\"left-td\">Durata della batteria<\/td>\n<td>6 mesi<\/td>\n<\/tr>\n<\/tbody>\n<\/table>"],"resources":["<ul class=\"resources-list\">\n \t<li><img src=\"https:\/\/praxas.com\/wp-content\/uploads\/document-icon.png\" alt=\"Icona del documento\"><a href=\"\/wp-content\/uploads\/el-wifi-21cfr-thplus_datasheet_iss4_03-19-1.pdf\" target=\"_blank\" rel=\"noopener\">Scheda tecnica di EL-WiFi-21CFR-TH+<\/a><\/li>\n \t<li><img src=\"https:\/\/praxas.com\/wp-content\/uploads\/software-icon.png\" alt=\"Icona del software\"><a href=\"\/software\/easylog-software\/easylog-21cfr-wifi\/\">EasyLog 21CFR WiFi<\/a><\/li>\n \t<li><img src=\"https:\/\/praxas.com\/wp-content\/uploads\/document-icon.png\" alt=\"Icona del documento\"><a href=\"https:\/\/praxas.com\/wp-content\/uploads\/help-guide-3-network-requirements-and-settings-12-09-2022_issue-6.pdf\" target=\"_blank\" rel=\"noopener\">Requisiti e impostazioni di rete<\/a><\/li>\n \t<li><img src=\"https:\/\/praxas.com\/wp-content\/uploads\/document-icon.png\" alt=\"Icona del documento\"><a href=\"https:\/\/praxas.com\/wp-content\/uploads\/el_21cfr_wifi_qsg_iss2_04-19.pdf\" target=\"_blank\" rel=\"noopener\">Guida rapida di EL-WiFi-21CFR-TH+<\/a><\/li>\n \t<li><img src=\"https:\/\/praxas.com\/wp-content\/uploads\/video-icon-orange.png\" alt=\"Icona video\"><a href=\"https:\/\/www.youtube.com\/watch?v=cJpI4-i63Tk&list=PL_yZedoZ_7MrSRnF7Sh4M-BymVVqeuO2p\" target=\"_blank\" rel=\"noopener\">Video tutorial sul 21CFR<\/a><\/li>\n \t<li><img src=\"https:\/\/praxas.com\/wp-content\/uploads\/document-icon.png\" alt=\"Icona del documento\"><a href=\"https:\/\/praxas.com\/wp-content\/uploads\/conformity_certificate_wifi_range_with_coo-issu8.pdf\" target=\"_blank\" rel=\"noopener\">EL-WiFi-21CFR-TH+ Dichiarazione di Conformit\u00e0<\/a><\/li>\n \t<li><img src=\"https:\/\/praxas.com\/wp-content\/uploads\/document-icon.png\" alt=\"Icona del documento\"><a href=\"https:\/\/praxas.com\/wp-content\/uploads\/bs-en-12830-record-of-compliance-issue-1.pdf\" target=\"_blank\" rel=\"noopener\">BS EN 12830:2018 Registrazione della conformit\u00e0<\/a><\/li>\n \t<li><img src=\"https:\/\/praxas.com\/wp-content\/uploads\/document-icon.png\" alt=\"Icona del documento\"><a href=\"https:\/\/praxas.com\/wp-content\/uploads\/21cfr-requirements-checklist_issue_3-04_2020-wifi.pdf\" target=\"_blank\" rel=\"noopener\">Lista di controllo dei requisiti 21CFR<\/a><\/li>\n<\/ul>\n\u00a0"],"accessories":["[products skus=\"PSU USB-UK,PSU USB-EU,EL-WiFi Wall Bracket\"]"],"faqs":["[accordion]\n[accordion_header]Potresti spiegare cos'\u00e8 il 21CFR Part 11?[\/accordion_header]\n[accordion_section]Il Codice dei Regolamenti Federali 21 Parte 11 della FDA (Food & Drugs Administration) degli Stati Uniti \u00e8 un'estensione dei regolamenti esistenti che definisce quali registrazioni e firme elettroniche devono essere considerate accurate per sostituire le registrazioni cartacee per l'industria farmaceutica e medica. Il nostro sistema \u00e8 stato progettato per aiutare le aziende a rispettare queste normative.[\/accordion_section]\n[\/accordion]\n\n<a class=\"button button-secondary\" href=\"\/support\/21cfr-data-loggers\/\">Pi\u00f9 supporto<\/a>"],"usd_price_4":["0.00"],"usd_price_9":["0.00"],"usd_price_24":["0.00"],"usd_price_49":["0.00"],"usd_price_99":["0.00"],"gbp_price_4":["0.00"],"gbp_price_9":["0.00"],"gbp_price_24":["157.49"],"gbp_price_49":["0.00"],"gbp_price_99":["139.99"],"usdhk_price_4":["0.00"],"usdhk_price_9":["0.00"],"usdhk_price_24":["215.99"],"usdhk_price_49":["0.00"],"usdhk_price_99":["191.99"],"_uag_page_assets":["a:9:{s:3:\"css\";s:0:\"\";s:2:\"js\";s:0:\"\";s:18:\"current_block_list\";a:0:{}s:8:\"uag_flag\";b:0;s:11:\"uag_version\";s:10:\"1776350811\";s:6:\"gfonts\";a:0:{}s:10:\"gfonts_url\";s:0:\"\";s:12:\"gfonts_files\";a:0:{}s:14:\"uag_faq_layout\";b:0;}"],"_regular_price":["227.9"],"_price":["227.9"],"_max_variation_price":[""],"_max_variation_regular_price":[""],"_max_variation_sale_price":[""],"_min_variation_price":[""],"_min_variation_regular_price":[""],"_min_variation_sale_price":[""],"_sale_price":[""],"_wc_pb_base_regular_price":[""],"_wc_pb_base_sale_price":[""],"_wc_pb_base_price":[""],"_wc_sw_max_price":[""],"_wc_sw_max_regular_price":[""],"_wc_rating_count":[""]},"uagb_featured_image_src":{"full":["https:\/\/praxas.com\/wp-content\/uploads\/EL-Wifi_21CFR-TH-Straight.png",800,463,false],"thumbnail":["https:\/\/praxas.com\/wp-content\/uploads\/EL-Wifi_21CFR-TH-Straight-150x150.png",150,150,true],"medium":["https:\/\/praxas.com\/wp-content\/uploads\/EL-Wifi_21CFR-TH-Straight-300x174.png",300,174,true],"medium_large":["https:\/\/praxas.com\/wp-content\/uploads\/EL-Wifi_21CFR-TH-Straight-768x444.png",768,444,true],"large":["https:\/\/praxas.com\/wp-content\/uploads\/EL-Wifi_21CFR-TH-Straight.png",800,463,false],"1536x1536":["https:\/\/praxas.com\/wp-content\/uploads\/EL-Wifi_21CFR-TH-Straight.png",800,463,false],"2048x2048":["https:\/\/praxas.com\/wp-content\/uploads\/EL-Wifi_21CFR-TH-Straight.png",800,463,false],"crunchify-admin-post-featured-image":["https:\/\/praxas.com\/wp-content\/uploads\/EL-Wifi_21CFR-TH-Straight-120x69.png",120,69,true],"commercegurus-pdp-large":["https:\/\/praxas.com\/wp-content\/uploads\/EL-Wifi_21CFR-TH-Straight.png",800,463,false],"commercegurus-plp-mobile":["https:\/\/praxas.com\/wp-content\/uploads\/EL-Wifi_21CFR-TH-Straight-441x255.png",441,255,true],"cgkit_image_swatch":["https:\/\/praxas.com\/wp-content\/uploads\/EL-Wifi_21CFR-TH-Straight-100x100.png",100,100,true],"woocommerce_thumbnail":["https:\/\/praxas.com\/wp-content\/uploads\/EL-Wifi_21CFR-TH-Straight-300x174.png",300,174,true],"woocommerce_single":["https:\/\/praxas.com\/wp-content\/uploads\/EL-Wifi_21CFR-TH-Straight.png",800,463,false],"woocommerce_gallery_thumbnail":["https:\/\/praxas.com\/wp-content\/uploads\/EL-Wifi_21CFR-TH-Straight-150x87.png",150,87,true]},"uagb_author_info":{"display_name":"AndyS","author_link":"https:\/\/praxas.com\/it\/author\/"},"uagb_comment_info":0,"uagb_excerpt":"Registratore di dati Temp e RH WiFi 21CFR ad alta precisione","_links":{"self":[{"href":"https:\/\/praxas.com\/it\/wp-json\/wp\/v2\/product\/36632","targetHints":{"allow":["GET"]}}],"collection":[{"href":"https:\/\/praxas.com\/it\/wp-json\/wp\/v2\/product"}],"about":[{"href":"https:\/\/praxas.com\/it\/wp-json\/wp\/v2\/types\/product"}],"wp:featuredmedia":[{"embeddable":true,"href":"https:\/\/praxas.com\/it\/wp-json\/wp\/v2\/media\/36633"}],"wp:attachment":[{"href":"https:\/\/praxas.com\/it\/wp-json\/wp\/v2\/media?parent=36632"}],"wp:term":[{"taxonomy":"product_brand","embeddable":true,"href":"https:\/\/praxas.com\/it\/wp-json\/wp\/v2\/product_brand?post=36632"},{"taxonomy":"product_cat","embeddable":true,"href":"https:\/\/praxas.com\/it\/wp-json\/wp\/v2\/product_cat?post=36632"},{"taxonomy":"product_tag","embeddable":true,"href":"https:\/\/praxas.com\/it\/wp-json\/wp\/v2\/product_tag?post=36632"}],"curies":[{"name":"wp","href":"https:\/\/api.w.org\/{rel}","templated":true}]}}