{"id":36730,"date":"2023-09-12T15:17:13","date_gmt":"2023-09-12T13:17:13","guid":{"rendered":"https:\/\/staging.praxas.com\/product\/senza-categoria\/el-21cfr-tp-lcd-2\/"},"modified":"2025-10-09T09:34:29","modified_gmt":"2025-10-09T07:34:29","slug":"el-21cfr-tp-lcd-2","status":"publish","type":"product","link":"https:\/\/praxas.com\/it\/product\/registratori-di-dati\/registratori-di-dati-di-temperatura\/el-21cfr-tp-lcd-2\/","title":{"rendered":"EL-21CFR-TP-LCD"},"content":{"rendered":"<p>Questo data logger standalone conforme alla normativa 21CFR registra e visualizza oltre 32.000 letture di temperatura dalla sonda a termistore in dotazione. Il data logger \u00e8 dotato di un display LCD e di un pulsante che consentono all&#8217;utente di scorrere le letture pi\u00f9 recenti, pi\u00f9 alte e pi\u00f9 basse memorizzate.<\/p>\n<h5>Perch\u00e9 acquistare un logger 21CFR?<\/h5>\n<p>La normativa 21 CFR Part 11 emanata dalla Food and Drug Administration (FDA) statunitense stabilisce i criteri in base ai quali i documenti elettronici possono essere considerati dalla FDA equivalenti ai documenti cartacei. Se hai bisogno di rispettare queste normative o hai requisiti di sicurezza dei dati pi\u00f9 elevati, allora dovresti scegliere uno dei nostri logger 21CFR, altrimenti saranno sufficienti i nostri logger standard.<\/p>\n<p>Utilizzato insieme al software Lascar <a href=\"https:\/\/praxas.com\/it\/software\/software-easylog\/easylog-21cfr-usb\/\"><br \/>\n  <strong>21CFR Parte 11 di Lascar<\/strong><br \/>\n<\/a>, il logger gode di tutte le caratteristiche principali del software EasyLog originale, ma con ulteriori caratteristiche 21CFR, tra cui le autorizzazioni per gli utenti, i dati crittografati che non possono essere modificati, la traccia di audit completa e le firme elettroniche per tutte le attivit\u00e0.<\/p>\n<p>\u00c8 facile configurare il logger e visualizzare i dati scaricati collegando l&#8217;unit\u00e0 alla porta USB di un PC e utilizzando il software gratuito 21CFR Part 11 in dotazione. Fornito con \u00bd batteria AA e clip per il montaggio a parete.<\/p>\n<p>Questo prodotto \u00e8 conforme alla norma BS EN 12830:2018 (Registratori di temperatura per il trasporto, lo stoccaggio e la distribuzione di merci sensibili alla temperatura).<\/p>\n<p><strong>NOTA BENE<\/strong>: puoi aggiungere fino a DUE BATTERIE DI RICAMBIO per ogni data logger ordinato. Se desideri ordinare una quantit\u00e0 superiore a quella indicata, ti preghiamo di contattare il tuo <a href=\"https:\/\/praxas.com\/it\/contattaci\/\"><br \/>\n  <strong>ufficio vendite locale<\/strong><br \/>\n<\/a> per informazioni speciali sulla spedizione.<\/p>\n","protected":false},"excerpt":{"rendered":"<p>21CFR Registratore di sonde a termistore USB con display<\/p>\n","protected":false},"featured_media":36731,"template":"","meta":{"_acf_changed":false,"content-type":"","_uag_custom_page_level_css":""},"product_brand":[],"product_cat":[1892],"product_tag":[1900,1882,2436,1895,1898,1914],"class_list":{"0":"post-36730","1":"product","2":"type-product","3":"status-publish","4":"has-post-thumbnail","6":"product_cat-registratori-di-dati-di-temperatura","7":"product_tag-21cfr-it","8":"product_tag-display-it","9":"product_tag-easylog-it","10":"product_tag-sonda-esterna","11":"product_tag-termistore","12":"product_tag-usb-it","14":"first","15":"instock","16":"taxable","17":"shipping-taxable","18":"purchasable","19":"product-type-simple"},"bundled_by":[],"bundle_stock_status":"instock","bundle_stock_quantity":81,"bundle_virtual":false,"bundle_layout":"","bundle_add_to_cart_form_location":"","bundle_editable_in_cart":false,"bundle_sold_individually_context":"","bundle_item_grouping":"","bundle_min_size":"","bundle_max_size":"","bundle_price":[],"bundled_items":[],"bundle_sell_ids":[],"acf":[],"spectra_custom_meta":{"_download_limit":["-1"],"_download_expiry":["-1"],"_downloadable":["no"],"_sku":["EL-21CFR-TP-LCD"],"_stock_status":["instock"],"_sold_individually":["no"],"_tax_class":[""],"_tax_status":["taxable"],"_virtual":["no"],"_weight":["0.113"],"_width":["0"],"_height":["0"],"_length":["0"],"total_sales":["19"],"_product_datasheet":["field_650ad7d6ea3a0"],"_connectivity":["field_64dce263bb57c"],"brand":["EasyLog"],"_brand":["field_64ddf62ed2593"],"_brand_image":["field_650c5e7c84cae"],"_specifications_table":["field_65044e1db92a8"],"_resources":["field_650849c6945ee"],"_accessories":["field_650849e6945f0"],"_faqs":["field_650859523d8d5"],"_calibration_suitable_ids_gb":["field_654b4c4acb54a"],"_calibration_suitable_ids_us":["field_654b4c56cb54b"],"_show_in_calibration_suitable":["field_654cfb691d345"],"_usd_price_4":["field_651570dcac479"],"_usd_price_9":["field_6515713eb4807"],"_usd_price_24":["field_65157141b4809"],"_usd_price_49":["field_65157140b4808"],"_usd_price_99":["field_6515715bb480a"],"_gbp_price_4":["field_6515716e83bfa"],"_gbp_price_9":["field_6515724783bfb"],"_gbp_price_24":["field_6515724b83bfc"],"_gbp_price_49":["field_6515725983bfd"],"_gbp_price_99":["field_6515725d83bfe"],"_usdhk_price_4":["field_6515726f83bff"],"_usdhk_price_9":["field_6515727c83c00"],"_usdhk_price_24":["field_6515728083c01"],"_usdhk_price_49":["field_6515728983c02"],"_usdhk_price_99":["field_6515728e83c03"],"stock_options":["In stock"],"_stock_options":["field_6544b605dc7f9"],"_top_nav_excluded":[""],"_cms_nav_minihome":[""],"calibration":[""],"wcml_sync_hash":["a:1:{s:15:\"postmeta_fields\";s:32:\"2af5eb82b8bedbd55d48c6a858db94eb\";}"],"attr_label_translations":["a:0:{}"],"_product_image_gallery":["36732,36733,36734,36735,36736"],"_thumbnail_id":["36731"],"_crosssell_ids":["a:0:{}"],"_stock":["81.000000"],"connectivity":["USB"],"_display_data_alarm":["field_667d647bcb066"],"_calibration":["field_66a0ddd599972"],"_other_features":["field_668524f8c98a4"],"_shipping":["field_66852535c98a5"],"_refrigerant_cabinet":["field_66852557c98a6"],"_main_specifications":["field_66855b25b1245"],"_edit_lock":["1721922576:8383"],"classic-editor-remember":["classic-editor"],"rank_math_seo_score":["76"],"_edit_last":["8383"],"commercekit_gallery_layout":[""],"commercekit_disable_sticky_atc":["0"],"commercekit_wc_video_gallery":["a:0:{}"],"_rank_math_gtin_code":[""],"_wcml_average_rating":[null],"_wcml_review_count":[null],"_wcml_rating_count":[null],"_wc_average_rating":[0],"_wc_review_count":["0"],"_product_version":["9.1.2"],"display_data_alarm":[""],"calibration_suitable_ids_gb":[""],"calibration_suitable_ids_us":[""],"show_in_calibration_suitable":[""],"other_features":[""],"shipping":[""],"refrigerant_cabinet":[""],"main_specifications":[""],"shoptimizer_layout_pdp_short_description_position":["default"],"rank_math_primary_product_cat":["0"],"product_datasheet":["10437"],"brand_image":["10467"],"_wpml_media_duplicate":["1"],"_wpml_media_featured":["1"],"_last_translation_edit_mode":["translation-editor"],"_product_attributes":["a:2:{s:16:\"pa_product-brand\";a:6:{s:4:\"name\";s:16:\"pa_product-brand\";s:5:\"value\";s:0:\"\";s:8:\"position\";i:0;s:10:\"is_visible\";i:1;s:12:\"is_variation\";i:0;s:11:\"is_taxonomy\";i:1;}s:19:\"pa_product-features\";a:6:{s:4:\"name\";s:19:\"pa_product-features\";s:5:\"value\";s:0:\"\";s:8:\"position\";i:1;s:10:\"is_visible\";i:1;s:12:\"is_variation\";i:0;s:11:\"is_taxonomy\";i:1;}}"],"_backorders":["no"],"_manage_stock":["no"],"min_temp":["-40"],"max_temp":["125"],"_min_temp":["field_67ea5eb4e0a77"],"_max_temp":["field_67ea5f81e0a79"],"_wpml_word_count":["312"],"_global_unique_id":["5056744400236"],"rank_math_title":["EL-21CFR-TP-LCD | Registratore di sonde a termistore 21CFR con display"],"rank_math_description":["L'EL-21CFR-TP-LCD di Lascar \u00e8 un data logger conforme alla normativa 21CFR che registra e visualizza oltre 32.000 letture di temperatura dalla sonda a termistore in dotazione."],"rank_math_focus_keyword":["EL-21CFR-TP-LCD"],"specifications_table":["<table class=\"specifications\">\n<tbody>\n<tr class=\"even-row\">\n<td class=\"left-td\">Intervallo di misurazione<\/td>\n<td>Da -40 a 125\u00b0C (da -40 a 257\u00b0F)<\/td>\n<\/tr>\n<tr class=\"odd-row\">\n<td class=\"left-td\">Precisione<\/td>\n<td>\u00b10,6\u00b0C (da -5 a 40\u00b0C)<\/td>\n<\/tr>\n<tr class=\"even-row\">\n<td class=\"left-td\">Velocit\u00e0 di registrazione<\/td>\n<td>Selezionabile dall'utente tra 1 secondo e 12 ore<\/td>\n<\/tr>\n<tr class=\"odd-row\">\n<td class=\"left-td\">Temperatura di esercizio<\/td>\n<td>Da -35 a 80\u00b0C (da -31 a 176\u00b0F)<\/td>\n<\/tr>\n<tr class=\"even-row\">\n<td class=\"left-td\">Durata della batteria<\/td>\n<td>2 anni<\/td>\n<\/tr>\n<tr class=\"odd-row\">\n<td class=\"left-td\">Lunghezza del cavo della sonda<\/td>\n<td>1m (39.4\")<\/td>\n<\/tr>\n<\/tbody>\n<\/table>"],"resources":["<ul class=\"resources-list\">\n \t<li><img src=\"https:\/\/praxas.com\/wp-content\/uploads\/document-icon.png\" alt=\"Icona del documento\"><a href=\"https:\/\/praxas.com\/wp-content\/uploads\/easylog-data-logger-el-21cfr-tp-lcd-iss3_10-18.pdf\" target=\"_blank\" rel=\"noopener\">Scheda tecnica di EL-21CFR-TP-LCD<\/a><\/li>\n \t<li><img src=\"https:\/\/praxas.com\/wp-content\/uploads\/software-icon.png\" alt=\"Icona del software\"><a href=\"https:\/\/praxas.com\/software\/easylog-software\/easylog-21cfr-usb\/\" target=\"_blank\" rel=\"noopener\">Software EasyLog 21CFR<\/a><\/li>\n \t<li><img src=\"https:\/\/praxas.com\/wp-content\/uploads\/document-icon.png\" alt=\"Icona del documento\">\n<a href=\"https:\/\/praxas.com\/wp-content\/uploads\/el-21cfr_quick-start-guide_iss2_07-26_singlepageversion.pdf\" target=\"_blank\" rel=\"noopener\">Guida rapida EL-21CFR-TP-LCD<\/a><\/li>\n \t<li><img src=\"https:\/\/praxas.com\/wp-content\/uploads\/document-icon.png\" alt=\"Icona del documento\">\n<a href=\"https:\/\/praxas.com\/wp-content\/uploads\/el-usb-range-includes-el-gfx-range-troubleshooting.pdf\" target=\"_blank\" rel=\"noopener\">Risoluzione dei problemi della gamma EL-USB<\/a><\/li>\n \t<li><img src=\"https:\/\/praxas.com\/wp-content\/uploads\/video-icon-orange.png\" alt=\"Icona video\">\n<a href=\"https:\/\/www.youtube.com\/watch?v=cJpI4-i63Tk&list=PL_yZedoZ_7MrSRnF7Sh4M-BymVVqeuO2p\" target=\"_blank\" rel=\"noopener\">Video tutorial sul 21CFR<\/a><\/li>\n \t<li><img src=\"https:\/\/praxas.com\/wp-content\/uploads\/document-icon.png\" alt=\"Icona del documento\"><a href=\"https:\/\/praxas.com\/wp-content\/uploads\/Declaration-of-Conformity_EasyLog_iss26.pdf\" target=\"_blank\" rel=\"noopener\">Dichiarazione di conformit\u00e0 EL-21CFR-TP-LCD<\/a><\/li>\n \t<li><img src=\"https:\/\/praxas.com\/wp-content\/uploads\/document-icon.png\" alt=\"Icona del documento\"><a href=\"https:\/\/praxas.com\/wp-content\/uploads\/bs-en-12830-record-of-compliance-issue-1.pdf\" target=\"_blank\" rel=\"noopener\">BS EN 12830:2018 Registrazione della conformit\u00e0<\/a><\/li>\n \t<li><img src=\"https:\/\/praxas.com\/wp-content\/uploads\/document-icon.png\" alt=\"Icona del documento\"><a href=\"https:\/\/praxas.com\/wp-content\/uploads\/declaration-of-conformity_easylog_useonaircraft_iss2-2.pdf\" target=\"_blank\" rel=\"noopener\">Dichiarazione di utilizzo su aeromobili<\/a><\/li>\n \t<li><img src=\"https:\/\/praxas.com\/wp-content\/uploads\/document-icon.png\" alt=\"Icona del documento\"><a href=\"https:\/\/praxas.com\/wp-content\/uploads\/21cfr-requirements-checklist_issue_3-04_2020-usb.pdf\" target=\"_blank\" rel=\"noopener\">Lista di controllo dei requisiti 21CFR<\/a><\/li>\n<\/ul>\n<a class=\"button button-secondary\" href=\"https:\/\/praxas.com\/support\/\">Pi\u00f9 supporto<\/a>"],"accessories":["[products skus=\"BAT 3V6 1\/2AA,EL-P-TP+,EL-P-TP,EL-P-VAC,EL-PROBE-EXTENDER-5M,EL-PROBE-EXTENDER-1.5M,EL-PROBE-EXTENDER-3M,EL-PROBE-EXTENDER-10M,Fridge Install Kit-TP\"]"],"faqs":["<span class=\"ui-provider bge bgf bgd bgg bgh bgi bgj bgk bgl bgm bgn bgo bgp bgq bgr bgs bgt bgu bgv bgw bgx bgy bgz bha bhb bhc bhd bhe bhf bhg bhh bhi bhj bhk bhl\" dir=\"ltr\">[accordion]\n[accordion_header]Potresti spiegare cos'\u00e8 il 21CFR Part 11?[\/accordion_header]\n[accordion_section]Il Codice dei Regolamenti Federali 21 Parte 11 della FDA (Food & Drugs Administration) degli Stati Uniti \u00e8 un'estensione dei regolamenti esistenti che definisce quali registrazioni e firme elettroniche devono essere considerate accurate per sostituire le registrazioni cartacee per l'industria farmaceutica e medica. Il nostro sistema \u00e8 stato progettato per aiutare le aziende a rispettare queste normative.[\/accordion_section]\n[\/accordion]<\/span>\n\n<span class=\"ui-provider bge bgf bgd bgg bgh bgi bgj bgk bgl bgm bgn bgo bgp bgq bgr bgs bgt bgu bgv bgw bgx bgy bgz bha bhb bhc bhd bhe bhf bhg bhh bhi bhj bhk bhl\" dir=\"ltr\">[accordion]\n[accordion_header]Perch\u00e9 le mie batterie non funzionano?[\/accordion_header]\n[accordion_section]Se lasciate inutilizzate per lunghi periodi di tempo, le batterie al litio-metallo, comprese quelle utilizzate nella gamma di data logger EasyLog, formano naturalmente uno strato interno non conduttivo - uno strato di passivazione - che impedisce loro di autoscaricarsi e ne aumenta la durata di conservazione. Quando viene installato per la prima volta nel data logger, pu\u00f2 causare un calo momentaneo della tensione della batteria (la Tensione Minima Transitoria) quando lo strato interno viene interrotto, causando il reset del data logger. Inserendo le batterie nel data logger e lasciandolo collegato a un PC per circa 30 secondi, questo strato verr\u00e0 rimosso. Dopo questa operazione, rimuovi e reinstalla le batterie per resettare il data logger. La durata complessiva della batteria non ne risentir\u00e0.[\/accordion_section]\n[\/accordion]<\/span>\n\n<a class=\"button button-secondary\" href=\"\/support\/21cfr-data-loggers\/\">Pi\u00f9 supporto<\/a>"],"usd_price_4":["0.00"],"usd_price_9":["0.00"],"usd_price_24":["0.00"],"usd_price_49":["0.00"],"usd_price_99":["0.00"],"gbp_price_4":["0.00"],"gbp_price_9":["0.00"],"gbp_price_24":["89.99"],"gbp_price_49":["0.00"],"gbp_price_99":["79.99"],"usdhk_price_4":["0.00"],"usdhk_price_9":["0.00"],"usdhk_price_24":["121.49"],"usdhk_price_49":["0.00"],"usdhk_price_99":["107.99"],"_uag_page_assets":["a:9:{s:3:\"css\";s:0:\"\";s:2:\"js\";s:0:\"\";s:18:\"current_block_list\";a:0:{}s:8:\"uag_flag\";b:0;s:11:\"uag_version\";s:10:\"1777052440\";s:6:\"gfonts\";a:0:{}s:10:\"gfonts_url\";s:0:\"\";s:12:\"gfonts_files\";a:0:{}s:14:\"uag_faq_layout\";b:0;}"],"_regular_price":["130.4"],"_price":["130.4"],"_max_variation_price":[""],"_max_variation_regular_price":[""],"_max_variation_sale_price":[""],"_min_variation_price":[""],"_min_variation_regular_price":[""],"_min_variation_sale_price":[""],"_sale_price":[""],"_wc_pb_base_regular_price":[""],"_wc_pb_base_sale_price":[""],"_wc_pb_base_price":[""],"_wc_sw_max_price":[""],"_wc_sw_max_regular_price":[""],"_wc_rating_count":[""]},"uagb_featured_image_src":{"full":["https:\/\/praxas.com\/wp-content\/uploads\/easylog-data-logger-EL-21CFR-TP-LCD-Angle_Probe-Logo.png",800,463,false],"thumbnail":["https:\/\/praxas.com\/wp-content\/uploads\/easylog-data-logger-EL-21CFR-TP-LCD-Angle_Probe-Logo-150x150.png",150,150,true],"medium":["https:\/\/praxas.com\/wp-content\/uploads\/easylog-data-logger-EL-21CFR-TP-LCD-Angle_Probe-Logo-300x174.png",300,174,true],"medium_large":["https:\/\/praxas.com\/wp-content\/uploads\/easylog-data-logger-EL-21CFR-TP-LCD-Angle_Probe-Logo-768x444.png",768,444,true],"large":["https:\/\/praxas.com\/wp-content\/uploads\/easylog-data-logger-EL-21CFR-TP-LCD-Angle_Probe-Logo.png",800,463,false],"1536x1536":["https:\/\/praxas.com\/wp-content\/uploads\/easylog-data-logger-EL-21CFR-TP-LCD-Angle_Probe-Logo.png",800,463,false],"2048x2048":["https:\/\/praxas.com\/wp-content\/uploads\/easylog-data-logger-EL-21CFR-TP-LCD-Angle_Probe-Logo.png",800,463,false],"crunchify-admin-post-featured-image":["https:\/\/praxas.com\/wp-content\/uploads\/easylog-data-logger-EL-21CFR-TP-LCD-Angle_Probe-Logo-120x69.png",120,69,true],"commercegurus-pdp-large":["https:\/\/praxas.com\/wp-content\/uploads\/easylog-data-logger-EL-21CFR-TP-LCD-Angle_Probe-Logo.png",800,463,false],"commercegurus-plp-mobile":["https:\/\/praxas.com\/wp-content\/uploads\/easylog-data-logger-EL-21CFR-TP-LCD-Angle_Probe-Logo-441x255.png",441,255,true],"cgkit_image_swatch":["https:\/\/praxas.com\/wp-content\/uploads\/easylog-data-logger-EL-21CFR-TP-LCD-Angle_Probe-Logo-100x100.png",100,100,true],"woocommerce_thumbnail":["https:\/\/praxas.com\/wp-content\/uploads\/easylog-data-logger-EL-21CFR-TP-LCD-Angle_Probe-Logo-300x174.png",300,174,true],"woocommerce_single":["https:\/\/praxas.com\/wp-content\/uploads\/easylog-data-logger-EL-21CFR-TP-LCD-Angle_Probe-Logo.png",800,463,false],"woocommerce_gallery_thumbnail":["https:\/\/praxas.com\/wp-content\/uploads\/easylog-data-logger-EL-21CFR-TP-LCD-Angle_Probe-Logo-150x87.png",150,87,true]},"uagb_author_info":{"display_name":"AndyS","author_link":"https:\/\/praxas.com\/it\/author\/"},"uagb_comment_info":0,"uagb_excerpt":"21CFR Registratore di sonde a termistore USB con display","_links":{"self":[{"href":"https:\/\/praxas.com\/it\/wp-json\/wp\/v2\/product\/36730","targetHints":{"allow":["GET"]}}],"collection":[{"href":"https:\/\/praxas.com\/it\/wp-json\/wp\/v2\/product"}],"about":[{"href":"https:\/\/praxas.com\/it\/wp-json\/wp\/v2\/types\/product"}],"wp:featuredmedia":[{"embeddable":true,"href":"https:\/\/praxas.com\/it\/wp-json\/wp\/v2\/media\/36731"}],"wp:attachment":[{"href":"https:\/\/praxas.com\/it\/wp-json\/wp\/v2\/media?parent=36730"}],"wp:term":[{"taxonomy":"product_brand","embeddable":true,"href":"https:\/\/praxas.com\/it\/wp-json\/wp\/v2\/product_brand?post=36730"},{"taxonomy":"product_cat","embeddable":true,"href":"https:\/\/praxas.com\/it\/wp-json\/wp\/v2\/product_cat?post=36730"},{"taxonomy":"product_tag","embeddable":true,"href":"https:\/\/praxas.com\/it\/wp-json\/wp\/v2\/product_tag?post=36730"}],"curies":[{"name":"wp","href":"https:\/\/api.w.org\/{rel}","templated":true}]}}