{"id":36795,"date":"2023-09-12T11:55:28","date_gmt":"2023-09-12T09:55:28","guid":{"rendered":"https:\/\/staging.praxas.com\/product\/senza-categoria\/el-usb-2-lcd-2\/"},"modified":"2026-03-18T11:37:32","modified_gmt":"2026-03-18T10:37:32","slug":"el-usb-2-lcd-2","status":"publish","type":"product","link":"https:\/\/praxas.com\/it\/product\/registratori-di-dati\/temperatura-e-umidita\/el-usb-2-lcd-2\/","title":{"rendered":"EL-USB-2-LCD"},"content":{"rendered":"<p>Questo data logger autonomo misura oltre 16.000 letture in un intervallo compreso tra -35 e +80\u00b0C (-31 e +176\u00b0F) e tra 0 e 100% di umidit\u00e0 (RH). Con la semplice pressione di un pulsante, utilizza il display di bordo per scorrere tra i registri attuali, minimi e massimi rilevati durante la sessione sia per la temperatura che per l&#8217;umidit\u00e0. \u00c8 facile configurare il logger e visualizzare i dati scaricati collegando l&#8217;unit\u00e0 alla porta USB di un PC e utilizzando il software gratuito EasyLog in dotazione. I dati possono poi essere graficati, stampati ed esportati in altre applicazioni per un&#8217;analisi dettagliata. Fornito con \u00bd batteria AA e clip per il montaggio a parete.<\/p>\n<p><strong>NOTA BENE <\/strong>: puoi aggiungere fino a DUE BATTERIE DI RICAMBIO per ogni data logger ordinato.<\/p>\n<p><strong>LO SAPEVI?<\/strong><br \/>\nIl modello <a href=\"https:\/\/praxas.com\/it\/product\/registratori-di-dati\/temperatura-e-umidita\/el-sie-2\/\"><strong>EL-SIE-2<\/strong><\/a> e <a href=\"https:\/\/praxas.com\/es\/product\/registradores-de-datos\/temperatura-y-humedad\/el-sie-2\/\"><strong>EL-SIE-2+<\/strong><\/a> sono i pi\u00f9 recenti e innovativi data logger USB di EasyLog e rappresentano un&#8217;alternativa pi\u00f9 potente a questo dispositivo. Possono memorizzare fino a un milione di letture di temperatura e umidit\u00e0 e sono dotati di un display cristallino per un monitoraggio immediato.<\/p>\n","protected":false},"excerpt":{"rendered":"<p><!--Temperature and Relative Humidity USB Data Logger with Display--><br \/>\nRegistratore di dati di temperatura e umidit\u00e0 con display (da -35\u00b0C a 80\u00b0C)<\/p>\n","protected":false},"featured_media":36796,"template":"","meta":{"_acf_changed":false,"content-type":"","_uag_custom_page_level_css":""},"product_brand":[],"product_cat":[1880],"product_tag":[1882,2436,1885,1914],"class_list":{"0":"post-36795","1":"product","2":"type-product","3":"status-publish","4":"has-post-thumbnail","6":"product_cat-temperatura-e-umidita","7":"product_tag-display-it","8":"product_tag-easylog-it","9":"product_tag-sensore-interno","10":"product_tag-usb-it","12":"first","13":"instock","14":"taxable","15":"shipping-taxable","16":"purchasable","17":"product-type-simple"},"bundled_by":[],"bundle_stock_status":"instock","bundle_stock_quantity":7,"bundle_virtual":false,"bundle_layout":"","bundle_add_to_cart_form_location":"","bundle_editable_in_cart":false,"bundle_sold_individually_context":"","bundle_item_grouping":"","bundle_min_size":"","bundle_max_size":"","bundle_price":[],"bundled_items":[],"bundle_sell_ids":[],"acf":[],"spectra_custom_meta":{"_download_limit":["-1"],"_download_expiry":["-1"],"_downloadable":["no"],"_stock_status":["instock"],"_sold_individually":["no"],"_tax_class":[""],"_tax_status":["taxable"],"_virtual":["no"],"_width":["0"],"_height":["0"],"_length":["0"],"total_sales":["120"],"_product_datasheet":["field_650ad7d6ea3a0"],"connectivity":["USB"],"_connectivity":["field_64dce263bb57c"],"brand":["EasyLog"],"_brand":["field_64ddf62ed2593"],"_brand_image":["field_650c5e7c84cae"],"_specifications_table":["field_65044e1db92a8"],"_display_data_alarm":["field_667d647bcb066"],"_resources":["field_650849c6945ee"],"_accessories":["field_650849e6945f0"],"_faqs":["field_650859523d8d5"],"_calibration_suitable_ids_gb":["field_654b4c4acb54a"],"_calibration_suitable_ids_us":["field_654b4c56cb54b"],"_show_in_calibration_suitable":["field_654cfb691d345"],"_shipping":["field_66852535c98a5"],"_refrigerant_cabinet":["field_66852557c98a6"],"_main_specifications":["field_66855b25b1245"],"_usd_price_4":["field_651570dcac479"],"_usd_price_9":["field_6515713eb4807"],"_usd_price_24":["field_65157141b4809"],"_usd_price_49":["field_65157140b4808"],"_usd_price_99":["field_6515715bb480a"],"_gbp_price_4":["field_6515716e83bfa"],"_gbp_price_9":["field_6515724783bfb"],"_gbp_price_24":["field_6515724b83bfc"],"_gbp_price_49":["field_6515725983bfd"],"_gbp_price_99":["field_6515725d83bfe"],"_usdhk_price_4":["field_6515726f83bff"],"_usdhk_price_9":["field_6515727c83c00"],"_usdhk_price_24":["field_6515728083c01"],"_usdhk_price_49":["field_6515728983c02"],"_usdhk_price_99":["field_6515728e83c03"],"stock_options":["In stock"],"_stock_options":["field_6544b605dc7f9"],"_top_nav_excluded":[""],"_cms_nav_minihome":[""],"wcml_sync_hash":["a:1:{s:15:\"postmeta_fields\";s:32:\"16d9e8a7f00e5a86479e1896255e33f2\";}"],"attr_label_translations":["a:0:{}"],"_product_image_gallery":["36797,36798,36799,36800"],"_thumbnail_id":["36796"],"_crosssell_ids":["a:0:{}"],"_stock":["7.000000"],"_last_translation_edit_mode":["translation-editor"],"calibration":[""],"_edit_lock":["1721818085:8383"],"classic-editor-remember":["classic-editor"],"rank_math_seo_score":["80"],"_edit_last":["8383"],"commercekit_gallery_layout":[""],"commercekit_disable_sticky_atc":["0"],"commercekit_wc_video_gallery":["a:0:{}"],"_rank_math_gtin_code":[""],"_wc_average_rating":[0],"_wc_review_count":["0"],"_product_version":["9.1.2"],"display_data_alarm":[""],"calibration_suitable_ids_gb":[""],"calibration_suitable_ids_us":[""],"show_in_calibration_suitable":[""],"other_features":[""],"shipping":[""],"refrigerant_cabinet":[""],"main_specifications":[""],"shoptimizer_layout_pdp_short_description_position":["default"],"rank_math_primary_product_cat":["0"],"_wpml_media_duplicate":["1"],"_wpml_media_featured":["1"],"_wcml_average_rating":[null],"_wcml_review_count":[null],"_wcml_rating_count":[null],"product_datasheet":["10510"],"brand_image":["10467"],"_product_attributes":["a:2:{s:16:\"pa_product-brand\";a:6:{s:4:\"name\";s:16:\"pa_product-brand\";s:5:\"value\";s:0:\"\";s:8:\"position\";i:0;s:10:\"is_visible\";i:1;s:12:\"is_variation\";i:0;s:11:\"is_taxonomy\";i:1;}s:19:\"pa_product-features\";a:6:{s:4:\"name\";s:19:\"pa_product-features\";s:5:\"value\";s:0:\"\";s:8:\"position\";i:1;s:10:\"is_visible\";i:1;s:12:\"is_variation\";i:0;s:11:\"is_taxonomy\";i:1;}}"],"_backorders":["no"],"_manage_stock":["no"],"_calibration":["field_66a0ddd599972"],"min_temp":["-35"],"max_temp":["80"],"_min_temp":["field_67ea5eb4e0a77"],"_max_temp":["field_67ea5f81e0a79"],"_wpml_word_count":["192"],"_global_unique_id":["5056744400915"],"_sku":["21023"],"_weight":["0091"],"_other_features":["field_686fa2aa98dce"],"rank_math_title":["EL-USB-2-LCD | Registratore dati USB di temperatura e umidit\u00e0"],"rank_math_description":["Scopri il registratore di dati di temperatura e umidit\u00e0 EL-USB-2-LCD di Lascar Electronics con un display digitale e una capacit\u00e0 di oltre 16.000 letture di temperatura e umidit\u00e0."],"rank_math_focus_keyword":["EL-USB-2-LCD"],"specifications_table":["<table class=\"specifications\">\n<tbody>\n<tr class=\"even-row\">\n<td class=\"left-td\">Intervallo di misurazione della temperatura<\/td>\n<td>Da -35\u00b0C a 80\u00b0C (da -31\u00b0F a 176\u00b0F)<\/td>\n<\/tr>\n<tr class=\"odd-row\">\n<td class=\"left-td\">Risoluzione interna<\/td>\n<td>0,5\u00b0C (1\u00b0F)<\/td>\n<\/tr>\n<tr class=\"even-row\">\n<td class=\"left-td\">Precisione (errore complessivo)<\/td>\n<td>0,55\u00b0C (1,04\u00b0F) tipico (da 5 a 60\u00b0C)<\/td>\n<\/tr>\n<tr class=\"odd-row\">\n<td class=\"left-td\">Stabilit\u00e0 a lungo termine<\/td>\n<td><0,02\u00b0C (0,04\u00b0F) \/ anno<\/td>\n<\/tr>\n<tr class=\"even-row\">\n<td class=\"left-td\">Umidit\u00e0 relativa Intervallo di misurazione<\/td>\n<td>Da 0 a 100% RH<\/td>\n<\/tr>\n<tr class=\"odd-row\">\n<td class=\"left-td\">Risoluzione interna<\/td>\n<td>0,5%RH<\/td>\n<\/tr>\n<tr class=\"even-row\">\n<td class=\"left-td\">Precisione (errore complessivo)<\/td>\n<td>2,25%RH tipico (da 20 a 80%RH)<\/td>\n<\/tr>\n<tr class=\"odd-row\">\n<td class=\"left-td\">Stabilit\u00e0 a lungo termine<\/td>\n<td><0,25%RH \/ anno<\/td>\n<\/tr>\n<tr class=\"even-row\">\n<td class=\"left-td\">Velocit\u00e0 di registrazione<\/td>\n<td>Selezionabile dall'utente tra 10 secondi e 12 ore<\/td>\n<\/tr>\n<tr class=\"odd-row\">\n<td class=\"left-td\">Durata della batteria<\/td>\n<td>2 anni<\/td>\n<\/tr>\n<\/tbody>\n<\/table>"],"resources":["<ul class=\"resources-list\">\n \t<li><img src=\"https:\/\/praxas.com\/wp-content\/uploads\/document-icon.png\" alt=\"Icona del documento\"><a href=\"https:\/\/praxas.com\/wp-content\/uploads\/easylog-data-logger-el-usb-2-lcd_iss13_01-21-1.pdf\" target=\"_blank\" rel=\"noopener\">Scheda tecnica di EL-USB-2-LCD<\/a><\/li>\n \t<li><img src=\"https:\/\/praxas.com\/wp-content\/uploads\/software-icon.png\" alt=\"Icona del software\"><a href=\"https:\/\/praxas.com\/software\/easylog-software\/easylog-usb\/\" target=\"_blank\" rel=\"noopener\">Software EasyLog USB<\/a><\/li>\n \t<li><img src=\"https:\/\/praxas.com\/wp-content\/uploads\/document-icon.png\" alt=\"Icona del documento\"><a href=\"https:\/\/praxas.com\/wp-content\/uploads\/easylog-usb_quick-start-guide_iss12_singlepage-05_2018.pdf\" target=\"_blank\" rel=\"noopener\">Guida rapida di EL-USB-2-LCD<\/a><\/li>\n \t<li><img src=\"https:\/\/praxas.com\/wp-content\/uploads\/document-icon.png\" alt=\"Icona del documento\"><a href=\"https:\/\/praxas.com\/wp-content\/uploads\/el-usb-range-includes-el-gfx-range-troubleshooting.pdf\" target=\"_blank\" rel=\"noopener\">Risoluzione dei problemi della gamma EL-USB<\/a><\/li>\n \t<li><img src=\"https:\/\/praxas.com\/wp-content\/uploads\/video-icon-orange.png\" alt=\"Icona video\"><a href=\"https:\/\/www.youtube.com\/playlist?list=PL_yZedoZ_7MqFFU3keWRD0tO46uMTbvcL\" target=\"_blank\" rel=\"noopener\">Video tutorial<\/a><\/li>\n \t<li><img src=\"https:\/\/praxas.com\/wp-content\/uploads\/document-icon.png\" alt=\"Icona del documento\"><a href=\"https:\/\/praxas.com\/wp-content\/uploads\/Declaration-of-Conformity_EasyLog_iss26.pdf\" target=\"_blank\" rel=\"noopener\">EL-USB-2-LCD Dichiarazione di conformit\u00e0<\/a><\/li>\n<\/ul>\n<a class=\"button button-secondary\" href=\"https:\/\/praxas.com\/support\/\">Pi\u00f9 supporto<\/a>"],"accessories":["[products skus=\"BAT 3V6 1\/2AA\"]"],"faqs":["<span class=\"ui-provider bge bgf bgd bgg bgh bgi bgj bgk bgl bgm bgn bgo bgp bgq bgr bgs bgt bgu bgv bgw bgx bgy bgz bha bhb bhc bhd bhe bhf bhg bhh bhi bhj bhk bhl\" dir=\"ltr\">[accordion]\n[accordion_header]Ogni quanto tempo devo inviare il mio data logger per la ricalibrazione?[\/accordion_header]\n[accordion_section]Noi consigliamo di ricalibrare ogni anno, ma le tue procedure potrebbero richiedere qualcosa di diverso. Puoi contattare Lascar per qualsiasi informazione sui servizi di <strong><a href=\"https:\/\/lascarelectronics.com\/calibration\/\">servizi di calibrazione<\/a><\/strong> che possono offrire.[\/accordion_section]\n[\/accordion]<\/span>\n\n<span class=\"ui-provider bge bgf bgd bgg bgh bgi bgj bgk bgl bgm bgn bgo bgp bgq bgr bgs bgt bgu bgv bgw bgx bgy bgz bha bhb bhc bhd bhe bhf bhg bhh bhi bhj bhk bhl\" dir=\"ltr\">[accordion]\n[accordion_header]Quanto durer\u00e0 la batteria del mio data logger?[\/accordion_header]\n[accordion_section]La durata della batteria dipende dal logger in tuo possesso e dalle impostazioni; nella scheda tecnica del tuo prodotto puoi vedere la durata della batteria indicata nella tabella delle specifiche.[\/accordion_section]\n[\/accordion]<\/span>"],"usd_price_4":["0.00"],"usd_price_9":["0.00"],"usd_price_24":["0.00"],"usd_price_49":["0.00"],"usd_price_99":["0.00"],"gbp_price_4":["0.00"],"gbp_price_9":["0.00"],"gbp_price_24":["67.49"],"gbp_price_49":["0.00"],"gbp_price_99":["59.99"],"usdhk_price_4":["0.00"],"usdhk_price_9":["0.00"],"usdhk_price_24":["89.99"],"usdhk_price_49":["0.00"],"usdhk_price_99":["79.99"],"_uag_page_assets":["a:9:{s:3:\"css\";s:0:\"\";s:2:\"js\";s:0:\"\";s:18:\"current_block_list\";a:0:{}s:8:\"uag_flag\";b:0;s:11:\"uag_version\";s:10:\"1776254989\";s:6:\"gfonts\";a:0:{}s:10:\"gfonts_url\";s:0:\"\";s:12:\"gfonts_files\";a:0:{}s:14:\"uag_faq_layout\";b:0;}"],"_regular_price":["96.40"],"_price":["96.40"],"_max_variation_price":[""],"_max_variation_regular_price":[""],"_max_variation_sale_price":[""],"_min_variation_price":[""],"_min_variation_regular_price":[""],"_min_variation_sale_price":[""],"_sale_price":[""],"_wc_pb_base_regular_price":[""],"_wc_pb_base_sale_price":[""],"_wc_pb_base_price":[""],"_wc_sw_max_price":[""],"_wc_sw_max_regular_price":[""],"_wc_rating_count":[""]},"uagb_featured_image_src":{"full":["https:\/\/praxas.com\/wp-content\/uploads\/easylog-data-logger-EL-USB-2-LCD-Straight-1.png",800,463,false],"thumbnail":["https:\/\/praxas.com\/wp-content\/uploads\/easylog-data-logger-EL-USB-2-LCD-Straight-1-150x150.png",150,150,true],"medium":["https:\/\/praxas.com\/wp-content\/uploads\/easylog-data-logger-EL-USB-2-LCD-Straight-1-300x174.png",300,174,true],"medium_large":["https:\/\/praxas.com\/wp-content\/uploads\/easylog-data-logger-EL-USB-2-LCD-Straight-1-768x444.png",768,444,true],"large":["https:\/\/praxas.com\/wp-content\/uploads\/easylog-data-logger-EL-USB-2-LCD-Straight-1.png",800,463,false],"1536x1536":["https:\/\/praxas.com\/wp-content\/uploads\/easylog-data-logger-EL-USB-2-LCD-Straight-1.png",800,463,false],"2048x2048":["https:\/\/praxas.com\/wp-content\/uploads\/easylog-data-logger-EL-USB-2-LCD-Straight-1.png",800,463,false],"crunchify-admin-post-featured-image":["https:\/\/praxas.com\/wp-content\/uploads\/easylog-data-logger-EL-USB-2-LCD-Straight-1-120x69.png",120,69,true],"commercegurus-pdp-large":["https:\/\/praxas.com\/wp-content\/uploads\/easylog-data-logger-EL-USB-2-LCD-Straight-1.png",800,463,false],"commercegurus-plp-mobile":["https:\/\/praxas.com\/wp-content\/uploads\/easylog-data-logger-EL-USB-2-LCD-Straight-1-441x255.png",441,255,true],"cgkit_image_swatch":["https:\/\/praxas.com\/wp-content\/uploads\/easylog-data-logger-EL-USB-2-LCD-Straight-1-100x100.png",100,100,true],"woocommerce_thumbnail":["https:\/\/praxas.com\/wp-content\/uploads\/easylog-data-logger-EL-USB-2-LCD-Straight-1-300x174.png",300,174,true],"woocommerce_single":["https:\/\/praxas.com\/wp-content\/uploads\/easylog-data-logger-EL-USB-2-LCD-Straight-1.png",800,463,false],"woocommerce_gallery_thumbnail":["https:\/\/praxas.com\/wp-content\/uploads\/easylog-data-logger-EL-USB-2-LCD-Straight-1-150x87.png",150,87,true]},"uagb_author_info":{"display_name":"AndyS","author_link":"https:\/\/praxas.com\/it\/author\/"},"uagb_comment_info":0,"uagb_excerpt":"Registratore di dati di temperatura e umidit\u00e0 con display (da -35\u00b0C a 80\u00b0C)","_links":{"self":[{"href":"https:\/\/praxas.com\/it\/wp-json\/wp\/v2\/product\/36795","targetHints":{"allow":["GET"]}}],"collection":[{"href":"https:\/\/praxas.com\/it\/wp-json\/wp\/v2\/product"}],"about":[{"href":"https:\/\/praxas.com\/it\/wp-json\/wp\/v2\/types\/product"}],"wp:featuredmedia":[{"embeddable":true,"href":"https:\/\/praxas.com\/it\/wp-json\/wp\/v2\/media\/36796"}],"wp:attachment":[{"href":"https:\/\/praxas.com\/it\/wp-json\/wp\/v2\/media?parent=36795"}],"wp:term":[{"taxonomy":"product_brand","embeddable":true,"href":"https:\/\/praxas.com\/it\/wp-json\/wp\/v2\/product_brand?post=36795"},{"taxonomy":"product_cat","embeddable":true,"href":"https:\/\/praxas.com\/it\/wp-json\/wp\/v2\/product_cat?post=36795"},{"taxonomy":"product_tag","embeddable":true,"href":"https:\/\/praxas.com\/it\/wp-json\/wp\/v2\/product_tag?post=36795"}],"curies":[{"name":"wp","href":"https:\/\/api.w.org\/{rel}","templated":true}]}}