{"id":37024,"date":"2023-07-27T03:20:00","date_gmt":"2023-07-27T01:20:00","guid":{"rendered":"https:\/\/staging.praxas.com\/product\/senza-categoria\/sgd-24-m-ip\/"},"modified":"2025-10-09T10:05:26","modified_gmt":"2025-10-09T08:05:26","slug":"sgd-24-m-ip","status":"publish","type":"product","link":"https:\/\/praxas.com\/it\/product\/uncategorized-it\/sgd-24-m-ip\/","title":{"rendered":"SGD 24-M-IP"},"content":{"rendered":"<p>L&#8217;SGD 24-M-IP \u00e8 un misuratore da pannello programmabile con doppi ingressi analogici, uscite di allarme e display a colori TFT da 2,4&#8243;. \u00c8 alloggiato in un involucro classificato IP67 \/ NEMA 6 con una finestra robusta e resistente ai graffi. L&#8217;installazione del modulo finito in un pannello o in un quadro \u00e8 semplice, utilizzando il dado da 32 mm e il connettore IP67 forniti con l&#8217;unit\u00e0. Configurato utilizzando il software gratuito <strong><br \/>\n  <a href=\"\/software\/panelpilot-software\/panelpilot-m\/\">PanelPilot M Software<\/a><br \/>\n<\/strong> per Windows, puoi scegliere tra un numero sempre crescente di configurazioni, tra cui grafici a barre, livello del serbatoio, stile analogico e grafici di tendenza. Quindi personalizza i colori, le etichette di testo, le unit\u00e0 di misura e la scala degli input prima di caricarli su un display via USB.<\/p>\n<p>Si noti che l&#8217;SGD 24-M-IP non \u00e8 dotato di funzionalit\u00e0 touch-screen e pertanto non \u00e8 compatibile con le configurazioni che richiedono un input tattile.<\/p>\n","protected":false},"excerpt":{"rendered":"<p>TFT programmabile impermeabile da 2,4 pollici<\/p>\n","protected":false},"featured_media":37025,"template":"","meta":{"_acf_changed":false,"content-type":"","_uag_custom_page_level_css":""},"product_brand":[],"product_cat":[2647],"product_tag":[1882],"class_list":{"0":"post-37024","1":"product","2":"type-product","3":"status-publish","4":"has-post-thumbnail","6":"product_cat-uncategorized-it","7":"product_tag-display-it","9":"first","10":"instock","11":"taxable","12":"shipping-taxable","13":"purchasable","14":"product-type-simple"},"bundled_by":[],"bundle_stock_status":"instock","bundle_stock_quantity":5,"bundle_virtual":false,"bundle_layout":"","bundle_add_to_cart_form_location":"","bundle_editable_in_cart":false,"bundle_sold_individually_context":"","bundle_item_grouping":"","bundle_min_size":"","bundle_max_size":"","bundle_price":[],"bundled_items":[],"bundle_sell_ids":[],"acf":[],"spectra_custom_meta":{"_wcml_average_rating":[null],"_wcml_review_count":[null],"_wcml_rating_count":[null],"_download_limit":["-1","-1"],"_download_expiry":["-1","-1"],"_downloadable":["no","no"],"_sku":["SGD 24-M-IP","SGD 24-M-IP"],"_stock_status":["instock","instock","instock","instock","instock","instock","instock"],"_sold_individually":["no","no"],"_tax_class":["",""],"_tax_status":["taxable","taxable"],"_virtual":["no","no"],"_weight":["0.232"],"_width":["0"],"_height":["0"],"_length":["0"],"total_sales":["0","0"],"product_datasheet":[""],"_product_datasheet":["field_650ad7d6ea3a0"],"_connectivity":["field_64dce263bb57c"],"brand":["PanelPilot"],"_brand":["field_64ddf62ed2593"],"brand_image":["10474"],"_brand_image":["field_650c5e7c84cae"],"_specifications_table":["field_65044e1db92a8"],"_display_data_alarm":["field_667d647bcb066"],"_resources":["field_650849c6945ee"],"_accessories":["field_650849e6945f0"],"_faqs":["field_650859523d8d5"],"_calibration_suitable_ids_gb":["field_654b4c4acb54a"],"_calibration_suitable_ids_us":["field_654b4c56cb54b"],"_show_in_calibration_suitable":["field_654cfb691d345"],"_usd_price_4":["field_651570dcac479"],"_usd_price_9":["field_6515713eb4807"],"_usd_price_24":["field_65157141b4809"],"_usd_price_49":["field_65157140b4808"],"_usd_price_99":["field_6515715bb480a"],"_gbp_price_4":["field_6515716e83bfa"],"_gbp_price_9":["field_6515724783bfb"],"_gbp_price_24":["field_6515724b83bfc"],"_gbp_price_49":["field_6515725983bfd"],"_gbp_price_99":["field_6515725d83bfe"],"_usdhk_price_4":["field_6515726f83bff"],"_usdhk_price_9":["field_6515727c83c00"],"_usdhk_price_24":["field_6515728083c01"],"_usdhk_price_49":["field_6515728983c02"],"_usdhk_price_99":["field_6515728e83c03"],"stock_options":["In stock"],"_stock_options":["field_6544b605dc7f9"],"_top_nav_excluded":[""],"_cms_nav_minihome":[""],"wcml_sync_hash":["a:1:{s:15:\"postmeta_fields\";s:32:\"6380271da9f0a25492769054b50ba4df\";}"],"attr_label_translations":["a:0:{}"],"_product_image_gallery":["37026,37027,37028"],"_thumbnail_id":["37025"],"_crosssell_ids":["a:0:{}"],"_stock":["5.000000"],"connectivity":[""],"_calibration":["field_66a0ddd599972"],"_shipping":["field_66852535c98a5"],"_refrigerant_cabinet":["field_66852557c98a6"],"_main_specifications":["field_66855b25b1245"],"_last_translation_edit_mode":["translation-editor"],"rank_math_primary_product_cat":["0"],"faqs":["<span class=\"ui-provider bge bgf bgd bgg bgh bgi bgj bgk bgl bgm bgn bgo bgp bgq bgr bgs bgt bgu bgv bgw bgx bgy bgz bha bhb bhc bhd bhe bhf bhg bhh bhi bhj bhk bhl\" dir=\"ltr\">[accordion]\n[accordion_header]Posso aggiungere il logo della mia azienda al display?[\/accordion_header]\n[accordion_section]S\u00ec. Quando configuri il tuo contatore utilizzando il software PanelPilot M, l'ultima fase di configurazione ti chieder\u00e0 se vuoi aggiungere o meno un logo aziendale al display. Se scegli questa opzione, il logo dell'azienda sar\u00e0 presente sul display per i primi secondi all'accensione.  [\/accordion_section]\n[\/accordion]<\/span>\n\n<span class=\"ui-provider bge bgf bgd bgg bgh bgi bgj bgk bgl bgm bgn bgo bgp bgq bgr bgs bgt bgu bgv bgw bgx bgy bgz bha bhb bhc bhd bhe bhf bhg bhh bhi bhj bhk bhl\" dir=\"ltr\">[accordion]\n[accordion_header]Posso ridurre la luminosit\u00e0 del mio PanelPilot?[\/accordion_header]\n[accordion_section]S\u00ec. Utilizzo del software <strong><a href=\"\/software\/panelpilot-software\/panelpilot-m\/\">PanelPilot M<\/a><\/strong>alla fine della fase di configurazione c'\u00e8 un'opzione per selezionare la luminosit\u00e0 del display. Tieni presente che una volta impostata, al momento non c'\u00e8 modo di regolare la luminosit\u00e0 del display senza riconfigurarlo.[\/accordion_section]\n[\/accordion]<\/span>\n\n<a class=\"button button-secondary\" href=\"https:\/\/praxas.com\/support\/panelpilot-m\/\">Pi\u00f9 supporto<\/a>"],"usd_price_4":["0.00"],"usd_price_9":["0.00"],"usd_price_24":["0.00"],"usd_price_49":["0.00"],"usd_price_99":["0.00"],"gbp_price_49":["0.00"],"gbp_price_99":["0.00"],"usdhk_price_49":["0.00"],"usdhk_price_99":["0.00"],"_wpml_word_count":["160"],"_other_features":[""],"_backorders":["no","no"],"_manage_stock":["no","no"],"min_temp":[""],"max_temp":[""],"_min_temp":[""],"_max_temp":[""],"_other_features_arctiko":[""],"rank_math_title":["SGD 24-M-IP | Pannello di visualizzazione personalizzabile con grado di protezione IP67 | Praxas"],"rank_math_description":["Il PanelPilot SGD 24-M-IP \u00e8 un misuratore da pannello programmabile in un involucro con grado di protezione IP67, dotato di doppi ingressi analogici, uscite di allarme e display a colori TFT da 2,4\"."],"rank_math_focus_keyword":["SGD 24-M-IP"],"specifications_table":["<table class=\"specifications\">\n<tbody>\n<tr class=\"even-row\">\n<td class=\"left-td\">Display<\/td>\n<td>Schermo TFT a colori da 2,4 pollici<\/td>\n<\/tr>\n<tr class=\"odd-row\">\n<td class=\"left-td\">Risoluzione<\/td>\n<td>320 x 240 pixel (QVGA)<\/td>\n<\/tr>\n<tr class=\"even-row\">\n<td class=\"left-td\">Tensione di funzionamento<\/td>\n<td>Da 4 a 30 V d.c.<\/td>\n<\/tr>\n<tr class=\"odd-row\">\n<td class=\"left-td\">Intervallo di misurazione<\/td>\n<td>Da 0 a 40V d.c.<\/td>\n<\/tr>\n<tr class=\"even-row\">\n<td class=\"left-td\">Area di visualizzazione<\/td>\n<td>49 mm (1,9 \u201c) x 36,7 mm (1,4\u201d)<\/td>\n<\/tr>\n<\/tbody>\n<\/table>"],"resources":["<ul class=\"resources-list\">\n \t<li><img src=\"https:\/\/praxas.com\/wp-content\/uploads\/document-icon.png\" alt=\"Icona del documento\"><span class=\"mldTitle\">Scheda tecnica SGD 24-M-IP<\/span><\/li>\n \t<li><a href=\"https:\/\/praxas.com\/wp-content\/uploads\/panelpilot-panel-instrument-sgd-24-m-ipand420_iss6_04-18-1-1.pdf\" target=\"_blank\" rel=\"noopener\">Inglese<\/a><\/li>\n \t<li><a href=\"https:\/\/praxas.com\/wp-content\/uploads\/panelpilot-panel-instrument-sgd-24-m-ip_french_iss8_03-22.pdf\" target=\"_blank\" rel=\"noopener\">Francese<\/a><\/li>\n \t<li><a href=\"https:\/\/praxas.com\/wp-content\/uploads\/sgd-24-m-ip_ger_iss7_03-22.pdf\" target=\"_blank\" rel=\"noopener\">Tedesco<\/a><\/li>\n \t<li><a href=\"https:\/\/praxas.com\/wp-content\/uploads\/sgd-24-m-ip_it_iss7_03-22.pdf\" target=\"_blank\" rel=\"noopener\">Italiano<\/a><\/li>\n \t<li><a href=\"https:\/\/praxas.com\/wp-content\/uploads\/sgd-24-m-ip_jap_iss6_03-22.pdf\" target=\"_blank\" rel=\"noopener\">Giapponese<\/a><\/li>\n \t<li><a href=\"https:\/\/praxas.com\/wp-content\/uploads\/sgd-24-m-ip_sp_iss5_09-18.pdf\" target=\"_blank\" rel=\"noopener\">Spagnolo<\/a><\/li>\n \t<li><a href=\"https:\/\/praxas.com\/wp-content\/uploads\/sgd-24-m-ip_chi-simp_iss6_03-22.pdf\" target=\"_blank\" rel=\"noopener\">Cinese (semplificato)<\/a><\/li>\n \t<li><a href=\"https:\/\/praxas.com\/wp-content\/uploads\/sgd-24-m-ip_chi-trad_iss5_09-18.pdf\" target=\"_blank\" rel=\"noopener\">Cinese (tradizionale)<\/a><\/li>\n \t<li><img src=\"https:\/\/praxas.com\/wp-content\/uploads\/software-icon.png\" alt=\"Icona del software\"><a href=\"https:\/\/praxas.com\/software\/panelpilot-software\/panelpilot-m\/\" target=\"_blank\" rel=\"noopener\">Software PanelPilot M<\/a><\/li>\n \t<li><img src=\"https:\/\/praxas.com\/wp-content\/uploads\/document-icon.png\" alt=\"Icona del documento\"><a href=\"https:\/\/praxas.com\/wp-content\/uploads\/panelpilotm-qsg-ip-issue-3-06_2020.pdf\" target=\"_blank\" rel=\"noopener\">Guida rapida SGD 24-M-IP<\/a><\/li>\n \t<li><img src=\"https:\/\/praxas.com\/wp-content\/uploads\/document-icon.png\" alt=\"Icona del documento\"><a href=\"https:\/\/praxas.com\/wp-content\/uploads\/declaration-of-conformity_sgd_iss6.pdf\" target=\"_blank\" rel=\"noopener\">Dichiarazione di conformit\u00e0<\/a><\/li>\n<\/ul>\n<a class=\"button button-secondary\" href=\"https:\/\/praxas.com\/support\/\">Pi\u00f9 supporto<\/a>"],"accessories":["[products skus=\"CABLE IP-12W-RA\"]"],"gbp_price_4":["143.99"],"gbp_price_9":["139.49"],"gbp_price_24":["134.99"],"usdhk_price_4":["191.99"],"usdhk_price_9":["185.99"],"usdhk_price_24":["179.99"],"_uag_page_assets":["a:9:{s:3:\"css\";s:0:\"\";s:2:\"js\";s:0:\"\";s:18:\"current_block_list\";a:0:{}s:8:\"uag_flag\";b:0;s:11:\"uag_version\";s:10:\"1775212209\";s:6:\"gfonts\";a:0:{}s:10:\"gfonts_url\";s:0:\"\";s:12:\"gfonts_files\";a:0:{}s:14:\"uag_faq_layout\";b:0;}"],"_regular_price":["195.7","195.7"],"_price":["195.7","195.7"],"_max_variation_price":[""],"_max_variation_regular_price":[""],"_max_variation_sale_price":[""],"_min_variation_price":[""],"_min_variation_regular_price":[""],"_min_variation_sale_price":[""],"_sale_price":[""],"_wc_pb_base_regular_price":[""],"_wc_pb_base_sale_price":[""],"_wc_pb_base_price":[""],"_wc_sw_max_price":[""],"_wc_sw_max_regular_price":[""],"_wc_rating_count":[""],"_wc_review_count":[""],"_wc_average_rating":[0]},"uagb_featured_image_src":{"full":["https:\/\/praxas.com\/wp-content\/uploads\/PanelPilotAce-Display-Solutions-SGD-24MIP-Logo-Right-Side.png",800,463,false],"thumbnail":["https:\/\/praxas.com\/wp-content\/uploads\/PanelPilotAce-Display-Solutions-SGD-24MIP-Logo-Right-Side-150x150.png",150,150,true],"medium":["https:\/\/praxas.com\/wp-content\/uploads\/PanelPilotAce-Display-Solutions-SGD-24MIP-Logo-Right-Side-300x174.png",300,174,true],"medium_large":["https:\/\/praxas.com\/wp-content\/uploads\/PanelPilotAce-Display-Solutions-SGD-24MIP-Logo-Right-Side-768x444.png",768,444,true],"large":["https:\/\/praxas.com\/wp-content\/uploads\/PanelPilotAce-Display-Solutions-SGD-24MIP-Logo-Right-Side.png",800,463,false],"1536x1536":["https:\/\/praxas.com\/wp-content\/uploads\/PanelPilotAce-Display-Solutions-SGD-24MIP-Logo-Right-Side.png",800,463,false],"2048x2048":["https:\/\/praxas.com\/wp-content\/uploads\/PanelPilotAce-Display-Solutions-SGD-24MIP-Logo-Right-Side.png",800,463,false],"crunchify-admin-post-featured-image":["https:\/\/praxas.com\/wp-content\/uploads\/PanelPilotAce-Display-Solutions-SGD-24MIP-Logo-Right-Side-120x69.png",120,69,true],"commercegurus-pdp-large":["https:\/\/praxas.com\/wp-content\/uploads\/PanelPilotAce-Display-Solutions-SGD-24MIP-Logo-Right-Side.png",800,463,false],"commercegurus-plp-mobile":["https:\/\/praxas.com\/wp-content\/uploads\/PanelPilotAce-Display-Solutions-SGD-24MIP-Logo-Right-Side-441x255.png",441,255,true],"cgkit_image_swatch":["https:\/\/praxas.com\/wp-content\/uploads\/PanelPilotAce-Display-Solutions-SGD-24MIP-Logo-Right-Side-100x100.png",100,100,true],"woocommerce_thumbnail":["https:\/\/praxas.com\/wp-content\/uploads\/PanelPilotAce-Display-Solutions-SGD-24MIP-Logo-Right-Side-300x174.png",300,174,true],"woocommerce_single":["https:\/\/praxas.com\/wp-content\/uploads\/PanelPilotAce-Display-Solutions-SGD-24MIP-Logo-Right-Side.png",800,463,false],"woocommerce_gallery_thumbnail":["https:\/\/praxas.com\/wp-content\/uploads\/PanelPilotAce-Display-Solutions-SGD-24MIP-Logo-Right-Side-150x87.png",150,87,true]},"uagb_author_info":{"display_name":"AndyS","author_link":"https:\/\/praxas.com\/it\/author\/"},"uagb_comment_info":0,"uagb_excerpt":"TFT programmabile impermeabile da 2,4 pollici","_links":{"self":[{"href":"https:\/\/praxas.com\/it\/wp-json\/wp\/v2\/product\/37024","targetHints":{"allow":["GET"]}}],"collection":[{"href":"https:\/\/praxas.com\/it\/wp-json\/wp\/v2\/product"}],"about":[{"href":"https:\/\/praxas.com\/it\/wp-json\/wp\/v2\/types\/product"}],"wp:featuredmedia":[{"embeddable":true,"href":"https:\/\/praxas.com\/it\/wp-json\/wp\/v2\/media\/37025"}],"wp:attachment":[{"href":"https:\/\/praxas.com\/it\/wp-json\/wp\/v2\/media?parent=37024"}],"wp:term":[{"taxonomy":"product_brand","embeddable":true,"href":"https:\/\/praxas.com\/it\/wp-json\/wp\/v2\/product_brand?post=37024"},{"taxonomy":"product_cat","embeddable":true,"href":"https:\/\/praxas.com\/it\/wp-json\/wp\/v2\/product_cat?post=37024"},{"taxonomy":"product_tag","embeddable":true,"href":"https:\/\/praxas.com\/it\/wp-json\/wp\/v2\/product_tag?post=37024"}],"curies":[{"name":"wp","href":"https:\/\/api.w.org\/{rel}","templated":true}]}}