{"id":37047,"date":"2023-07-27T03:21:00","date_gmt":"2023-07-27T01:21:00","guid":{"rendered":"https:\/\/staging.praxas.com\/product\/senza-categoria\/sgd-43-a-dk\/"},"modified":"2025-10-09T10:04:38","modified_gmt":"2025-10-09T08:04:38","slug":"sgd-43-a-dk","status":"publish","type":"product","link":"https:\/\/praxas.com\/it\/product\/uncategorized-it\/sgd-43-a-dk\/","title":{"rendered":"SGD 43-A DK+"},"content":{"rendered":"<p>SGD 43-A DK+ \u00e8 un kit di sviluppo per il dispositivo <strong><br \/>\n  <a href=\"\/product\/panelpilot-displays\/panelpilotace\/panelpilot-sgd-43-a\/\">SGD 43-A<\/a><br \/>\n<\/strong> display. La scheda di sviluppo stessa fornisce interruttori, quadranti, LED e connessioni a morsetti a vite per connettersi rapidamente e testare tutte le funzionalit\u00e0 di ingresso\/uscita del display PanelPilotACE.<\/p>\n<p>Il kit di sviluppo, SGD 43-A-DK+, \u00e8 la scelta migliore se stai iniziando a sviluppare sulla piattaforma PanelPilotACE. Include tutto il necessario per iniziare: un SGD 43-A, una scheda di sviluppo e un cavo USB. La scheda fornisce interruttori, quadranti, LED e connessioni a morsetti a vite per tutte le funzionalit\u00e0 di ingresso e uscita dell&#8217; <strong><br \/>\n  <a href=\"\/product\/panelpilot-displays\/panelpilotace\/panelpilot-sgd-43-a\/\">SGD 43-A<\/a><br \/>\n<\/strong>.<\/p>\n<p><strong>PanelPilotACE Universit\u00e0<\/strong><\/p>\n<p>Il <a href=\"https:\/\/praxas.com\/it\/panelpilotace-universita\/\"><br \/>\n  <strong>PanelPilotACE University<\/strong><br \/>\n<\/a> offre una moltitudine di risorse per rendere la tua esperienza di programmazione il pi\u00f9 rapida ed efficiente possibile. Dalle Guide alle Procedure e alle Domande Frequenti a un numero sempre crescente di Modelli ACE preconfigurati e a una Libreria di Icone e Grafici, visita l&#8217;Universit\u00e0 e rendi il tuo progetto PanelPilotACE ancora pi\u00f9 veloce.<\/p>\n","protected":false},"excerpt":{"rendered":"<p>Kit di sviluppo per l&#8217;SGD 43-A<\/p>\n","protected":false},"featured_media":37048,"template":"","meta":{"_acf_changed":false,"content-type":"","_uag_custom_page_level_css":""},"product_brand":[],"product_cat":[2647],"product_tag":[],"class_list":{"0":"post-37047","1":"product","2":"type-product","3":"status-publish","4":"has-post-thumbnail","6":"product_cat-uncategorized-it","8":"first","9":"instock","10":"taxable","11":"shipping-taxable","12":"purchasable","13":"product-type-simple"},"bundled_by":[],"bundle_stock_status":"instock","bundle_stock_quantity":3,"bundle_virtual":false,"bundle_layout":"","bundle_add_to_cart_form_location":"","bundle_editable_in_cart":false,"bundle_sold_individually_context":"","bundle_item_grouping":"","bundle_min_size":"","bundle_max_size":"","bundle_price":[],"bundled_items":[],"bundle_sell_ids":[],"acf":[],"spectra_custom_meta":{"_download_limit":["-1","-1"],"_download_expiry":["-1","-1"],"_downloadable":["no","no"],"_sku":["SGD 43-A DK+","SGD 43-A DK+"],"_stock_status":["instock","instock","instock","instock","instock","instock","instock"],"_sold_individually":["no","no"],"_tax_class":["",""],"_tax_status":["taxable","taxable"],"_virtual":["no","no"],"_weight":["0.707"],"_width":["0"],"_height":["0"],"_length":["0","0"],"total_sales":["1","1"],"_product_datasheet":["field_650ad7d6ea3a0"],"_connectivity":["field_64dce263bb57c","field_64dce263bb57c"],"brand":["PanelPilot","PanelPilot"],"_brand":["field_64ddf62ed2593","field_64ddf62ed2593"],"_brand_image":["field_650c5e7c84cae"],"_specifications_table":["field_65044e1db92a8"],"_resources":["field_650849c6945ee"],"_accessories":["field_650849e6945f0","field_650849e6945f0"],"_faqs":["field_650859523d8d5"],"_calibration_suitable_ids_gb":["field_654b4c4acb54a"],"_calibration_suitable_ids_us":["field_654b4c56cb54b"],"_show_in_calibration_suitable":["field_654cfb691d345"],"_usd_price_4":["field_651570dcac479"],"_usd_price_9":["field_6515713eb4807"],"_usd_price_24":["field_65157141b4809"],"_usd_price_49":["field_65157140b4808"],"_usd_price_99":["field_6515715bb480a"],"_gbp_price_4":["field_6515716e83bfa"],"_gbp_price_9":["field_6515724783bfb"],"_gbp_price_24":["field_6515724b83bfc"],"_gbp_price_49":["field_6515725983bfd"],"_gbp_price_99":["field_6515725d83bfe"],"_usdhk_price_4":["field_6515726f83bff"],"_usdhk_price_9":["field_6515727c83c00"],"_usdhk_price_24":["field_6515728083c01"],"_usdhk_price_49":["field_6515728983c02"],"_usdhk_price_99":["field_6515728e83c03"],"stock_options":["In stock"],"_stock_options":["field_6544b605dc7f9"],"_top_nav_excluded":[""],"_cms_nav_minihome":[""],"wcml_sync_hash":["a:1:{s:15:\"postmeta_fields\";s:32:\"4433e68fe5f507c305e3e91f0e64ea7f\";}"],"attr_label_translations":["a:0:{}"],"_product_image_gallery":["37049,37050,37051,37052"],"_thumbnail_id":["37048"],"_crosssell_ids":["a:0:{}"],"_stock":["3.000000"],"connectivity":["",""],"_display_data_alarm":["field_667d647bcb066"],"_calibration":["field_66a0ddd599972"],"_shipping":["field_66852535c98a5"],"_refrigerant_cabinet":["field_66852557c98a6"],"_main_specifications":["field_66855b25b1245"],"_edit_lock":["1721917917:8383"],"classic-editor-remember":["classic-editor"],"rank_math_seo_score":["37"],"_edit_last":["8383"],"commercekit_gallery_layout":[""],"commercekit_disable_sticky_atc":["0"],"commercekit_wc_video_gallery":["a:0:{}"],"_rank_math_gtin_code":[""],"_wcml_average_rating":[null],"_wcml_review_count":[null],"_wcml_rating_count":[null],"_wc_average_rating":[0],"_wc_review_count":["0"],"_product_version":["9.1.2"],"display_data_alarm":[""],"calibration":[""],"calibration_suitable_ids_gb":[""],"calibration_suitable_ids_us":[""],"show_in_calibration_suitable":[""],"other_features":[""],"shipping":[""],"refrigerant_cabinet":[""],"main_specifications":[""],"shoptimizer_layout_pdp_short_description_position":["default"],"product_datasheet":["10445"],"brand_image":["10474"],"_wpml_media_duplicate":["1"],"_wpml_media_featured":["1"],"_last_translation_edit_mode":["translation-editor"],"_backorders":["no","no"],"_manage_stock":["no","no"],"_wpml_word_count":["180"],"rank_math_primary_product_cat":["108","108"],"faqs":["<span class=\"ui-provider bge bgf bgd bgg bgh bgi bgj bgk bgl bgm bgn bgo bgp bgq bgr bgs bgt bgu bgv bgw bgx bgy bgz bha bhb bhc bhd bhe bhf bhg bhh bhi bhj bhk bhl\" dir=\"ltr\">[accordion]\n[accordion_header]L'orologio \u00e8 impostato sull'ora sbagliata, come faccio a regolarlo?[\/accordion_header]\n[accordion_section]Apri lo studio di progettazione Panel Pilot ACE e collega il tuo dispositivo. Se il dispositivo \u00e8 stato collegato correttamente, dovresti poterlo selezionare nella casella a discesa Dispositivo in alto a destra dello studio. Clicca sul pulsante a destra della selezione del dispositivo che ha l'aspetto di tre linee bianche orizzontali. Dal menu a tendina che appare seleziona \"Configurazione del dispositivo\". Spunta quindi la casella \"Imposta orologio in tempo reale\" e assicurati che sia selezionata l'ora corretta (+1 si riferisce a GMT+1). Premi il pulsante di configurazione e l'applicazione verr\u00e0 aggiornata.  [\/accordion_section]\n[\/accordion]<\/span>\n\n<span class=\"ui-provider bge bgf bgd bgg bgh bgi bgj bgk bgl bgm bgn bgo bgp bgq bgr bgs bgt bgu bgv bgw bgx bgy bgz bha bhb bhc bhd bhe bhf bhg bhh bhi bhj bhk bhl\" dir=\"ltr\">[accordion]\n[accordion_header]Perch\u00e9 le funzionalit\u00e0 I\u00b2C e SPI dell'hardware non sono disponibili nel software?[\/accordion_header]\n[accordion_section]Sebbene l'attuale versione del software non consenta di utilizzarle, il nostro team di software \u00e8 impegnato nell'aggiunta di queste funzionalit\u00e0. Questa funzione \u00e8 la nostra massima priorit\u00e0 e contiamo di renderla disponibile nei prossimi mesi.[\/accordion_section]\n[\/accordion]<\/span>\n\n<a class=\"button button-secondary\" href=\"\/support\/panelpilotace\/\">Pi\u00f9 supporto<\/a>"],"usd_price_4":["0.00"],"usd_price_9":["0.00"],"usd_price_24":["0.00"],"usd_price_49":["0.00"],"usd_price_99":["0.00"],"gbp_price_4":["0.00"],"gbp_price_9":["0.00"],"gbp_price_24":["0.00"],"gbp_price_49":["0.00"],"gbp_price_99":["0.00"],"usdhk_price_4":["0.00"],"usdhk_price_9":["0.00"],"usdhk_price_24":["0.00"],"usdhk_price_49":["0.00"],"usdhk_price_99":["0.00"],"_other_features":[""],"min_temp":[""],"max_temp":[""],"_min_temp":[""],"_max_temp":[""],"_other_features_arctiko":[""],"rank_math_title":["Kit di sviluppo PanelPilot SGS 43-A DK+ | Praxas"],"rank_math_description":["Ti stai avventurando nello sviluppo di display? L'SGD 43-A DK+ \u00e8 un kit completo per il display SGD 43-A, con interruttori, quadranti, LED e connessioni a morsetti a vite."],"rank_math_focus_keyword":["SGD 43-A DK+"],"specifications_table":["<table class=\"specifications\">\n<tbody>\n<tr class=\"even-row\">\n<td class=\"left-td\">Ingressi analogici<\/td>\n<td>x4<\/td>\n<\/tr>\n<tr class=\"odd-row\">\n<td class=\"left-td\">Ingressi\/uscite digitali<\/td>\n<td>x8<\/td>\n<\/tr>\n<tr class=\"even-row\">\n<td class=\"left-td\">Uscite PWM<\/td>\n<td>x4<\/td>\n<\/tr>\n<tr class=\"odd-row\">\n<td class=\"left-td\">Uscite di allarme<\/td>\n<td>x2<\/td>\n<\/tr>\n<tr class=\"even-row\">\n<td class=\"left-td\">Connessioni bus seriale<\/td>\n<td>RS232 E RS485<\/td>\n<\/tr>\n<tr class=\"odd-row\">\n<td class=\"left-td\">Tensione di alimentazione<\/td>\n<td>Da 5 a 30 V d.c.<\/td>\n<\/tr>\n<tr class=\"even-row\">\n<td class=\"left-td\">Dimensioni esterne<\/td>\n<td>181 mm (7,1\") x 147 mm (5,8\") x 64 mm (2,5\")<\/td>\n<\/tr>\n<\/tbody>\n<\/table>"],"resources":["<ul class=\"resources-list\">\n \t<li><img src=\"https:\/\/praxas.com\/wp-content\/uploads\/document-icon.png\" alt=\"Icona del documento\"><span class=\"mldTitle\">Scheda tecnica SGD 43-A DK+<\/span><\/li>\n \t<li><a href=\"https:\/\/praxas.com\/wp-content\/uploads\/panelpilot-panel-instruments-development-kits.pdf\" target=\"_blank\" rel=\"noopener\">Inglese<\/a><\/li>\n \t<li><a href=\"https:\/\/praxas.com\/wp-content\/uploads\/panelpilot-panel-instrument-sgd-43-a-dkplus_french.pdf\" target=\"_blank\" rel=\"noopener\">Francese<\/a><\/li>\n \t<li><a href=\"https:\/\/praxas.com\/wp-content\/uploads\/panelpilot-panel-instrument-sgd-43-a-dkplus_german.pdf\" target=\"_blank\" rel=\"noopener\">Tedesco<\/a><\/li>\n \t<li><a href=\"https:\/\/praxas.com\/wp-content\/uploads\/panelpilot-panel-instrument-sgd-43-a-dkplus_italian.pdf\" target=\"_blank\" rel=\"noopener\">Italiano<\/a><\/li>\n \t<li><a href=\"https:\/\/praxas.com\/wp-content\/uploads\/panelpilot-panel-instrument-sgd-43-a-dkplus_japanese.pdf\" target=\"_blank\" rel=\"noopener\">Giapponese<\/a><\/li>\n \t<li><a href=\"https:\/\/praxas.com\/wp-content\/uploads\/panelpilot-panel-instrument-sgd-43-a-dkplus_spanish.pdf\" target=\"_blank\" rel=\"noopener\">Spagnolo<\/a><\/li>\n \t<li><a href=\"\/wp-content\/uploads\/panelpilot-panel-instrument-sgd-43-a-dkplus_s-chinese.pdf\" target=\"_blank\" rel=\"noopener\">Cinese (semplificato)<\/a><\/li>\n \t<li><a href=\"https:\/\/praxas.com\/wp-content\/uploads\/panelpilot-panel-instrument-sgd-43-a-dkplus_t-chinese.pdf\" target=\"_blank\" rel=\"noopener\">Cinese (tradizionale)<\/a><\/li>\n \t<li><img src=\"https:\/\/praxas.com\/wp-content\/uploads\/software-icon.png\" alt=\"Icona del software\"><a href=\"https:\/\/praxas.com\/software\/panelpilot-software\/panelpilotace-design-studio\/\" target=\"_blank\" rel=\"noopener\">Scarica il software PanelPilotACE<\/a><\/li>\n \t<li><img src=\"https:\/\/praxas.com\/wp-content\/uploads\/document-icon.png\" alt=\"Icona del documento\"><a href=\"https:\/\/praxas.com\/wp-content\/uploads\/sgd-70-a-quickstart-guide-postcard-04_2018.pdf\" target=\"_blank\" rel=\"noopener\">Guida rapida SGD 43-A DK+<\/a><\/li>\n \t<li><img src=\"https:\/\/praxas.com\/wp-content\/uploads\/document-icon.png\" alt=\"Icona del documento\"><a href=\"https:\/\/praxas.com\/wp-content\/uploads\/declaration-of-conformity_ppa-dev-kits_iss2_08-16.pdf\" target=\"_blank\" rel=\"noopener\">Dichiarazione di conformit\u00e0<\/a><\/li>\n<\/ul>\n<a class=\"button button-secondary\" href=\"https:\/\/praxas.com\/support\/\">Pi\u00f9 supporto<\/a>"],"accessories":["[products skus=\"SGD 43-A,S43-TP,S43-RS485\"]"],"_uag_page_assets":["a:9:{s:3:\"css\";s:0:\"\";s:2:\"js\";s:0:\"\";s:18:\"current_block_list\";a:0:{}s:8:\"uag_flag\";b:0;s:11:\"uag_version\";s:10:\"1775212209\";s:6:\"gfonts\";a:0:{}s:10:\"gfonts_url\";s:0:\"\";s:12:\"gfonts_files\";a:0:{}s:14:\"uag_faq_layout\";b:0;}"],"_regular_price":["449.8","449.8"],"_price":["449.8","449.8"],"_max_variation_price":[""],"_max_variation_regular_price":[""],"_max_variation_sale_price":[""],"_min_variation_price":[""],"_min_variation_regular_price":[""],"_min_variation_sale_price":[""],"_sale_price":[""],"_wc_pb_base_regular_price":[""],"_wc_pb_base_sale_price":[""],"_wc_pb_base_price":[""],"_wc_sw_max_price":[""],"_wc_sw_max_regular_price":[""],"_wc_rating_count":[""]},"uagb_featured_image_src":{"full":["https:\/\/praxas.com\/wp-content\/uploads\/SGD-43-A-DK_Flat.png",800,463,false],"thumbnail":["https:\/\/praxas.com\/wp-content\/uploads\/SGD-43-A-DK_Flat-150x150.png",150,150,true],"medium":["https:\/\/praxas.com\/wp-content\/uploads\/SGD-43-A-DK_Flat-300x174.png",300,174,true],"medium_large":["https:\/\/praxas.com\/wp-content\/uploads\/SGD-43-A-DK_Flat-768x444.png",768,444,true],"large":["https:\/\/praxas.com\/wp-content\/uploads\/SGD-43-A-DK_Flat.png",800,463,false],"1536x1536":["https:\/\/praxas.com\/wp-content\/uploads\/SGD-43-A-DK_Flat.png",800,463,false],"2048x2048":["https:\/\/praxas.com\/wp-content\/uploads\/SGD-43-A-DK_Flat.png",800,463,false],"crunchify-admin-post-featured-image":["https:\/\/praxas.com\/wp-content\/uploads\/SGD-43-A-DK_Flat-120x69.png",120,69,true],"commercegurus-pdp-large":["https:\/\/praxas.com\/wp-content\/uploads\/SGD-43-A-DK_Flat.png",800,463,false],"commercegurus-plp-mobile":["https:\/\/praxas.com\/wp-content\/uploads\/SGD-43-A-DK_Flat-441x255.png",441,255,true],"cgkit_image_swatch":["https:\/\/praxas.com\/wp-content\/uploads\/SGD-43-A-DK_Flat-100x100.png",100,100,true],"woocommerce_thumbnail":["https:\/\/praxas.com\/wp-content\/uploads\/SGD-43-A-DK_Flat-300x174.png",300,174,true],"woocommerce_single":["https:\/\/praxas.com\/wp-content\/uploads\/SGD-43-A-DK_Flat.png",800,463,false],"woocommerce_gallery_thumbnail":["https:\/\/praxas.com\/wp-content\/uploads\/SGD-43-A-DK_Flat-150x87.png",150,87,true]},"uagb_author_info":{"display_name":"AndyS","author_link":"https:\/\/praxas.com\/it\/author\/"},"uagb_comment_info":0,"uagb_excerpt":"Kit di sviluppo per l'SGD 43-A","_links":{"self":[{"href":"https:\/\/praxas.com\/it\/wp-json\/wp\/v2\/product\/37047","targetHints":{"allow":["GET"]}}],"collection":[{"href":"https:\/\/praxas.com\/it\/wp-json\/wp\/v2\/product"}],"about":[{"href":"https:\/\/praxas.com\/it\/wp-json\/wp\/v2\/types\/product"}],"wp:featuredmedia":[{"embeddable":true,"href":"https:\/\/praxas.com\/it\/wp-json\/wp\/v2\/media\/37048"}],"wp:attachment":[{"href":"https:\/\/praxas.com\/it\/wp-json\/wp\/v2\/media?parent=37047"}],"wp:term":[{"taxonomy":"product_brand","embeddable":true,"href":"https:\/\/praxas.com\/it\/wp-json\/wp\/v2\/product_brand?post=37047"},{"taxonomy":"product_cat","embeddable":true,"href":"https:\/\/praxas.com\/it\/wp-json\/wp\/v2\/product_cat?post=37047"},{"taxonomy":"product_tag","embeddable":true,"href":"https:\/\/praxas.com\/it\/wp-json\/wp\/v2\/product_tag?post=37047"}],"curies":[{"name":"wp","href":"https:\/\/api.w.org\/{rel}","templated":true}]}}