{"id":37091,"date":"2023-07-27T03:19:00","date_gmt":"2023-07-27T01:19:00","guid":{"rendered":"https:\/\/staging.praxas.com\/product\/senza-categoria\/s43-rs485\/"},"modified":"2025-10-09T10:06:02","modified_gmt":"2025-10-09T08:06:02","slug":"s43-rs485","status":"publish","type":"product","link":"https:\/\/praxas.com\/it\/product\/uncategorized-it\/s43-rs485\/","title":{"rendered":"S43-RS485"},"content":{"rendered":"<p>L&#8217;S43-RS485 \u00e8 un accessorio della gamma PanelPilotACE ed \u00e8 compatibile con il modulo display PanelPilotACE da 4,3&#8243; (<strong><br \/>\n  <a href=\"\/product\/panelpilot-displays\/panelpilotace\/panelpilot-sgd-43-a\/\">SGD 43-A<\/a><br \/>\n<\/strong>). L&#8217;S43-RS485 si monta sul retro dell&#8217;SGD 43-A e fornisce un&#8217;interfaccia RS485 a 3 fili e un terminatore opzionale da 120\u03a9.<\/p>\n<p>Questo dispositivo pu\u00f2 essere collegato tramite i pin A (Data+), B (Data-) e GND e fornisce una comunicazione half duplex.<br \/>\nIl software attualmente supporta la comunicazione seriale basata su ASCII e il protocollo MODBUS (RTU). Altri protocolli si stanno aggiungendo.<\/p>\n","protected":false},"excerpt":{"rendered":"<p>Scheda aggiuntiva che consente la comunicazione RS485.<\/p>\n","protected":false},"featured_media":37092,"template":"","meta":{"_acf_changed":false,"content-type":"","_uag_custom_page_level_css":""},"product_brand":[],"product_cat":[2647],"product_tag":[],"class_list":{"0":"post-37091","1":"product","2":"type-product","3":"status-publish","4":"has-post-thumbnail","6":"product_cat-uncategorized-it","8":"first","9":"instock","10":"taxable","11":"shipping-taxable","12":"purchasable","13":"product-type-simple"},"bundled_by":[],"bundle_stock_status":"instock","bundle_stock_quantity":99,"bundle_virtual":false,"bundle_layout":"","bundle_add_to_cart_form_location":"","bundle_editable_in_cart":false,"bundle_sold_individually_context":"","bundle_item_grouping":"","bundle_min_size":"","bundle_max_size":"","bundle_price":[],"bundled_items":[],"bundle_sell_ids":[],"acf":[],"spectra_custom_meta":{"_download_limit":["-1","-1"],"_download_expiry":["-1","-1"],"_downloadable":["no","no"],"_sku":["S43-RS485","S43-RS485"],"_stock_status":["instock","instock","instock","instock","instock","instock"],"_sold_individually":["no","no"],"_tax_class":["",""],"_tax_status":["taxable","taxable"],"_virtual":["no","no"],"_weight":["0.016"],"_width":["0"],"_height":["0"],"_length":["0"],"total_sales":["1","1"],"_product_datasheet":["field_650ad7d6ea3a0"],"_connectivity":["field_64dce263bb57c"],"_brand":["field_64ddf62ed2593"],"_brand_image":["field_650c5e7c84cae"],"_specifications_table":["field_65044e1db92a8"],"_display_data_alarm":["field_667d647bcb066"],"_resources":["field_650849c6945ee"],"_accessories":["field_650849e6945f0"],"_faqs":["field_650859523d8d5"],"_calibration_suitable_ids_gb":["field_654b4c4acb54a"],"_calibration_suitable_ids_us":["field_654b4c56cb54b"],"_show_in_calibration_suitable":["field_654cfb691d345"],"_usd_price_4":["field_651570dcac479"],"_usd_price_9":["field_6515713eb4807"],"_usd_price_24":["field_65157141b4809"],"_usd_price_49":["field_65157140b4808"],"_usd_price_99":["field_6515715bb480a"],"_gbp_price_4":["field_6515716e83bfa"],"_gbp_price_9":["field_6515724783bfb"],"_gbp_price_24":["field_6515724b83bfc"],"_gbp_price_49":["field_6515725983bfd"],"_gbp_price_99":["field_6515725d83bfe"],"_usdhk_price_4":["field_6515726f83bff"],"_usdhk_price_9":["field_6515727c83c00"],"_usdhk_price_24":["field_6515728083c01"],"_usdhk_price_49":["field_6515728983c02"],"_usdhk_price_99":["field_6515728e83c03"],"stock_options":["In stock"],"_stock_options":["field_6544b605dc7f9"],"_top_nav_excluded":[""],"_cms_nav_minihome":[""],"wcml_sync_hash":["a:1:{s:15:\"postmeta_fields\";s:32:\"8dfc67a186bf15cced2e51d1852fa021\";}"],"attr_label_translations":["a:0:{}"],"_product_image_gallery":["37093,37094"],"_thumbnail_id":["37092"],"_crosssell_ids":["a:0:{}"],"_stock":["99.000000"],"connectivity":[""],"_calibration":["field_66a0ddd599972"],"_shipping":["field_66852535c98a5"],"_refrigerant_cabinet":["field_66852557c98a6"],"_main_specifications":["field_66855b25b1245"],"_last_translation_edit_mode":["translation-editor"],"_edit_lock":["1721905255:8383"],"classic-editor-remember":["classic-editor"],"rank_math_seo_score":["79"],"_edit_last":["8383"],"commercekit_gallery_layout":[""],"commercekit_disable_sticky_atc":["0"],"commercekit_wc_video_gallery":["a:0:{}"],"_rank_math_gtin_code":[""],"_wcml_average_rating":[null],"_wcml_review_count":[null],"_wcml_rating_count":[null],"_wc_average_rating":[0],"_wc_review_count":["0"],"_product_version":["9.1.2"],"display_data_alarm":[""],"calibration":[""],"accessories":[""],"calibration_suitable_ids_gb":[""],"calibration_suitable_ids_us":[""],"show_in_calibration_suitable":[""],"other_features":[""],"shipping":[""],"refrigerant_cabinet":[""],"main_specifications":[""],"shoptimizer_layout_pdp_short_description_position":["default"],"rank_math_primary_product_cat":["0"],"product_datasheet":["10309"],"brand_image":["10467"],"_wpml_media_duplicate":["1"],"_wpml_media_featured":["1"],"_backorders":["no","no"],"_manage_stock":["no","no"],"faqs":["<span class=\"ui-provider bge bgf bgd bgg bgh bgi bgj bgk bgl bgm bgn bgo bgp bgq bgr bgs bgt bgu bgv bgw bgx bgy bgz bha bhb bhc bhd bhe bhf bhg bhh bhi bhj bhk bhl\" dir=\"ltr\">[accordion]\n[accordion_header]Come si usa la RS232 nello studio di progettazione?[\/accordion_header]\n[accordion_section]<\/span>\n\nLa RS232 funziona grazie a tre elementi: un elemento hardware (Porta COM seriale) e due elementi funzionali (Ricezione RS-232 e Invio RS-232).\n\nAll'interno dell'elemento hardware devi specificare le propriet\u00e0 RS232 standard (velocit\u00e0 di trasmissione, ecc.). Devi anche specificare il tipo di servizio: nativo se vuoi comunicare con un altro dispositivo PPA, terminale altrimenti. La propriet\u00e0 \"Terminal Mode\" specifica se i dati devono essere avvolti da un prompt (facili da usare all'interno di un terminale) o se devono essere grezzi (da dispositivo a dispositivo). Poi dovrai specificare i terminatori e i separatori di invio\/ricezione. Il terminatore indica la fine di un determinato comando RS232 e il separatore \u00e8 il carattere utilizzato per separare pi\u00f9 valori.\n\nL'elemento RS-232 Send ti permette di specificare una porta seriale (l'elemento hardware) e poi numerosi \"Send Values\"; questo elemento pu\u00f2 essere richiamato come qualsiasi altra azione e quando lo fa invia ogni valore (racchiuso all'interno di messaggi pre e post specificati) separati dal \"Send Separator\" specificato nell'elemento hardware e terminati dal \"Send Terminator\" specificato nell'elemento hardware. I valori saranno inviati in ordine sequenziale dall'alto verso il basso.\n\nL'elemento RS-232 Receive ti permette di specificare una porta seriale (l'elemento hardware); una volta selezionato, potrai specificare un \"Alias\". Per poter essere utilizzato, un RS-232 Receive deve avere all'inizio un comando univoco e identificabile; se non viene specificato alcun alias, verr\u00e0 utilizzato come comando il nome dell'elemento RS-232 Receive; se viene specificato un alias, verr\u00e0 utilizzato come comando l'Alias. Dovrebbe seguire un separatore di ricezione e poi tutti i valori che desideri che il dispositivo riceva, anch'essi separati dal separatore di ricezione e terminati con il terminatore di ricezione. Poi specificherai un elenco di propriet\u00e0\/variabili di ricezione, dove i valori saranno memorizzati in modo sequenziale dall'alto verso il basso, dal primo ricevuto all'ultimo ricevuto.\n\nAd esempio, se l'Alias \u00e8 stato impostato su \"rx\", il separatore su virgola e il terminatore su [CR][LF] e il valore di ricezione specificato \u00e8 una propriet\u00e0 Text delle caselle di testo, la seguente procedura imposter\u00e0 il valore di testo delle caselle di testo su \"Test\":\n\nRS-232 Receive ti d\u00e0 anche la possibilit\u00e0 di eseguire un'azione una volta completata la ricezione, quindi potresti memorizzare un valore come variabile e poi chiamare un'azione per visualizzarlo o modificarlo con un costruttore matematico prima di visualizzarlo.<span class=\"ui-provider bge bgf bgd bgg bgh bgi bgj bgk bgl bgm bgn bgo bgp bgq bgr bgs bgt bgu bgv bgw bgx bgy bgz bha bhb bhc bhd bhe bhf bhg bhh bhi bhj bhk bhl\" dir=\"ltr\">[\/accordion_section]\n[\/accordion]<\/span>\n\n<span class=\"ui-provider bge bgf bgd bgg bgh bgi bgj bgk bgl bgm bgn bgo bgp bgq bgr bgs bgt bgu bgv bgw bgx bgy bgz bha bhb bhc bhd bhe bhf bhg bhh bhi bhj bhk bhl\" dir=\"ltr\">[accordion]\n[accordion_header]Quali protocolli sono supportati dalla RS485?[\/accordion_header]\n[accordion_section]Attualmente i dati grezzi basati su ascii e MODBUS, ma stiamo lavorando per aggiungere nuovi protocolli come CANBUS; se hai dei protocolli che vorresti vedere, <strong><a href=\"\/contact-us\/\">contattaci<\/a>.<\/strong>[\/accordion_section]\n[\/accordion]<\/span>\n\n<a class=\"button button-secondary\" href=\"\/support\/panelpilotace\/\">Pi\u00f9 supporto<\/a>"],"usd_price_4":["0.00"],"usd_price_9":["0.00"],"usd_price_24":["0.00"],"usd_price_49":["0.00"],"usd_price_99":["0.00"],"gbp_price_49":["0.00"],"gbp_price_99":["0.00"],"usdhk_price_49":["0.00"],"usdhk_price_99":["0.00"],"_wpml_word_count":["93"],"_other_features":[""],"brand":["PanelPilot"],"min_temp":[""],"max_temp":[""],"_min_temp":[""],"_max_temp":[""],"_other_features_arctiko":[""],"rank_math_title":["PanelPilot S43-RS485 | Scheda aggiuntiva per la comunicazione RS485."],"rank_math_description":["Vuoi migliorare i tuoi display PanelPilotACE? L'S43-RS485 \u00e8 un accessorio compatibile con il modulo SGD 43-A da 4,3\" che fornisce un'interfaccia RS485 a 3 fili."],"rank_math_focus_keyword":["S43-RS485"],"specifications_table":["<table class=\"specifications\">\n<tbody>\n<tr class=\"even-row\">\n<td class=\"left-td\">Alta tensione di uscita del ricevitore<\/td>\n<td>Vcc-0,6 (4,4V)<\/td>\n<\/tr>\n<tr class=\"odd-row\">\n<td class=\"left-td\">Bassa tensione di uscita del ricevitore<\/td>\n<td>0,17 tipico (0,4 massimo)<\/td>\n<\/tr>\n<tr class=\"even-row\">\n<td class=\"left-td\">Corrente di ingresso (V = 12V)<\/td>\n<td>80uA tipico (125uA massimo)<\/td>\n<\/tr>\n<tr class=\"odd-row\">\n<td class=\"left-td\">Corrente di ingresso (V=-7V)<\/td>\n<td>50uA tipico (-100uA minimo)<\/td>\n<\/tr>\n<tr class=\"even-row\">\n<td class=\"left-td\">Velocit\u00e0 massima dei dati<\/td>\n<td>20Mbps<\/td>\n<\/tr>\n<tr class=\"odd-row\">\n<td class=\"left-td\">Tensione A\/B massima assoluta<\/td>\n<td>-8V - +13V<\/td>\n<\/tr>\n<tr class=\"even-row\">\n<td class=\"left-td\">Temperatura di esercizio<\/td>\n<td>Da 0 a 40\u00b0C<\/td>\n<\/tr>\n<\/tbody>\n<\/table>"],"resources":["<ul class=\"resources-list\">\n \t<li><img src=\"https:\/\/praxas.com\/wp-content\/uploads\/document-icon.png\" alt=\"Icona del documento\"><a href=\"https:\/\/praxas.com\/wp-content\/uploads\/panelpilot-panel-instument-s43-rs485_datasheet_iss3_08-19.pdf\" target=\"_blank\" rel=\"noopener\">Scheda tecnica di S43-RS485<\/a><\/li>\n \t<li><img src=\"https:\/\/praxas.com\/wp-content\/uploads\/software-icon.png\" alt=\"Icona del software\"><a href=\"https:\/\/praxas.com\/software\/panelpilot-software\/panelpilotace-device-software\/\" target=\"_blank\" rel=\"noopener\">Scarica il software PanelPilotACE<\/a><\/li>\n \t<li><img src=\"https:\/\/praxas.com\/wp-content\/uploads\/document-icon.png\" alt=\"Icona del documento\"><a href=\"https:\/\/praxas.com\/wp-content\/uploads\/declaration-of-conformity_ppace_iss6_01-17.pdf\" target=\"_blank\" rel=\"noopener\">Dichiarazione di conformit\u00e0<\/a><\/li>\n<\/ul>\n\u00a0"],"gbp_price_4":["15.35"],"gbp_price_9":["14.87"],"gbp_price_24":["14.39"],"usdhk_price_4":["20.64"],"usdhk_price_9":["20"],"usdhk_price_24":["19.35"],"_uag_page_assets":["a:9:{s:3:\"css\";s:0:\"\";s:2:\"js\";s:0:\"\";s:18:\"current_block_list\";a:0:{}s:8:\"uag_flag\";b:0;s:11:\"uag_version\";s:10:\"1775212209\";s:6:\"gfonts\";a:0:{}s:10:\"gfonts_url\";s:0:\"\";s:12:\"gfonts_files\";a:0:{}s:14:\"uag_faq_layout\";b:0;}"],"_regular_price":["21.25","21.25"],"_price":["21.25","21.25"],"_max_variation_price":[""],"_max_variation_regular_price":[""],"_max_variation_sale_price":[""],"_min_variation_price":[""],"_min_variation_regular_price":[""],"_min_variation_sale_price":[""],"_sale_price":[""],"_wc_pb_base_regular_price":[""],"_wc_pb_base_sale_price":[""],"_wc_pb_base_price":[""],"_wc_sw_max_price":[""],"_wc_sw_max_regular_price":[""],"_wc_rating_count":[""]},"uagb_featured_image_src":{"full":["https:\/\/praxas.com\/wp-content\/uploads\/RS485-Board-angle.png",800,463,false],"thumbnail":["https:\/\/praxas.com\/wp-content\/uploads\/RS485-Board-angle-150x150.png",150,150,true],"medium":["https:\/\/praxas.com\/wp-content\/uploads\/RS485-Board-angle-300x174.png",300,174,true],"medium_large":["https:\/\/praxas.com\/wp-content\/uploads\/RS485-Board-angle-768x444.png",768,444,true],"large":["https:\/\/praxas.com\/wp-content\/uploads\/RS485-Board-angle.png",800,463,false],"1536x1536":["https:\/\/praxas.com\/wp-content\/uploads\/RS485-Board-angle.png",800,463,false],"2048x2048":["https:\/\/praxas.com\/wp-content\/uploads\/RS485-Board-angle.png",800,463,false],"crunchify-admin-post-featured-image":["https:\/\/praxas.com\/wp-content\/uploads\/RS485-Board-angle-120x69.png",120,69,true],"commercegurus-pdp-large":["https:\/\/praxas.com\/wp-content\/uploads\/RS485-Board-angle.png",800,463,false],"commercegurus-plp-mobile":["https:\/\/praxas.com\/wp-content\/uploads\/RS485-Board-angle-441x255.png",441,255,true],"cgkit_image_swatch":["https:\/\/praxas.com\/wp-content\/uploads\/RS485-Board-angle-100x100.png",100,100,true],"woocommerce_thumbnail":["https:\/\/praxas.com\/wp-content\/uploads\/RS485-Board-angle-300x174.png",300,174,true],"woocommerce_single":["https:\/\/praxas.com\/wp-content\/uploads\/RS485-Board-angle.png",800,463,false],"woocommerce_gallery_thumbnail":["https:\/\/praxas.com\/wp-content\/uploads\/RS485-Board-angle-150x87.png",150,87,true]},"uagb_author_info":{"display_name":"AndyS","author_link":"https:\/\/praxas.com\/it\/author\/"},"uagb_comment_info":0,"uagb_excerpt":"Scheda aggiuntiva che consente la comunicazione RS485.","_links":{"self":[{"href":"https:\/\/praxas.com\/it\/wp-json\/wp\/v2\/product\/37091","targetHints":{"allow":["GET"]}}],"collection":[{"href":"https:\/\/praxas.com\/it\/wp-json\/wp\/v2\/product"}],"about":[{"href":"https:\/\/praxas.com\/it\/wp-json\/wp\/v2\/types\/product"}],"wp:featuredmedia":[{"embeddable":true,"href":"https:\/\/praxas.com\/it\/wp-json\/wp\/v2\/media\/37092"}],"wp:attachment":[{"href":"https:\/\/praxas.com\/it\/wp-json\/wp\/v2\/media?parent=37091"}],"wp:term":[{"taxonomy":"product_brand","embeddable":true,"href":"https:\/\/praxas.com\/it\/wp-json\/wp\/v2\/product_brand?post=37091"},{"taxonomy":"product_cat","embeddable":true,"href":"https:\/\/praxas.com\/it\/wp-json\/wp\/v2\/product_cat?post=37091"},{"taxonomy":"product_tag","embeddable":true,"href":"https:\/\/praxas.com\/it\/wp-json\/wp\/v2\/product_tag?post=37091"}],"curies":[{"name":"wp","href":"https:\/\/api.w.org\/{rel}","templated":true}]}}