{"id":37096,"date":"2023-07-27T03:18:00","date_gmt":"2023-07-27T01:18:00","guid":{"rendered":"https:\/\/staging.praxas.com\/product\/senza-categoria\/psu-usb-uk\/"},"modified":"2025-10-09T10:05:53","modified_gmt":"2025-10-09T08:05:53","slug":"psu-usb-uk","status":"publish","type":"product","link":"https:\/\/praxas.com\/it\/product\/registratori-di-dati\/accessori\/psu-usb-uk\/","title":{"rendered":"PSU USB-UK"},"content":{"rendered":"<p>Questo adattatore di rete USB \u00e8 progettato per adattarsi a una presa di corrente standard del Regno Unito e fornire un&#8217;uscita stabile di 5V d.c. fino a 1A tramite un cavo USB (non fornito). Questo prodotto pu\u00f2 essere utilizzato con diversi prodotti Lascar:<\/p>\n<p><strong>EL-GFX<\/strong><\/p>\n<p>Collegati al data logger tramite un cavo USB A-Micro B (<strong><br \/>\n  <a href=\"https:\/\/praxas.com\/it\/product\/registratori-di-dati\/accessori\/cavo-usb-a-micro-b\/\">CAVO USB A-MICRO B<\/a><br \/>\n<\/strong>) fornito con il data logger), l&#8217;alimentatore <strong><br \/>\n  <a href=\"https:\/\/praxas.com\/it\/product\/registratori-di-dati\/accessori\/psu-usb-eu\/\">PSU USB-EU<\/a><br \/>\n<\/strong> pu\u00f2 essere utilizzata per alimentare in modo permanente il data logger, fungendo da alimentatore di rete.<br \/>\n<strong><br \/>\nGamma EL-WiFi e EL-BT<\/strong><\/p>\n<p>Collegati al data logger tramite un cavo USB A-Micro B (<strong><br \/>\n  <a href=\"https:\/\/praxas.com\/it\/product\/registratori-di-dati\/accessori\/cavo-usb-a-micro-b\/\">CAVO USB A-MICRO B<\/a><br \/>\n<\/strong>) fornito con il data logger), l&#8217;alimentatore <strong><br \/>\n  <a href=\"https:\/\/praxas.com\/it\/product\/registratori-di-dati\/accessori\/psu-usb-eu\/\">PSU USB-EU<\/a><br \/>\n<\/strong> pu\u00f2 essere utilizzata per caricare la batteria del dispositivo fino alla massima capacit\u00e0 oppure pu\u00f2 essere lasciata permanentemente collegata per fungere da alimentatore di rete.<\/p>\n<p><strong>I display di PanelPilot<\/strong><\/p>\n<p>Collegati al display SGD tramite un cavo USB A-Mini B (<strong><br \/>\n  <a href=\"https:\/\/praxas.com\/it\/product\/registratori-di-dati\/accessori\/cavo-usb-a-mf\/\">CAVO USB A-MF<\/a><br \/>\n<\/strong>), l <strong><br \/>\n  <a href=\"https:\/\/praxas.com\/it\/product\/registratori-di-dati\/accessori\/psu-usb-eu\/\">PSU USB-EU<\/a><br \/>\n<\/strong> pu\u00f2 essere utilizzato come comodo alimentatore di rete per i dispositivi PanelPilot. Per informazioni sul cablaggio, consulta la scheda tecnica del display SGD.<\/p>\n","protected":false},"excerpt":{"rendered":"<p>Adattatore di rete USB per il Regno Unito<\/p>\n","protected":false},"featured_media":37097,"template":"","meta":{"_acf_changed":false,"content-type":"","_uag_custom_page_level_css":""},"product_brand":[],"product_cat":[1910],"product_tag":[],"class_list":{"0":"post-37096","1":"product","2":"type-product","3":"status-publish","4":"has-post-thumbnail","6":"product_cat-accessori","8":"first","9":"instock","10":"taxable","11":"shipping-taxable","12":"purchasable","13":"product-type-simple"},"bundled_by":[],"bundle_stock_status":"instock","bundle_stock_quantity":95,"bundle_virtual":false,"bundle_layout":"","bundle_add_to_cart_form_location":"","bundle_editable_in_cart":false,"bundle_sold_individually_context":"","bundle_item_grouping":"","bundle_min_size":"","bundle_max_size":"","bundle_price":[],"bundled_items":[],"bundle_sell_ids":[],"acf":[],"spectra_custom_meta":{"_wcml_average_rating":[null],"_wcml_review_count":[null],"_wcml_rating_count":[null],"_download_limit":["-1","-1"],"_download_expiry":["-1","-1"],"_downloadable":["no","no"],"_sku":["PSU USB-UK","PSU USB-UK"],"_stock_status":["instock","instock","instock","instock","instock"],"_sold_individually":["no","no"],"_tax_class":["",""],"_tax_status":["taxable","taxable"],"_virtual":["no","no"],"_weight":["0.058"],"_width":["0"],"_height":["0"],"_length":["0"],"total_sales":["6","6"],"product_datasheet":[""],"_product_datasheet":["field_650ad7d6ea3a0"],"connectivity":[""],"_connectivity":["field_64dce263bb57c"],"brand":["EasyLog"],"_brand":["field_64ddf62ed2593"],"brand_image":["10467"],"_brand_image":["field_650c5e7c84cae"],"_specifications_table":["field_65044e1db92a8"],"_display_data_alarm":["field_667d647bcb066"],"_resources":["field_650849c6945ee"],"_calibration":["field_64dcf167cac19"],"_accessories":["field_650849e6945f0"],"_faqs":["field_650859523d8d5"],"_calibration_suitable_ids_gb":["field_654b4c4acb54a"],"_calibration_suitable_ids_us":["field_654b4c56cb54b"],"_show_in_calibration_suitable":["field_654cfb691d345"],"_other_features":["field_668524f8c98a4"],"_shipping":["field_66852535c98a5"],"_refrigerant_cabinet":["field_66852557c98a6"],"_main_specifications":["field_66855b25b1245"],"_usd_price_4":["field_651570dcac479"],"_usd_price_9":["field_6515713eb4807"],"_usd_price_24":["field_65157141b4809"],"_usd_price_49":["field_65157140b4808"],"_usd_price_99":["field_6515715bb480a"],"_gbp_price_4":["field_6515716e83bfa"],"_gbp_price_9":["field_6515724783bfb"],"_gbp_price_24":["field_6515724b83bfc"],"_gbp_price_49":["field_6515725983bfd"],"_gbp_price_99":["field_6515725d83bfe"],"_usdhk_price_4":["field_6515726f83bff"],"_usdhk_price_9":["field_6515727c83c00"],"_usdhk_price_24":["field_6515728083c01"],"_usdhk_price_49":["field_6515728983c02"],"_usdhk_price_99":["field_6515728e83c03"],"stock_options":["In stock"],"_stock_options":["field_6544b605dc7f9"],"_top_nav_excluded":[""],"_cms_nav_minihome":[""],"wcml_sync_hash":["a:1:{s:15:\"postmeta_fields\";s:32:\"3844653b2d3d93381c31d946626bb6e9\";}"],"attr_label_translations":["a:0:{}"],"_product_image_gallery":[""],"_thumbnail_id":["37097"],"_crosssell_ids":["a:0:{}"],"_stock":["95.000000"],"_backorders":["no","no"],"_manage_stock":["no","no"],"_regular_price":["10.7","10.7"],"_price":["10.7","10.7"],"_last_translation_edit_mode":["translation-editor"],"rank_math_primary_product_cat":["0"],"_wpml_word_count":["195"],"rank_math_title":["PSU USB-UK | Adattatore di alimentazione USB di rete UK | Lascar Electronics"],"rank_math_description":["L'adattatore di rete PSU USB-UK \u00e8 progettato per adattarsi a una presa di corrente standard del Regno Unito e fornire un'uscita stabile di 5V d.c. fino a 1A tramite un cavo USB."],"rank_math_focus_keyword":["PSU USB-UK"],"specifications_table":["<table class=\"specifications\">\n<tbody>\n<tr class=\"even-row\">\n<td class=\"left-td\">Tensione di ingresso<\/td>\n<td>240V a.c.<\/td>\n<\/tr>\n<tr class=\"odd-row\">\n<td class=\"left-td\">Tensione di uscita<\/td>\n<td>5V d.c.<\/td>\n<\/tr>\n<tr class=\"even-row\">\n<td class=\"left-td\">Corrente di uscita<\/td>\n<td>1A<\/td>\n<\/tr>\n<\/tbody>\n<\/table>"],"resources":["<ul class=\"resources-list\">\n \t<li><img src=\"https:\/\/praxas.com\/wp-content\/uploads\/document-icon.png\" alt=\"Icona del documento\"><a href=\"https:\/\/praxas.com\/wp-content\/uploads\/declaration-of-conformity_psu-usb_iss1.pdf\" target=\"_blank\" rel=\"noopener\">PSU-USB Dichiarazione di conformit\u00e0<\/a><\/li>\n<\/ul>\n<a class=\"button button-secondary\" href=\"https:\/\/praxas.com\/support\/\">Pi\u00f9 supporto<\/a>"],"accessories":["[products skus=\"CABLE USB A-MF,CABLE USB A-MICRO B\"]"],"usd_price_4":["0.00"],"usd_price_9":["0.00"],"usd_price_24":["0.00"],"usd_price_49":["0.00"],"usd_price_99":["0.00"],"gbp_price_4":["7.67"],"gbp_price_9":["7.43"],"gbp_price_24":["7.19"],"gbp_price_49":["0.00"],"gbp_price_99":["0.00"],"usdhk_price_4":["10.55"],"usdhk_price_9":["10.22"],"usdhk_price_24":["9.89"],"usdhk_price_49":["0.00"],"usdhk_price_99":["0.00"],"_uag_page_assets":["a:9:{s:3:\"css\";s:0:\"\";s:2:\"js\";s:0:\"\";s:18:\"current_block_list\";a:0:{}s:8:\"uag_flag\";b:0;s:11:\"uag_version\";s:10:\"1775171553\";s:6:\"gfonts\";a:0:{}s:10:\"gfonts_url\";s:0:\"\";s:12:\"gfonts_files\";a:0:{}s:14:\"uag_faq_layout\";b:0;}"],"_max_variation_price":[""],"_max_variation_regular_price":[""],"_max_variation_sale_price":[""],"_min_variation_price":[""],"_min_variation_regular_price":[""],"_min_variation_sale_price":[""],"_sale_price":[""],"_wc_pb_base_regular_price":[""],"_wc_pb_base_sale_price":[""],"_wc_pb_base_price":[""],"_wc_sw_max_price":[""],"_wc_sw_max_regular_price":[""],"_wc_rating_count":[""],"_wc_review_count":[""],"_wc_average_rating":[0]},"uagb_featured_image_src":{"full":["https:\/\/praxas.com\/wp-content\/uploads\/easylog-data-logger-accessories-PSU-USB-UK-Logo.png",800,463,false],"thumbnail":["https:\/\/praxas.com\/wp-content\/uploads\/easylog-data-logger-accessories-PSU-USB-UK-Logo-150x150.png",150,150,true],"medium":["https:\/\/praxas.com\/wp-content\/uploads\/easylog-data-logger-accessories-PSU-USB-UK-Logo-300x174.png",300,174,true],"medium_large":["https:\/\/praxas.com\/wp-content\/uploads\/easylog-data-logger-accessories-PSU-USB-UK-Logo-768x444.png",768,444,true],"large":["https:\/\/praxas.com\/wp-content\/uploads\/easylog-data-logger-accessories-PSU-USB-UK-Logo.png",800,463,false],"1536x1536":["https:\/\/praxas.com\/wp-content\/uploads\/easylog-data-logger-accessories-PSU-USB-UK-Logo.png",800,463,false],"2048x2048":["https:\/\/praxas.com\/wp-content\/uploads\/easylog-data-logger-accessories-PSU-USB-UK-Logo.png",800,463,false],"crunchify-admin-post-featured-image":["https:\/\/praxas.com\/wp-content\/uploads\/easylog-data-logger-accessories-PSU-USB-UK-Logo-120x69.png",120,69,true],"commercegurus-pdp-large":["https:\/\/praxas.com\/wp-content\/uploads\/easylog-data-logger-accessories-PSU-USB-UK-Logo.png",800,463,false],"commercegurus-plp-mobile":["https:\/\/praxas.com\/wp-content\/uploads\/easylog-data-logger-accessories-PSU-USB-UK-Logo-441x255.png",441,255,true],"cgkit_image_swatch":["https:\/\/praxas.com\/wp-content\/uploads\/easylog-data-logger-accessories-PSU-USB-UK-Logo-100x100.png",100,100,true],"woocommerce_thumbnail":["https:\/\/praxas.com\/wp-content\/uploads\/easylog-data-logger-accessories-PSU-USB-UK-Logo-300x174.png",300,174,true],"woocommerce_single":["https:\/\/praxas.com\/wp-content\/uploads\/easylog-data-logger-accessories-PSU-USB-UK-Logo.png",800,463,false],"woocommerce_gallery_thumbnail":["https:\/\/praxas.com\/wp-content\/uploads\/easylog-data-logger-accessories-PSU-USB-UK-Logo-150x87.png",150,87,true]},"uagb_author_info":{"display_name":"AndyS","author_link":"https:\/\/praxas.com\/it\/author\/"},"uagb_comment_info":0,"uagb_excerpt":"Adattatore di rete USB per il Regno Unito","_links":{"self":[{"href":"https:\/\/praxas.com\/it\/wp-json\/wp\/v2\/product\/37096","targetHints":{"allow":["GET"]}}],"collection":[{"href":"https:\/\/praxas.com\/it\/wp-json\/wp\/v2\/product"}],"about":[{"href":"https:\/\/praxas.com\/it\/wp-json\/wp\/v2\/types\/product"}],"wp:featuredmedia":[{"embeddable":true,"href":"https:\/\/praxas.com\/it\/wp-json\/wp\/v2\/media\/37097"}],"wp:attachment":[{"href":"https:\/\/praxas.com\/it\/wp-json\/wp\/v2\/media?parent=37096"}],"wp:term":[{"taxonomy":"product_brand","embeddable":true,"href":"https:\/\/praxas.com\/it\/wp-json\/wp\/v2\/product_brand?post=37096"},{"taxonomy":"product_cat","embeddable":true,"href":"https:\/\/praxas.com\/it\/wp-json\/wp\/v2\/product_cat?post=37096"},{"taxonomy":"product_tag","embeddable":true,"href":"https:\/\/praxas.com\/it\/wp-json\/wp\/v2\/product_tag?post=37096"}],"curies":[{"name":"wp","href":"https:\/\/api.w.org\/{rel}","templated":true}]}}