{"id":49032,"date":"2025-05-09T13:09:19","date_gmt":"2025-05-09T11:09:19","guid":{"rendered":"https:\/\/praxas.com\/product\/senza-categoria\/grande-frigorifero-biomedico-pr-1350\/"},"modified":"2026-01-20T10:25:09","modified_gmt":"2026-01-20T09:25:09","slug":"grande-frigorifero-biomedico-pr-1350","status":"publish","type":"product","link":"https:\/\/praxas.com\/it\/product\/refrigerazione_prodotti\/frigoriferi\/grande-frigorifero-biomedico-pr-1350\/","title":{"rendered":"Grande frigorifero biomedico PR 1350"},"content":{"rendered":"<p>Il frigorifero verticale ad alta capacit\u00e0 <strong>PR 1350<\/strong> di ARCTIKO \u00e8 una soluzione all&#8217;avanguardia progettata per soddisfare i severi requisiti delle applicazioni biomediche. Questo frigorifero ecologico a basso consumo energetico vanta una capacit\u00e0 di 1348 litri ed \u00e8 dotato di porte in vetro che non solo migliorano la visibilit\u00e0, ma incorporano anche una tecnologia a doppio vetro per ridurre l&#8217;impatto del calore ambientale e garantire un&#8217;uniformit\u00e0 ottimale della temperatura con un controllo preciso della temperatura nell&#8217;intervallo da +2 \u00b0C a +8 \u00b0C. <\/p>\n<p><i class=\"fa-solid fa-circle-check\" style=\"color: #009ee0;\"><\/i> <strong>CERTIFICATO ENERGY STAR<\/strong><br \/>\nCertificato Energy Star, garantisce un&#8217;eccezionale efficienza energetica e un ridotto impatto ambientale, mantenendo prestazioni superiori nelle applicazioni di stoccaggio sensibili alla temperatura.<\/p>\n<p><i class=\"fa-solid fa-circle-check\" style=\"color: #009ee0;\"><\/i> <strong>DATA LOGGER INTEGRATO<\/strong><br \/>\nCombinando il monitoraggio accurato della temperatura per una conservazione ottimale dei campioni e la conformit\u00e0 alle normative, il data logger integrato ti permette di avere un controllo in movimento grazie a grafici dettagliati, allarmi e impostazioni accessibili tramite la connessione Bluetooth del tuo telefono al display dell&#8217;unit\u00e0.<\/p>\n<p><i class=\"fa-solid fa-circle-check\" style=\"color: #009ee0;\"><\/i> <strong>RAFFREDDAMENTO AD ARIA FORZATA<\/strong><br \/>\nIl raffreddamento ad aria forzata garantisce un&#8217;eccellente stabilit\u00e0 della temperatura. La forzatura del flusso d&#8217;aria intorno agli articoli stoccati garantisce un rapido recupero della temperatura dopo l&#8217;apertura della porta. <\/p>\n<p><i class=\"fa-solid fa-circle-check\" style=\"color: #009ee0;\"><\/i> <strong>SICUREZZA CON CHIAVE<\/strong><br \/>\nDotato di una sicura serratura a chiave, offre un ulteriore livello di protezione per i contenuti di valore e impedisce l&#8217;accesso non autorizzato. Questa caratteristica garantisce l&#8217;integrit\u00e0 e la riservatezza degli oggetti conservati, rendendolo ideale per gli ambienti in cui la sicurezza \u00e8 fondamentale.<\/p>\n<p><i class=\"fa-solid fa-circle-check\" style=\"color: #009ee0;\"><\/i> <strong>FUNZIONI DI ALLARME<\/strong><br \/>\nGli allarmi visivi e acustici per le condizioni di alta\/bassa temperatura, porta aperta, guasto della sonda, interruzione dell&#8217;alimentazione e batteria scarica garantiscono una reazione rapida nell&#8217;improbabile caso di un problema di alimentazione, di apparecchiatura o di processo.<\/p>\n<p><i class=\"fa-solid fa-circle-check\" style=\"color: #009ee0;\"><\/i> <strong>REFRIGERANTE SNAP\/EPA COMPLIANTE<\/strong><br \/>\nUtilizza refrigeranti pienamente conformi alle normative dell&#8217;Environmental Protection Agency (EPA) e della Significant New Alternatives Policy (SNAP), garantendo un funzionamento responsabile dal punto di vista ambientale senza compromettere le prestazioni o la sicurezza.<\/p>\n","protected":false},"excerpt":{"rendered":"<ul>\n<li>+2\u00b0C \/ +8\u00b0C,<\/li>\n<li>Modello verticale &#8211; 1348L<\/li>\n<li>Porta di vetro<\/li>\n<li>Certificazione Energy Star<\/li>\n<li>Data Logger integrato<\/li>\n<li>Raffreddamento ad aria forzata<\/li>\n<\/ul>\n","protected":false},"featured_media":49004,"template":"","meta":{"_acf_changed":false,"content-type":"","_uag_custom_page_level_css":""},"product_brand":[],"product_cat":[2130,2132,2082],"product_tag":[3781],"class_list":{"0":"post-49032","1":"product","2":"type-product","3":"status-publish","4":"has-post-thumbnail","6":"product_cat-frigoriferi","7":"product_cat-2c-8c-frigoriferi-biomedicali","8":"product_cat-refrigerazione_prodotti","9":"product_tag-flexaline-it-2","10":"product_shipping_class-pesante","12":"first","13":"instock","14":"taxable","15":"shipping-taxable","16":"purchasable","17":"product-type-simple"},"bundled_by":[],"bundle_stock_status":"instock","bundle_stock_quantity":null,"bundle_virtual":false,"bundle_layout":"","bundle_add_to_cart_form_location":"","bundle_editable_in_cart":false,"bundle_sold_individually_context":"","bundle_item_grouping":"","bundle_min_size":"","bundle_max_size":"","bundle_price":[],"bundled_items":[],"bundle_sell_ids":[],"acf":[],"spectra_custom_meta":{"hubwoo_ecomm_pro_id":["23109402481"],"_wcml_average_rating":[null],"_wcml_review_count":[null],"_wcml_rating_count":[null],"_backorders":["no"],"_download_limit":["0"],"_download_expiry":["0"],"_downloadable":["no"],"_manage_stock":["no"],"_sku":["1700033"],"_stock_status":["instock"],"_sold_individually":["no"],"_tax_class":[""],"_tax_status":["taxable"],"_virtual":["no"],"_weight":["256"],"_width":["91.4"],"_height":["221"],"_length":["152.4"],"total_sales":["0"],"product_datasheet":[""],"_product_datasheet":["field_650ad7d6ea3a0"],"connectivity":["Bluetooth"],"_connectivity":["field_64dce263bb57c"],"brand":["Arctiko"],"_brand":["field_64ddf62ed2593"],"brand_image":[""],"_brand_image":["field_650c5e7c84cae"],"_specifications_table":["field_65044e1db92a8"],"_display_data_alarm":["field_667d647bcb066"],"_resources":["field_650849c6945ee"],"_calibration":["field_66a0ddd599972"],"_accessories":["field_650849e6945f0"],"_faqs":["field_650859523d8d5"],"_calibration_suitable_ids_gb":["field_654b4c4acb54a"],"_calibration_suitable_ids_us":["field_654b4c56cb54b"],"_show_in_calibration_suitable":["field_654cfb691d345"],"_shipping":["field_66852535c98a5"],"_refrigerant_cabinet":["field_66852557c98a6"],"_main_specifications":["field_66855b25b1245"],"_usd_price_4":["field_651570dcac479"],"_usd_price_9":["field_6515713eb4807"],"_usd_price_24":["field_65157141b4809"],"_usd_price_49":["field_65157140b4808"],"_usd_price_99":["field_6515715bb480a"],"_gbp_price_4":["field_6515716e83bfa"],"_gbp_price_9":["field_6515724783bfb"],"_gbp_price_24":["field_6515724b83bfc"],"_gbp_price_49":["field_6515725983bfd"],"_gbp_price_99":["field_6515725d83bfe"],"_usdhk_price_4":["field_6515726f83bff"],"_usdhk_price_9":["field_6515727c83c00"],"_usdhk_price_24":["field_6515728083c01"],"_usdhk_price_49":["field_6515728983c02"],"_usdhk_price_99":["field_6515728e83c03"],"stock_options":["In stock"],"_stock_options":["field_6544b605dc7f9"],"min_temp":["2"],"max_temp":["8"],"_min_temp":["field_67ea5eb4e0a77"],"_max_temp":["field_67ea5f81e0a79"],"_top_nav_excluded":[""],"_cms_nav_minihome":[""],"wcml_sync_hash":["a:1:{s:15:\"postmeta_fields\";s:32:\"3f2ee25d894e790dc2dc2c68f61f425f\";}"],"attr_label_translations":["a:0:{}"],"_product_attributes":["a:4:{s:16:\"pa_product-brand\";a:6:{s:4:\"name\";s:16:\"pa_product-brand\";s:5:\"value\";s:0:\"\";s:8:\"position\";i:0;s:10:\"is_visible\";i:1;s:12:\"is_variation\";i:0;s:11:\"is_taxonomy\";i:1;}s:15:\"pa_product-type\";a:6:{s:4:\"name\";s:15:\"pa_product-type\";s:5:\"value\";s:0:\"\";s:8:\"position\";i:1;s:10:\"is_visible\";i:1;s:12:\"is_variation\";i:0;s:11:\"is_taxonomy\";i:1;}s:19:\"pa_product-features\";a:6:{s:4:\"name\";s:19:\"pa_product-features\";s:5:\"value\";s:0:\"\";s:8:\"position\";i:2;s:10:\"is_visible\";i:1;s:12:\"is_variation\";i:0;s:11:\"is_taxonomy\";i:1;}s:14:\"pa_temperature\";a:6:{s:4:\"name\";s:14:\"pa_temperature\";s:5:\"value\";s:0:\"\";s:8:\"position\";i:3;s:10:\"is_visible\";i:1;s:12:\"is_variation\";i:0;s:11:\"is_taxonomy\";i:1;}}"],"_thumbnail_id":["49004"],"_product_image_gallery":["49010"],"_crosssell_ids":["a:0:{}"],"_wpml_word_count":["432"],"_last_translation_edit_mode":["translation-editor"],"rank_math_primary_product_cat":["411"],"_other_features_arctiko":["field_668524f8c98a4"],"shipping":["\u00a0\n<table class=\"specifications\">\n<tbody>\n<tr>\n<td class=\"left-td\">Peso di spedizione (kg)<\/td>\n<td>256<\/td>\n<\/tr>\n<tr>\n<td class=\"left-td\">Dimensioni di spedizione LxPxH (cm)<\/td>\n<td>1524 X 914 X 2210<\/td>\n<\/tr>\n<tr>\n<td class=\"left-td\">Volume di spedizione (m\u00b3)<\/td>\n<td>3.10<\/td>\n<\/tr>\n<\/tbody>\n<\/table>\n\u00a0"],"_regular_price":["7795"],"_price":["7795"],"_other_features":["field_686fa2aa98dce"],"rank_math_title":["PR 1350: Frigorifero medicale ad alta capacit\u00e0 con porta in vetro"],"rank_math_description":["Il frigorifero Arctiko PR 1350 con porta in vetro ad alta capacit\u00e0 offre caratteristiche superiori necessarie per le applicazioni biomediche, tra cui un controller Carel.\n\n"],"rank_math_focus_keyword":["PR 1350"],"specifications_table":["<table class=\"specifications\">\n<tbody>\n<tr>\n<td class=\"left-td\">Codice articolo<\/td>\n<td>1700033<\/td>\n<\/tr>\n<tr>\n<td class=\"left-td\">Intervallo di temperatura (\u00b0C)<\/td>\n<td>+2 \/ +8 \u00b0C<\/td>\n<\/tr>\n<tr>\n<td class=\"left-td\">Max. Temperatura ambiente (\u00b0C)<\/td>\n<td>+40\u00b0C<\/td>\n<\/tr>\n<tr>\n<td class=\"left-td\">Capacit\u00e0 (L)<\/td>\n<td>1348<\/td>\n<\/tr>\n<tr>\n<td class=\"left-td\">Capacit\u00e0 (Cu.FT)<\/td>\n<td>48<\/td>\n<\/tr>\n<tr>\n<td class=\"left-td\">Dimensioni esterne LxPxA (mm)<\/td>\n<td>1448 x 787 x 2007<\/td>\n<\/tr>\n<tr>\n<td class=\"left-td\">Dimensioni interne LxPxA (mm)<\/td>\n<td>1321 x 660 x 1524<\/td>\n<\/tr>\n<tr>\n<td class=\"left-td\">Peso (Lb)<\/td>\n<td>518<\/td>\n<\/tr>\n<tr>\n<td class=\"left-td\">Peso (Kg)<\/td>\n<td>235<\/td>\n<\/tr>\n<tr>\n<td class=\"left-td\">Isolamento (pollici)<\/td>\n<td>2.36<\/td>\n<\/tr>\n<tr>\n<td class=\"left-td\">Isolamento (mm)<\/td>\n<td>60<\/td>\n<\/tr>\n<tr>\n<td class=\"left-td\">Tecnologia di raffreddamento<\/td>\n<td>Aria forzata<\/td>\n<\/tr>\n<tr>\n<td class=\"left-td\">Modello di controllore \/ Tipo di sonda<\/td>\n<td>Carel IJS \/ NTC<\/td>\n<\/tr>\n<tr>\n<td class=\"left-td\">Alimentazione (V)<\/td>\n<td>115<\/td>\n<\/tr>\n<tr>\n<td class=\"left-td\">Frequenza (Hz)<\/td>\n<td>60<\/td>\n<\/tr>\n<tr>\n<td class=\"left-td\">Consumo di energia (KWH\/24H)<\/td>\n<td>3.85<\/td>\n<\/tr>\n<tr>\n<td class=\"left-td\">AMP (A)<\/td>\n<td>5.4<\/td>\n<\/tr>\n<tr>\n<td class=\"left-td\">Potenza (Watt)<\/td>\n<td>470<\/td>\n<\/tr>\n<tr>\n<td class=\"left-td\">Potenza in cavalli (HP)<\/td>\n<td>1\/3<\/td>\n<\/tr>\n<\/tbody>\n<\/table>"],"display_data_alarm":["<table class=\"specifications\">\n<tbody>\n<tr>\n<td class=\"left-td\">Allarme (visualizzato come testo, non come codice)<\/td>\n<td>S\u00ec<\/td>\n<\/tr>\n<tr>\n<td class=\"left-td\">Allarme visivo\/acustico<\/td>\n<td>S\u00ec \/ S\u00ec<\/td>\n<\/tr>\n<tr>\n<td class=\"left-td\">Allarme di interruzione di corrente<\/td>\n<td>S\u00ec<\/td>\n<\/tr>\n<tr>\n<td class=\"left-td\">Allarme alta\/bassa temperatura regolabile<\/td>\n<td>S\u00ec \/ S\u00ec<\/td>\n<\/tr>\n<tr>\n<td class=\"left-td\">Allarme porta aperta<\/td>\n<td>S\u00ec<\/td>\n<\/tr>\n<tr>\n<td class=\"left-td\">Allarme guasto sonda<\/td>\n<td>S\u00ec<\/td>\n<\/tr>\n<tr>\n<td class=\"left-td\">Allarme batteria scarica<\/td>\n<td>S\u00ec<\/td>\n<\/tr>\n<tr>\n<td class=\"left-td\">Contatto libero da tensione per allarme remoto (ad es. modulo di allarme GSM)<\/td>\n<td>S\u00ec<\/td>\n<\/tr>\n<tr>\n<td class=\"left-td\">Scaricamento dati Bluetooth<\/td>\n<td>S\u00ec<\/td>\n<\/tr>\n<tr>\n<td class=\"left-td\">Data Logger elettronico<\/td>\n<td>S\u00ec<\/td>\n<\/tr>\n<tr>\n<td class=\"left-td\">Display bloccabile per evitare spegnimenti accidentali<\/td>\n<td>S\u00ec<\/td>\n<\/tr>\n<tr>\n<td class=\"left-td\">Grafico della temperatura disponibile tramite app<\/td>\n<td>Bluetooth<\/td>\n<\/tr>\n<tr>\n<td class=\"left-td\">Numero di sonde di riferimento opzionali<\/td>\n<td>2<\/td>\n<\/tr>\n<\/tbody>\n<\/table>"],"resources":["<ul class=\"resources-list\">\n \t<li><img src=\"https:\/\/praxas.com\/wp-content\/uploads\/document-icon.png\" alt=\"Icona del documento\"><a href=\"https:\/\/arctiko.com\/wp-content\/uploads\/Arctiko-Datasheets-PR1350-04-2025_Rest-of-the-world.pdf\" target=\"_blank\" rel=\"noopener\">Scheda tecnica di PR 1350<\/a><\/li>\n \t<li><img src=\"https:\/\/praxas.com\/wp-content\/uploads\/document-icon.png\" alt=\"Icona del documento\"><a href=\"https:\/\/arctiko.com\/wp-content\/uploads\/5088267-01-Dimensionstegning-PR-1350.pdf\">PR 1350 Disegno quotato<\/a><\/li>\n \t<li><img src=\"https:\/\/praxas.com\/wp-content\/uploads\/document-icon.png\" alt=\"Icona del documento\"><a href=\"https:\/\/arctiko.com\/wp-content\/uploads\/5086150-01-El-diagram-for-LR_PR_LF_350_650_1350.pdf\">Schema elettrico<\/a><\/li>\n \t<li><img src=\"https:\/\/praxas.com\/wp-content\/uploads\/document-icon.png\" alt=\"Icona del documento\"><a href=\"https:\/\/arctiko.com\/wp-content\/uploads\/5080503-02-GB-Operating-instructions-LR350_650_1350-PR650_1350-LF650_1350.pdf\">Guida operativa<\/a><\/li>\n \t<li><img src=\"https:\/\/praxas.com\/wp-content\/uploads\/document-icon.png\" alt=\"Icona del documento\"><a href=\"\/wp-content\/uploads\/5082536-03-safety-datasheet-r290.pdf\" target=\"_blank\" rel=\"noopener\">Scheda tecnica di sicurezza R290<\/a><\/li>\n \t<li><img src=\"https:\/\/praxas.com\/wp-content\/uploads\/document-icon.png\" alt=\"Icona del documento\"><a href=\"\/wp-content\/uploads\/2022-certifikat-iso-9001-arctiko-as.pdf\" target=\"_blank\" rel=\"noopener\">ISO 9001<\/a><\/li>\n<\/ul>"],"other_features":["<table class=\"specifications\">\n<tbody>\n<tr>\n<td class=\"left-td\">Sbrinamento automatico<\/td>\n<td>S\u00ec<\/td>\n<\/tr>\n<tr>\n<td class=\"left-td\">Porta di rilascio del vuoto<\/td>\n<td>S\u00ec<\/td>\n<\/tr>\n<tr>\n<td class=\"left-td\">Porta di accesso per sonda esterna ecc.<\/td>\n<td>S\u00ec<\/td>\n<\/tr>\n<tr>\n<td class=\"left-td\">Luce<\/td>\n<td>S\u00ec<\/td>\n<\/tr>\n<tr>\n<td class=\"left-td\">Blocco con chiave<\/td>\n<td>S\u00ec<\/td>\n<\/tr>\n<tr>\n<td class=\"left-td\">Ruote (totale pezzi) \/ Ruote con freno (pezzi)<\/td>\n<td>6 \/ 2<\/td>\n<\/tr>\n<tr>\n<td class=\"left-td\">Ripiani fissi (pezzi) \/ Ripiani regolabili (pezzi)<\/td>\n<td>6<\/td>\n<\/tr>\n<tr>\n<td class=\"left-td\">Max. No. Di ripiani (Pz) \/ Max. raccomandata No. Di ripiani (pz)<\/td>\n<td>12<\/td>\n<\/tr>\n<tr>\n<td class=\"left-td\">Carico massimo per ripiano (kg)<\/td>\n<td>45<\/td>\n<\/tr>\n<tr>\n<td class=\"left-td\">Cassetti regolabili (pezzi)<\/td>\n<td>Opzionale<\/td>\n<\/tr>\n<tr>\n<td class=\"left-td\">Max. No. Di cassetti regolabili (pezzi)<\/td>\n<td>12<\/td>\n<\/tr>\n<tr>\n<td class=\"left-td\">Max. Carico per cassetto regolabile (lb)<\/td>\n<td>99<\/td>\n<\/tr>\n<\/tbody>\n<\/table>"],"refrigerant_cabinet":["<table class=\"specifications\">\n<tbody>\n<tr>\n<td class=\"left-td\">Numero di compressori<\/td>\n<td>1<\/td>\n<\/tr>\n<tr>\n<td class=\"left-td\">Refrigerante<\/td>\n<td>R290<\/td>\n<\/tr>\n<tr>\n<td class=\"left-td\">Materiale del mobile interno<\/td>\n<td>Acciaio zincato a caldo\n, trattamento anticorrosione\n, rivestimento in PVC<\/td>\n<\/tr>\n<tr>\n<td class=\"left-td\">Materiale del mobile esterno<\/td>\n<td>Acciaio zincato a caldo\n, trattamento anticorrosione\n, rivestimento in PVC<\/td>\n<\/tr>\n<tr>\n<td class=\"left-td\">Colore (mobile esterno)<\/td>\n<td>Bianco<\/td>\n<\/tr>\n<tr>\n<td class=\"left-td\">Agente schiumogeno<\/td>\n<td>Ciclopentano\nPoliuretano<\/td>\n<\/tr>\n<\/tbody>\n<\/table>"],"other_features_arctiko":["<table class=\"specifications\">\n<tbody>\n<tr>\n<td class=\"left-td\">Sbrinamento automatico<\/td>\n<td>S\u00ec<\/td>\n<\/tr>\n<tr>\n<td class=\"left-td\">Porta di rilascio del vuoto<\/td>\n<td>S\u00ec<\/td>\n<\/tr>\n<tr>\n<td class=\"left-td\">Porta di accesso per sonda esterna ecc.<\/td>\n<td>S\u00ec<\/td>\n<\/tr>\n<tr>\n<td class=\"left-td\">Luce<\/td>\n<td>S\u00ec<\/td>\n<\/tr>\n<tr>\n<td class=\"left-td\">Blocco con chiave<\/td>\n<td>S\u00ec<\/td>\n<\/tr>\n<tr>\n<td class=\"left-td\">Ruote (totale pezzi) \/ Ruote con freno (pezzi)<\/td>\n<td>6 \/ 2<\/td>\n<\/tr>\n<tr>\n<td class=\"left-td\">Ripiani fissi (pezzi) \/ Ripiani regolabili (pezzi)<\/td>\n<td>6<\/td>\n<\/tr>\n<tr>\n<td class=\"left-td\">Max. No. Di ripiani (Pz) \/ Max. raccomandata No. Di ripiani (pz)<\/td>\n<td>12<\/td>\n<\/tr>\n<tr>\n<td class=\"left-td\">Carico massimo per ripiano (kg)<\/td>\n<td>45<\/td>\n<\/tr>\n<tr>\n<td class=\"left-td\">Cassetti regolabili (pezzi)<\/td>\n<td>Opzionale<\/td>\n<\/tr>\n<tr>\n<td class=\"left-td\">Max. No. Di cassetti regolabili (pezzi)<\/td>\n<td>12<\/td>\n<\/tr>\n<tr>\n<td class=\"left-td\">Max. Carico per cassetto regolabile (lb)<\/td>\n<td>99<\/td>\n<\/tr>\n<\/tbody>\n<\/table>"],"_uag_page_assets":["a:9:{s:3:\"css\";s:0:\"\";s:2:\"js\";s:0:\"\";s:18:\"current_block_list\";a:0:{}s:8:\"uag_flag\";b:0;s:11:\"uag_version\";s:10:\"1776763693\";s:6:\"gfonts\";a:0:{}s:10:\"gfonts_url\";s:0:\"\";s:12:\"gfonts_files\";a:0:{}s:14:\"uag_faq_layout\";b:0;}"],"_max_variation_price":[""],"_max_variation_regular_price":[""],"_max_variation_sale_price":[""],"_min_variation_price":[""],"_min_variation_regular_price":[""],"_min_variation_sale_price":[""],"_sale_price":[""],"_wc_pb_base_regular_price":[""],"_wc_pb_base_sale_price":[""],"_wc_pb_base_price":[""],"_wc_sw_max_price":[""],"_wc_sw_max_regular_price":[""],"_wc_rating_count":[""],"_wc_review_count":[""],"_wc_average_rating":[0]},"uagb_featured_image_src":{"full":["https:\/\/praxas.com\/wp-content\/uploads\/PR1350-800x463-1.jpg",800,463,false],"thumbnail":["https:\/\/praxas.com\/wp-content\/uploads\/PR1350-800x463-1-150x150.jpg",150,150,true],"medium":["https:\/\/praxas.com\/wp-content\/uploads\/PR1350-800x463-1-300x174.jpg",300,174,true],"medium_large":["https:\/\/praxas.com\/wp-content\/uploads\/PR1350-800x463-1-768x444.jpg",768,444,true],"large":["https:\/\/praxas.com\/wp-content\/uploads\/PR1350-800x463-1.jpg",800,463,false],"1536x1536":["https:\/\/praxas.com\/wp-content\/uploads\/PR1350-800x463-1.jpg",800,463,false],"2048x2048":["https:\/\/praxas.com\/wp-content\/uploads\/PR1350-800x463-1.jpg",800,463,false],"crunchify-admin-post-featured-image":["https:\/\/praxas.com\/wp-content\/uploads\/PR1350-800x463-1-120x69.jpg",120,69,true],"commercegurus-pdp-large":["https:\/\/praxas.com\/wp-content\/uploads\/PR1350-800x463-1.jpg",800,463,false],"commercegurus-plp-mobile":["https:\/\/praxas.com\/wp-content\/uploads\/PR1350-800x463-1-441x255.jpg",441,255,true],"cgkit_image_swatch":["https:\/\/praxas.com\/wp-content\/uploads\/PR1350-800x463-1-100x100.jpg",100,100,true],"woocommerce_thumbnail":["https:\/\/praxas.com\/wp-content\/uploads\/PR1350-800x463-1-350x203.jpg",350,203,true],"woocommerce_single":["https:\/\/praxas.com\/wp-content\/uploads\/PR1350-800x463-1.jpg",800,463,false],"woocommerce_gallery_thumbnail":["https:\/\/praxas.com\/wp-content\/uploads\/PR1350-800x463-1-150x87.jpg",150,87,true]},"uagb_author_info":{"display_name":"Alex James","author_link":"https:\/\/praxas.com\/it\/author\/"},"uagb_comment_info":0,"uagb_excerpt":"+2\u00b0C \/ +8\u00b0C, Modello verticale - 1348L Porta di vetro Certificazione Energy Star Data Logger integrato Raffreddamento ad aria forzata","_links":{"self":[{"href":"https:\/\/praxas.com\/it\/wp-json\/wp\/v2\/product\/49032","targetHints":{"allow":["GET"]}}],"collection":[{"href":"https:\/\/praxas.com\/it\/wp-json\/wp\/v2\/product"}],"about":[{"href":"https:\/\/praxas.com\/it\/wp-json\/wp\/v2\/types\/product"}],"wp:featuredmedia":[{"embeddable":true,"href":"https:\/\/praxas.com\/it\/wp-json\/wp\/v2\/media\/49004"}],"wp:attachment":[{"href":"https:\/\/praxas.com\/it\/wp-json\/wp\/v2\/media?parent=49032"}],"wp:term":[{"taxonomy":"product_brand","embeddable":true,"href":"https:\/\/praxas.com\/it\/wp-json\/wp\/v2\/product_brand?post=49032"},{"taxonomy":"product_cat","embeddable":true,"href":"https:\/\/praxas.com\/it\/wp-json\/wp\/v2\/product_cat?post=49032"},{"taxonomy":"product_tag","embeddable":true,"href":"https:\/\/praxas.com\/it\/wp-json\/wp\/v2\/product_tag?post=49032"}],"curies":[{"name":"wp","href":"https:\/\/api.w.org\/{rel}","templated":true}]}}