{"id":49680,"date":"2025-06-18T16:21:11","date_gmt":"2025-06-18T14:21:11","guid":{"rendered":"https:\/\/praxas.com\/product\/senza-categoria\/registratore-di-temperatura-tred30-16u\/"},"modified":"2025-10-09T10:23:35","modified_gmt":"2025-10-09T08:23:35","slug":"registratore-di-temperatura-tred30-16u","status":"publish","type":"product","link":"https:\/\/praxas.com\/it\/product\/registratori-di-dati\/registratori-di-dati-di-temperatura\/registratore-di-temperatura-tred30-16u\/","title":{"rendered":"Registratore di temperatura TRED30-16U"},"content":{"rendered":"<p data-start=\"217\" data-end=\"289\"><strong data-start=\"221\" data-end=\"289\">LogTag TRED30-16U &#8211; Registratore di temperatura a sonda esterna con USB-C<\/strong><\/p>\n<p data-start=\"291\" data-end=\"559\">LogTag TRED30-16U \u00e8 un registratore di dati di temperatura aggiornato con una connessione USB-C per il download diretto dei dati, senza bisogno di un&#8217;interfaccia. Registra oltre 17.500 letture e fornisce fino a 60 giorni di dati di riepilogo sullo schermo attraverso un display LCD chiaro e di facile lettura. <\/p>\n<p data-start=\"561\" data-end=\"805\">Compatibile con le sonde esterne Smart e standard, il TRED30-16U supporta un ampio monitoraggio della temperatura, da -40 \u00b0C a +99 \u00b0C. Gli allarmi visivi e sonori indicano i superamenti della temperatura, mentre un simbolo \u2713 o \u2717 mostra lo stato attuale a colpo d&#8217;occhio. <\/p>\n<p data-start=\"807\" data-end=\"924\">Ideale per il trasporto, l&#8217;immagazzinamento o qualsiasi applicazione che richieda un monitoraggio a lungo termine e di alta precisione con un accesso rapido ai dati.<\/p>\n<p data-start=\"926\" data-end=\"943\"><strong data-start=\"926\" data-end=\"943\">Caratteristiche principali:<\/strong><\/p>\n<ul data-start=\"945\" data-end=\"1263\">\n<li data-start=\"945\" data-end=\"979\">\n<p data-start=\"947\" data-end=\"979\">Misure da -40 \u00b0C a +99 \u00b0C<\/p>\n<\/li>\n<li data-start=\"980\" data-end=\"1011\">\n<p data-start=\"982\" data-end=\"1011\">Memorizza oltre 17.500 letture<\/p>\n<\/li>\n<li data-start=\"1012\" data-end=\"1055\">\n<p data-start=\"1014\" data-end=\"1055\">L&#8217;ampio display LCD mostra 60 giorni di dati riassuntivi<\/p>\n<\/li>\n<li data-start=\"1056\" data-end=\"1091\">\n<p data-start=\"1058\" data-end=\"1091\">Porta USB-C per un accesso veloce ai dati<\/p>\n<\/li>\n<li data-start=\"1092\" data-end=\"1137\">\n<p data-start=\"1094\" data-end=\"1137\">Compatibile con le sonde Smart e standard<\/p>\n<\/li>\n<li data-start=\"1138\" data-end=\"1176\">\n<p data-start=\"1140\" data-end=\"1176\">Allarmi acustici e visivi integrati<\/p>\n<\/li>\n<li data-start=\"1177\" data-end=\"1215\">\n<p data-start=\"1179\" data-end=\"1215\">Batteria a bottone sostituibile dall&#8217;utente<\/p>\n<\/li>\n<li data-start=\"1216\" data-end=\"1263\">\n<p data-start=\"1218\" data-end=\"1263\">Funziona anche con l&#8217;interfaccia tradizionale a 3 pin<\/p>\n<\/li>\n<\/ul>\n","protected":false},"excerpt":{"rendered":"<ul>\n<li data-start=\"1297\" data-end=\"1336\">Da -40 \u00b0C a +99 \u00b0C<\/li>\n<li data-start=\"1337\" data-end=\"1379\">Registra pi\u00f9 di 17.500 letture per pi\u00f9 di 60 giorni<\/li>\n<li data-start=\"1380\" data-end=\"1412\">Connettivit\u00e0 USB-C e a 3 pin<\/li>\n<li data-start=\"1413\" data-end=\"1458\">LCD con stato visivo e riepilogo di 60 giorni<\/li>\n<li data-start=\"1459\" data-end=\"1496\">Allarme acustico + \u2713\/\u2717 display di avviso<\/li>\n<\/ul>\n","protected":false},"featured_media":49648,"template":"","meta":{"_acf_changed":false,"content-type":"","_uag_custom_page_level_css":""},"product_brand":[],"product_cat":[1892,1936],"product_tag":[2512,2264],"class_list":{"0":"post-49680","1":"product","2":"type-product","3":"status-publish","4":"has-post-thumbnail","6":"product_cat-registratori-di-dati-di-temperatura","7":"product_cat-registratori-di-dati","8":"product_tag-logtag-it","9":"product_tag-temperatura","11":"first","12":"instock","13":"taxable","14":"shipping-taxable","15":"purchasable","16":"product-type-variable"},"bundled_by":[],"bundle_stock_status":"instock","bundle_stock_quantity":null,"bundle_virtual":false,"bundle_layout":"","bundle_add_to_cart_form_location":"","bundle_editable_in_cart":false,"bundle_sold_individually_context":"","bundle_item_grouping":"","bundle_min_size":"","bundle_max_size":"","bundle_price":[],"bundled_items":[],"bundle_sell_ids":[],"acf":[],"spectra_custom_meta":{"hubwoo_ecomm_pro_id":["25020920461"],"_wcml_average_rating":[null],"_wcml_review_count":[null],"_wcml_rating_count":[null],"_backorders":["no"],"_download_limit":["-1"],"_download_expiry":["-1"],"_downloadable":["no"],"_manage_stock":["no"],"_sku":["TRED30-16U"],"_stock_status":["instock"],"_sold_individually":["no"],"_tax_class":[""],"_tax_status":["taxable"],"_virtual":["no"],"total_sales":["2"],"_price":["79.80","107.80","112.70","113.40","114.80","116.20","117.60"],"product_datasheet":[""],"_product_datasheet":["field_650ad7d6ea3a0"],"connectivity":["USB"],"_connectivity":["field_64dce263bb57c"],"brand":["LogTag"],"_brand":["field_64ddf62ed2593"],"brand_image":[""],"_brand_image":["field_650c5e7c84cae"],"_specifications_table":["field_65044e1db92a8"],"_display_data_alarm":["field_667d647bcb066"],"_resources":["field_650849c6945ee"],"_calibration":["field_66a0ddd599972"],"_accessories":["field_650849e6945f0"],"_faqs":["field_650859523d8d5"],"_calibration_suitable_ids_gb":["field_654b4c4acb54a"],"_calibration_suitable_ids_us":["field_654b4c56cb54b"],"_show_in_calibration_suitable":["field_654cfb691d345"],"_other_features":["field_668524f8c98a4"],"_shipping":["field_66852535c98a5"],"_refrigerant_cabinet":["field_66852557c98a6"],"_main_specifications":["field_66855b25b1245"],"_usd_price_4":["field_651570dcac479"],"_usd_price_9":["field_6515713eb4807"],"_usd_price_24":["field_65157141b4809"],"_usd_price_49":["field_65157140b4808"],"_usd_price_99":["field_6515715bb480a"],"_gbp_price_4":["field_6515716e83bfa"],"_gbp_price_9":["field_6515724783bfb"],"_gbp_price_24":["field_6515724b83bfc"],"_gbp_price_49":["field_6515725983bfd"],"_gbp_price_99":["field_6515725d83bfe"],"_usdhk_price_4":["field_6515726f83bff"],"_usdhk_price_9":["field_6515727c83c00"],"_usdhk_price_24":["field_6515728083c01"],"_usdhk_price_49":["field_6515728983c02"],"_usdhk_price_99":["field_6515728e83c03"],"stock_options":["In stock"],"_stock_options":["field_6544b605dc7f9"],"min_temp":["-40"],"max_temp":["99"],"_min_temp":["field_67ea5eb4e0a77"],"_max_temp":["field_67ea5f81e0a79"],"_top_nav_excluded":[""],"_cms_nav_minihome":[""],"wcml_sync_hash":["a:1:{s:15:\"postmeta_fields\";s:32:\"290725e2088e35a413c96412eaedb67d\";}"],"attr_label_translations":["a:0:{}"],"_product_attributes":["a:2:{s:16:\"pa_product-brand\";a:6:{s:4:\"name\";s:16:\"pa_product-brand\";s:5:\"value\";s:0:\"\";s:8:\"position\";i:0;s:10:\"is_visible\";i:1;s:12:\"is_variation\";i:0;s:11:\"is_taxonomy\";i:1;}s:22:\"pa_logtag-probe-choice\";a:6:{s:4:\"name\";s:22:\"pa_logtag-probe-choice\";s:5:\"value\";s:0:\"\";s:8:\"position\";i:1;s:10:\"is_visible\";i:1;s:12:\"is_variation\";i:1;s:11:\"is_taxonomy\";i:1;}}"],"_thumbnail_id":["49648"],"_product_image_gallery":["49672,49666,49660,49654,49678"],"_crosssell_ids":["a:0:{}"],"_wpml_word_count":["229"],"rank_math_primary_product_cat":["87"],"_last_translation_edit_mode":["translation-editor"],"_global_unique_id":["850040258486"],"rank_math_focus_keyword":["TRED30-16U"],"specifications_table":["<table class=\"w-full\">\n<tbody>\n<tr>\n<td class=\"text-base font-semibold font-gray\">Intervallo di misurazione del sensore esterno<\/td>\n<td class=\"text-base font-gray-300\">Da -40 \u00b0C a +99 \u00b0C (da -40 \u00b0F a +210 \u00b0F)<\/td>\n<\/tr>\n<tr>\n<td class=\"text-base font-semibold font-gray\">Temperatura di esercizio<\/td>\n<td class=\"text-base font-gray-300\">Da -30\u00b0C a +60\u00b0C (da -22\u00b0F a +140\u00b0F)<\/td>\n<\/tr>\n<tr>\n<td class=\"text-base font-semibold font-gray\">Intervallo di temperatura di conservazione<\/td>\n<td class=\"text-base font-gray-300\">Da -10\u00b0C a +40\u00b0C (da 14\u00b0F a +104\u00b0F)<\/td>\n<\/tr>\n<tr>\n<td class=\"text-base font-semibold font-gray\">Precisione di lettura della temperatura nominale<\/td>\n<td class=\"text-base font-gray-300\">Migliore di \u00b10,5\u00b0C (\u00b10,9\u00b0F) per temperature da -20\u00b0C a +40\u00b0C (da -4\u00b0F a +104\u00b0F), in genere \u00b10,3\u00b0C (0,6\u00b0F).\nMigliore di \u00b10,8\u00b0C (\u00b11,4\u00b0F) per temperature da -40\u00b0C a -20\u00b0C (da -40\u00b0F a -4\u00b0F), in genere \u00b10,5\u00b0C (0,9\u00b0F).4\u00b0F) per temperature da -40\u00b0C a -20\u00b0C (da -40\u00b0F a -4\u00b0F), in genere \u00b10,5\u00b0C (0,9\u00b0F).\nMigliore di \u00b10,8\u00b0C (\u00b11,4\u00b0F) per temperature da +40\u00b0C a +70\u00b0C (da +104\u00b0F a +158\u00b0F), in genere \u00b10,7\u00b0C (1,3\u00b0F).7\u00b0C (1,3\u00b0F).\nMigliore di \u00b11,2\u00b0C (\u00b12,2\u00b0F) per +70\u00b0C a +99\u00b0C (+158\u00b0F a +210\u00b0F), in genere \u00b11\u00b0C (1,8\u00b0F).\nLe prestazioni effettive sono in genere molto migliori dei valori nominali.\nI valori di precisione possono essere migliorati con una ricalibrazione.<\/td>\n<\/tr>\n<tr>\n<td class=\"text-base font-semibold font-gray\">Risoluzione della lettura della temperatura nominale<\/td>\n<td class=\"text-base font-gray-300\">0,1\u00b0C (0,2\u00b0F) per misurazioni da -40\u00b0C a +50\u00b0C (da -40\u00b0F a +122\u00b0F).\n0,2\u00b0C (0,4\u00b0F) per misurazioni da +50\u00b0C a +70\u00b0C (da +122\u00b0F a +158\u00b0F).\n0,3\u00b0C (0,5\u00b0F) per misurazioni da +70\u00b0C a +80\u00b0C (da +158\u00b0F a +176\u00b0F).\n0,4\u00b0C-0,6\u00b0C (da 0,7\u00b0F a 1F) per misurazioni da +80\u00b0C a +99\u00b0C (da +176\u00b0F a +210\u00b0F).\nLogTag Analyzer\u00ae attualmente visualizza con una cifra decimale \u00b0C o \u00b0F. La risoluzione nativa \u00e8 quella memorizzata nel LogTag\u00ae. <\/td>\n<\/tr>\n<tr>\n<td class=\"text-base font-semibold font-gray\">Tempo di reazione del sensore<\/td>\n<td class=\"text-base font-gray-300\">Tipicamente inferiore a 2 minuti (T90) in aria in movimento (1m\/s) per i tipi ST100T, ST100H e ST100S<\/td>\n<\/tr>\n<tr>\n<td class=\"text-base font-semibold font-gray\">Capacit\u00e0 di registrazione<\/td>\n<td class=\"text-base font-gray-300\">17.526 letture di temperatura. 60 giorni di registrazione a 5 minuti.\nMemoria per le statistiche di riepilogo giornaliere (per la visualizzazione sul display LCD): fino a 30 giorni di statistiche di massima\/minima\/durata e di attivazione degli allarmi. <\/td>\n<\/tr>\n<tr>\n<td class=\"text-base font-semibold font-gray\">Intervallo di campionamento<\/td>\n<td class=\"text-base font-gray-300\">Configurabile da 30 secondi a un'ora<\/td>\n<\/tr>\n<tr>\n<td class=\"text-base font-semibold font-gray\">Opzioni di avvio della registrazione<\/td>\n<td class=\"text-base font-gray-300\">Avvio tramite pulsante o data e ora specifiche. Ritardo di avvio opzionale fino a 18 ore <\/td>\n<\/tr>\n<tr>\n<td class=\"text-base font-semibold font-gray\">Indicazione di registrazione<\/td>\n<td class=\"text-base font-gray-300\">Indicatore di stato \"RECORDING\"<\/td>\n<\/tr>\n<tr>\n<td class=\"text-base font-semibold font-gray\">Tempo di download<\/td>\n<td class=\"text-base font-gray-300\">In genere meno di 10 secondi per l'intera memoria (17.526 letture) utilizzando la connessione USB, a seconda del computer.<\/td>\n<\/tr>\n<tr>\n<td class=\"text-base font-semibold font-gray\">Ambientali<\/td>\n<td class=\"text-base font-gray-300\">IP61 (se montato o appeso verticalmente)<\/td>\n<\/tr>\n<tr>\n<td class=\"text-base font-semibold font-gray\">Fonte di alimentazione<\/td>\n<td class=\"text-base font-gray-300\">Batteria a bottone LiMnO2 3V CR2032, sostituibile dall'utente<\/td>\n<\/tr>\n<tr>\n<td class=\"text-base font-semibold font-gray\">Durata della batteria<\/td>\n<td class=\"text-base font-gray-300\">1 anno di conservazione, seguito da 1 anno di funzionamento con uso normale (registrazione di 6 minuti, statistiche riviste sul display non pi\u00f9 di una volta al giorno per non pi\u00f9 di 30 secondi ogni volta, download dei dati mensile)\nNOTA: L \u201cattivazione continua dell\u201d allarme acustico riduce la durata della batteria. Quando scatta un allarme, \u00e8 necessario cancellarlo e resettarlo il prima possibile. <\/td>\n<\/tr>\n<tr>\n<td class=\"text-base font-semibold font-gray\">Orologio in tempo reale<\/td>\n<td class=\"text-base font-gray-300\">Orologio in tempo reale incorporato\nPrecisione nominale \u00b125ppm @ 25\u00b0C (equivalente a 2,5 secondi\/giorno)\nIl coefficiente di temperatura nominale \u00e8 -0,034 \u00b10,006ppm\/\u00b0C (cio\u00e8 tipicamente +\/- 0,00294 secondi\/giorno\/\u00b0C).<\/td>\n<\/tr>\n<tr>\n<td class=\"text-base font-semibold font-gray\">Lunghezza del cavo del sensore remoto standard<\/td>\n<td class=\"text-base font-gray-300\">Standard: 1,5 m (4'11\u2033)\nEsteso: 3m (9'10\u2033) (massimo consigliato)<\/td>\n<\/tr>\n<tr>\n<td class=\"text-base font-semibold font-gray\">Tipo di cavo del sensore remoto<\/td>\n<td class=\"text-base font-gray-300\">PTFE (classificato FDA per il contatto con gli alimenti), coassiale<\/td>\n<\/tr>\n<tr>\n<td class=\"text-base font-semibold font-gray\">Dimensioni<\/td>\n<td class=\"text-base font-gray-300\">93 mm (H) x 54,5 mm (L) x 8,6 mm (T)<\/td>\n<\/tr>\n<tr>\n<td class=\"text-base font-semibold font-gray\">Peso<\/td>\n<td class=\"text-base font-gray-300\">41g<\/td>\n<\/tr>\n<tr>\n<td class=\"text-base font-semibold font-gray\">Materiale della custodia<\/td>\n<td class=\"text-base font-gray-300\">Policarbonato<\/td>\n<\/tr>\n<\/tbody>\n<\/table>"],"resources":["<ul class=\"resources-list\">\n \t<li><img src=\"https:\/\/praxas.com\/wp-content\/uploads\/document-icon.png\" alt=\"Icona del documento\"><a href=\"https:\/\/praxas.com\/wp-content\/uploads\/LogTag_TRED30-16U_Brochure.pdf\">Opuscolo LogTag TRED30-16U<\/a><\/li>\n \t<li><img src=\"https:\/\/praxas.com\/wp-content\/uploads\/document-icon.png\" alt=\"Icona del documento\"><a href=\"https:\/\/praxas.com\/wp-content\/uploads\/TRED30-16U-QuickStartGuide-1.pdf\">Guida all'uso di LogTag TRED30-16U<\/a><\/li>\n<\/ul>"],"accessories":["[products skus=\"LTI-HID,WMB-1,Buffer Bottle\"]"],"_uag_page_assets":["a:9:{s:3:\"css\";s:0:\"\";s:2:\"js\";s:0:\"\";s:18:\"current_block_list\";a:0:{}s:8:\"uag_flag\";b:0;s:11:\"uag_version\";s:10:\"1777651425\";s:6:\"gfonts\";a:0:{}s:10:\"gfonts_url\";s:0:\"\";s:12:\"gfonts_files\";a:0:{}s:14:\"uag_faq_layout\";b:0;}"],"rank_math_internal_links_processed":["1"],"_max_variation_price":[""],"_max_variation_regular_price":[""],"_max_variation_sale_price":[""],"_min_variation_price":[""],"_min_variation_regular_price":[""],"_min_variation_sale_price":[""],"_regular_price":[""],"_sale_price":[""],"_wc_pb_base_regular_price":[""],"_wc_pb_base_sale_price":[""],"_wc_pb_base_price":[""],"_wc_sw_max_price":[""],"_wc_sw_max_regular_price":[""],"_wc_rating_count":[""],"_wc_review_count":[""],"_wc_average_rating":[0]},"uagb_featured_image_src":{"full":["https:\/\/praxas.com\/wp-content\/uploads\/TRED30-16U_face-on.jpg",1200,680,false],"thumbnail":["https:\/\/praxas.com\/wp-content\/uploads\/TRED30-16U_face-on-150x150.jpg",150,150,true],"medium":["https:\/\/praxas.com\/wp-content\/uploads\/TRED30-16U_face-on-300x170.jpg",300,170,true],"medium_large":["https:\/\/praxas.com\/wp-content\/uploads\/TRED30-16U_face-on-768x435.jpg",768,435,true],"large":["https:\/\/praxas.com\/wp-content\/uploads\/TRED30-16U_face-on-1024x580.jpg",1024,580,true],"1536x1536":["https:\/\/praxas.com\/wp-content\/uploads\/TRED30-16U_face-on.jpg",1200,680,false],"2048x2048":["https:\/\/praxas.com\/wp-content\/uploads\/TRED30-16U_face-on.jpg",1200,680,false],"crunchify-admin-post-featured-image":["https:\/\/praxas.com\/wp-content\/uploads\/TRED30-16U_face-on-120x68.jpg",120,68,true],"commercegurus-pdp-large":["https:\/\/praxas.com\/wp-content\/uploads\/TRED30-16U_face-on-990x561.jpg",990,561,true],"commercegurus-plp-mobile":["https:\/\/praxas.com\/wp-content\/uploads\/TRED30-16U_face-on-441x250.jpg",441,250,true],"cgkit_image_swatch":["https:\/\/praxas.com\/wp-content\/uploads\/TRED30-16U_face-on-100x100.jpg",100,100,true],"woocommerce_thumbnail":["https:\/\/praxas.com\/wp-content\/uploads\/TRED30-16U_face-on-350x198.jpg",350,198,true],"woocommerce_single":["https:\/\/praxas.com\/wp-content\/uploads\/TRED30-16U_face-on-800x453.jpg",800,453,true],"woocommerce_gallery_thumbnail":["https:\/\/praxas.com\/wp-content\/uploads\/TRED30-16U_face-on-150x85.jpg",150,85,true]},"uagb_author_info":{"display_name":"Alex James","author_link":"https:\/\/praxas.com\/it\/author\/"},"uagb_comment_info":0,"uagb_excerpt":"Da -40 \u00b0C a +99 \u00b0C Registra pi\u00f9 di 17.500 letture per pi\u00f9 di 60 giorni Connettivit\u00e0 USB-C e a 3 pin LCD con stato visivo e riepilogo di 60 giorni Allarme acustico + \u2713\/\u2717 display di avviso","_links":{"self":[{"href":"https:\/\/praxas.com\/it\/wp-json\/wp\/v2\/product\/49680","targetHints":{"allow":["GET"]}}],"collection":[{"href":"https:\/\/praxas.com\/it\/wp-json\/wp\/v2\/product"}],"about":[{"href":"https:\/\/praxas.com\/it\/wp-json\/wp\/v2\/types\/product"}],"wp:featuredmedia":[{"embeddable":true,"href":"https:\/\/praxas.com\/it\/wp-json\/wp\/v2\/media\/49648"}],"wp:attachment":[{"href":"https:\/\/praxas.com\/it\/wp-json\/wp\/v2\/media?parent=49680"}],"wp:term":[{"taxonomy":"product_brand","embeddable":true,"href":"https:\/\/praxas.com\/it\/wp-json\/wp\/v2\/product_brand?post=49680"},{"taxonomy":"product_cat","embeddable":true,"href":"https:\/\/praxas.com\/it\/wp-json\/wp\/v2\/product_cat?post=49680"},{"taxonomy":"product_tag","embeddable":true,"href":"https:\/\/praxas.com\/it\/wp-json\/wp\/v2\/product_tag?post=49680"}],"curies":[{"name":"wp","href":"https:\/\/api.w.org\/{rel}","templated":true}]}}