{"id":50245,"date":"2025-06-23T11:04:22","date_gmt":"2025-06-23T09:04:22","guid":{"rendered":"https:\/\/praxas.com\/product\/senza-categoria\/registratore-di-basse-temperature-utrel30-wifi\/"},"modified":"2025-10-09T10:21:35","modified_gmt":"2025-10-09T08:21:35","slug":"registratore-di-basse-temperature-utrel30-wifi","status":"publish","type":"product","link":"https:\/\/praxas.com\/it\/product\/registratori-di-dati\/registratori-di-dati-di-temperatura\/registratore-di-basse-temperature-utrel30-wifi\/","title":{"rendered":"Registratore di basse temperature UTREL30-WiFi"},"content":{"rendered":"<p data-start=\"214\" data-end=\"289\"><strong data-start=\"218\" data-end=\"289\">LogTag UTREL30-WiFi &#8211; Registratore di dati WiFi a doppio canale per basse temperature<\/strong><\/p>\n<p data-start=\"291\" data-end=\"639\">LogTag UTREL30-WiFi \u00e8 un registratore di dati a bassa temperatura a due canali che carica automaticamente i dati di temperatura in tempo reale tramite WiFi sul tuo account cloud LogTag Online. Progettato per un monitoraggio accurato e continuo, supporta due sonde esterne e fornisce un accesso immediato ai dati storici e in tempo reale senza la necessit\u00e0 di scaricare manualmente. <\/p>\n<p data-start=\"641\" data-end=\"888\">Con una capacit\u00e0 di 32.000 letture (16.000 per canale), un ampio display di facile lettura e allarmi acustici e visivi integrati, \u00e8 ideale per il monitoraggio della catena del freddo, dei vaccini e dei laboratori in cui \u00e8 essenziale un monitoraggio affidabile e remoto della temperatura.<\/p>\n<p data-start=\"890\" data-end=\"907\"><strong data-start=\"890\" data-end=\"907\">Caratteristiche principali:<\/strong><\/p>\n<ul data-start=\"909\" data-end=\"1259\">\n<li data-start=\"909\" data-end=\"959\">\n<p data-start=\"911\" data-end=\"959\">Misura da -90\u00b0C a +40\u00b0C (a seconda della sonda)<\/p>\n<\/li>\n<li data-start=\"960\" data-end=\"1013\">\n<p data-start=\"962\" data-end=\"1013\">Registrazione a doppio canale, 16.000 letture per canale<\/p>\n<\/li>\n<li data-start=\"1014\" data-end=\"1070\">\n<p data-start=\"1016\" data-end=\"1070\">Caricamento automatico in tempo reale via WiFi su LogTag Online<\/p>\n<\/li>\n<li data-start=\"1071\" data-end=\"1116\">\n<p data-start=\"1073\" data-end=\"1116\">LCD con riepilogo degli allarmi per 30 giorni a colpo d&#8217;occhio<\/p>\n<\/li>\n<li data-start=\"1117\" data-end=\"1156\">\n<p data-start=\"1119\" data-end=\"1156\">Indicatori di allarme acustici e visivi<\/p>\n<\/li>\n<li data-start=\"1157\" data-end=\"1215\">\n<p data-start=\"1159\" data-end=\"1215\">Compatibile con le sonde esterne ST10<\/p>\n<\/li>\n<li data-start=\"1216\" data-end=\"1259\">\n<p data-start=\"1218\" data-end=\"1259\">Formato multiuso con batteria a lunga durata<\/p>\n<\/li>\n<\/ul>\n","protected":false},"excerpt":{"rendered":"<ul>\n<li data-start=\"1293\" data-end=\"1330\">Da -90\u00b0C a +40\u00b0C<\/li>\n<li data-start=\"1331\" data-end=\"1372\">Doppio canale, capacit\u00e0 di 32.000 letture<\/li>\n<li data-start=\"1373\" data-end=\"1415\">Caricamento WiFi in tempo reale su LogTag Online<\/li>\n<li data-start=\"1416\" data-end=\"1447\">Riepilogo degli allarmi per 30 giorni sul display LCD<\/li>\n<li data-start=\"1448\" data-end=\"1486\">Allarmi acustici e visivi integrati<\/li>\n<\/ul>\n","protected":false},"featured_media":50239,"template":"","meta":{"_acf_changed":false,"content-type":"","_uag_custom_page_level_css":""},"product_brand":[],"product_cat":[1892,1936],"product_tag":[2512,2264,1881],"class_list":{"0":"post-50245","1":"product","2":"type-product","3":"status-publish","4":"has-post-thumbnail","6":"product_cat-registratori-di-dati-di-temperatura","7":"product_cat-registratori-di-dati","8":"product_tag-logtag-it","9":"product_tag-temperatura","10":"product_tag-wifi-it","12":"first","13":"instock","14":"taxable","15":"shipping-taxable","16":"purchasable","17":"product-type-variable"},"bundled_by":[],"bundle_stock_status":"instock","bundle_stock_quantity":null,"bundle_virtual":false,"bundle_layout":"","bundle_add_to_cart_form_location":"","bundle_editable_in_cart":false,"bundle_sold_individually_context":"","bundle_item_grouping":"","bundle_min_size":"","bundle_max_size":"","bundle_price":[],"bundled_items":[],"bundle_sell_ids":[],"acf":[],"spectra_custom_meta":{"hubwoo_ecomm_pro_id":["25176769975"],"_wcml_average_rating":[null],"_wcml_review_count":[null],"_wcml_rating_count":[null],"_backorders":["no"],"_download_limit":["-1"],"_download_expiry":["-1"],"_downloadable":["no"],"_manage_stock":["no"],"_sku":["UTREL30-WIFI"],"_stock_status":["instock"],"_sold_individually":["no"],"_tax_class":[""],"_tax_status":["taxable"],"_virtual":["no"],"total_sales":["0"],"_price":["229.60","264.60","268.10"],"product_datasheet":[""],"_product_datasheet":["field_650ad7d6ea3a0"],"connectivity":["WiFi"],"_connectivity":["field_64dce263bb57c"],"brand":["LogTag"],"_brand":["field_64ddf62ed2593"],"brand_image":[""],"_brand_image":["field_650c5e7c84cae"],"_specifications_table":["field_65044e1db92a8"],"_display_data_alarm":["field_667d647bcb066"],"_resources":["field_650849c6945ee"],"_calibration":["field_66a0ddd599972"],"_accessories":["field_650849e6945f0"],"_faqs":["field_650859523d8d5"],"_calibration_suitable_ids_gb":["field_654b4c4acb54a"],"_calibration_suitable_ids_us":["field_654b4c56cb54b"],"_show_in_calibration_suitable":["field_654cfb691d345"],"_other_features":["field_668524f8c98a4"],"_shipping":["field_66852535c98a5"],"_refrigerant_cabinet":["field_66852557c98a6"],"_main_specifications":["field_66855b25b1245"],"_usd_price_4":["field_651570dcac479"],"_usd_price_9":["field_6515713eb4807"],"_usd_price_24":["field_65157141b4809"],"_usd_price_49":["field_65157140b4808"],"_usd_price_99":["field_6515715bb480a"],"_gbp_price_4":["field_6515716e83bfa"],"_gbp_price_9":["field_6515724783bfb"],"_gbp_price_24":["field_6515724b83bfc"],"_gbp_price_49":["field_6515725983bfd"],"_gbp_price_99":["field_6515725d83bfe"],"_usdhk_price_4":["field_6515726f83bff"],"_usdhk_price_9":["field_6515727c83c00"],"_usdhk_price_24":["field_6515728083c01"],"_usdhk_price_49":["field_6515728983c02"],"_usdhk_price_99":["field_6515728e83c03"],"stock_options":["In stock"],"_stock_options":["field_6544b605dc7f9"],"rank_math_primary_product_cat":["87"],"min_temp":["-90"],"max_temp":["40"],"_min_temp":["field_67ea5eb4e0a77"],"_max_temp":["field_67ea5f81e0a79"],"_top_nav_excluded":[""],"_cms_nav_minihome":[""],"wcml_sync_hash":["a:1:{s:15:\"postmeta_fields\";s:32:\"19251acf1aedb7c6da1b26ce3ff41f6b\";}"],"attr_label_translations":["a:0:{}"],"_product_attributes":["a:2:{s:16:\"pa_product-brand\";a:6:{s:4:\"name\";s:16:\"pa_product-brand\";s:5:\"value\";s:0:\"\";s:8:\"position\";i:0;s:10:\"is_visible\";i:1;s:12:\"is_variation\";i:0;s:11:\"is_taxonomy\";i:1;}s:22:\"pa_logtag-probe-choice\";a:6:{s:4:\"name\";s:22:\"pa_logtag-probe-choice\";s:5:\"value\";s:0:\"\";s:8:\"position\";i:1;s:10:\"is_visible\";i:1;s:12:\"is_variation\";i:1;s:11:\"is_taxonomy\";i:1;}}"],"_thumbnail_id":["50239"],"_product_image_gallery":["50233"],"_crosssell_ids":["a:0:{}"],"_wpml_word_count":["228"],"_last_translation_edit_mode":["translation-editor"],"_global_unique_id":["850040258066"],"rank_math_focus_keyword":["UTREL30-WiFi"],"specifications_table":["<table class=\"w-full\">\n<tbody>\n<tr>\n<td class=\"text-base font-semibold font-gray\">Intervallo di misurazione del sensore esterno<\/td>\n<td class=\"text-base font-gray-300\">Da -90\u00b0C a +40\u00b0C (da -130\u00b0F a +104\u00b0F).<\/td>\n<\/tr>\n<tr>\n<td class=\"text-base font-semibold font-gray\">Temperatura di esercizio<\/td>\n<td class=\"text-base font-gray-300\">Da -30\u00b0C a +60\u00b0C (da -22\u00b0F a +140\u00b0F).<\/td>\n<\/tr>\n<tr>\n<td class=\"text-base font-semibold font-gray\">Risoluzione della temperatura nominale<\/td>\n<td class=\"text-base font-gray-300\">0,1\u00b0C (0,2\u00b0F) per misurazioni da -80\u00b0C a 10\u00b0C (da -112\u00b0F a 50\u00b0F)\n0,2\u00b0C (0,4\u00b0F) per misurazioni da 10\u00b0C a 20\u00b0C (da 50\u00b0F a 68\u00b0F) e da -90\u00b0C a -80\u00b0C (da -130\u00b0F a -112\u00b0F)\n0,3\u00b0C (0,5\u00b0F) per misurazioni da 20\u00b0C a 30\u00b0C (da 68\u00b0F a 86\u00b0F) 0,5\u00b0C (0,9\u00b0F) per misurazioni da 30\u00b0C a 40\u00b0C (da 86\u00b0F a 104\u00b0F) 5\u00b0F) per le misurazioni da 20\u00b0C a 30\u00b0C (da 68\u00b0F a 86\u00b0F)\n0,5\u00b0C (0,9\u00b0F) per le misurazioni da 30\u00b0C a 40\u00b0C (da 86\u00b0F a 104\u00b0F)\nLogTag Analyzer attualmente visualizza con una cifra decimale \u00b0C o \u00b0F. La risoluzione nativa \u00e8 quella memorizzata nel LogTag\u00ae. <\/td>\n<\/tr>\n<tr>\n<td class=\"text-base font-semibold font-gray\">Precisione di lettura della temperatura nominale<\/td>\n<td class=\"text-base font-gray-300\">Migliore di \u00b10,5\u00b0C per -20\u00b0C a +10\u00b0C (da -4\u00b0F a 50\u00b0F)\nMigliore di \u00b10.7\u00b0C per temperature da -50\u00b0C a -20\u00b0C (da -58\u00b0F a -4\u00b0F) e da +10\u00b0C a +30\u00b0C (da 50\u00b0F a 86\u00b0F)\nMigliore di \u00b11\u00b0C per temperature da -80\u00b0C a -50\u00b0C (da -112\u00b0F a -58\u00b0F ) e da +30\u00b0C a +40\u00b0C (da 86\u00b0F a 104\u00b0F)\nMigliore di \u00b11,8\u00b0C per temperature da -90\u00b0C a -80\u00b0C (da -130\u00b0F a -112\u00b0F)<\/td>\n<\/tr>\n<tr>\n<td class=\"text-base font-semibold font-gray\">Connettivit\u00e0 della sonda<\/td>\n<td class=\"text-base font-gray-300\">Fino a 2<\/td>\n<\/tr>\n<tr>\n<td class=\"text-base font-semibold font-gray\">Compatibilit\u00e0 della sonda<\/td>\n<td class=\"text-base font-gray-300\">Tutte le sonde esterne a termistore di precisione ST100 possono essere collegate in modo intercambiabile a UTREL30-WiFi. Consulta la pagina delle sonde esterne sul sito web di LogTag North America. <\/td>\n<\/tr>\n<tr>\n<td class=\"text-base font-semibold font-gray\">Capacit\u00e0 di registrazione<\/td>\n<td class=\"text-base font-gray-300\">32.000 memorie di registro totali. Fornisce 16.000 letture di temperatura per canale.\nMemoria di riepilogo delle statistiche giornaliere (per la visualizzazione sul display LCD): fino a 30 giorni di statistiche di Min\/Max\/durata e di attivazione degli allarmi. <\/td>\n<\/tr>\n<tr>\n<td class=\"text-base font-semibold font-gray\">Intervallo di campionamento<\/td>\n<td class=\"text-base font-gray-300\">Configurabile da 30 secondi a 18 ore.<\/td>\n<\/tr>\n<tr>\n<td class=\"text-base font-semibold font-gray\">Opzioni di avvio della registrazione<\/td>\n<td class=\"text-base font-gray-300\">Avvio tramite pulsante (con ritardo di avvio configurabile da 1 minuto a 72 ore) o data e ora specifiche.<\/td>\n<\/tr>\n<tr>\n<td class=\"text-base font-semibold font-gray\">Tempo di download<\/td>\n<td class=\"text-base font-gray-300\">In genere con la memoria piena (32.130 letture) in meno di 10 secondi.<\/td>\n<\/tr>\n<tr>\n<td class=\"text-base font-semibold font-gray\">Ambientali<\/td>\n<td class=\"text-base font-gray-300\">IP61 (se montato o appeso in verticale).<\/td>\n<\/tr>\n<tr>\n<td class=\"text-base font-semibold font-gray\">Calibrazione<\/td>\n<td class=\"text-base font-gray-300\">Calibrato in fabbrica utilizzando apparecchiature di riferimento equivalenti al NIST. Il certificato di calibrazione \u00e8 disponibile su richiesta. <\/td>\n<\/tr>\n<tr>\n<td class=\"text-base font-semibold font-gray\">Alimentazione<\/td>\n<td class=\"text-base font-gray-300\">5V tramite presa micro USB oppure, 2 batterie alcaline AAA da 1,5V,\nCR2032 3V LiMnO2 (solo per la funzione di registrazione di backup)<\/td>\n<\/tr>\n<tr>\n<td class=\"text-base font-semibold font-gray\">Durata della batteria<\/td>\n<td class=\"text-base font-gray-300\">Il dispositivo deve essere normalmente alimentato tramite USB.\nLe batterie AAA forniscono un'alimentazione di riserva per un massimo di 2 mesi. <\/td>\n<\/tr>\n<tr>\n<td class=\"text-base font-semibold font-gray\">Interfaccia di connessione<\/td>\n<td class=\"text-base font-gray-300\">USB 2.0 \/ Micro USB.<\/td>\n<\/tr>\n<tr>\n<td class=\"text-base font-semibold font-gray\">WiFi<\/td>\n<td class=\"text-base font-gray-300\">802.11 b\/g\/n<\/td>\n<\/tr>\n<tr>\n<td class=\"text-base font-semibold font-gray\">Metodi di autenticazione WiFi<\/td>\n<td class=\"text-base font-gray-300\">Aperto, WPA2\/PSK (con o senza PMF), EAP-PEAP, EAP-TTLS<\/td>\n<\/tr>\n<tr>\n<td class=\"text-base font-semibold font-gray\">Bluetooth<\/td>\n<td class=\"text-base font-gray-300\">Il dispositivo deve essere normalmente alimentato tramite USB.\nLe batterie AAA forniscono un'alimentazione di riserva per un massimo di 2 mesi. <\/td>\n<\/tr>\n<tr>\n<td class=\"text-base font-semibold font-gray\">Interfaccia di connessione<\/td>\n<td class=\"text-base font-gray-300\">USB 2.0 \/ Micro USB.<\/td>\n<\/tr>\n<tr>\n<td class=\"text-base font-semibold font-gray\">WiFi<\/td>\n<td class=\"text-base font-gray-300\">802.11 b\/g\/n<\/td>\n<\/tr>\n<tr>\n<td class=\"text-base font-semibold font-gray\">Metodi di autenticazione WiFi<\/td>\n<td class=\"text-base font-gray-300\">Aperto, WPA2\/PSK (con o senza PMF), EAP-PEAP, EAP-TTLS<\/td>\n<\/tr>\n<tr>\n<td class=\"text-base font-semibold font-gray\">Bluetooth\u00ae<\/td>\n<td class=\"text-base font-gray-300\">Bluetooth\u00ae V4.2 BR\/EDR e Bluetooth LE\u00ae.<\/td>\n<\/tr>\n<tr>\n<td class=\"text-base font-semibold font-gray\">Dimensioni<\/td>\n<td class=\"text-base font-gray-300\">141 mm (H) x 72 mm (L) x 18 mm (T).<\/td>\n<\/tr>\n<tr>\n<td class=\"text-base font-semibold font-gray\">Peso<\/td>\n<td class=\"text-base font-gray-300\">158g con batterie AAA (134g - esclusa la sonda e le batterie AAA).<\/td>\n<\/tr>\n<tr>\n<td class=\"text-base font-semibold font-gray\">Materiale della custodia<\/td>\n<td class=\"text-base font-gray-300\">Policarbonato.<\/td>\n<\/tr>\n<\/tbody>\n<\/table>"],"resources":["<ul class=\"resources-list\">\n \t<li><img src=\"https:\/\/praxas.com\/wp-content\/uploads\/document-icon.png\" alt=\"Icona del documento\"><a href=\"https:\/\/praxas.com\/wp-content\/uploads\/LogTag_UTREL30-WiFi_Brochure.pdf\">Opuscolo LogTag UTREL30-WiFi<\/a><\/li>\n \t<li><img src=\"https:\/\/praxas.com\/wp-content\/uploads\/document-icon.png\" alt=\"Icona del documento\"><a href=\"https:\/\/praxas.com\/wp-content\/uploads\/UTREL30-WiFi-QuickStartGuide.pdf\">Guida rapida di LogTag UTREL30-WiFi<\/a><\/li>\n \t<li><img src=\"https:\/\/praxas.com\/wp-content\/uploads\/document-icon.png\" alt=\"Icona del documento\"><a href=\"https:\/\/praxas.com\/wp-content\/uploads\/Bluetooth_Connection_Guide-1.pdf\">Guida al Bluetooth LogTag UTREL30-WiFi<\/a><\/li>\n<\/ul>"],"accessories":["[products skus=\"WBM-02,Buffer Bottle\"]"],"_uag_page_assets":["a:9:{s:3:\"css\";s:0:\"\";s:2:\"js\";s:0:\"\";s:18:\"current_block_list\";a:0:{}s:8:\"uag_flag\";b:0;s:11:\"uag_version\";s:10:\"1776763693\";s:6:\"gfonts\";a:0:{}s:10:\"gfonts_url\";s:0:\"\";s:12:\"gfonts_files\";a:0:{}s:14:\"uag_faq_layout\";b:0;}"],"rank_math_internal_links_processed":["1"],"_max_variation_price":[""],"_max_variation_regular_price":[""],"_max_variation_sale_price":[""],"_min_variation_price":[""],"_min_variation_regular_price":[""],"_min_variation_sale_price":[""],"_regular_price":[""],"_sale_price":[""],"_wc_pb_base_regular_price":[""],"_wc_pb_base_sale_price":[""],"_wc_pb_base_price":[""],"_wc_sw_max_price":[""],"_wc_sw_max_regular_price":[""],"_wc_rating_count":[""],"_wc_review_count":[""],"_wc_average_rating":[0]},"uagb_featured_image_src":{"full":["https:\/\/praxas.com\/wp-content\/uploads\/UTREL30-WiFi.jpg",1200,680,false],"thumbnail":["https:\/\/praxas.com\/wp-content\/uploads\/UTREL30-WiFi-150x150.jpg",150,150,true],"medium":["https:\/\/praxas.com\/wp-content\/uploads\/UTREL30-WiFi-300x170.jpg",300,170,true],"medium_large":["https:\/\/praxas.com\/wp-content\/uploads\/UTREL30-WiFi-768x435.jpg",768,435,true],"large":["https:\/\/praxas.com\/wp-content\/uploads\/UTREL30-WiFi-1024x580.jpg",1024,580,true],"1536x1536":["https:\/\/praxas.com\/wp-content\/uploads\/UTREL30-WiFi.jpg",1200,680,false],"2048x2048":["https:\/\/praxas.com\/wp-content\/uploads\/UTREL30-WiFi.jpg",1200,680,false],"crunchify-admin-post-featured-image":["https:\/\/praxas.com\/wp-content\/uploads\/UTREL30-WiFi-120x68.jpg",120,68,true],"commercegurus-pdp-large":["https:\/\/praxas.com\/wp-content\/uploads\/UTREL30-WiFi-990x561.jpg",990,561,true],"commercegurus-plp-mobile":["https:\/\/praxas.com\/wp-content\/uploads\/UTREL30-WiFi-441x250.jpg",441,250,true],"cgkit_image_swatch":["https:\/\/praxas.com\/wp-content\/uploads\/UTREL30-WiFi-100x100.jpg",100,100,true],"woocommerce_thumbnail":["https:\/\/praxas.com\/wp-content\/uploads\/UTREL30-WiFi-350x198.jpg",350,198,true],"woocommerce_single":["https:\/\/praxas.com\/wp-content\/uploads\/UTREL30-WiFi-800x453.jpg",800,453,true],"woocommerce_gallery_thumbnail":["https:\/\/praxas.com\/wp-content\/uploads\/UTREL30-WiFi-150x85.jpg",150,85,true]},"uagb_author_info":{"display_name":"Alex James","author_link":"https:\/\/praxas.com\/it\/author\/"},"uagb_comment_info":0,"uagb_excerpt":"Da -90\u00b0C a +40\u00b0C Doppio canale, capacit\u00e0 di 32.000 letture Caricamento WiFi in tempo reale su LogTag Online Riepilogo degli allarmi per 30 giorni sul display LCD Allarmi acustici e visivi integrati","_links":{"self":[{"href":"https:\/\/praxas.com\/it\/wp-json\/wp\/v2\/product\/50245","targetHints":{"allow":["GET"]}}],"collection":[{"href":"https:\/\/praxas.com\/it\/wp-json\/wp\/v2\/product"}],"about":[{"href":"https:\/\/praxas.com\/it\/wp-json\/wp\/v2\/types\/product"}],"wp:featuredmedia":[{"embeddable":true,"href":"https:\/\/praxas.com\/it\/wp-json\/wp\/v2\/media\/50239"}],"wp:attachment":[{"href":"https:\/\/praxas.com\/it\/wp-json\/wp\/v2\/media?parent=50245"}],"wp:term":[{"taxonomy":"product_brand","embeddable":true,"href":"https:\/\/praxas.com\/it\/wp-json\/wp\/v2\/product_brand?post=50245"},{"taxonomy":"product_cat","embeddable":true,"href":"https:\/\/praxas.com\/it\/wp-json\/wp\/v2\/product_cat?post=50245"},{"taxonomy":"product_tag","embeddable":true,"href":"https:\/\/praxas.com\/it\/wp-json\/wp\/v2\/product_tag?post=50245"}],"curies":[{"name":"wp","href":"https:\/\/api.w.org\/{rel}","templated":true}]}}