{"id":50303,"date":"2025-06-23T12:32:47","date_gmt":"2025-06-23T10:32:47","guid":{"rendered":"https:\/\/praxas.com\/product\/senza-categoria\/registratore-di-temperatura-per-vaccini-vaxtag-2\/"},"modified":"2025-10-09T10:20:36","modified_gmt":"2025-10-09T08:20:36","slug":"registratore-di-temperatura-per-vaccini-vaxtag-2","status":"publish","type":"product","link":"https:\/\/praxas.com\/it\/product\/registratori-di-dati\/monitoraggio-dei-vaccini\/registratore-di-temperatura-per-vaccini-vaxtag-2\/","title":{"rendered":"Registratore di temperatura per vaccini VAXTAG+"},"content":{"rendered":"<p><strong>Registratore di dati di temperatura USB Multi-Trip | OMS PQS<\/strong><\/p>\n<p data-start=\"452\" data-end=\"761\">Il VAXTAG+ \u00e8 un registratore di dati di temperatura multiuso progettato per monitorare le condizioni di conservazione dei vaccini nelle strutture sanitarie e nei depositi intermedi. \u00c8 pienamente conforme alle specifiche PQS E006\/TR06.013 dell \u201cOrganizzazione Mondiale della Sanit\u00e0 ed \u00e8 classificato con il codice PQS E006\/013 dell\u201d OMS. <\/p>\n<p data-start=\"763\" data-end=\"1139\">Dotato di un display LCD di facile lettura e di una USB integrata, VAXTAG+ consente di scaricare rapidamente i report in formato PDF senza dover ricorrere a software specializzati. Memorizza oltre 16.000 letture di temperatura con data e ora e fornisce un riepilogo continuo di 30 giorni visualizzabile direttamente sullo schermo, oltre al monitoraggio separato delle temperature pi\u00f9 alte e pi\u00f9 basse registrate in un periodo di 67 giorni. <\/p>\n<p data-start=\"1141\" data-end=\"1181\">Le impostazioni di allarme preconfigurate includono:<\/p>\n<ul data-start=\"1182\" data-end=\"1278\">\n<li data-start=\"1182\" data-end=\"1231\">\n<p data-start=\"1184\" data-end=\"1231\"><strong data-start=\"1184\" data-end=\"1198\">Allarme basso:<\/strong> -0,5\u00b0C o inferiore per 60 minuti<\/p>\n<\/li>\n<li data-start=\"1232\" data-end=\"1278\">\n<p data-start=\"1234\" data-end=\"1278\"><strong data-start=\"1234\" data-end=\"1249\">Allarme alto:<\/strong> +8\u00b0C o superiore per 10 ore<\/p>\n<\/li>\n<\/ul>\n<p data-start=\"1280\" data-end=\"1375\">Se un&#8217;escursione termica supera questi limiti, sul display appare un indicatore visivo.<\/p>\n<p data-start=\"1377\" data-end=\"1673\">Gli utenti possono controllare la cronologia degli allarmi direttamente sul dispositivo o scaricare i record dettagliati via USB per analizzarli con il software gratuito LogTag Analyzer. Il software consente di visualizzare grafici, tabelle e statistiche, oltre a funzioni di esportazione e archiviazione dei dati per supportare la tenuta dei registri e la conformit\u00e0. <\/p>\n","protected":false},"excerpt":{"rendered":"<ul>\n<li>Da -30\u00b0C a +60\u00b0C<\/li>\n<li data-start=\"272\" data-end=\"318\">USB integrata per rapporti PDF senza software<\/li>\n<li data-start=\"319\" data-end=\"353\">Elenco PQS dell&#8217;OMS (Codice E006\/013)<\/li>\n<li data-start=\"354\" data-end=\"402\">Allarme visivo sul display LCD in caso di superamento della temperatura<\/li>\n<li data-start=\"403\" data-end=\"450\">Memoria di 67 giorni con riepilogo di 30 giorni sullo schermo<\/li>\n<\/ul>\n","protected":false},"featured_media":50300,"template":"","meta":{"_acf_changed":false,"content-type":"","_uag_custom_page_level_css":""},"product_brand":[],"product_cat":[1913,1936,1892],"product_tag":[2512,2264],"class_list":{"0":"post-50303","1":"product","2":"type-product","3":"status-publish","4":"has-post-thumbnail","6":"product_cat-monitoraggio-dei-vaccini","7":"product_cat-registratori-di-dati","8":"product_cat-registratori-di-dati-di-temperatura","9":"product_tag-logtag-it","10":"product_tag-temperatura","12":"first","13":"instock","14":"taxable","15":"shipping-taxable","16":"purchasable","17":"product-type-simple"},"bundled_by":[],"bundle_stock_status":"instock","bundle_stock_quantity":null,"bundle_virtual":false,"bundle_layout":"","bundle_add_to_cart_form_location":"","bundle_editable_in_cart":false,"bundle_sold_individually_context":"","bundle_item_grouping":"","bundle_min_size":"","bundle_max_size":"","bundle_price":[],"bundled_items":[],"bundle_sell_ids":[],"acf":[],"spectra_custom_meta":{"hubwoo_ecomm_pro_id":["25172811317"],"_wcml_average_rating":[null],"_wcml_review_count":[null],"_wcml_rating_count":[null],"_backorders":["no"],"_download_limit":["-1"],"_download_expiry":["-1"],"_downloadable":["no"],"_manage_stock":["no"],"_sku":["VAXTAG+"],"_stock_status":["instock"],"_sold_individually":["no"],"_tax_class":[""],"_tax_status":["taxable"],"_virtual":["no"],"total_sales":["0"],"_regular_price":["55.30"],"_price":["55.30"],"product_datasheet":[""],"_product_datasheet":["field_650ad7d6ea3a0"],"connectivity":["USB"],"_connectivity":["field_64dce263bb57c"],"brand":["LogTag"],"_brand":["field_64ddf62ed2593"],"brand_image":[""],"_brand_image":["field_650c5e7c84cae"],"_specifications_table":["field_65044e1db92a8"],"_display_data_alarm":["field_667d647bcb066"],"_resources":["field_650849c6945ee"],"_calibration":["field_66a0ddd599972"],"_accessories":["field_650849e6945f0"],"_faqs":["field_650859523d8d5"],"_calibration_suitable_ids_gb":["field_654b4c4acb54a"],"_calibration_suitable_ids_us":["field_654b4c56cb54b"],"_show_in_calibration_suitable":["field_654cfb691d345"],"_other_features":["field_668524f8c98a4"],"_shipping":["field_66852535c98a5"],"_refrigerant_cabinet":["field_66852557c98a6"],"_main_specifications":["field_66855b25b1245"],"_usd_price_4":["field_651570dcac479"],"_usd_price_9":["field_6515713eb4807"],"_usd_price_24":["field_65157141b4809"],"_usd_price_49":["field_65157140b4808"],"_usd_price_99":["field_6515715bb480a"],"_gbp_price_4":["field_6515716e83bfa"],"_gbp_price_9":["field_6515724783bfb"],"_gbp_price_24":["field_6515724b83bfc"],"_gbp_price_49":["field_6515725983bfd"],"_gbp_price_99":["field_6515725d83bfe"],"_usdhk_price_4":["field_6515726f83bff"],"_usdhk_price_9":["field_6515727c83c00"],"_usdhk_price_24":["field_6515728083c01"],"_usdhk_price_49":["field_6515728983c02"],"_usdhk_price_99":["field_6515728e83c03"],"stock_options":["In stock"],"_stock_options":["field_6544b605dc7f9"],"rank_math_primary_product_cat":["100"],"min_temp":["-30"],"max_temp":["60"],"_min_temp":["field_67ea5eb4e0a77"],"_max_temp":["field_67ea5f81e0a79"],"_top_nav_excluded":[""],"_cms_nav_minihome":[""],"wcml_sync_hash":["a:1:{s:15:\"postmeta_fields\";s:32:\"696eb5834436b06c4430a2857d349d36\";}"],"attr_label_translations":["a:0:{}"],"_product_attributes":["a:1:{s:16:\"pa_product-brand\";a:6:{s:4:\"name\";s:16:\"pa_product-brand\";s:5:\"value\";s:0:\"\";s:8:\"position\";i:0;s:10:\"is_visible\";i:1;s:12:\"is_variation\";i:0;s:11:\"is_taxonomy\";i:1;}}"],"_thumbnail_id":["50300"],"_product_image_gallery":[""],"_crosssell_ids":["a:0:{}"],"_wpml_word_count":["287"],"_last_translation_edit_mode":["translation-editor"],"rank_math_focus_keyword":["VAXTAG+"],"specifications_table":["<table class=\"w-full\">\n<tbody>\n<tr>\n<td class=\"text-base font-semibold font-gray\">Intervallo di misurazione del sensore<\/td>\n<td class=\"text-base font-gray-300\">Da -30 \u00b0C a +60 \u00b0C (da -22 \u00b0F a +140 \u00b0F)<\/td>\n<\/tr>\n<tr>\n<td class=\"text-base font-semibold font-gray\">Temperatura di esercizio<\/td>\n<td class=\"text-base font-gray-300\">Da -30 \u00b0C a +65 \u00b0C (da -22 \u00b0F a +149 \u00b0F)<\/td>\n<\/tr>\n<tr>\n<td class=\"text-base font-semibold font-gray\">Temperatura di conservazione<\/td>\n<td class=\"text-base font-gray-300\">Da 0 \u00b0C a +55 \u00b0C (da +32\u00b0 F a +131 \u00b0F)<\/td>\n<\/tr>\n<tr>\n<td class=\"text-base font-semibold font-gray\">Risoluzione della lettura della temperatura nominale<\/td>\n<td class=\"text-base font-gray-300\">0,1 \u00b0C (0,1 \u00b0F) su tutta la gamma<\/td>\n<\/tr>\n<tr>\n<td class=\"text-base font-semibold font-gray\">Precisione di lettura della temperatura nominale<\/td>\n<td class=\"text-base font-gray-300\">Migliore di \u00b10,5 \u00b0C (\u00b10,9 \u00b0F) per -20 \u00b0C a +40 \u00b0C (-4 \u00b0F a 104 \u00b0F)\nMigliore di \u00b10,7 \u00b0C (\u00b11,3 \u00b0F) per -30 \u00b0C a -20 \u00b0C (-22 \u00b0F a -4 \u00b0F)\nMigliore di \u00b10,7 \u00b0C (\u00b11,3 \u00b0F) per +40 \u00b0C a +60 \u00b0C (104 \u00b0F a 140 \u00b0F)<\/td>\n<\/tr>\n<tr>\n<td class=\"text-base font-semibold font-gray\">Tipo di sonda<\/td>\n<td class=\"text-base font-gray-300\">Interna<\/td>\n<\/tr>\n<tr>\n<td class=\"text-base font-semibold font-gray\">Capacit\u00e0 di registrazione<\/td>\n<td class=\"text-base font-gray-300\">16.065 letture di temperatura. 67 giorni a 6 minuti di registrazione. <\/td>\n<\/tr>\n<tr>\n<td class=\"text-base font-semibold font-gray\">Intervallo di campionamento<\/td>\n<td class=\"text-base font-gray-300\">Impostato in fabbrica su un intervallo di 6 minuti.<\/td>\n<\/tr>\n<tr>\n<td class=\"text-base font-semibold font-gray\">Opzioni di avvio della registrazione<\/td>\n<td class=\"text-base font-gray-300\">Avvio a pulsante con ritardo di 30 minuti<\/td>\n<\/tr>\n<tr>\n<td class=\"text-base font-semibold font-gray\">Indicazione di registrazione<\/td>\n<td class=\"text-base font-gray-300\">Indicatore di stato \u201cRECORDING\u201d.<\/td>\n<\/tr>\n<tr>\n<td class=\"text-base font-semibold font-gray\">Attivazione dell'allarme<\/td>\n<td class=\"text-base font-gray-300\">Allarme basso: esposizione a un singolo evento di temperatura pari o inferiore a -0,5\u00b0C per 60 minuti.\nAllarme alto: Esposizione a un singolo evento di temperatura pari o superiore a +8\u00b0C per 10 ore.<\/td>\n<\/tr>\n<tr>\n<td class=\"text-base font-semibold font-gray\">Tempo di download<\/td>\n<td class=\"text-base font-gray-300\">In genere con la memoria piena (16.065 letture) meno di 30 secondi dal momento dell \u201cinserimento alla disponibilit\u00e0 del report PDF\n.\nIn genere meno di 10 secondi dal momento dell\u201d inserimento alla disponibilit\u00e0 del file LTD in LogTag Analyzer (se configurato).<\/td>\n<\/tr>\n<tr>\n<td class=\"text-base font-semibold font-gray\">Ambiente<\/td>\n<td class=\"text-base font-gray-300\">IEC 60529: IP65 con cappuccio USB montato<\/td>\n<\/tr>\n<tr>\n<td class=\"text-base font-semibold font-gray\">Calibrazione<\/td>\n<td class=\"text-base font-gray-300\">Calibrazione in fabbrica con strumenti tracciabili da un laboratorio di prova accreditato ISO\/IEC 17025.<\/td>\n<\/tr>\n<tr>\n<td class=\"text-base font-semibold font-gray\">Fonte di alimentazione<\/td>\n<td class=\"text-base font-gray-300\">CR2450 3V LiMnO2 (batteria fissa).<\/td>\n<\/tr>\n<tr>\n<td class=\"text-base font-semibold font-gray\">Durata della batteria<\/td>\n<td class=\"text-base font-gray-300\">In genere 4 anni con la modalit\u00e0 screensaver (registrazione di 6 minuti, statistiche riviste sul display non pi\u00f9 di una volta al giorno per non pi\u00f9 di 30 secondi ogni volta, download dei dati mensile) a condizione che il registratore sia mantenuto all \u201cinterno dell\u201d intervallo di temperatura di conservazione quando non viene utilizzato e che il prodotto non venga conservato per pi\u00f9 di 2 anni prima del primo utilizzo.<\/td>\n<\/tr>\n<tr>\n<td class=\"text-base font-semibold font-gray\">Interfaccia di connessione<\/td>\n<td class=\"text-base font-gray-300\">USB 2.0<\/td>\n<\/tr>\n<tr>\n<td class=\"text-base font-semibold font-gray\">Dimensioni<\/td>\n<td class=\"text-base font-gray-300\">107 mm (H) x 54,5 mm (L) x 8,6 mm (T) incluso il cappuccio USB<\/td>\n<\/tr>\n<tr>\n<td class=\"text-base font-semibold font-gray\">Peso<\/td>\n<td class=\"text-base font-gray-300\">46.8 g<\/td>\n<\/tr>\n<tr>\n<td class=\"text-base font-semibold font-gray\">Materiale della custodia<\/td>\n<td class=\"text-base font-gray-300\">Policarbonato<\/td>\n<\/tr>\n<\/tbody>\n<\/table>"],"resources":["<ul class=\"resources-list\">\n \t<li><img src=\"https:\/\/praxas.com\/wp-content\/uploads\/document-icon.png\" alt=\"Icona del documento\"><a href=\"https:\/\/praxas.com\/wp-content\/uploads\/VAXTAG-Brochure-ver.B-1.pdf\">Opuscolo LogTag VAXTAG+<\/a><\/li>\n \t<li><img src=\"https:\/\/praxas.com\/wp-content\/uploads\/document-icon.png\" alt=\"Icona del documento\"><a href=\"https:\/\/praxas.com\/wp-content\/uploads\/LogTag_vaxtag_6-language-guide.pdf\">Guida rapida a LogTag VAXTAG+<\/a><\/li>\n<\/ul>"],"accessories":["[products skus=\"WMB-1,PROTECTIVE ENCLOSURE\"]"],"_uag_page_assets":["a:9:{s:3:\"css\";s:0:\"\";s:2:\"js\";s:0:\"\";s:18:\"current_block_list\";a:0:{}s:8:\"uag_flag\";b:0;s:11:\"uag_version\";s:10:\"1776763693\";s:6:\"gfonts\";a:0:{}s:10:\"gfonts_url\";s:0:\"\";s:12:\"gfonts_files\";a:0:{}s:14:\"uag_faq_layout\";b:0;}"],"rank_math_internal_links_processed":["1"],"_max_variation_price":[""],"_max_variation_regular_price":[""],"_max_variation_sale_price":[""],"_min_variation_price":[""],"_min_variation_regular_price":[""],"_min_variation_sale_price":[""],"_sale_price":[""],"_wc_pb_base_regular_price":[""],"_wc_pb_base_sale_price":[""],"_wc_pb_base_price":[""],"_wc_sw_max_price":[""],"_wc_sw_max_regular_price":[""],"_wc_rating_count":[""],"_wc_review_count":[""],"_wc_average_rating":[0]},"uagb_featured_image_src":{"full":["https:\/\/praxas.com\/wp-content\/uploads\/vaxtag-f.jpg",1200,680,false],"thumbnail":["https:\/\/praxas.com\/wp-content\/uploads\/vaxtag-f-150x150.jpg",150,150,true],"medium":["https:\/\/praxas.com\/wp-content\/uploads\/vaxtag-f-300x170.jpg",300,170,true],"medium_large":["https:\/\/praxas.com\/wp-content\/uploads\/vaxtag-f-768x435.jpg",768,435,true],"large":["https:\/\/praxas.com\/wp-content\/uploads\/vaxtag-f-1024x580.jpg",1024,580,true],"1536x1536":["https:\/\/praxas.com\/wp-content\/uploads\/vaxtag-f.jpg",1200,680,false],"2048x2048":["https:\/\/praxas.com\/wp-content\/uploads\/vaxtag-f.jpg",1200,680,false],"crunchify-admin-post-featured-image":["https:\/\/praxas.com\/wp-content\/uploads\/vaxtag-f-120x68.jpg",120,68,true],"commercegurus-pdp-large":["https:\/\/praxas.com\/wp-content\/uploads\/vaxtag-f-990x561.jpg",990,561,true],"commercegurus-plp-mobile":["https:\/\/praxas.com\/wp-content\/uploads\/vaxtag-f-441x250.jpg",441,250,true],"cgkit_image_swatch":["https:\/\/praxas.com\/wp-content\/uploads\/vaxtag-f-100x100.jpg",100,100,true],"woocommerce_thumbnail":["https:\/\/praxas.com\/wp-content\/uploads\/vaxtag-f-350x198.jpg",350,198,true],"woocommerce_single":["https:\/\/praxas.com\/wp-content\/uploads\/vaxtag-f-800x453.jpg",800,453,true],"woocommerce_gallery_thumbnail":["https:\/\/praxas.com\/wp-content\/uploads\/vaxtag-f-150x85.jpg",150,85,true]},"uagb_author_info":{"display_name":"Alex James","author_link":"https:\/\/praxas.com\/it\/author\/"},"uagb_comment_info":0,"uagb_excerpt":"Da -30\u00b0C a +60\u00b0C USB integrata per rapporti PDF senza software Elenco PQS dell'OMS (Codice E006\/013) Allarme visivo sul display LCD in caso di superamento della temperatura Memoria di 67 giorni con riepilogo di 30 giorni sullo schermo","_links":{"self":[{"href":"https:\/\/praxas.com\/it\/wp-json\/wp\/v2\/product\/50303","targetHints":{"allow":["GET"]}}],"collection":[{"href":"https:\/\/praxas.com\/it\/wp-json\/wp\/v2\/product"}],"about":[{"href":"https:\/\/praxas.com\/it\/wp-json\/wp\/v2\/types\/product"}],"wp:featuredmedia":[{"embeddable":true,"href":"https:\/\/praxas.com\/it\/wp-json\/wp\/v2\/media\/50300"}],"wp:attachment":[{"href":"https:\/\/praxas.com\/it\/wp-json\/wp\/v2\/media?parent=50303"}],"wp:term":[{"taxonomy":"product_brand","embeddable":true,"href":"https:\/\/praxas.com\/it\/wp-json\/wp\/v2\/product_brand?post=50303"},{"taxonomy":"product_cat","embeddable":true,"href":"https:\/\/praxas.com\/it\/wp-json\/wp\/v2\/product_cat?post=50303"},{"taxonomy":"product_tag","embeddable":true,"href":"https:\/\/praxas.com\/it\/wp-json\/wp\/v2\/product_tag?post=50303"}],"curies":[{"name":"wp","href":"https:\/\/api.w.org\/{rel}","templated":true}]}}