{"id":50328,"date":"2025-06-23T15:25:32","date_gmt":"2025-06-23T13:25:32","guid":{"rendered":"https:\/\/praxas.com\/product\/senza-categoria\/haso-8-registratore-di-temperatura-e-umidita\/"},"modified":"2025-08-06T08:08:33","modified_gmt":"2025-08-06T08:08:33","slug":"haso-8-registratore-di-temperatura-e-umidita","status":"publish","type":"product","link":"https:\/\/praxas.com\/it\/product\/registratori-di-dati\/temperatura-e-umidita\/haso-8-registratore-di-temperatura-e-umidita\/","title":{"rendered":"HASO-8 Registratore di temperatura e umidit\u00e0"},"content":{"rendered":"<p data-start=\"137\" data-end=\"195\"><strong data-start=\"137\" data-end=\"195\">HASO-8 &#8211; Registratore di dati di temperatura e umidit\u00e0 a uso singolo<\/strong><\/p>\n<p data-start=\"197\" data-end=\"396\">L&#8217;HASO-8 \u00e8 un data logger monouso progettato per registrare simultaneamente dati di temperatura e umidit\u00e0 ad alta risoluzione, rendendolo ideale per il monitoraggio della catena del freddo e per le applicazioni di stoccaggio e trasporto.<\/p>\n<p data-start=\"398\" data-end=\"724\">Con la possibilit\u00e0 di memorizzare fino a 8.000 letture accoppiate di umidit\u00e0 e temperatura, l&#8217;HASO-8 \u00e8 racchiuso in una resistente custodia in policarbonato e dispone di un sensore a risposta rapida con orologio in tempo reale per registrazioni precise. I limiti di allarme alti e bassi personalizzabili attivano un indicatore visivo di &#8220;ALERT&#8221; quando si verificano delle escursioni. <\/p>\n<p data-start=\"726\" data-end=\"739\">Caratteristiche principali:<\/p>\n<ul data-start=\"741\" data-end=\"1334\">\n<li data-start=\"741\" data-end=\"821\">Intervalli di misurazione:\n<ul data-start=\"765\" data-end=\"821\">\n<li data-start=\"765\" data-end=\"794\">Temperatura: da -40\u00b0C a +85\u00b0C<\/li>\n<li data-start=\"797\" data-end=\"821\">Umidit\u00e0: da 0 a 100% RH<\/li>\n<\/ul>\n<\/li>\n<li data-start=\"823\" data-end=\"884\">Memorizza fino a 8.000 letture accoppiate di temperatura e umidit\u00e0<\/li>\n<li data-start=\"886\" data-end=\"945\">Indicatori \u201cOK\u201d e \u201cALERT\u201d per un feedback immediato sullo stato di funzionamento<\/li>\n<li data-start=\"947\" data-end=\"977\">Involucro in policarbonato resistente<\/li>\n<li data-start=\"979\" data-end=\"1035\">Sensore a risposta rapida per un monitoraggio accurato in tempo reale<\/li>\n<li data-start=\"1037\" data-end=\"1087\">Allarmi personalizzabili attraverso il software LogTag Analyzer<\/li>\n<li data-start=\"1089\" data-end=\"1172\">I dati vengono scaricati tramite l&#8217;interfaccia standard LogTag utilizzando il software gratuito LogTag Analyzer.<\/li>\n<li data-start=\"1174\" data-end=\"1334\">\u00c8 conforme ai principali standard internazionali:\n<ul data-start=\"1219\" data-end=\"1334\">\n<li data-start=\"1219\" data-end=\"1239\">FDA 21 CFR Parte 11<\/li>\n<li data-start=\"1242\" data-end=\"1255\">Allegato CE 11<\/li>\n<li data-start=\"1258\" data-end=\"1307\">Regolamento IATA sulle merci pericolose (59a edizione)<\/li>\n<li data-start=\"1310\" data-end=\"1334\">CE, FCC, RCM e RoHS<\/li>\n<\/ul>\n<\/li>\n<\/ul>\n<p>&nbsp;<\/p>\n","protected":false},"excerpt":{"rendered":"<ul>\n<li>Da -40\u00b0C a +85\u00b0C<\/li>\n<li>Gamma di umidit\u00e0 da 0 a 100% RH<\/li>\n<li>Monouso con 8.000 letture appaiate<\/li>\n<li>Indicatori di stato &#8220;OK&#8221; e &#8220;ALERT<\/li>\n<li>Tempi di risposta rapidi per il monitoraggio dei trasporti<\/li>\n<\/ul>\n","protected":false},"featured_media":50325,"template":"","meta":{"_acf_changed":false,"content-type":"","_uag_custom_page_level_css":""},"product_brand":[],"product_cat":[1880,1936],"product_tag":[2512,2264],"class_list":{"0":"post-50328","1":"product","2":"type-product","3":"status-publish","4":"has-post-thumbnail","6":"product_cat-temperatura-e-umidita","7":"product_cat-registratori-di-dati","8":"product_tag-logtag-it","9":"product_tag-temperatura","11":"first","12":"instock","13":"taxable","14":"shipping-taxable","15":"purchasable","16":"product-type-simple"},"bundled_by":[],"bundle_stock_status":"instock","bundle_stock_quantity":null,"bundle_virtual":false,"bundle_layout":"","bundle_add_to_cart_form_location":"","bundle_editable_in_cart":false,"bundle_sold_individually_context":"","bundle_item_grouping":"","bundle_min_size":"","bundle_max_size":"","bundle_price":[],"bundled_items":[],"bundle_sell_ids":[],"acf":[],"spectra_custom_meta":{"hubwoo_ecomm_pro_id":["25188627819"],"_wcml_average_rating":[null],"_wcml_review_count":[null],"_wcml_rating_count":[null],"_backorders":["no"],"_download_limit":["-1"],"_download_expiry":["-1"],"_downloadable":["no"],"_manage_stock":["no"],"_sku":["HASO-8"],"_stock_status":["instock"],"_sold_individually":["no"],"_tax_class":[""],"_tax_status":["taxable"],"_virtual":["no"],"total_sales":["13"],"_regular_price":["60.90"],"_price":["60.90"],"product_datasheet":[""],"_product_datasheet":["field_650ad7d6ea3a0"],"connectivity":["Interface Cradle"],"_connectivity":["field_64dce263bb57c"],"brand":["LogTag"],"_brand":["field_64ddf62ed2593"],"brand_image":[""],"_brand_image":["field_650c5e7c84cae"],"_specifications_table":["field_65044e1db92a8"],"_display_data_alarm":["field_667d647bcb066"],"_resources":["field_650849c6945ee"],"_calibration":["field_66a0ddd599972"],"_accessories":["field_650849e6945f0"],"_faqs":["field_650859523d8d5"],"_calibration_suitable_ids_gb":["field_654b4c4acb54a"],"_calibration_suitable_ids_us":["field_654b4c56cb54b"],"_show_in_calibration_suitable":["field_654cfb691d345"],"_shipping":["field_66852535c98a5"],"_refrigerant_cabinet":["field_66852557c98a6"],"_main_specifications":["field_66855b25b1245"],"_usd_price_4":["field_651570dcac479"],"_usd_price_9":["field_6515713eb4807"],"_usd_price_24":["field_65157141b4809"],"_usd_price_49":["field_65157140b4808"],"_usd_price_99":["field_6515715bb480a"],"_gbp_price_4":["field_6515716e83bfa"],"_gbp_price_9":["field_6515724783bfb"],"_gbp_price_24":["field_6515724b83bfc"],"_gbp_price_49":["field_6515725983bfd"],"_gbp_price_99":["field_6515725d83bfe"],"_usdhk_price_4":["field_6515726f83bff"],"_usdhk_price_9":["field_6515727c83c00"],"_usdhk_price_24":["field_6515728083c01"],"_usdhk_price_49":["field_6515728983c02"],"_usdhk_price_99":["field_6515728e83c03"],"stock_options":["In stock"],"_stock_options":["field_6544b605dc7f9"],"rank_math_primary_product_cat":["97"],"min_temp":["-40"],"max_temp":["85"],"_min_temp":["field_67ea5eb4e0a77"],"_max_temp":["field_67ea5f81e0a79"],"_top_nav_excluded":[""],"_cms_nav_minihome":[""],"wcml_sync_hash":["a:1:{s:15:\"postmeta_fields\";s:32:\"2a200b88c7199582f474f95df1cf4b4e\";}"],"attr_label_translations":["a:0:{}"],"_product_attributes":["a:1:{s:16:\"pa_product-brand\";a:6:{s:4:\"name\";s:16:\"pa_product-brand\";s:5:\"value\";s:0:\"\";s:8:\"position\";i:0;s:10:\"is_visible\";i:1;s:12:\"is_variation\";i:0;s:11:\"is_taxonomy\";i:1;}}"],"_thumbnail_id":["50325"],"_product_image_gallery":["50319"],"_crosssell_ids":["a:0:{}"],"_wpml_word_count":["272"],"_last_translation_edit_mode":["translation-editor"],"_other_features":["field_686fa2aa98dce"],"_global_unique_id":["850040258189"],"rank_math_focus_keyword":["HASO-8"],"specifications_table":["<table class=\"w-full\">\n<tbody>\n<tr>\n<td class=\"text-base font-semibold font-gray\">Intervallo di misurazione del sensore<\/td>\n<td class=\"text-base font-gray-300\">Da -40\u00b0C a +85\u00b0C (da -40\u00b0F a +185\u00b0F)<\/td>\n<\/tr>\n<tr>\n<td class=\"text-base font-semibold font-gray\">Temperatura di esercizio<\/td>\n<td class=\"text-base font-gray-300\">Da -40\u00b0C a +85\u00b0C (da -40\u00b0F a +185\u00b0F)<\/td>\n<\/tr>\n<tr>\n<td class=\"text-base font-semibold font-gray\">Intervallo di temperatura di conservazione<\/td>\n<td class=\"text-base font-gray-300\">Da +10\u00b0C a +50\u00b0C (da +50\u00b0F a +122\u00b0F)<\/td>\n<\/tr>\n<tr>\n<td class=\"text-base font-semibold font-gray\">Intervallo di misurazione dell'umidit\u00e0<\/td>\n<td class=\"text-base font-gray-300\">Da 0% RH a 100% RH (senza condensa), con limitazioni<\/td>\n<\/tr>\n<tr>\n<td class=\"text-base font-semibold font-gray\">Intervallo di umidit\u00e0 operativa<\/td>\n<td class=\"text-base font-gray-300\">Da 0% RH a 100% RH (senza condensa), con limitazioni<\/td>\n<\/tr>\n<tr>\n<td class=\"text-base font-semibold font-gray\">Intervallo di umidit\u00e0 di conservazione<\/td>\n<td class=\"text-base font-gray-300\">Dal 20% RH al 65% RH<\/td>\n<\/tr>\n<tr>\n<td class=\"text-base font-semibold font-gray\">Precisione di lettura della temperatura nominale<\/td>\n<td class=\"text-base font-gray-300\">Migliore di \u00b10,45\u00b0C (\u00b10,8\u00b0F) da +0\u00b0C a +50\u00b0C (da +32\u00b0F a +122\u00b0F), in genere \u00b10,3\u00b0C (0,6\u00b0F).\nMigliore di \u00b10,8\u00b0C (\u00b11,4\u00b0F) da +50\u00b0C a +80\u00b0C (da +122\u00b0F a +176\u00b0F), in genere \u00b10,5\u00b0C (0,9\u00b0F).\nMigliore di \u00b10,95\u00b0C (\u00b11,7\u00b0F) per temperature da -40\u00b0C a +0\u00b0C (da -40\u00b0F a +32\u00b0F), in genere \u00b10,6\u00b0C (1,1\u00b0F).\nLe prestazioni effettive sono in genere molto migliori dei valori nominali.\nI valori di precisione possono essere migliorati con una ricalibrazione.<\/td>\n<\/tr>\n<tr>\n<td class=\"text-base font-semibold font-gray\">Precisione di lettura dell'umidit\u00e0 nominale<\/td>\n<td class=\"text-base font-gray-300\">Migliore di \u00b15%RH per valori compresi tra 10%RH e 80%RH.\nMigliore di \u00b16%RH per valori compresi tra 0%RH e 10%RH.\nMigliore di \u00b17%RH per valori compresi tra 80%RH e 100%RH.\nLe prestazioni effettive sono in genere molto migliori dei valori nominali.\nI valori di precisione possono essere migliorati mediante ricalibrazione.<\/td>\n<\/tr>\n<tr>\n<td class=\"text-base font-semibold font-gray\">Risoluzione dell'umidit\u00e0<\/td>\n<td class=\"text-base font-gray-300\">Migliore dello 0,1% RH.<\/td>\n<\/tr>\n<tr>\n<td class=\"text-base font-semibold font-gray\">Risoluzione della temperatura<\/td>\n<td class=\"text-base font-gray-300\">Migliore di 0,1\u00b0C o 0,1\u00b0F<\/td>\n<\/tr>\n<tr>\n<td class=\"text-base font-semibold font-gray\">Capacit\u00e0 di registrazione<\/td>\n<td class=\"text-base font-gray-300\">8.003 coppie di letture di umidit\u00e0 e temperatura. 53 giorni con registrazione di 10 minuti, 80 giorni con registrazione di 15 minuti. <\/td>\n<\/tr>\n<tr>\n<td class=\"text-base font-semibold font-gray\">Intervallo di campionamento<\/td>\n<td class=\"text-base font-gray-300\">Intervallo di campionamento<\/td>\n<\/tr>\n<tr>\n<td class=\"text-base font-semibold font-gray\">Opzioni di avvio della registrazione<\/td>\n<td class=\"text-base font-gray-300\">Opzioni di avvio della registrazione<\/td>\n<\/tr>\n<tr>\n<td class=\"text-base font-semibold font-gray\">Indicazione di registrazione<\/td>\n<td class=\"text-base font-gray-300\">Indicatore \u201cOK\u201d lampeggiante \/ indicatore \u201cALERT\u201d lampeggiante.<\/td>\n<\/tr>\n<tr>\n<td class=\"text-base font-semibold font-gray\">Tempo di download<\/td>\n<td class=\"text-base font-gray-300\">In genere meno di 10 secondi per l'intera memoria, a seconda del computer o del dispositivo di lettura utilizzato.<\/td>\n<\/tr>\n<tr>\n<td class=\"text-base font-semibold font-gray\">Ambientali<\/td>\n<td class=\"text-base font-gray-300\">IP61 (se appeso o montato in verticale).<\/td>\n<\/tr>\n<tr>\n<td class=\"text-base font-semibold font-gray\">Fonte di alimentazione<\/td>\n<td class=\"text-base font-gray-300\">CR2032 3V LiMnO2 (fisso)<\/td>\n<\/tr>\n<tr>\n<td class=\"text-base font-semibold font-gray\">Durata della batteria<\/td>\n<td class=\"text-base font-gray-300\">2 anni di conservazione, seguiti da 6 mesi di funzionamento.<\/td>\n<\/tr>\n<tr>\n<td class=\"text-base font-semibold font-gray\">Orologio in tempo reale<\/td>\n<td class=\"text-base font-gray-300\">Orologio in tempo reale incorporato.\nAccuratezza nominale \u00b125ppm @ 25\u00b0C (equivalente a 2,5 secondi\/giorno).\nIl coefficiente di temperatura nominale \u00e8 -0,034 \u00b10,006ppm\/\u00b0C (cio\u00e8 tipicamente +\/- 0,00294 secondi\/giorno\/\u00b0C).<\/td>\n<\/tr>\n<tr>\n<td class=\"text-base font-semibold font-gray\">Interfaccia di connessione<\/td>\n<td class=\"text-base font-gray-300\">Interfaccia Cradle.<\/td>\n<\/tr>\n<tr>\n<td class=\"text-base font-semibold font-gray\">Software<\/td>\n<td class=\"text-base font-gray-300\">Analizzatore LogTag\u00ae.<\/td>\n<\/tr>\n<tr>\n<td class=\"text-base font-semibold font-gray\">Dimensioni<\/td>\n<td class=\"text-base font-gray-300\">86 mm (H) x 54,5 mm (L) x 8,6 mm (T).<\/td>\n<\/tr>\n<tr>\n<td class=\"text-base font-semibold font-gray\">Peso<\/td>\n<td class=\"text-base font-gray-300\">34g.<\/td>\n<\/tr>\n<tr>\n<td class=\"text-base font-semibold font-gray\">Materiale della custodia<\/td>\n<td class=\"text-base font-gray-300\">Policarbonato.<\/td>\n<\/tr>\n<\/tbody>\n<\/table>"],"resources":["<ul class=\"resources-list\">\n \t<li><img src=\"https:\/\/praxas.com\/wp-content\/uploads\/document-icon.png\" alt=\"Icona del documento\"><a href=\"https:\/\/praxas.com\/wp-content\/uploads\/LogTag_HASO-8_Brochure.pdf\">Opuscolo LogTag HASO-8<\/a><\/li>\n \t<li><img src=\"https:\/\/praxas.com\/wp-content\/uploads\/document-icon.png\" alt=\"Icona del documento\"><a href=\"https:\/\/praxas.com\/wp-content\/uploads\/HAXO-8-QuickStartGuide.pdf\">Guida rapida di LogTag HASO-8<\/a><\/li>\n<\/ul>"],"accessories":["[products skus=\"LTI-HID,WMB-1\"]"],"_uag_page_assets":["a:9:{s:3:\"css\";s:0:\"\";s:2:\"js\";s:0:\"\";s:18:\"current_block_list\";a:0:{}s:8:\"uag_flag\";b:0;s:11:\"uag_version\";s:10:\"1777052440\";s:6:\"gfonts\";a:0:{}s:10:\"gfonts_url\";s:0:\"\";s:12:\"gfonts_files\";a:0:{}s:14:\"uag_faq_layout\";b:0;}"],"rank_math_internal_links_processed":["1"],"_max_variation_price":[""],"_max_variation_regular_price":[""],"_max_variation_sale_price":[""],"_min_variation_price":[""],"_min_variation_regular_price":[""],"_min_variation_sale_price":[""],"_sale_price":[""],"_wc_pb_base_regular_price":[""],"_wc_pb_base_sale_price":[""],"_wc_pb_base_price":[""],"_wc_sw_max_price":[""],"_wc_sw_max_regular_price":[""],"_wc_rating_count":[""],"_wc_review_count":[""],"_wc_average_rating":[0]},"uagb_featured_image_src":{"full":["https:\/\/praxas.com\/wp-content\/uploads\/HASO-8_front.jpg",1200,680,false],"thumbnail":["https:\/\/praxas.com\/wp-content\/uploads\/HASO-8_front-150x150.jpg",150,150,true],"medium":["https:\/\/praxas.com\/wp-content\/uploads\/HASO-8_front-300x170.jpg",300,170,true],"medium_large":["https:\/\/praxas.com\/wp-content\/uploads\/HASO-8_front-768x435.jpg",768,435,true],"large":["https:\/\/praxas.com\/wp-content\/uploads\/HASO-8_front-1024x580.jpg",1024,580,true],"1536x1536":["https:\/\/praxas.com\/wp-content\/uploads\/HASO-8_front.jpg",1200,680,false],"2048x2048":["https:\/\/praxas.com\/wp-content\/uploads\/HASO-8_front.jpg",1200,680,false],"crunchify-admin-post-featured-image":["https:\/\/praxas.com\/wp-content\/uploads\/HASO-8_front-120x68.jpg",120,68,true],"commercegurus-pdp-large":["https:\/\/praxas.com\/wp-content\/uploads\/HASO-8_front-990x561.jpg",990,561,true],"commercegurus-plp-mobile":["https:\/\/praxas.com\/wp-content\/uploads\/HASO-8_front-441x250.jpg",441,250,true],"cgkit_image_swatch":["https:\/\/praxas.com\/wp-content\/uploads\/HASO-8_front-100x100.jpg",100,100,true],"woocommerce_thumbnail":["https:\/\/praxas.com\/wp-content\/uploads\/HASO-8_front-350x198.jpg",350,198,true],"woocommerce_single":["https:\/\/praxas.com\/wp-content\/uploads\/HASO-8_front-800x453.jpg",800,453,true],"woocommerce_gallery_thumbnail":["https:\/\/praxas.com\/wp-content\/uploads\/HASO-8_front-150x85.jpg",150,85,true]},"uagb_author_info":{"display_name":"Alex James","author_link":"https:\/\/praxas.com\/it\/author\/"},"uagb_comment_info":0,"uagb_excerpt":"Da -40\u00b0C a +85\u00b0C Gamma di umidit\u00e0 da 0 a 100% RH Monouso con 8.000 letture appaiate Indicatori di stato \"OK\" e \"ALERT Tempi di risposta rapidi per il monitoraggio dei trasporti","_links":{"self":[{"href":"https:\/\/praxas.com\/it\/wp-json\/wp\/v2\/product\/50328","targetHints":{"allow":["GET"]}}],"collection":[{"href":"https:\/\/praxas.com\/it\/wp-json\/wp\/v2\/product"}],"about":[{"href":"https:\/\/praxas.com\/it\/wp-json\/wp\/v2\/types\/product"}],"wp:featuredmedia":[{"embeddable":true,"href":"https:\/\/praxas.com\/it\/wp-json\/wp\/v2\/media\/50325"}],"wp:attachment":[{"href":"https:\/\/praxas.com\/it\/wp-json\/wp\/v2\/media?parent=50328"}],"wp:term":[{"taxonomy":"product_brand","embeddable":true,"href":"https:\/\/praxas.com\/it\/wp-json\/wp\/v2\/product_brand?post=50328"},{"taxonomy":"product_cat","embeddable":true,"href":"https:\/\/praxas.com\/it\/wp-json\/wp\/v2\/product_cat?post=50328"},{"taxonomy":"product_tag","embeddable":true,"href":"https:\/\/praxas.com\/it\/wp-json\/wp\/v2\/product_tag?post=50328"}],"curies":[{"name":"wp","href":"https:\/\/api.w.org\/{rel}","templated":true}]}}