{"id":53344,"date":"2025-11-11T15:37:55","date_gmt":"2025-11-11T14:37:55","guid":{"rendered":"https:\/\/praxas.com\/?post_type=product&#038;p=53344"},"modified":"2025-11-11T16:04:34","modified_gmt":"2025-11-11T15:04:34","slug":"registratore-di-temperatura-trix-16-copy","status":"publish","type":"product","link":"https:\/\/praxas.com\/it\/product\/registratori-di-dati\/registratori-di-dati-di-temperatura\/registratore-di-temperatura-trix-16-copy\/","title":{"rendered":"Registratore di temperatura TRIX-8"},"content":{"rendered":"<p data-start=\"236\" data-end=\"628\">Monitora e registra con precisione l&#8217;esposizione alla temperatura dei prodotti con il <strong data-start=\"308\" data-end=\"354\">registratore di temperatura multiuso LogTag TRIX-8<\/strong>. Progettato per garantire prestazioni affidabili in un&#8217;ampia gamma di applicazioni, questo versatile dispositivo acquisisce dati precisi sulla temperatura in un intervallo di misurazione compreso tra <strong data-start=\"511\" data-end=\"529\">-40\u00b0C e +85\u00b0C<\/strong>, rendendolo ideale per gli ambienti di trasporto, stoccaggio e lavorazione a breve e lunga distanza. <\/p>\n<p data-start=\"630\" data-end=\"945\">Dotato di un <strong data-start=\"647\" data-end=\"666\">sensore interno<\/strong> e di un <strong data-start=\"673\" data-end=\"692\">orologio in tempo reale<\/strong>, il TRIX-8 marca il tempo di ogni lettura, garantendo la piena tracciabilit\u00e0 dei dati di temperatura. Con una <strong data-start=\"785\" data-end=\"822\">capacit\u00e0 di memoria di 8.000 letture<\/strong> e una <strong data-start=\"829\" data-end=\"862\">durata della batteria fino a 3 anni<\/strong>, \u00e8 una soluzione durevole e affidabile per le esigenze di monitoraggio continuo della temperatura. <\/p>\n<p data-start=\"947\" data-end=\"1140\">Il LogTag TRIX-8 \u00e8 <strong data-start=\"968\" data-end=\"1020\">pre-qualificato PQS dell&#8217;OMS (E06\/06: Codice PQS E006\/00)<\/strong>, a conferma della sua conformit\u00e0 agli standard internazionali di qualit\u00e0 e prestazioni nella logistica sensibile alla temperatura.<\/p>\n<p><strong>I vantaggi del logger di temperatura LogTag TRIX-8 includono:<\/strong><\/p>\n<ul>\n<li data-start=\"1219\" data-end=\"1274\">Campo di misura: <strong data-start=\"1236\" data-end=\"1272\"> da -40\u00b0C a +85\u00b0C (da -40\u00b0F a +185\u00b0F)<\/strong><\/li>\n<li data-start=\"1277\" data-end=\"1299\"><strong data-start=\"1277\" data-end=\"1290\">Precisione:<\/strong> \u00b10,5\u00b0C<\/li>\n<li data-start=\"1302\" data-end=\"1339\"><strong data-start=\"1302\" data-end=\"1322\">Capacit\u00e0 di memoria:<\/strong> 8.000 letture<\/li>\n<li data-start=\"1342\" data-end=\"1375\"><strong data-start=\"1342\" data-end=\"1359\">Durata della batteria:<\/strong> Fino a 3 anni<\/li>\n<li data-start=\"1378\" data-end=\"1455\"><strong data-start=\"1378\" data-end=\"1407\">Indicatori &#8216;OK&#8217; e &#8216;ALERT&#8217;<\/strong> con impostazioni di allarme alte e basse personalizzabili<\/li>\n<li data-start=\"1458\" data-end=\"1520\"><strong data-start=\"1458\" data-end=\"1482\">Velocit\u00e0 di download elevata:<\/strong> Meno di 5 secondi per la memoria completa<\/li>\n<li data-start=\"1523\" data-end=\"1582\"><strong data-start=\"1523\" data-end=\"1556\">Alloggiamento in policarbonato resistente<\/strong> per una protezione superiore<\/li>\n<li data-start=\"1585\" data-end=\"1642\"><strong data-start=\"1585\" data-end=\"1605\">Design multiuso<\/strong> per monitoraggi ripetuti a lungo termine<\/li>\n<li data-start=\"1645\" data-end=\"1716\"><strong data-start=\"1645\" data-end=\"1670\">Pre-qualificato PQS dell&#8217;OMS<\/strong>, garantisce affidabilit\u00e0 e conformit\u00e0 a livello globale<\/li>\n<\/ul>\n<h3 data-start=\"1723\" data-end=\"1775\">Monitoraggio efficiente della temperatura in pi\u00f9 viaggi<\/h3>\n<p data-start=\"1777\" data-end=\"2093\">Costruito per garantire prestazioni e flessibilit\u00e0, il TRIX-8 \u00e8 ideale per l&#8217;uso ripetuto in diverse spedizioni o applicazioni di stoccaggio. Il suo design robusto garantisce un funzionamento costante in ambienti difficili, salvaguardando l&#8217;integrit\u00e0 di merci sensibili alla temperatura come vaccini, prodotti farmaceutici, alimenti e prodotti deperibili. <\/p>\n<h3 data-start=\"2100\" data-end=\"2141\">Facile gestione e analisi dei dati<\/h3>\n<p data-start=\"2143\" data-end=\"2494\">Accedi ai tuoi dati senza problemi utilizzando l&#8217;<strong data-start=\"2183\" data-end=\"2203\">interfaccia LogTag<\/strong> e il <strong data-start=\"2212\" data-end=\"2245\">software gratuito <a href=\"https:\/\/praxas.com\/it\/software\/software-logtag\/\">LogTag Analyzer<\/a><\/strong>. Configura le impostazioni del logger, scarica i dati registrati e visualizza i risultati attraverso grafici, statistiche e report. L&#8217;esportazione in <strong data-start=\"2374\" data-end=\"2406\">Excel e in altre applicazioni<\/strong> \u00e8 rapida e semplice e consente un&#8217;integrazione perfetta nel tuo sistema di gestione della qualit\u00e0.  <\/p>\n<h3 data-start=\"2501\" data-end=\"2541\">Qualit\u00e0 e conformit\u00e0 certificate<\/h3>\n<p data-start=\"2543\" data-end=\"2867\">Il LogTag TRIX-8 soddisfa le principali certificazioni internazionali, tra cui <strong data-start=\"2611\" data-end=\"2663\">FCC, CE, C-TICK, T\u00dcV, EN12830, WHO PQS e RoHS<\/strong>, rendendolo uno dei registratori di temperatura pi\u00f9 affidabili e conformi sul mercato. La sua precisione, velocit\u00e0 e capacit\u00e0 di utilizzo multiplo lo rendono il <strong data-start=\"2806\" data-end=\"2866\">punto di riferimento del settore per il monitoraggio affidabile della temperatura<\/strong>. <\/p>\n","protected":false},"excerpt":{"rendered":"<ul>\n<li>8.000 letture Capacit\u00e0 di memoria<\/li>\n<li>Da -40\u00b0C a +85\u00b0C<\/li>\n<li>Indicatori di allarme &#8220;OK&#8221; e &#8220;ALERT<\/li>\n<li>Durata della batteria fino a 3 anni<\/li>\n<li>Download veloce Tempo di risposta rapido<\/li>\n<\/ul>\n","protected":false},"featured_media":53355,"template":"","meta":{"_acf_changed":false,"content-type":"","_uag_custom_page_level_css":""},"product_brand":[],"product_cat":[1892],"product_tag":[2512],"class_list":{"0":"post-53344","1":"product","2":"type-product","3":"status-publish","4":"has-post-thumbnail","6":"product_cat-registratori-di-dati-di-temperatura","7":"product_tag-logtag-it","9":"first","10":"instock","11":"taxable","12":"shipping-taxable","13":"purchasable","14":"product-type-simple"},"bundled_by":[],"bundle_stock_status":"instock","bundle_stock_quantity":null,"bundle_virtual":false,"bundle_layout":"","bundle_add_to_cart_form_location":"","bundle_editable_in_cart":false,"bundle_sold_individually_context":"","bundle_item_grouping":"","bundle_min_size":"","bundle_max_size":"","bundle_price":[],"bundled_items":[],"bundle_sell_ids":[],"acf":[],"spectra_custom_meta":{"_regular_price":["25.20"],"total_sales":["28"],"_tax_status":["taxable"],"_tax_class":[""],"_manage_stock":["no"],"_backorders":["no"],"_sold_individually":["no"],"_weight":["0.033"],"_virtual":["no"],"_downloadable":["no"],"_product_image_gallery":["53361"],"_download_limit":["-1"],"_download_expiry":["-1"],"_thumbnail_id":["53355"],"_stock":[null],"_stock_status":["instock"],"_wcml_average_rating":[null],"_wcml_review_count":[null],"_wcml_rating_count":[null],"_wc_average_rating":[0],"_wc_review_count":["0"],"_product_attributes":["a:1:{s:16:\"pa_product-brand\";a:6:{s:4:\"name\";s:16:\"pa_product-brand\";s:5:\"value\";s:0:\"\";s:8:\"position\";i:0;s:10:\"is_visible\";i:1;s:12:\"is_variation\";i:0;s:11:\"is_taxonomy\";i:1;}}"],"_product_version":["10.3.3"],"_price":["25.20"],"attr_label_translations":["a:1:{s:2:\"it\";a:1:{s:13:\"make-a-choice\";s:14:\"Fai una scelta\";}}"],"product_datasheet":[""],"_product_datasheet":["field_650ad7d6ea3a0"],"_connectivity":["field_64dce263bb57c"],"brand":["LogTag"],"_brand":["field_64ddf62ed2593"],"brand_image":[""],"_brand_image":["field_650c5e7c84cae"],"_specifications_table":["field_65044e1db92a8"],"_display_data_alarm":["field_667d647bcb066"],"_resources":["field_650849c6945ee"],"_accessories":["field_650849e6945f0"],"_faqs":["field_650859523d8d5"],"_calibration_suitable_ids_gb":["field_654b4c4acb54a"],"_calibration_suitable_ids_us":["field_654b4c56cb54b"],"_show_in_calibration_suitable":["field_654cfb691d345"],"_shipping":["field_66852535c98a5"],"_refrigerant_cabinet":["field_66852557c98a6"],"_main_specifications":["field_66855b25b1245"],"_usd_price_4":["field_651570dcac479"],"_usd_price_9":["field_6515713eb4807"],"_usd_price_24":["field_65157141b4809"],"_usd_price_49":["field_65157140b4808"],"_usd_price_99":["field_6515715bb480a"],"_gbp_price_4":["field_6515716e83bfa"],"_gbp_price_9":["field_6515724783bfb"],"_gbp_price_24":["field_6515724b83bfc"],"_gbp_price_49":["field_6515725983bfd"],"_gbp_price_99":["field_6515725d83bfe"],"_usdhk_price_4":["field_6515726f83bff"],"_usdhk_price_9":["field_6515727c83c00"],"_usdhk_price_24":["field_6515728083c01"],"_usdhk_price_49":["field_6515728983c02"],"_usdhk_price_99":["field_6515728e83c03"],"stock_options":["In stock"],"_stock_options":["field_6544b605dc7f9"],"_top_nav_excluded":[""],"_cms_nav_minihome":[""],"wcml_sync_hash":["a:1:{s:15:\"postmeta_fields\";s:32:\"b5c9eab1b2104102b184a534b57f0fd1\";}"],"_last_translation_edit_mode":["translation-editor"],"_calibration":["field_66a0ddd599972"],"connectivity":["Interface Cradle"],"classic-editor-remember":["classic-editor"],"rank_math_seo_score":["78"],"rank_math_contentai_score":["a:5:{s:8:\"keywords\";s:5:\"74.51\";s:9:\"wordCount\";s:1:\"0\";s:9:\"linkCount\";s:1:\"0\";s:12:\"headingCount\";s:1:\"0\";s:10:\"mediaCount\";s:1:\"0\";}"],"commercekit_gallery_layout":[""],"commercekit_disable_sticky_atc":["0"],"commercekit_wc_video_gallery":["a:0:{}"],"_rank_math_gtin_code":[""],"usd_price_4":[""],"usd_price_9":[""],"usd_price_24":[""],"usd_price_49":[""],"usd_price_99":[""],"gbp_price_4":[""],"gbp_price_9":[""],"gbp_price_24":[""],"gbp_price_49":[""],"gbp_price_99":[""],"usdhk_price_4":[""],"usdhk_price_9":[""],"usdhk_price_24":[""],"usdhk_price_49":[""],"usdhk_price_99":[""],"display_data_alarm":[""],"calibration":[""],"faqs":[""],"calibration_suitable_ids_gb":[""],"calibration_suitable_ids_us":[""],"show_in_calibration_suitable":[""],"other_features":[""],"shipping":[""],"refrigerant_cabinet":[""],"main_specifications":[""],"shoptimizer_layout_pdp_short_description_position":["default"],"rank_math_analytic_object_id":["1364"],"_wpml_media_duplicate":["1"],"_wpml_media_featured":["1"],"min_temp":["-40"],"max_temp":["85"],"_min_temp":["field_67ea5eb4e0a77"],"_max_temp":["field_67ea5f81e0a79"],"_wpml_word_count":["512"],"rank_math_primary_product_cat":["87"],"rank_math_primary_product_brand":["0"],"_sku":["TRIX-8"],"_other_features":["field_686fa2aa98dce"],"rank_math_description":["Monitora le temperature da -40\u00b0C a +85\u00b0C con il LogTag Trix-16 Temperature Logger. Registra fino a 8.000 letture, dispone di allarmi personalizzabili e ha un design resistente."],"rank_math_focus_keyword":["TRIX-8"],"specifications_table":["<table class=\"specifications\">\n<tbody>\n<tr>\n<td class=\"left-td\">Intervallo di misurazione del sensore<\/td>\n<td>Da -40\u00b0C a +85\u00b0C (da -40\u00b0F a +185\u00b0F)<\/td>\n<\/tr>\n<tr>\n<td class=\"left-td\">Temperatura di esercizio<\/td>\n<td>Da -40\u00b0C a +85\u00b0C (da -40\u00b0F a +185\u00b0F)<\/td>\n<\/tr>\n<tr>\n<td class=\"left-td\">Temperatura di conservazione<\/td>\n<td>Da -30\u00b0C a +55\u00b0C (da -22\u00b0F a +131\u00b0F)<\/td>\n<\/tr>\n<tr>\n<td class=\"left-td\">Precisione di lettura della temperatura nominale<\/td>\n<td>Migliore di \u00b10,5\u00b0C per -20\u00b0C a +40\u00b0C\nMigliore di \u00b10,7\u00b0C per -30\u00b0C a -20\u00b0C e +40\u00b0C a +60\u00b0C\nMigliore di \u00b10,8\u00b0C per +60\u00b0C a +85\u00b0C\nMigliore di \u00b10,9\u00b0C per -40\u00b0C a -30\u00b0C\nLe prestazioni effettive sono in genere molto migliori dei valori nominali.\nI valori di precisione possono essere migliorati con la ricalibrazione.<\/td>\n<\/tr>\n<tr>\n<td class=\"left-td\">Risoluzione della lettura della temperatura nominale<\/td>\n<td>Meno di 0,1\u00b0C per -40\u00b0C a +40\u00b0C\nMeno di 0,2\u00b0C per +40\u00b0C a +80\u00b0C\nMeno di 0,4\u00b0C per +80\u00b0C a +85\u00b0C\nLogTag Analyzer\u00ae attualmente visualizza con una cifra decimale \u00b0C o \u00b0F. La risoluzione nativa \u00e8 quella memorizzata nel LogTag\u00ae. <\/td>\n<\/tr>\n<tr>\n<td class=\"left-td\">Tempo di reazione del sensore<\/td>\n<td>Tipicamente inferiore a 5 minuti (T90) in aria in movimento (1m\/s)<\/td>\n<\/tr>\n<tr>\n<td class=\"left-td\">Capacit\u00e0 di registrazione<\/td>\n<td>8031 letture di temperatura. 53 giorni con registrazione di 10 minuti, 80 giorni con registrazione di 15 minuti. <\/td>\n<\/tr>\n<tr>\n<td class=\"left-td\">Intervallo di campionamento<\/td>\n<td>Configurabile da 30 secondi a diverse ore<\/td>\n<\/tr>\n<tr>\n<td class=\"left-td\">Opzioni di avvio della registrazione<\/td>\n<td>Avvio tramite pulsante o data e ora specifiche.\nRitardo di avvio opzionale fino a 18 ore <\/td>\n<\/tr>\n<tr>\n<td class=\"left-td\">Indicazione di registrazione<\/td>\n<td>Indicatore 'OK' lampeggiante \/ indicatore 'ALERT' lampeggiante<\/td>\n<\/tr>\n<tr>\n<td class=\"left-td\">Allarmi<\/td>\n<td>1 allarme superiore configurabile e 1 allarme inferiore configurabile<\/td>\n<\/tr>\n<tr>\n<td class=\"left-td\">Tempo di download<\/td>\n<td>In genere meno di 5 secondi per la memoria completa (8031 letture), a seconda del computer o del dispositivo di lettura utilizzato.<\/td>\n<\/tr>\n<tr>\n<td class=\"left-td\">Ambientale<\/td>\n<td>IP65 (approssimativamente equivalente a NEMA 4)<\/td>\n<\/tr>\n<tr>\n<td class=\"left-td\">Fonte di alimentazione<\/td>\n<td>Batteria CR2450 3V LiMnO2 (fissa)<\/td>\n<\/tr>\n<tr>\n<td class=\"left-td\">Durata della batteria<\/td>\n<td>1 anno di stoccaggio, seguito da 2 - 3 anni di utilizzo normale (basato su registrazioni di 15 minuti, download dei dati mensile)<\/td>\n<\/tr>\n<tr>\n<td class=\"left-td\">Orologio in tempo reale<\/td>\n<td>Orologio in tempo reale incorporato\nAccuratezza nominale \u00b125ppm @ 25\u00b0C (equivalente a 2,5 secondi\/giorno)\nIl coefficiente di temperatura nominale \u00e8 -0,034 \u00b10,006ppm\/\u00b0C (cio\u00e8 tipicamente \u00b10,00294 secondi\/giorno\/\u00b0C)<\/td>\n<\/tr>\n<tr>\n<td class=\"left-td\">Dimensioni<\/td>\n<td>86 mm (H) x 54,5 mm (L) x 8,6 mm (T)<\/td>\n<\/tr>\n<tr>\n<td class=\"left-td\">Peso<\/td>\n<td>33g<\/td>\n<\/tr>\n<tr>\n<td class=\"left-td\">Materiale della custodia<\/td>\n<td>Policarbonato<\/td>\n<\/tr>\n<\/tbody>\n<\/table>"],"resources":["<ul class=\"resources-list\">\n \t<li><img src=\"https:\/\/praxas.com\/wp-content\/uploads\/document-icon.png\" alt=\"Icona del documento\"><a href=\"https:\/\/praxas.com\/wp-content\/uploads\/LogTag_TRIX-8_Brochure.pdf\">Opuscolo LogTag TRIX-8<\/a><\/li>\n \t<li><img src=\"https:\/\/praxas.com\/wp-content\/uploads\/document-icon.png\" alt=\"Icona del documento\"><a href=\"https:\/\/praxas.com\/wp-content\/uploads\/General_LogTag_Quick_Start_Guide.pdf\">Guida rapida di LogTag TRIX-8<\/a><\/li>\n<\/ul>\n\u00a0"],"accessories":["[products skus=\"LTI-HID,PROTECTIVE ENCLOSURE,WMB-1\"]"],"_uag_page_assets":["a:9:{s:3:\"css\";s:0:\"\";s:2:\"js\";s:0:\"\";s:18:\"current_block_list\";a:0:{}s:8:\"uag_flag\";b:0;s:11:\"uag_version\";s:10:\"1777052440\";s:6:\"gfonts\";a:0:{}s:10:\"gfonts_url\";s:0:\"\";s:12:\"gfonts_files\";a:0:{}s:14:\"uag_faq_layout\";b:0;}"],"hubwoo_ecomm_pro_id":["25307430445"],"rank_math_internal_links_processed":["1"],"_max_variation_price":[""],"_max_variation_regular_price":[""],"_max_variation_sale_price":[""],"_min_variation_price":[""],"_min_variation_regular_price":[""],"_min_variation_sale_price":[""],"_sale_price":[""],"_wc_pb_base_regular_price":[""],"_wc_pb_base_sale_price":[""],"_wc_pb_base_price":[""],"_wc_sw_max_price":[""],"_wc_sw_max_regular_price":[""],"_wc_rating_count":[""]},"uagb_featured_image_src":{"full":["https:\/\/praxas.com\/wp-content\/uploads\/TRIX-8-Front.jpg",1200,680,false],"thumbnail":["https:\/\/praxas.com\/wp-content\/uploads\/TRIX-8-Front-150x150.jpg",150,150,true],"medium":["https:\/\/praxas.com\/wp-content\/uploads\/TRIX-8-Front-300x170.jpg",300,170,true],"medium_large":["https:\/\/praxas.com\/wp-content\/uploads\/TRIX-8-Front-768x435.jpg",768,435,true],"large":["https:\/\/praxas.com\/wp-content\/uploads\/TRIX-8-Front-1024x580.jpg",1024,580,true],"1536x1536":["https:\/\/praxas.com\/wp-content\/uploads\/TRIX-8-Front.jpg",1200,680,false],"2048x2048":["https:\/\/praxas.com\/wp-content\/uploads\/TRIX-8-Front.jpg",1200,680,false],"crunchify-admin-post-featured-image":["https:\/\/praxas.com\/wp-content\/uploads\/TRIX-8-Front-120x68.jpg",120,68,true],"commercegurus-pdp-large":["https:\/\/praxas.com\/wp-content\/uploads\/TRIX-8-Front-990x561.jpg",990,561,true],"commercegurus-plp-mobile":["https:\/\/praxas.com\/wp-content\/uploads\/TRIX-8-Front-441x250.jpg",441,250,true],"cgkit_image_swatch":["https:\/\/praxas.com\/wp-content\/uploads\/TRIX-8-Front-100x100.jpg",100,100,true],"woocommerce_thumbnail":["https:\/\/praxas.com\/wp-content\/uploads\/TRIX-8-Front-350x198.jpg",350,198,true],"woocommerce_single":["https:\/\/praxas.com\/wp-content\/uploads\/TRIX-8-Front-800x453.jpg",800,453,true],"woocommerce_gallery_thumbnail":["https:\/\/praxas.com\/wp-content\/uploads\/TRIX-8-Front-150x85.jpg",150,85,true]},"uagb_author_info":{"display_name":"Alex James","author_link":"https:\/\/praxas.com\/it\/author\/"},"uagb_comment_info":0,"uagb_excerpt":"8.000 letture Capacit\u00e0 di memoria Da -40\u00b0C a +85\u00b0C Indicatori di allarme \"OK\" e \"ALERT Durata della batteria fino a 3 anni Download veloce Tempo di risposta rapido","_links":{"self":[{"href":"https:\/\/praxas.com\/it\/wp-json\/wp\/v2\/product\/53344","targetHints":{"allow":["GET"]}}],"collection":[{"href":"https:\/\/praxas.com\/it\/wp-json\/wp\/v2\/product"}],"about":[{"href":"https:\/\/praxas.com\/it\/wp-json\/wp\/v2\/types\/product"}],"wp:featuredmedia":[{"embeddable":true,"href":"https:\/\/praxas.com\/it\/wp-json\/wp\/v2\/media\/53355"}],"wp:attachment":[{"href":"https:\/\/praxas.com\/it\/wp-json\/wp\/v2\/media?parent=53344"}],"wp:term":[{"taxonomy":"product_brand","embeddable":true,"href":"https:\/\/praxas.com\/it\/wp-json\/wp\/v2\/product_brand?post=53344"},{"taxonomy":"product_cat","embeddable":true,"href":"https:\/\/praxas.com\/it\/wp-json\/wp\/v2\/product_cat?post=53344"},{"taxonomy":"product_tag","embeddable":true,"href":"https:\/\/praxas.com\/it\/wp-json\/wp\/v2\/product_tag?post=53344"}],"curies":[{"name":"wp","href":"https:\/\/api.w.org\/{rel}","templated":true}]}}