{"id":57854,"date":"2025-02-24T16:52:37","date_gmt":"2025-02-24T15:52:37","guid":{"rendered":"https:\/\/praxas.com\/product\/senza-categoria\/el-usb-tpx\/"},"modified":"2025-02-24T16:52:37","modified_gmt":"2025-02-24T15:52:37","slug":"el-usb-tpx","status":"publish","type":"product","link":"https:\/\/praxas.com\/it\/product\/registratori-di-dati\/registratori-di-dati-di-temperatura\/el-usb-tpx\/","title":{"rendered":"EL-USB-TPX+"},"content":{"rendered":"<p data-start=\"94\" data-end=\"171\"><strong data-start=\"94\" data-end=\"169\">Raggiungi una precisione di temperatura ineguagliabile con il Data Logger EL-USB-TPX+<\/strong><\/p>\n<p data-start=\"173\" data-end=\"487\">Il registratore di dati di temperatura ad alta precisione EL-USB-TPX+ garantisce un monitoraggio preciso della temperatura mantenendo la piena conformit\u00e0 agli standard industriali. Progettato per le applicazioni pi\u00f9 esigenti in cui la misurazione accurata della temperatura \u00e8 essenziale, questo dispositivo versatile offre affidabilit\u00e0 e prestazioni eccezionali. <\/p>\n<h3 data-start=\"489\" data-end=\"511\"><strong data-start=\"493\" data-end=\"509\">Caratteristiche principali<\/strong><\/h3>\n<ul data-start=\"513\" data-end=\"1345\">\n<li data-start=\"513\" data-end=\"654\">\n<p data-start=\"515\" data-end=\"654\"><strong data-start=\"515\" data-end=\"541\">Ampio intervallo di temperatura<\/strong> &#8211; Misura temperature da -40\u00b0C a +125\u00b0C, per soddisfare gli ambienti industriali, scientifici e di laboratorio.<\/p>\n<\/li>\n<li data-start=\"656\" data-end=\"787\">\n<p data-start=\"658\" data-end=\"787\"><strong data-start=\"658\" data-end=\"684\">Archiviazione dati estesa<\/strong> &#8211; Registra oltre 1.000.000 di letture, offrendo un registro completo delle variazioni di temperatura nel tempo.<\/p>\n<\/li>\n<li data-start=\"789\" data-end=\"907\">\n<p data-start=\"791\" data-end=\"907\"><strong data-start=\"791\" data-end=\"820\">Sonda intelligente ad alta precisione<\/strong> &#8211; Fornisce misurazioni precise della temperatura per applicazioni e processi critici.<\/p>\n<\/li>\n<li data-start=\"909\" data-end=\"1046\">\n<p data-start=\"911\" data-end=\"1046\"><strong data-start=\"911\" data-end=\"940\">Calibrazione sostituibile a caldo<\/strong> &#8211; Consente la ricalibrazione in loco senza tempi di inattivit\u00e0, eliminando la necessit\u00e0 di spedire il dispositivo.<\/p>\n<\/li>\n<li data-start=\"1048\" data-end=\"1185\">\n<p data-start=\"1050\" data-end=\"1185\"><strong data-start=\"1050\" data-end=\"1070\">Software a bordo<\/strong> &#8211; Consente agli utenti di creare grafici e configurare le impostazioni direttamente sul dispositivo, semplificando l&#8217;analisi e la gestione dei dati.<\/p>\n<\/li>\n<li data-start=\"1187\" data-end=\"1345\">\n<p data-start=\"1189\" data-end=\"1345\"><strong data-start=\"1189\" data-end=\"1217\">Allarme sonoro integrato<\/strong> &#8211; Dispone di un allarme acustico e visivo locale, che garantisce un avviso tempestivo delle fluttuazioni di temperatura prima che diventino critiche.<\/p>\n<\/li>\n<\/ul>\n<p data-start=\"1347\" data-end=\"1641\">A differenza dei logger tradizionali, EL-USB-TPX+ semplifica la calibrazione consentendo la sostituzione della sonda senza interrompere le operazioni, garantendo un monitoraggio continuo. Gli allarmi configurabili, il display intuitivo e la memorizzazione di oltre 1.000.000 di letture migliorano l&#8217;usabilit\u00e0 e l&#8217;efficienza. <\/p>\n<p data-start=\"1643\" data-end=\"1982\">L&#8217;impostazione del dispositivo \u00e8 semplice grazie alla compatibilit\u00e0 con PC e Mac e all&#8217;integrazione con EasyLog Cloud per un accesso e un&#8217;analisi dei dati online senza problemi. Una batteria ricaricabile che dura fino a sei mesi e una staffa di montaggio a parete inclusa rendono questo data logger la scelta ideale per un monitoraggio ininterrotto e di alta precisione della temperatura. <\/p>\n<h3 data-start=\"1984\" data-end=\"2033\"><strong data-start=\"1988\" data-end=\"2031\">Precisione e affidabilit\u00e0 di cui ti puoi fidare<\/strong><\/h3>\n<p data-start=\"2035\" data-end=\"2296\">L&#8217;EL-USB-TPX+ \u00e8 la soluzione ideale per i professionisti che richiedono i massimi livelli di precisione e affidabilit\u00e0 nel rilevamento della temperatura. Grazie alle sue caratteristiche all&#8217;avanguardia e alle sue funzionalit\u00e0 adattabili, \u00e8 uno strumento essenziale per un&#8217;ampia gamma di applicazioni. <\/p>\n","protected":false},"excerpt":{"rendered":"<ul>\n<li>Registratore di dati di temperatura<\/li>\n<li>Da -40 a +125\u00b0C<\/li>\n<li>Sonda sostituibile a caldo<\/li>\n<li>Memorizza oltre 1.000.000 di letture<\/li>\n<li>Sirena d&#8217;allarme integrata<\/li>\n<\/ul>\n","protected":false},"featured_media":46049,"template":"","meta":{"_acf_changed":false,"content-type":"","_uag_custom_page_level_css":""},"product_brand":[],"product_cat":[1892],"product_tag":[2436,3958,2264,1914],"class_list":{"0":"post-57854","1":"product","2":"type-product","3":"status-publish","4":"has-post-thumbnail","6":"product_cat-registratori-di-dati-di-temperatura","7":"product_tag-easylog-it","8":"product_tag-sonde-intelligenti","9":"product_tag-temperatura","10":"product_tag-usb-it","12":"first","13":"instock","14":"taxable","15":"shipping-taxable","16":"purchasable","17":"product-type-simple"},"bundled_by":[],"bundle_stock_status":"instock","bundle_stock_quantity":null,"bundle_virtual":false,"bundle_layout":"","bundle_add_to_cart_form_location":"","bundle_editable_in_cart":false,"bundle_sold_individually_context":"","bundle_item_grouping":"","bundle_min_size":"","bundle_max_size":"","bundle_price":[],"bundled_items":[],"bundle_sell_ids":[],"acf":[],"spectra_custom_meta":{"hubwoo_ecomm_pro_id":["37365619881"],"_wcml_average_rating":[null],"_wcml_review_count":[null],"_wcml_rating_count":[null],"_backorders":["no"],"_download_limit":["-1"],"_download_expiry":["-1"],"_downloadable":["no"],"_manage_stock":["no"],"_sku":["EL-USB-TPX+"],"_stock_status":["instock"],"_sold_individually":["no"],"_tax_class":[""],"_tax_status":["taxable"],"_virtual":["no"],"_weight":["0.134"],"_width":["6.8"],"_height":["2.3"],"_length":["8"],"total_sales":["0"],"_regular_price":["161"],"_price":["161"],"product_datasheet":[""],"_product_datasheet":["field_650ad7d6ea3a0"],"connectivity":["USB"],"_connectivity":["field_64dce263bb57c"],"brand":["EasyLog"],"_brand":["field_64ddf62ed2593"],"brand_image":[""],"_brand_image":["field_650c5e7c84cae"],"_specifications_table":["field_65044e1db92a8"],"_display_data_alarm":["field_667d647bcb066"],"_resources":["field_650849c6945ee"],"_calibration":["field_66a0ddd599972"],"_accessories":["field_650849e6945f0"],"_faqs":["field_650859523d8d5"],"_calibration_suitable_ids_gb":["field_654b4c4acb54a"],"_calibration_suitable_ids_us":["field_654b4c56cb54b"],"_show_in_calibration_suitable":["field_654cfb691d345"],"_other_features":["field_668524f8c98a4"],"_shipping":["field_66852535c98a5"],"_refrigerant_cabinet":["field_66852557c98a6"],"_main_specifications":["field_66855b25b1245"],"_usd_price_4":["field_651570dcac479"],"_usd_price_9":["field_6515713eb4807"],"_usd_price_24":["field_65157141b4809"],"_usd_price_49":["field_65157140b4808"],"_usd_price_99":["field_6515715bb480a"],"_gbp_price_4":["field_6515716e83bfa"],"_gbp_price_9":["field_6515724783bfb"],"_gbp_price_24":["field_6515724b83bfc"],"_gbp_price_49":["field_6515725983bfd"],"_gbp_price_99":["field_6515725d83bfe"],"_usdhk_price_4":["field_6515726f83bff"],"_usdhk_price_9":["field_6515727c83c00"],"_usdhk_price_24":["field_6515728083c01"],"_usdhk_price_49":["field_6515728983c02"],"_usdhk_price_99":["field_6515728e83c03"],"stock_options":["In stock"],"_stock_options":["field_6544b605dc7f9"],"rank_math_primary_product_cat":["87"],"min_temp":["-40"],"max_temp":["125"],"_min_temp":["field_67ea5eb4e0a77"],"_max_temp":["field_67ea5f81e0a79"],"_top_nav_excluded":[""],"_cms_nav_minihome":[""],"rank_math_title":["%title%%sep% Potente registratore di temperatura %sep% %sitename%"],"rank_math_focus_keyword":["temperatura"],"specifications_table":["<table class=\"specifications\">\n<tbody>\n<tr class=\"even-row\">\n<td class=\"left-td\">Modello<\/td>\n<td>EL-USB-TPX+<\/td>\n<\/tr>\n<tr class=\"odd-row\">\n<td class=\"left-td\">Uso previsto<\/td>\n<td>Registrazione dei dati di temperatura e avvisi<\/td>\n<\/tr>\n<tr class=\"even-row\">\n<td class=\"left-td\">Intervallo di misurazione della temperatura<\/td>\n<td>Da -40 a +125\u00b0C (da -40 a +257\u00b0F)<\/td>\n<\/tr>\n<tr class=\"odd-row\">\n<td class=\"left-td\">Precisione di misurazione della temperatura tipica<\/td>\n<td>\u00b10,2\u00b0C (da -15 a +80\u00b0C) \/ \u00b10,4\u00b0F (da +5 a +176\u00b0F)<\/td>\n<\/tr>\n<tr class=\"even-row\">\n<td class=\"left-td\">Precisione di misurazione della temperatura massima<\/td>\n<td>\u00b10,5\u00b0C (da -40 a +125\u00b0C) \/ \u00b10,9\u00b0F (da -40 a +257\u00b0F)<\/td>\n<\/tr>\n<tr class=\"odd-row\">\n<td class=\"left-td\">Risoluzione della misurazione della temperatura<\/td>\n<td>0,01\u00b0C (0,02\u00b0F)<\/td>\n<\/tr>\n<tr class=\"even-row\">\n<td class=\"left-td\">Risoluzione del display della temperatura<\/td>\n<td>0.01<\/td>\n<\/tr>\n<tr class=\"odd-row\">\n<td class=\"left-td\">Periodo di registrazione (selezionabile dall'utente)<\/td>\n<td>Da 1 minuto a 24 ore<\/td>\n<\/tr>\n<tr class=\"even-row\">\n<td class=\"left-td\">Modalit\u00e0 di avvio<\/td>\n<td>Immediato, push to start, partenza ritardata, attivazione della temperatura<\/td>\n<\/tr>\n<tr class=\"odd-row\">\n<td class=\"left-td\">Capacit\u00e0 di memoria interna<\/td>\n<td>Oltre 1.000.000 di letture<\/td>\n<\/tr>\n<tr class=\"even-row\">\n<td class=\"left-td\">Sirena<\/td>\n<td>Allarme sonoro integrato<\/td>\n<\/tr>\n<tr class=\"odd-row\">\n<td class=\"left-td\">Ambiente operativo (logger)<\/td>\n<td>Da -20 a +60\u00b0C, da 5 a 85%RH, da 75 a 106kPa<\/td>\n<\/tr>\n<tr class=\"even-row\">\n<td class=\"left-td\">Ambiente di trasporto<\/td>\n<td>Da -20 a +60\u00b0C, da 5 a 85%RH, da 75 a 106kPa<\/td>\n<\/tr>\n<tr class=\"odd-row\">\n<td class=\"left-td\">Protezione dall'ingresso<\/td>\n<td>Logger: IP4X, Sonda: IP67<\/td>\n<\/tr>\n<tr class=\"even-row\">\n<td class=\"left-td\">Grado di inquinamento dell'ambiente di utilizzo previsto<\/td>\n<td>2<\/td>\n<\/tr>\n<tr class=\"odd-row\">\n<td class=\"left-td\">Durata della batteria<\/td>\n<td>6 mesi<\/td>\n<\/tr>\n<tr class=\"even-row\">\n<td class=\"left-td\">Batteria interna<\/td>\n<td>3,7V, 1750mAh, 6,475Wh, ioni di litio<\/td>\n<\/tr>\n<tr class=\"odd-row\">\n<td class=\"left-td\">Tensione di alimentazione USB<\/td>\n<td>Da 4,5 a 5,5 VDC, 500mA<\/td>\n<\/tr>\n<tr class=\"even-row\">\n<td class=\"left-td\">Dimensioni (logger)<\/td>\n<td>80 x 68 x 23 mm (3,15 x 2,68 x 0,91\")<\/td>\n<\/tr>\n<tr class=\"odd-row\">\n<td class=\"left-td\">Peso netto<\/td>\n<td>134g<\/td>\n<\/tr>\n<tr class=\"even-row\">\n<td class=\"left-td\">Viti di fissaggio a parete consigliate<\/td>\n<td>4 x 20 mm, testa svasata, incasso a croce, acciaio inox<\/td>\n<\/tr>\n<\/tbody>\n<\/table>"],"resources":["<ul class=\"resources-list\">\n \t<li style=\"list-style-type: none;\">\n<ul class=\"resources-list\">\n \t<li><img src=\"https:\/\/praxas.com\/wp-content\/uploads\/document-icon.png\" alt=\"Icona del documento\"><a href=\"https:\/\/praxas.com\/wp-content\/uploads\/Datasheet_EL-USB-TPX_Iss1_09-2024_White.pdf\">Scheda tecnica di EL-USB-TPX+<\/a><\/li>\n \t<li><img src=\"https:\/\/praxas.com\/wp-content\/uploads\/document-icon.png\" alt=\"Icona del documento\"><a href=\"https:\/\/praxas.com\/wp-content\/uploads\/help-guide-3-network-requirements-and-settings-12-09-2022_issue-6-5.pdf\">Requisiti e impostazioni di rete<\/a><\/li>\n \t<li><img src=\"https:\/\/praxas.com\/wp-content\/uploads\/document-icon.png\" alt=\"Icona del documento\"><a href=\"https:\/\/praxas.com\/wp-content\/uploads\/EASYLOG-VERSION-EL-USB-TPXCS-_VFC-311-USB-QSG-v8.pdf\">Guida rapida di EL-USB<\/a><\/li>\n \t<li><img src=\"https:\/\/praxas.com\/wp-content\/uploads\/document-icon.png\" alt=\"Icona del documento\"><a href=\"https:\/\/praxas.com\/wp-content\/uploads\/bs-en-12830-record-of-compliance-issue-1-5.pdf\">BS EN 12830:2021 Registrazione della conformit\u00e0<\/a><\/li>\n \t<li><img src=\"https:\/\/praxas.com\/wp-content\/uploads\/document-icon.png\" alt=\"Icona del documento\"><a href=\"https:\/\/praxas.com\/wp-content\/uploads\/Declaration-of-Conformity_EL-USB-TPX_iss1.pdf\">Dichiarazione di conformit\u00e0 EL-USB-TPX+<\/a><\/li>\n<\/ul>\n<\/li>\n<\/ul>\n<a class=\"button button-secondary\" href=\"http:\/\/praxas.com\/support\/\">Pi\u00f9 supporto<\/a>"],"accessories":["[products skus=\"EL-P-TPX+,EL-WiFi Wall Bracket,PSU-USB-UK\"]"],"rank_math_robots":["a:1:{i:0;s:7:\"noindex\";}"],"_thumbnail_id":["46049"],"_product_attributes":["a:1:{s:16:\"pa_product-brand\";a:6:{s:4:\"name\";s:16:\"pa_product-brand\";s:5:\"value\";s:0:\"\";s:8:\"position\";i:0;s:10:\"is_visible\";i:1;s:12:\"is_variation\";i:0;s:11:\"is_taxonomy\";i:1;}}"],"_last_translation_edit_mode":["translation-editor"],"_wpml_word_count":["444"],"_uag_page_assets":["a:9:{s:3:\"css\";s:0:\"\";s:2:\"js\";s:0:\"\";s:18:\"current_block_list\";a:0:{}s:8:\"uag_flag\";b:0;s:11:\"uag_version\";s:10:\"1776966156\";s:6:\"gfonts\";a:0:{}s:10:\"gfonts_url\";s:0:\"\";s:12:\"gfonts_files\";a:0:{}s:14:\"uag_faq_layout\";b:0;}"],"_max_variation_price":[""],"_max_variation_regular_price":[""],"_max_variation_sale_price":[""],"_min_variation_price":[""],"_min_variation_regular_price":[""],"_min_variation_sale_price":[""],"_sale_price":[""],"_wc_pb_base_regular_price":[""],"_wc_pb_base_sale_price":[""],"_wc_pb_base_price":[""],"_wc_sw_max_price":[""],"_wc_sw_max_regular_price":[""],"_wc_rating_count":[""],"_wc_review_count":[""],"_wc_average_rating":[0]},"uagb_featured_image_src":{"full":["https:\/\/praxas.com\/wp-content\/uploads\/EL-USB-TPX-White-Version-2.jpg",800,463,false],"thumbnail":["https:\/\/praxas.com\/wp-content\/uploads\/EL-USB-TPX-White-Version-2-150x150.jpg",150,150,true],"medium":["https:\/\/praxas.com\/wp-content\/uploads\/EL-USB-TPX-White-Version-2-300x174.jpg",300,174,true],"medium_large":["https:\/\/praxas.com\/wp-content\/uploads\/EL-USB-TPX-White-Version-2-768x444.jpg",768,444,true],"large":["https:\/\/praxas.com\/wp-content\/uploads\/EL-USB-TPX-White-Version-2.jpg",800,463,false],"1536x1536":["https:\/\/praxas.com\/wp-content\/uploads\/EL-USB-TPX-White-Version-2.jpg",800,463,false],"2048x2048":["https:\/\/praxas.com\/wp-content\/uploads\/EL-USB-TPX-White-Version-2.jpg",800,463,false],"crunchify-admin-post-featured-image":["https:\/\/praxas.com\/wp-content\/uploads\/EL-USB-TPX-White-Version-2-120x69.jpg",120,69,true],"commercegurus-pdp-large":["https:\/\/praxas.com\/wp-content\/uploads\/EL-USB-TPX-White-Version-2.jpg",800,463,false],"commercegurus-plp-mobile":["https:\/\/praxas.com\/wp-content\/uploads\/EL-USB-TPX-White-Version-2-441x255.jpg",441,255,true],"cgkit_image_swatch":["https:\/\/praxas.com\/wp-content\/uploads\/EL-USB-TPX-White-Version-2-100x100.jpg",100,100,true],"woocommerce_thumbnail":["https:\/\/praxas.com\/wp-content\/uploads\/EL-USB-TPX-White-Version-2-350x203.jpg",350,203,true],"woocommerce_single":["https:\/\/praxas.com\/wp-content\/uploads\/EL-USB-TPX-White-Version-2.jpg",800,463,false],"woocommerce_gallery_thumbnail":["https:\/\/praxas.com\/wp-content\/uploads\/EL-USB-TPX-White-Version-2-150x87.jpg",150,87,true]},"uagb_author_info":{"display_name":"Alex James","author_link":"https:\/\/praxas.com\/it\/author\/"},"uagb_comment_info":0,"uagb_excerpt":"Registratore di dati di temperatura Da -40 a +125\u00b0C Sonda sostituibile a caldo Memorizza oltre 1.000.000 di letture Sirena d'allarme integrata","_links":{"self":[{"href":"https:\/\/praxas.com\/it\/wp-json\/wp\/v2\/product\/57854","targetHints":{"allow":["GET"]}}],"collection":[{"href":"https:\/\/praxas.com\/it\/wp-json\/wp\/v2\/product"}],"about":[{"href":"https:\/\/praxas.com\/it\/wp-json\/wp\/v2\/types\/product"}],"wp:featuredmedia":[{"embeddable":true,"href":"https:\/\/praxas.com\/it\/wp-json\/wp\/v2\/media\/46049"}],"wp:attachment":[{"href":"https:\/\/praxas.com\/it\/wp-json\/wp\/v2\/media?parent=57854"}],"wp:term":[{"taxonomy":"product_brand","embeddable":true,"href":"https:\/\/praxas.com\/it\/wp-json\/wp\/v2\/product_brand?post=57854"},{"taxonomy":"product_cat","embeddable":true,"href":"https:\/\/praxas.com\/it\/wp-json\/wp\/v2\/product_cat?post=57854"},{"taxonomy":"product_tag","embeddable":true,"href":"https:\/\/praxas.com\/it\/wp-json\/wp\/v2\/product_tag?post=57854"}],"curies":[{"name":"wp","href":"https:\/\/api.w.org\/{rel}","templated":true}]}}