{"id":58085,"date":"2026-02-18T11:50:48","date_gmt":"2026-02-18T10:50:48","guid":{"rendered":"https:\/\/praxas.com\/product\/senza-categoria\/trel30-16u-registratore-di-basse-temperature\/"},"modified":"2026-02-25T11:16:11","modified_gmt":"2026-02-25T10:16:11","slug":"trel30-16u-registratore-di-basse-temperature","status":"publish","type":"product","link":"https:\/\/praxas.com\/it\/product\/registratori-di-dati\/registratori-di-dati-di-temperatura\/trel30-16u-registratore-di-basse-temperature\/","title":{"rendered":"TREL30-16U Registratore di temperature ultrabasse"},"content":{"rendered":"<p data-start=\"156\" data-end=\"467\">Il TREL30-16U rappresenta la nuova evoluzione del monitoraggio a bassissima temperatura, costruito appositamente per gli ambienti freddi pi\u00f9 esigenti. Progettato per fornire misurazioni precise e affidabili fino a <strong data-start=\"358\" data-end=\"368\">-90 \u00b0C<\/strong>, \u00e8 ideale per il monitoraggio di campioni sensibili, lo stoccaggio in laboratorio e la logistica del ghiaccio secco. <\/p>\n<p data-start=\"469\" data-end=\"738\">Progettato per garantire l&#8217;affidabilit\u00e0 in condizioni di freddo estremo, il TREL30-16U \u00e8 affidabile per la conservazione di campioni biologici e per le applicazioni farmaceutiche a catena del freddo in cui il ghiaccio secco \u00e8 essenziale. Le sue prestazioni robuste garantiscono l&#8217;integrit\u00e0 dei dati anche nelle condizioni pi\u00f9 difficili di bassissima temperatura. <\/p>\n<p data-start=\"740\" data-end=\"1030\">Per migliorare l&#8217;usabilit\u00e0, il TREL30-16U \u00e8 in grado di <strong data-start=\"785\" data-end=\"847\">scaricare i dati senza software tramite una moderna connessione USB-C<\/strong>, combinando la comprovata affidabilit\u00e0 con la comodit\u00e0 di risparmiare tempo. Con un funzionamento intuitivo e una maggiore facilit\u00e0 d&#8217;uso, stabilisce un nuovo standard nel monitoraggio delle temperature ultra-basse. <\/p>\n","protected":false},"excerpt":{"rendered":"<ul>\n<li>Da -90\u00b0C a +40\u00b0C<\/li>\n<li>Connessione USB-C<\/li>\n<li>Oltre 17.500 set di registrazione<\/li>\n<li>Allarme acustico incorporato<\/li>\n<li>Funzione di pausa automatica<\/li>\n<\/ul>\n","protected":false},"featured_media":58086,"template":"","meta":{"_acf_changed":false,"content-type":"","_uag_custom_page_level_css":""},"product_brand":[],"product_cat":[1936,1892],"product_tag":[2512,2264],"class_list":{"0":"post-58085","1":"product","2":"type-product","3":"status-publish","4":"has-post-thumbnail","6":"product_cat-registratori-di-dati","7":"product_cat-registratori-di-dati-di-temperatura","8":"product_tag-logtag-it","9":"product_tag-temperatura","11":"first","12":"instock","13":"taxable","14":"shipping-taxable","15":"purchasable","16":"product-type-variable"},"bundled_by":[],"bundle_stock_status":"instock","bundle_stock_quantity":null,"bundle_virtual":false,"bundle_layout":"","bundle_add_to_cart_form_location":"","bundle_editable_in_cart":false,"bundle_sold_individually_context":"","bundle_item_grouping":"","bundle_min_size":"","bundle_max_size":"","bundle_price":[],"bundled_items":[],"bundle_sell_ids":[],"acf":[],"spectra_custom_meta":{"hubwoo_ecomm_pro_id":["41458858871"],"_wcml_average_rating":[null],"_wcml_review_count":[null],"_wcml_rating_count":[null],"_backorders":["no"],"_download_limit":["-1"],"_download_expiry":["-1"],"_downloadable":["no"],"_manage_stock":["no"],"_sku":["TREL30-16U"],"_stock_status":["instock"],"_sold_individually":["no"],"_tax_class":[""],"_tax_status":["taxable"],"_virtual":["no"],"_weight":["0.043"],"total_sales":["0"],"_price":["91.90","126.90"],"connectivity":["USB-C"],"_connectivity":["field_64dce263bb57c"],"brand":["LogTag"],"_brand":["field_64ddf62ed2593"],"brand_image":[""],"_brand_image":["field_650c5e7c84cae"],"_specifications_table":["field_65044e1db92a8"],"_display_data_alarm":["field_667d647bcb066"],"_resources":["field_650849c6945ee"],"_calibration":["field_66a0ddd599972"],"_accessories":["field_650849e6945f0"],"_faqs":["field_650859523d8d5"],"_other_features":["field_686fa2aa98dce"],"_refrigerant_cabinet":["field_66852557c98a6"],"_main_specifications":["field_66855b25b1245"],"stock_options":["In stock"],"_stock_options":["field_6544b605dc7f9"],"min_temp":["-90"],"max_temp":["40"],"_min_temp":["field_67ea5eb4e0a77"],"_max_temp":["field_67ea5f81e0a79"],"_top_nav_excluded":[""],"_cms_nav_minihome":[""],"_thumbnail_id":["58086"],"_product_attributes":["a:1:{s:22:\"pa_logtag-probe-choice\";a:6:{s:4:\"name\";s:22:\"pa_logtag-probe-choice\";s:5:\"value\";s:0:\"\";s:8:\"position\";i:0;s:10:\"is_visible\";i:1;s:12:\"is_variation\";i:1;s:11:\"is_taxonomy\";i:1;}}"],"_last_translation_edit_mode":["translation-editor"],"_wpml_word_count":["208"],"_product_image_gallery":["58087,58088,58089"],"specifications_table":["<table class=\"specifications\">\n<tbody>\n<tr>\n<td class=\"left-td\">Modello del prodotto<\/td>\n<td>TREL30-16U (batteria sostituibile)<\/td>\n<\/tr>\n<tr>\n<td class=\"left-td\">Tipo di sensore<\/td>\n<td>Sensore di temperatura esterno<\/td>\n<\/tr>\n<tr>\n<td class=\"left-td\">Intervallo di misurazione del sensore<\/td>\n<td>Da -90 \u00b0C a +40 \u00b0C (da -130 \u00b0F a +104 \u00b0F)<\/td>\n<\/tr>\n<tr>\n<td class=\"left-td\">Temperatura di esercizio<\/td>\n<td>Da -30 \u00b0C a +60 \u00b0C (da -22 \u00b0F a +140 \u00b0F)<\/td>\n<\/tr>\n<tr>\n<td class=\"left-td\">Intervallo di temperatura di conservazione<\/td>\n<td>Da -10 \u00b0C a +40 \u00b0C (da 14 \u00b0F a +104 \u00b0F)<\/td>\n<\/tr>\n<tr>\n<td class=\"left-td\">Precisione di lettura della temperatura nominale<\/td>\n<td>Meglio di \u00b10,5 \u00b0C per -20 \u00b0C a +10 \u00b0C (da -4 \u00b0F a +50 \u00b0F)\nMeglio di \u00b10,7 \u00b0C per -50 \u00b0C a -20 \u00b0C (da -58 \u00b0F a -4 \u00b0F)\nMeglio di \u00b10,7 \u00b0C per +10 \u00b0C a +30 \u00b0C (da +50 \u00b0F a +86 \u00b0F)\nMeglio di \u00b11.0 \u00b0C per temperature comprese tra -80 \u00b0C e -50 \u00b0C (da -112 \u00b0F a -58 \u00b0F)\nMigliore di \u00b11,0 \u00b0C per temperature comprese tra +30 \u00b0C e +40 \u00b0C (da +86 \u00b0F a +104 \u00b0F)\nMigliore di \u00b11,8 \u00b0C per temperature comprese tra -90 \u00b0C e -80 \u00b0C (da -130 \u00b0F a -112 \u00b0F)\nLe prestazioni effettive sono in genere molto migliori dei valori nominali.<\/td>\n<\/tr>\n<tr>\n<td class=\"left-td\">Risoluzione della lettura della temperatura nominale<\/td>\n<td>0,1 \u00b0C (0,2 \u00b0F) per temperature da -80 \u00b0C a +10 \u00b0C (da -112 \u00b0F a +50 \u00b0F)\n0,2 \u00b0C (0,4 \u00b0F) per temperature da -90 \u00b0C a -80 \u00b0C (da -130 \u00b0F a -112 \u00b0F)\n0,2 \u00b0C (0,4 \u00b0F) per temperature da +10 \u00b0C a +20 \u00b0C (da +50 \u00b0F a +68 \u00b0F)\n0,3 \u00b0C (0,5 \u00b0F) per temperature da +20 \u00b0C a +30 \u00b0C (da +68 \u00b0F a +86 \u00b0F) 3 \u00b0C (0,5 \u00b0F) per +20 \u00b0C a +30 \u00b0C (+68 \u00b0F a +86 \u00b0F)\n0,5 \u00b0C (0,9 \u00b0F) per +30 \u00b0C a +40 \u00b0C (+86 \u00b0F a +104 \u00b0F)\nLogTag Analyzer\u00ae visualizza con un decimale. La risoluzione nativa \u00e8 memorizzata nel LogTag\u00ae. <\/td>\n<\/tr>\n<tr>\n<td class=\"left-td\">Capacit\u00e0 di registrazione<\/td>\n<td>17.526 letture di temperatura\n60 giorni @ 5 minuti di registrazione\nStatistiche di riepilogo giornaliere (LCD): fino a 30 giorni di statistiche di Max\/Min\/durata e allarmi<\/td>\n<\/tr>\n<tr>\n<td class=\"left-td\">Intervallo di campionamento<\/td>\n<td>Configurabile da 30 secondi a 18 ore<\/td>\n<\/tr>\n<tr>\n<td class=\"left-td\">Opzioni di avvio della registrazione<\/td>\n<td>Avvio tramite pulsante o data e ora specifiche. Ritardo di avvio opzionale fino a 18 ore <\/td>\n<\/tr>\n<tr>\n<td class=\"left-td\">Indicazione di registrazione<\/td>\n<td>Indicatore di stato \"REC<\/td>\n<\/tr>\n<tr>\n<td class=\"left-td\">Tempo di download<\/td>\n<td>In genere meno di 10 secondi per l'intera memoria (17.526 letture) utilizzando la connessione USB<\/td>\n<\/tr>\n<tr>\n<td class=\"left-td\">Ambientali<\/td>\n<td>IP61 (se montato o appeso verticalmente)<\/td>\n<\/tr>\n<tr>\n<td class=\"left-td\">Fonte di alimentazione<\/td>\n<td>Batteria a bottone <sub>LiMnO2<\/sub> da 3V CR2032, sostituibile dall'utente<\/td>\n<\/tr>\n<tr>\n<td class=\"left-td\">Durata della batteria<\/td>\n<td>1 anno di conservazione, seguito da 1 anno di funzionamento in condizioni di uso normale\n(registrazione di 6 minuti, controllo del display una volta al giorno, download mensile dei dati)\n<strong>Nota: l'<\/strong> attivazione continua dell'allarme acustico riduce la durata della batteria.<\/td>\n<\/tr>\n<tr>\n<td class=\"left-td\">Orologio in tempo reale<\/td>\n<td>Orologio in tempo reale incorporato\nAccuratezza nominale \u00b125ppm @ 25 \u00b0C (\u22482,5 secondi\/giorno)\nCoefficiente di temperatura: -0,034 \u00b10,006ppm\/\u00b0C<\/td>\n<\/tr>\n<tr>\n<td class=\"left-td\">Lunghezze standard dei cavi delle sonde esterne<\/td>\n<td>Standard: 1,5 m (4'11\")\nEsteso: 3 m (9'10\") (massima consigliata)<\/td>\n<\/tr>\n<tr>\n<td class=\"left-td\">Tipo di cavo del sensore remoto<\/td>\n<td>PTFE (classificato FDA per il contatto con gli alimenti), coassiale<\/td>\n<\/tr>\n<tr>\n<td class=\"left-td\">Interfaccia di connessione<\/td>\n<td>Connettore USB-C di tipo metallico<\/td>\n<\/tr>\n<tr>\n<td class=\"left-td\">Dimensioni<\/td>\n<td>93 mm (H) x 54,5 mm (L) x 8,6 mm (T)<\/td>\n<\/tr>\n<tr>\n<td class=\"left-td\">Peso<\/td>\n<td>43g (senza sonda esterna)<\/td>\n<\/tr>\n<tr>\n<td class=\"left-td\">Materiale della custodia<\/td>\n<td>Policarbonato<\/td>\n<\/tr>\n<\/tbody>\n<\/table>"],"resources":["<ul class=\"resources-list\">\n \t<li style=\"list-style-type: none;\">\n<ul class=\"resources-list\">\n \t<li><img src=\"https:\/\/praxas.com\/wp-content\/uploads\/document-icon.png\" alt=\"Icona del documento\"><a href=\"https:\/\/praxas.com\/wp-content\/uploads\/TREL30-16U-Brochure.pdf\">Opuscolo LogTag TREL30-16U<\/a><\/li>\n \t<li><img src=\"https:\/\/praxas.com\/wp-content\/uploads\/document-icon.png\" alt=\"Icona del documento\"><a href=\"https:\/\/praxas.com\/wp-content\/uploads\/TREL30-16U-QuickStartGuide.pdf\">Guida rapida di LogTag TREL30-16U<\/a><\/li>\n \t<li><img src=\"https:\/\/praxas.com\/wp-content\/uploads\/document-icon.png\" alt=\"Icona del documento\"><a href=\"https:\/\/praxas.com\/wp-content\/uploads\/Primer-Guide-TREL30-16U.pdf\">Guida al primer di LogTag TREL30-16U<\/a><\/li>\n<\/ul>\n<\/li>\n<\/ul>\n\u00a0"],"accessories":["[products skus=\"LTI-HID,Buffer Bottle,WMB-1\"]"],"_uag_page_assets":["a:9:{s:3:\"css\";s:0:\"\";s:2:\"js\";s:0:\"\";s:18:\"current_block_list\";a:0:{}s:8:\"uag_flag\";b:0;s:11:\"uag_version\";s:10:\"1777295789\";s:6:\"gfonts\";a:0:{}s:10:\"gfonts_url\";s:0:\"\";s:12:\"gfonts_files\";a:0:{}s:14:\"uag_faq_layout\";b:0;}"],"rank_math_internal_links_processed":["1"],"_max_variation_price":[""],"_max_variation_regular_price":[""],"_max_variation_sale_price":[""],"_min_variation_price":[""],"_min_variation_regular_price":[""],"_min_variation_sale_price":[""],"_regular_price":[""],"_sale_price":[""],"_wc_pb_base_regular_price":[""],"_wc_pb_base_sale_price":[""],"_wc_pb_base_price":[""],"_wc_sw_max_price":[""],"_wc_sw_max_regular_price":[""],"_wc_rating_count":[""],"_wc_review_count":[""],"_wc_average_rating":[0]},"uagb_featured_image_src":{"full":["https:\/\/praxas.com\/wp-content\/uploads\/TREL30-16U_NS_Web.jpg",1200,680,false],"thumbnail":["https:\/\/praxas.com\/wp-content\/uploads\/TREL30-16U_NS_Web-150x150.jpg",150,150,true],"medium":["https:\/\/praxas.com\/wp-content\/uploads\/TREL30-16U_NS_Web-300x170.jpg",300,170,true],"medium_large":["https:\/\/praxas.com\/wp-content\/uploads\/TREL30-16U_NS_Web-768x435.jpg",768,435,true],"large":["https:\/\/praxas.com\/wp-content\/uploads\/TREL30-16U_NS_Web-1024x580.jpg",1024,580,true],"1536x1536":["https:\/\/praxas.com\/wp-content\/uploads\/TREL30-16U_NS_Web.jpg",1200,680,false],"2048x2048":["https:\/\/praxas.com\/wp-content\/uploads\/TREL30-16U_NS_Web.jpg",1200,680,false],"crunchify-admin-post-featured-image":["https:\/\/praxas.com\/wp-content\/uploads\/TREL30-16U_NS_Web-120x68.jpg",120,68,true],"commercegurus-pdp-large":["https:\/\/praxas.com\/wp-content\/uploads\/TREL30-16U_NS_Web-990x561.jpg",990,561,true],"commercegurus-plp-mobile":["https:\/\/praxas.com\/wp-content\/uploads\/TREL30-16U_NS_Web-441x250.jpg",441,250,true],"cgkit_image_swatch":["https:\/\/praxas.com\/wp-content\/uploads\/TREL30-16U_NS_Web-100x100.jpg",100,100,true],"woocommerce_thumbnail":["https:\/\/praxas.com\/wp-content\/uploads\/TREL30-16U_NS_Web-350x198.jpg",350,198,true],"woocommerce_single":["https:\/\/praxas.com\/wp-content\/uploads\/TREL30-16U_NS_Web-800x453.jpg",800,453,true],"woocommerce_gallery_thumbnail":["https:\/\/praxas.com\/wp-content\/uploads\/TREL30-16U_NS_Web-150x85.jpg",150,85,true]},"uagb_author_info":{"display_name":"Alex James","author_link":"https:\/\/praxas.com\/it\/author\/"},"uagb_comment_info":0,"uagb_excerpt":"Da -90\u00b0C a +40\u00b0C Connessione USB-C Oltre 17.500 set di registrazione Allarme acustico incorporato Funzione di pausa automatica","_links":{"self":[{"href":"https:\/\/praxas.com\/it\/wp-json\/wp\/v2\/product\/58085","targetHints":{"allow":["GET"]}}],"collection":[{"href":"https:\/\/praxas.com\/it\/wp-json\/wp\/v2\/product"}],"about":[{"href":"https:\/\/praxas.com\/it\/wp-json\/wp\/v2\/types\/product"}],"wp:featuredmedia":[{"embeddable":true,"href":"https:\/\/praxas.com\/it\/wp-json\/wp\/v2\/media\/58086"}],"wp:attachment":[{"href":"https:\/\/praxas.com\/it\/wp-json\/wp\/v2\/media?parent=58085"}],"wp:term":[{"taxonomy":"product_brand","embeddable":true,"href":"https:\/\/praxas.com\/it\/wp-json\/wp\/v2\/product_brand?post=58085"},{"taxonomy":"product_cat","embeddable":true,"href":"https:\/\/praxas.com\/it\/wp-json\/wp\/v2\/product_cat?post=58085"},{"taxonomy":"product_tag","embeddable":true,"href":"https:\/\/praxas.com\/it\/wp-json\/wp\/v2\/product_tag?post=58085"}],"curies":[{"name":"wp","href":"https:\/\/api.w.org\/{rel}","templated":true}]}}