{"id":24624,"date":"2023-09-21T11:35:46","date_gmt":"2023-09-21T11:35:46","guid":{"rendered":"https:\/\/staging.praxas.com\/el-sms-ondersteuning\/"},"modified":"2025-06-20T09:44:32","modified_gmt":"2025-06-20T09:44:32","slug":"el-sms-ondersteuning","status":"publish","type":"page","link":"https:\/\/praxas.com\/nl\/ondersteuning\/el-sms-ondersteuning\/","title":{"rendered":"EL-SMS-ondersteuning"},"content":{"rendered":"<h2><span class=\"ui-provider azr azs azt azu azv azw azx azy azz baa bab bac bae baf bag bah bai baj bak bal bam ban bao bap baq bar bas bat bau bav baw bax bay baz bba\" dir=\"ltr\">Veelgestelde vragen<\/span><\/h2>\n<p><span class=\"ui-provider azr azs azt azu azv azw azx azy azz baa bab bac bae baf bag bah bai baj bak bal bam ban bao bap baq bar bas bat bau bav baw bax bay baz bba\" dir=\"ltr\"><\/p>\n<div class=\"accordion\">\n<h2 class=\"accordion-header\">Kan mijn EL-SMS-2G apparaat temperatuurgegevens opslaan?<br \/>\n<i class=\"fas fa-chevron-circle-down\"><\/i><\/h2>\n<div class=\"accordion-content\">Nee, het is meer een temperatuurwaarschuwingsapparaat dan een temperatuurregistratieapparaat en het registreert geen temperatuurmetingen.<\/div>\n<\/div>\n<p><\/span><\/p>\n<p><span class=\"ui-provider azr azs azt azu azv azw azx azy azz baa bab bac bae baf bag bah bai baj bak bal bam ban bao bap baq bar bas bat bau bav baw bax bay baz bba\" dir=\"ltr\"><\/p>\n<div class=\"accordion\">\n<h2 class=\"accordion-header\">Op welk type batterijen werken de EL-SMS-2G apparaten?<br \/>\n<i class=\"fas fa-chevron-circle-down\"><\/i><\/h2>\n<div class=\"accordion-content\"><a href=\"https:\/\/praxas.com\/nl\/product\/gegevensloggers\/accessoires\/bat-1v5-aa-pk4\/\"><strong>4 x AA alkaline batterijen<\/strong><\/a>. We raden ook aan om alleen alkalinebatterijen van hoge kwaliteit te gebruiken, zodat de batterijen zo lang mogelijk meegaan.<\/div>\n<\/div>\n<p><\/span><\/p>\n<p><span class=\"ui-provider azr azs azt azu azv azw azx azy azz baa bab bac bae baf bag bah bai baj bak bal bam ban bao bap baq bar bas bat bau bav baw bax bay baz bba\" dir=\"ltr\"><\/p>\n<div class=\"accordion\">\n<h2 class=\"accordion-header\">Hoe weet ik wanneer de batterij van mijn EL-SMS-2G bijna leeg is?<br \/>\n<i class=\"fas fa-chevron-circle-down\"><\/i><\/h2>\n<div class=\"accordion-content\">Als het apparaat in stand-by staat, druk dan op de knop &#8220;Status&#8221;. De rode LED zal gedurende 1,5 seconde oplichten als de batterij bijna leeg is. Als het apparaat in de Run-modus staat, stuurt het een sms-bericht met de waarschuwing dat de batterij bijna leeg is.<\/div>\n<\/div>\n<p><\/span><\/p>\n<p><span class=\"ui-provider azr azs azt azu azv azw azx azy azz baa bab bac bae baf bag bah bai baj bak bal bam ban bao bap baq bar bas bat bau bav baw bax bay baz bba\" dir=\"ltr\"><\/p>\n<div class=\"accordion\">\n<h2 class=\"accordion-header\">Hoe vervang ik de batterijen in mijn EL-SMS-2G apparaat?<br \/>\n<i class=\"fas fa-chevron-circle-down\"><\/i><\/h2>\n<div class=\"accordion-content\">Aan de achterkant van het apparaat zit een batterijklepje dat met de hand kan worden verwijderd.<\/div>\n<\/div>\n<p><\/span><\/p>\n<p><span class=\"ui-provider azr azs azt azu azv azw azx azy azz baa bab bac bae baf bag bah bai baj bak bal bam ban bao bap baq bar bas bat bau bav baw bax bay baz bba\" dir=\"ltr\"><\/p>\n<div class=\"accordion\">\n<h2 class=\"accordion-header\">Hoe lang gaan de batterijen in mijn EL-SMS-2G apparaat mee?<br \/>\n<i class=\"fas fa-chevron-circle-down\"><\/i><\/h2>\n<div class=\"accordion-content\">De verwachte levensduur van de batterij bij kamertemperatuur, het verzenden van een dagelijks samenvattend bericht en maximaal \u00e9\u00e9n alarmmelding per week, is \u00e9\u00e9n jaar.<\/div>\n<\/div>\n<p><\/span><\/p>\n<p><span class=\"ui-provider azr azs azt azu azv azw azx azy azz baa bab bac bae baf bag bah bai baj bak bal bam ban bao bap baq bar bas bat bau bav baw bax bay baz bba\" dir=\"ltr\"><\/p>\n<div class=\"accordion\">\n<h2 class=\"accordion-header\">Als de batterijen van mijn EL-SMS-2G apparaat leeg raken, raak ik dan alle gegevens kwijt?<br \/>\n<i class=\"fas fa-chevron-circle-down\"><\/i><\/h2>\n<div class=\"accordion-content\">Nee, het wordt opgeslagen in het interne geheugen.<\/div>\n<\/div>\n<p><\/span><\/p>\n<p><span class=\"ui-provider azr azs azt azu azv azw azx azy azz baa bab bac bae baf bag bah bai baj bak bal bam ban bao bap baq bar bas bat bau bav baw bax bay baz bba\" dir=\"ltr\"><\/p>\n<div class=\"accordion\">\n<h2 class=\"accordion-header\">Kan ik mijn EL-SMS-2G apparaat permanent van stroom voorzien?<br \/>\n<i class=\"fas fa-chevron-circle-down\"><\/i><\/h2>\n<div class=\"accordion-content\">Nee, hij werkt alleen op batterijen.<\/div>\n<\/div>\n<p><\/span><\/p>\n<p><span class=\"ui-provider azr azs azt azu azv azw azx azy azz baa bab bac bae baf bag bah bai baj bak bal bam ban bao bap baq bar bas bat bau bav baw bax bay baz bba\" dir=\"ltr\"><\/p>\n<div class=\"accordion\">\n<h2 class=\"accordion-header\">Wat voor SIM-kaart heeft mijn EL-SMS-2G apparaat nodig?<br \/>\n<i class=\"fas fa-chevron-circle-down\"><\/i><\/h2>\n<div class=\"accordion-content\">Een micro-SIM-kaart.<\/div>\n<\/div>\n<p><\/span><\/p>\n<p><span class=\"ui-provider azr azs azt azu azv azw azx azy azz baa bab bac bae baf bag bah bai baj bak bal bam ban bao bap baq bar bas bat bau bav baw bax bay baz bba\" dir=\"ltr\"><\/p>\n<div class=\"accordion\">\n<h2 class=\"accordion-header\">Wordt een EL-SMS-2G apparaat geleverd met een SIM-kaart?<br \/>\n<i class=\"fas fa-chevron-circle-down\"><\/i><\/h2>\n<div class=\"accordion-content\">Nee, dit moet worden gekocht bij het mobiele netwerk van je keuze.<\/div>\n<\/div>\n<p><\/span><\/p>\n<p><span class=\"ui-provider azr azs azt azu azv azw azx azy azz baa bab bac bae baf bag bah bai baj bak bal bam ban bao bap baq bar bas bat bau bav baw bax bay baz bba\" dir=\"ltr\"><\/p>\n<div class=\"accordion\">\n<h2 class=\"accordion-header\">De SIM-kaart werkt niet in mijn EL-SMS-2G apparaat, wat kan ik doen?<br \/>\n<i class=\"fas fa-chevron-circle-down\"><\/i><\/h2>\n<div class=\"accordion-content\">Controleer of er geen PIN code lock is ingeschakeld op de SIM. Plaats indien nodig de SIM-kaart in een normale mobiele telefoon om de PIN-codevergrendeling uit te schakelen.<\/div>\n<\/div>\n<p><\/span><\/p>\n<p><span class=\"ui-provider azr azs azt azu azv azw azx azy azz baa bab bac bae baf bag bah bai baj bak bal bam ban bao bap baq bar bas bat bau bav baw bax bay baz bba\" dir=\"ltr\"><\/p>\n<div class=\"accordion\">\n<h2 class=\"accordion-header\">Hoe configureer ik mijn EL-SMS-2G apparaat?<br \/>\n<i class=\"fas fa-chevron-circle-down\"><\/i><\/h2>\n<div class=\"accordion-content\">Het apparaat wordt geconfigureerd via de EL-SMS App, beschikbaar voor Android en iOS. De EL-SMS App maakt een configuratie-sms die naar het apparaat wordt gestuurd om de configuratie van het apparaat uit te voeren. Raadpleeg de gebruikershandleiding voor meer informatie.<\/div>\n<\/div>\n<p><\/span><\/p>\n<p><span class=\"ui-provider azr azs azt azu azv azw azx azy azz baa bab bac bae baf bag bah bai baj bak bal bam ban bao bap baq bar bas bat bau bav baw bax bay baz bba\" dir=\"ltr\"><\/p>\n<div class=\"accordion\">\n<h2 class=\"accordion-header\">Waar kan ik de EL-SMS Mobile App krijgen en hoeveel kost deze?<br \/>\n<i class=\"fas fa-chevron-circle-down\"><\/i><\/h2>\n<div class=\"accordion-content\">De Android-versie is verkrijgbaar in de Google Play Store en de iOS-versie in de App Store. De app is gratis.<\/div>\n<\/div>\n<p><\/span><\/p>\n<p><span class=\"ui-provider azr azs azt azu azv azw azx azy azz baa bab bac bae baf bag bah bai baj bak bal bam ban bao bap baq bar bas bat bau bav baw bax bay baz bba\" dir=\"ltr\"><\/p>\n<div class=\"accordion\">\n<h2 class=\"accordion-header\">Hoe weet ik dat mijn EL-SMS-2G apparaat met succes is geconfigureerd?<br \/>\n<i class=\"fas fa-chevron-circle-down\"><\/i><\/h2>\n<div class=\"accordion-content\">Nadat je de configuratie-sms hebt verzonden, ontvang je een bericht &#8220;Setup voltooid&#8221; op je telefoon.<\/div>\n<\/div>\n<p><\/span><\/p>\n<p><span class=\"ui-provider azr azs azt azu azv azw azx azy azz baa bab bac bae baf bag bah bai baj bak bal bam ban bao bap baq bar bas bat bau bav baw bax bay baz bba\" dir=\"ltr\"><\/p>\n<div class=\"accordion\">\n<h2 class=\"accordion-header\">Ik kan mijn EL-SMS-2G apparaat niet instellen, wat kan er mis zijn?<br \/>\n<i class=\"fas fa-chevron-circle-down\"><\/i><\/h2>\n<div class=\"accordion-content\">Controleer of de SIM-kaart goed in het apparaat zit en of er beltegoed op staat. Er moet ook voldoende mobiel signaal zijn op je locatie, anders kan het apparaat zich mogelijk niet registreren op het mobiele netwerk. Als het apparaat zich na twee minuten niet kan registreren, wordt de installatiepoging afgebroken. Dit wordt aangegeven door vijf korte pieptonen van de sounder en vijf rode LED-flitsen wanneer de statusknop wordt ingedrukt.<\/div>\n<\/div>\n<p><\/span><\/p>\n<p><span class=\"ui-provider azr azs azt azu azv azw azx azy azz baa bab bac bae baf bag bah bai baj bak bal bam ban bao bap baq bar bas bat bau bav baw bax bay baz bba\" dir=\"ltr\"><\/p>\n<div class=\"accordion\">\n<h2 class=\"accordion-header\">Hoe weet ik dat mijn EL-SMS-2G apparaat normaal werkt?<br \/>\n<i class=\"fas fa-chevron-circle-down\"><\/i><\/h2>\n<div class=\"accordion-content\">Het apparaat kan worden geconfigureerd om periodieke overzichtsberichten te versturen om te bevestigen dat het normaal werkt.<\/div>\n<\/div>\n<p><\/span><\/p>\n<p><span class=\"ui-provider azr azs azt azu azv azw azx azy azz baa bab bac bae baf bag bah bai baj bak bal bam ban bao bap baq bar bas bat bau bav baw bax bay baz bba\" dir=\"ltr\"><\/p>\n<div class=\"accordion\">\n<h2 class=\"accordion-header\">Wat voor soort telefoon heb ik nodig om een EL-SMS-2G apparaat te gebruiken?<br \/>\n<i class=\"fas fa-chevron-circle-down\"><\/i><\/h2>\n<div class=\"accordion-content\">Je hebt een Android- of Apple-smartphone nodig. De vereisten voor het besturingssysteem worden in een andere FAQ gegeven. De telefoon moet tekstberichten kunnen verzenden en ontvangen.<\/div>\n<\/div>\n<p><\/span><\/p>\n<p><span class=\"ui-provider azr azs azt azu azv azw azx azy azz baa bab bac bae baf bag bah bai baj bak bal bam ban bao bap baq bar bas bat bau bav baw bax bay baz bba\" dir=\"ltr\"><\/p>\n<div class=\"accordion\">\n<h2 class=\"accordion-header\">Welke versie van Android heb ik nodig om de Android-versie van de EL-SMS App te draaien?<br \/>\n<i class=\"fas fa-chevron-circle-down\"><\/i><\/h2>\n<div class=\"accordion-content\">Android-versie 4.0.3 en hoger.<\/div>\n<\/div>\n<p><\/span><\/p>\n<p><span class=\"ui-provider azr azs azt azu azv azw azx azy azz baa bab bac bae baf bag bah bai baj bak bal bam ban bao bap baq bar bas bat bau bav baw bax bay baz bba\" dir=\"ltr\"><\/p>\n<div class=\"accordion\">\n<h2 class=\"accordion-header\">Welke iOS-versie heb ik nodig om de iOS-versie van de EL-SMS App te draaien?<br \/>\n<i class=\"fas fa-chevron-circle-down\"><\/i><\/h2>\n<div class=\"accordion-content\">De app is compatibel met iOS-versies 9.2 en hoger.<\/div>\n<\/div>\n<p><\/span><\/p>\n<p><span class=\"ui-provider azr azs azt azu azv azw azx azy azz baa bab bac bae baf bag bah bai baj bak bal bam ban bao bap baq bar bas bat bau bav baw bax bay baz bba\" dir=\"ltr\"><\/p>\n<div class=\"accordion\">\n<h2 class=\"accordion-header\">Is mijn EL-SMS-2G apparaat waterdicht en kan het buitenshuis worden gebruikt?<br \/>\n<i class=\"fas fa-chevron-circle-down\"><\/i><\/h2>\n<div class=\"accordion-content\"><\/span>Het product heeft een IP-beschermingsgraad van IP53 mits de thermistorsonde is aangesloten. Dit geeft:<br \/>\n&#8211; Bescherming tegen vaste lichamen groter dan 1 mm.<br \/>\n&#8211; Bescherming tegen waterdruppels die tot 15\u00b0 van verticaal zijn afgebogen.<\/p>\n<p>Als u het apparaat buitenshuis wilt gebruiken, moet de thermistorsonde worden aangesloten en moet het apparaat op een beschutte plek worden geplaatst.<span class=\"ui-provider azr azs azt azu azv azw azx azy azz baa bab bac bae baf bag bah bai baj bak bal bam ban bao bap baq bar bas bat bau bav baw bax bay baz bba\" dir=\"ltr\"><\/div>\n<\/div>\n<p><\/span><\/p>\n<p><span class=\"ui-provider azr azs azt azu azv azw azx azy azz baa bab bac bae baf bag bah bai baj bak bal bam ban bao bap baq bar bas bat bau bav baw bax bay baz bba\" dir=\"ltr\"><\/p>\n<div class=\"accordion\">\n<h2 class=\"accordion-header\">Welk type mobiel netwerk gebruikt het apparaat voor het verzenden en ontvangen van SMS-berichten?<br \/>\n<i class=\"fas fa-chevron-circle-down\"><\/i><\/h2>\n<div class=\"accordion-content\">Het GSM-netwerk (Global System for Mobile Communications).<\/span><\/div>\n<\/div>\n<p><\/span><\/p>\n<p><span class=\"ui-provider azr azs azt azu azv azw azx azy azz baa bab bac bae baf bag bah bai baj bak bal bam ban bao bap baq bar bas bat bau bav baw bax bay baz bba\" dir=\"ltr\"><\/p>\n<div class=\"accordion\">\n<h2 class=\"accordion-header\">Waar kan ik mijn EL-SMS-2G apparaat vinden?<br \/>\n<i class=\"fas fa-chevron-circle-down\"><\/i><\/h2>\n<div class=\"accordion-content\">Overal waar voldoende mobiel signaal is van de mobiele netwerkdienst die je wilt gebruiken.<\/span><\/div>\n<\/div>\n<p><\/span><\/p>\n<p><span class=\"ui-provider azr azs azt azu azv azw azx azy azz baa bab bac bae baf bag bah bai baj bak bal bam ban bao bap baq bar bas bat bau bav baw bax bay baz bba\" dir=\"ltr\"><\/p>\n<div class=\"accordion\">\n<h2 class=\"accordion-header\">Hoe weet ik welke signaalsterkte mijn EL-SMS-2G-apparaat ontvangt?<br \/>\n<i class=\"fas fa-chevron-circle-down\"><\/i><\/h2>\n<div class=\"accordion-content\">Als er voldoende signaal is om een bericht te verzenden, wordt de signaalsterkte in staafjes weergegeven in het bericht &#8220;Setup voltooid&#8221; dat na een succesvolle configuratie naar je telefoon wordt gestuurd.<\/span><\/div>\n<\/div>\n<p><\/span><\/p>\n<p><span class=\"ui-provider azr azs azt azu azv azw azx azy azz baa bab bac bae baf bag bah bai baj bak bal bam ban bao bap baq bar bas bat bau bav baw bax bay baz bba\" dir=\"ltr\"><\/p>\n<div class=\"accordion\">\n<h2 class=\"accordion-header\">Naar hoeveel telefoons kunnen waarschuwingen voor EL-SMS-2G apparaten tegelijk worden verzonden?<br \/>\n<i class=\"fas fa-chevron-circle-down\"><\/i><\/h2>\n<div class=\"accordion-content\">Maximaal drie. Merk op dat het opgeven van meer telefoons voor notificatie de verwachte levensduur van de batterij aanzienlijk zal verkorten en extra kosten met zich mee kan brengen omdat er meer berichten worden verzonden.<\/span><\/div>\n<\/div>\n<p><\/span><\/p>\n<p><span class=\"ui-provider azr azs azt azu azv azw azx azy azz baa bab bac bae baf bag bah bai baj bak bal bam ban bao bap baq bar bas bat bau bav baw bax bay baz bba\" dir=\"ltr\"><\/p>\n<div class=\"accordion\">\n<h2 class=\"accordion-header\">Kan ik het geluid van de EL-SMS-2G uitschakelen?<br \/>\n<i class=\"fas fa-chevron-circle-down\"><\/i><\/h2>\n<div class=\"accordion-content\">Nee, dat kun je niet.<\/span><\/div>\n<\/div>\n<p><\/span><\/p>\n<p><span class=\"ui-provider azr azs azt azu azv azw azx azy azz baa bab bac bae baf bag bah bai baj bak bal bam ban bao bap baq bar bas bat bau bav baw bax bay baz bba\" dir=\"ltr\"><\/p>\n<div class=\"accordion\">\n<h2 class=\"accordion-header\">Waarom maakt mijn EL-SMS-2G apparaat geen verbinding met het mobiele netwerk?<br \/>\n<i class=\"fas fa-chevron-circle-down\"><\/i><\/h2>\n<div class=\"accordion-content\">Controleer of de SIM-kaart correct is geplaatst, of er geen PIN-code op staat, of deze niet defect is en of er voldoende signaalsterkte is op de locatie. Dit kan worden gedaan door met een mobiele telefoon de beschikbare signaalsterkte te observeren.<\/span><\/div>\n<\/div>\n<p><\/span><\/p>\n<p><span class=\"ui-provider azr azs azt azu azv azw azx azy azz baa bab bac bae baf bag bah bai baj bak bal bam ban bao bap baq bar bas bat bau bav baw bax bay baz bba\" dir=\"ltr\"><\/p>\n<div class=\"accordion\">\n<h2 class=\"accordion-header\">Kan ik temperatuuralarmen instellen op mijn EL-SMS-2G apparaat in Celsius of Fahrenheit?<br \/>\n<i class=\"fas fa-chevron-circle-down\"><\/i><\/h2>\n<div class=\"accordion-content\">Ja. Je kunt de EL-SMS App gebruiken om het apparaat te configureren om Celsius of Fahrenheit te gebruiken en vervolgens dienovereenkomstig alarmen in te stellen.<\/span><\/div>\n<\/div>\n<p><\/span><\/p>\n<p><span class=\"ui-provider azr azs azt azu azv azw azx azy azz baa bab bac bae baf bag bah bai baj bak bal bam ban bao bap baq bar bas bat bau bav baw bax bay baz bba\" dir=\"ltr\"><\/p>\n<div class=\"accordion\">\n<h2 class=\"accordion-header\">Hoe kan ik de bewaking van mijn EL-SMS-2G apparaat stoppen?<br \/>\n<i class=\"fas fa-chevron-circle-down\"><\/i><\/h2>\n<div class=\"accordion-content\">Druk vijf seconden op de knop &#8220;Status&#8221; terwijl u de knop &#8220;Stop&#8221; ten minste \u00e9\u00e9n seconde ingedrukt houdt. De eenheid stopt met monitoren, toont de groene LED gedurende drie seconden en wordt vervolgens gereset. De opstart-LED-sequentie wordt dan weergegeven en de unit staat in de stand-bymodus in een &#8220;niet-geconfigureerde&#8221; staat.<\/span><\/div>\n<\/div>\n<p><\/span><\/p>\n<p><span class=\"ui-provider azr azs azt azu azv azw azx azy azz baa bab bac bae baf bag bah bai baj bak bal bam ban bao bap baq bar bas bat bau bav baw bax bay baz bba\" dir=\"ltr\"><\/p>\n<div class=\"accordion\">\n<h2 class=\"accordion-header\">Hoe kan ik de instellingen van mijn EL-SMS-2G apparaat wijzigen?<br \/>\n<i class=\"fas fa-chevron-circle-down\"><\/i><\/h2>\n<div class=\"accordion-content\">Dit wordt gedaan door een nieuwe configuratie-SMS naar het apparaat te sturen met behulp van de App.<\/span><\/div>\n<\/div>\n<p><\/span><\/p>\n<p><span class=\"ui-provider azr azs azt azu azv azw azx azy azz baa bab bac bae baf bag bah bai baj bak bal bam ban bao bap baq bar bas bat bau bav baw bax bay baz bba\" dir=\"ltr\"><\/p>\n<div class=\"accordion\">\n<h2 class=\"accordion-header\">Kan ik mijn EL-SMS-2G apparaat op afstand configureren?<br \/>\n<i class=\"fas fa-chevron-circle-down\"><\/i><\/h2>\n<div class=\"accordion-content\">Hoewel de configuratie-sms vanaf elke locatie kan worden verzonden, moet er nog steeds iemand bij het apparaat zijn, want de &#8220;Status&#8221;-knop op het apparaat moet vijf seconden worden ingedrukt om de instellingsprocedure te starten.<\/span><\/div>\n<\/div>\n<p><\/span><\/p>\n<p><span class=\"ui-provider azr azs azt azu azv azw azx azy azz baa bab bac bae baf bag bah bai baj bak bal bam ban bao bap baq bar bas bat bau bav baw bax bay baz bba\" dir=\"ltr\"><\/p>\n<div class=\"accordion\">\n<h2 class=\"accordion-header\">Hoe weet ik of mijn EL-SMS-2G apparaat in stand-bymodus staat?<br \/>\n<i class=\"fas fa-chevron-circle-down\"><\/i><\/h2>\n<div class=\"accordion-content\">Druk \u00e9\u00e9n seconde op de knop &#8220;Status&#8221;. Het apparaat vertoont vier groene of vijf rode LED-flitsen. Vier groene LED-flitsen betekenen dat het apparaat klaar is voor de eerste installatiepoging. Vijf rode LED-flitsen betekenen dat de laatste poging om het toestel in te stellen mislukt is, maar dat het klaar is voor een nieuwe poging.<\/span><\/div>\n<\/div>\n<p><\/span><\/p>\n<p><span class=\"ui-provider azr azs azt azu azv azw azx azy azz baa bab bac bae baf bag bah bai baj bak bal bam ban bao bap baq bar bas bat bau bav baw bax bay baz bba\" dir=\"ltr\"><\/p>\n<div class=\"accordion\">\n<h2 class=\"accordion-header\">Wat betekent deze LED-flitsreeks van mijn EL-SMS-2G apparaat?<br \/>\n<i class=\"fas fa-chevron-circle-down\"><\/i><\/h2>\n<div class=\"accordion-content\">Raadpleeg de gebruikershandleiding waarin de LED-flitsvolgorde wordt uitgelegd.<\/span><\/div>\n<\/div>\n<p><\/span><\/p>\n<p><span class=\"ui-provider azr azs azt azu azv azw azx azy azz baa bab bac bae baf bag bah bai baj bak bal bam ban bao bap baq bar bas bat bau bav baw bax bay baz bba\" dir=\"ltr\"><\/p>\n<div class=\"accordion\">\n<h2 class=\"accordion-header\">Hoe weet ik of mijn EL-SMS-2G geregistreerd is op een mobiel netwerk?<br \/>\n<i class=\"fas fa-chevron-circle-down\"><\/i><\/h2>\n<div class=\"accordion-content\">De status van de mobiele netwerkverbinding wordt alleen weergegeven als het apparaat een sms probeert te verzenden of ontvangen en wordt aangegeven door de oranje Netlight status-LED aan de voorkant van het apparaat. Dit knippert elke 0,8s als het apparaat niet is aangesloten en gaat elke 2s knipperen als het is aangesloten.<\/span><\/div>\n<\/div>\n<p><\/span><\/p>\n<p><span class=\"ui-provider azr azs azt azu azv azw azx azy azz baa bab bac bae baf bag bah bai baj bak bal bam ban bao bap baq bar bas bat bau bav baw bax bay baz bba\" dir=\"ltr\"><\/p>\n<div class=\"accordion\">\n<h2 class=\"accordion-header\">Hoe vaak moet ik mijn EL-SMS-2G apparaat opsturen voor herkalibratie?<br \/>\n<i class=\"fas fa-chevron-circle-down\"><\/i><\/h2>\n<div class=\"accordion-content\">We raden een jaarlijkse herkalibratie aan, maar het kan zijn dat uw procedures iets anders vereisen. Neem contact met ons op voor informatie over de kalibratiediensten die we aanbieden.<\/span><\/div>\n<\/div>\n<p><\/span><\/p>\n<p><span class=\"ui-provider azr azs azt azu azv azw azx azy azz baa bab bac bae baf bag bah bai baj bak bal bam ban bao bap baq bar bas bat bau bav baw bax bay baz bba\" dir=\"ltr\"><\/p>\n<div class=\"accordion\">\n<h2 class=\"accordion-header\">Waarom lijkt de tijd die wordt weergegeven door mijn EL-SMS-2G apparaat achter te lopen op de werkelijke tijd?<br \/>\n<i class=\"fas fa-chevron-circle-down\"><\/i><\/h2>\n<div class=\"accordion-content\">De tijd op het apparaat wordt ingesteld wanneer het een configuratie-SMS ontvangt van de App. Als het apparaat de configuratie-sms met vertraging ontvangt, dan loopt de tijd op het apparaat achter op de tijd op de mobiele telefoon die gebruikt wordt om het apparaat te configureren.<\/span><\/div>\n<\/div>\n<p><\/span><\/p>\n<p><span class=\"ui-provider azr azs azt azu azv azw azx azy azz baa bab bac bae baf bag bah bai baj bak bal bam ban bao bap baq bar bas bat bau bav baw bax bay baz bba\" dir=\"ltr\"><\/p>\n<div class=\"accordion\">\n<h2 class=\"accordion-header\">Blijft het 2G-netwerk de komende jaren beschikbaar?<br \/>\n<i class=\"fas fa-chevron-circle-down\"><\/i><\/h2>\n<div class=\"accordion-content\">E\u00e9n groot netwerk heeft de intentie uitgesproken om zijn 2G-netwerk in Europa operationeel te houden tot ten minste 2025, dus een 2G-netwerk zou beschikbaar moeten zijn voor de nabije toekomst.<\/span><\/div>\n<\/div>\n<p><\/span><\/p>\n","protected":false},"excerpt":{"rendered":"<p>Veelgestelde vragen<\/p>\n","protected":false},"author":2,"featured_media":0,"parent":24630,"menu_order":4,"comment_status":"closed","ping_status":"closed","template":"template-fullwidth.php","meta":{"_acf_changed":false,"content-type":"","_uag_custom_page_level_css":"","footnotes":""},"class_list":["post-24624","page","type-page","status-publish","hentry"],"acf":[],"spectra_custom_meta":{"hero_image":[""],"_hero_image":["field_64f1a7da7af44"],"_hero_h1":["field_64f19e1edd052"],"_hero_h2":["field_64f19e2ddd053"],"_hero_text":["field_64f19e42dd054"],"_hero_button_text":["field_64f19e4edd055"],"_hero_button_link":["field_64f19e5ddd056"],"_top_nav_excluded":[""],"_cms_nav_minihome":[""],"_wp_page_template":["template-fullwidth.php"],"_last_translation_edit_mode":["translation-editor"],"_edit_lock":["1721399806:8383"],"classic-editor-remember":["classic-editor"],"rank_math_seo_score":["56"],"_edit_last":["8383"],"hero_h1":[""],"hero_h2":[""],"hero_text":[""],"hero_button_text":[""],"hero_button_link":[""],"_wpml_media_duplicate":["1"],"_wpml_media_featured":["1"],"_wpml_word_count":["1409"],"rank_math_title":["EL-SMS-ondersteuning | SMS-waarschuwingen | Praxas"],"rank_math_description":["Ondersteuning nodig voor EL-SMS of vragen? Bekijk onze FAQ's of neem contact op met ons verkoopteam voor hulp! "],"rank_math_focus_keyword":["EL-SMS-ondersteuning"],"_uag_page_assets":["a:9:{s:3:\"css\";s:0:\"\";s:2:\"js\";s:0:\"\";s:18:\"current_block_list\";a:0:{}s:8:\"uag_flag\";b:0;s:11:\"uag_version\";s:10:\"1777052440\";s:6:\"gfonts\";a:0:{}s:10:\"gfonts_url\";s:0:\"\";s:12:\"gfonts_files\";a:0:{}s:14:\"uag_faq_layout\";b:0;}"]},"uagb_featured_image_src":{"full":false,"thumbnail":false,"medium":false,"medium_large":false,"large":false,"1536x1536":false,"2048x2048":false,"crunchify-admin-post-featured-image":false,"commercegurus-pdp-large":false,"commercegurus-plp-mobile":false,"cgkit_image_swatch":false,"woocommerce_thumbnail":false,"woocommerce_single":false,"woocommerce_gallery_thumbnail":false},"uagb_author_info":{"display_name":"Andy Price","author_link":"https:\/\/praxas.com\/nl\/author\/andyp\/"},"uagb_comment_info":0,"uagb_excerpt":"Veelgestelde vragen","_links":{"self":[{"href":"https:\/\/praxas.com\/nl\/wp-json\/wp\/v2\/pages\/24624","targetHints":{"allow":["GET"]}}],"collection":[{"href":"https:\/\/praxas.com\/nl\/wp-json\/wp\/v2\/pages"}],"about":[{"href":"https:\/\/praxas.com\/nl\/wp-json\/wp\/v2\/types\/page"}],"author":[{"embeddable":true,"href":"https:\/\/praxas.com\/nl\/wp-json\/wp\/v2\/users\/2"}],"replies":[{"embeddable":true,"href":"https:\/\/praxas.com\/nl\/wp-json\/wp\/v2\/comments?post=24624"}],"version-history":[{"count":4,"href":"https:\/\/praxas.com\/nl\/wp-json\/wp\/v2\/pages\/24624\/revisions"}],"predecessor-version":[{"id":46901,"href":"https:\/\/praxas.com\/nl\/wp-json\/wp\/v2\/pages\/24624\/revisions\/46901"}],"up":[{"embeddable":true,"href":"https:\/\/praxas.com\/nl\/wp-json\/wp\/v2\/pages\/24630"}],"wp:attachment":[{"href":"https:\/\/praxas.com\/nl\/wp-json\/wp\/v2\/media?parent=24624"}],"curies":[{"name":"wp","href":"https:\/\/api.w.org\/{rel}","templated":true}]}}