{"id":42503,"date":"2024-09-26T12:12:56","date_gmt":"2024-09-26T10:12:56","guid":{"rendered":"https:\/\/praxas.com\/product\/niet-gecategoriseerd\/el-sp2-th\/"},"modified":"2025-10-09T09:47:50","modified_gmt":"2025-10-09T07:47:50","slug":"el-sp2-th","status":"publish","type":"product","link":"https:\/\/praxas.com\/nl\/product\/gegevensloggers\/accessoires\/el-sp2-th\/","title":{"rendered":"EL-SP2-TH"},"content":{"rendered":"<p>Deze temperatuur- en vochtigheidssensor is speciaal ontworpen voor de EL-IOT-SP-TH. De probe heeft een kabel van 2 m en is een ideale keuze voor toepassingen waar het problematisch kan zijn om zowel de datalogger als de sensor onder te brengen, zoals museumvitrines en HVAC-systemen. <\/p>\n<p>De sonde kan eenvoudig worden aangesloten op de basis van een temperatuur- en vochtigheidsdatalogger door hem in de juiste aansluiting te plaatsen en vast te zetten met de schroef die op het apparaat is aangebracht.<\/p>\n<p><strong>Let op:<\/strong> dit product is alleen bedoeld voor gebruik op \u00e9\u00e9n kanaal. Het kan niet worden gebruikt in producten met meer dan \u00e9\u00e9n kanaal.<\/p>\n","protected":false},"excerpt":{"rendered":"<ul>\n<li>Temperatuur- en vochtigheidssensor<\/li>\n<li>Ontworpen voor de EL-IOT-SP-TH<\/li>\n<li>2M kabel<\/li>\n<\/ul>\n","protected":false},"featured_media":42398,"template":"","meta":{"_acf_changed":false,"content-type":"","_uag_custom_page_level_css":""},"product_brand":[],"product_cat":[660],"product_tag":[2440],"class_list":{"0":"post-42503","1":"product","2":"type-product","3":"status-publish","4":"has-post-thumbnail","6":"product_cat-accessoires","7":"product_tag-el-iot-nl","9":"first","10":"instock","11":"taxable","12":"shipping-taxable","13":"purchasable","14":"product-type-simple"},"bundled_by":[],"bundle_stock_status":"instock","bundle_stock_quantity":null,"bundle_virtual":false,"bundle_layout":"","bundle_add_to_cart_form_location":"","bundle_editable_in_cart":false,"bundle_sold_individually_context":"","bundle_item_grouping":"","bundle_min_size":"","bundle_max_size":"","bundle_price":[],"bundled_items":[],"bundle_sell_ids":[],"acf":[],"spectra_custom_meta":{"_backorders":["no"],"_download_limit":["0"],"_download_expiry":["0"],"_downloadable":["no"],"_manage_stock":["no"],"_sku":["EL-SP2-TH"],"_stock_status":["instock"],"_sold_individually":["no"],"_tax_class":[""],"_tax_status":["taxable"],"_virtual":["no"],"_weight":["0.4"],"total_sales":["0"],"product_datasheet":["20308"],"_product_datasheet":["field_650ad7d6ea3a0"],"connectivity":["WiFi"],"_connectivity":["field_64dce263bb57c"],"brand":["EasyLog"],"_brand":["field_64ddf62ed2593"],"_brand_image":["field_650c5e7c84cae"],"_specifications_table":["field_65044e1db92a8"],"_display_data_alarm":["field_667d647bcb066"],"_resources":["field_650849c6945ee"],"_calibration":["field_66a0ddd599972"],"_accessories":["field_650849e6945f0"],"_faqs":["field_650859523d8d5"],"_calibration_suitable_ids_gb":["field_654b4c4acb54a"],"_calibration_suitable_ids_us":["field_654b4c56cb54b"],"_show_in_calibration_suitable":["field_654cfb691d345"],"_other_features":["field_668524f8c98a4"],"_shipping":["field_66852535c98a5"],"_refrigerant_cabinet":["field_66852557c98a6"],"_main_specifications":["field_66855b25b1245"],"_usd_price_4":["field_651570dcac479"],"_usd_price_9":["field_6515713eb4807"],"_usd_price_24":["field_65157141b4809"],"_usd_price_49":["field_65157140b4808"],"_usd_price_99":["field_6515715bb480a"],"_gbp_price_4":["field_6515716e83bfa"],"_gbp_price_9":["field_6515724783bfb"],"_gbp_price_24":["field_6515724b83bfc"],"_gbp_price_49":["field_6515725983bfd"],"_gbp_price_99":["field_6515725d83bfe"],"_usdhk_price_4":["field_6515726f83bff"],"_usdhk_price_9":["field_6515727c83c00"],"_usdhk_price_24":["field_6515728083c01"],"_usdhk_price_49":["field_6515728983c02"],"_usdhk_price_99":["field_6515728e83c03"],"stock_options":["In stock"],"_stock_options":["field_6544b605dc7f9"],"_top_nav_excluded":[""],"_cms_nav_minihome":[""],"_product_image_gallery":["",""],"wcml_sync_hash":["a:1:{s:15:\"postmeta_fields\";s:32:\"76c0d112fadc6aec7b3f29ec1a419dbd\";}"],"attr_label_translations":["a:0:{}"],"_thumbnail_id":["42398"],"_crosssell_ids":["a:0:{}"],"_edit_lock":["1727446725:8383"],"classic-editor-remember":["classic-editor"],"rank_math_seo_score":["25"],"rank_math_contentai_score":["a:5:{s:8:\"keywords\";s:5:\"74.51\";s:9:\"wordCount\";s:1:\"0\";s:9:\"linkCount\";s:1:\"0\";s:12:\"headingCount\";s:1:\"0\";s:10:\"mediaCount\";s:1:\"0\";}"],"_edit_last":["8383"],"commercekit_gallery_layout":[""],"commercekit_disable_sticky_atc":["0"],"commercekit_wc_video_gallery":["a:0:{}"],"_rank_math_gtin_code":[""],"_wcml_average_rating":[null],"_wcml_review_count":[null],"_wcml_rating_count":[null],"_stock":[null],"_wc_average_rating":[0],"_wc_review_count":["0"],"_product_version":["9.2.3"],"usd_price_4":[""],"usd_price_9":[""],"usd_price_24":[""],"usd_price_49":[""],"usd_price_99":[""],"gbp_price_4":[""],"gbp_price_9":[""],"gbp_price_24":[""],"gbp_price_49":[""],"gbp_price_99":[""],"usdhk_price_4":[""],"usdhk_price_9":[""],"usdhk_price_24":[""],"usdhk_price_49":[""],"usdhk_price_99":[""],"display_data_alarm":[""],"calibration":[""],"accessories":[""],"faqs":[""],"calibration_suitable_ids_gb":[""],"calibration_suitable_ids_us":[""],"show_in_calibration_suitable":[""],"other_features":[""],"shipping":[""],"refrigerant_cabinet":[""],"main_specifications":[""],"shoptimizer_layout_pdp_short_description_position":["default"],"rank_math_analytic_object_id":["748"],"brand_image":["10467"],"_wpml_media_duplicate":["1"],"_wpml_media_featured":["1"],"_last_translation_edit_mode":["translation-editor"],"_product_attributes":["a:2:{s:16:\"pa_product-brand\";a:6:{s:4:\"name\";s:16:\"pa_product-brand\";s:5:\"value\";s:0:\"\";s:8:\"position\";i:0;s:10:\"is_visible\";i:1;s:12:\"is_variation\";i:0;s:11:\"is_taxonomy\";i:1;}s:19:\"pa_product-features\";a:6:{s:4:\"name\";s:19:\"pa_product-features\";s:5:\"value\";s:0:\"\";s:8:\"position\";i:1;s:10:\"is_visible\";i:1;s:12:\"is_variation\";i:0;s:11:\"is_taxonomy\";i:1;}}"],"hubwoo_ecomm_pro_id":["30568001764"],"_wpml_word_count":["121"],"min_temp":["-30"],"max_temp":["80"],"_min_temp":["field_67ea5eb4e0a77"],"_max_temp":["field_67ea5f81e0a79"],"rank_math_primary_product_cat":["147"],"rank_math_title":["EL-SP2-TH | Temperatuur- en vochtigheidssensor | Praxas"],"rank_math_description":["Deze slimme temperatuur- en vochtigheidssonde heeft een kabel van 2 m en is een ideale keuze voor toepassingen waarbij het problematisch kan zijn om zowel een datalogger als een sensor te plaatsen."],"rank_math_focus_keyword":["Slimme sonde, EL-SP2-TH"],"specifications_table":["<table class=\"specifications\">\n<tbody>\n<tr class=\"even-row\">\n<td class=\"left-td\">Temperatuurbereik<\/td>\n<td>\n<div class=\"product-specification__value col-m-6\">-30 tot +80\u00baC (-22 tot +176\u00baF)<\/div><\/td>\n<\/tr>\n<tr class=\"odd-row\">\n<td class=\"left-td\">Temperatuur Resolutie<\/td>\n<td>\n<div class=\"product-specification__value col-m-6\">0,1\u00baC (0,1\u00baF)<\/div><\/td>\n<\/tr>\n<tr class=\"even-row\">\n<td class=\"left-td\">Nauwkeurigheid temperatuur<\/td>\n<td>\u00b10,3 (+5 tot +60\u00baC) \u00b10,6 (+41 tot +140\u00baF)<\/td>\n<\/tr>\n<tr class=\"odd-row\">\n<td class=\"left-td\">\n<div class=\"product-specification__value col-m-6\">Vochtigheidsbereik<\/div><\/td>\n<td>0 tot 100% relatieve vochtigheid<\/td>\n<\/tr>\n<tr class=\"even-row\">\n<td class=\"left-td\">\n<div class=\"product-specification__value col-m-6\">Vochtigheidsresolutie<\/div><\/td>\n<td>1%RH<\/td>\n<\/tr>\n<tr class=\"odd-row\">\n<td class=\"left-td\">Nauwkeurigheid vochtigheid<\/td>\n<td>\n<div class=\"product-specification__value col-m-6\">\u00b12 (20 tot 80% relatieve vochtigheid)<\/div><\/td>\n<\/tr>\n<\/tbody>\n<\/table>"],"resources":["<ul class=\"resources-list\">\n \t<li><img src=\"https:\/\/praxas.com\/wp-content\/uploads\/document-icon.png\" alt=\"Documentpictogram\"><a href=\"https:\/\/praxas.com\/wp-content\/uploads\/easylog-data-logger-Probes-iss3_04-2024.pdf\" target=\"_blank\" rel=\"noopener\">Gegevensblad sonde<\/a><\/li>\n<\/ul>\n<a class=\"button button-secondary\" href=\"http:\/\/praxas.com\/support\/\">Meer ondersteuning<\/a>"],"_uag_page_assets":["a:9:{s:3:\"css\";s:0:\"\";s:2:\"js\";s:0:\"\";s:18:\"current_block_list\";a:0:{}s:8:\"uag_flag\";b:0;s:11:\"uag_version\";s:10:\"1775212209\";s:6:\"gfonts\";a:0:{}s:10:\"gfonts_url\";s:0:\"\";s:12:\"gfonts_files\";a:0:{}s:14:\"uag_faq_layout\";b:0;}"],"_regular_price":["39"],"_price":["39"],"_max_variation_price":[""],"_max_variation_regular_price":[""],"_max_variation_sale_price":[""],"_min_variation_price":[""],"_min_variation_regular_price":[""],"_min_variation_sale_price":[""],"_sale_price":[""],"_wc_pb_base_regular_price":[""],"_wc_pb_base_sale_price":[""],"_wc_pb_base_price":[""],"_wc_sw_max_price":[""],"_wc_sw_max_regular_price":[""],"_wc_rating_count":[""]},"uagb_featured_image_src":{"full":["https:\/\/praxas.com\/wp-content\/uploads\/Easylog-data-loggers-EL-GFX-SP-2-Thumb-800x463-2-1.png",800,463,false],"thumbnail":["https:\/\/praxas.com\/wp-content\/uploads\/Easylog-data-loggers-EL-GFX-SP-2-Thumb-800x463-2-1-150x150.png",150,150,true],"medium":["https:\/\/praxas.com\/wp-content\/uploads\/Easylog-data-loggers-EL-GFX-SP-2-Thumb-800x463-2-1-300x174.png",300,174,true],"medium_large":["https:\/\/praxas.com\/wp-content\/uploads\/Easylog-data-loggers-EL-GFX-SP-2-Thumb-800x463-2-1-768x444.png",768,444,true],"large":["https:\/\/praxas.com\/wp-content\/uploads\/Easylog-data-loggers-EL-GFX-SP-2-Thumb-800x463-2-1.png",800,463,false],"1536x1536":["https:\/\/praxas.com\/wp-content\/uploads\/Easylog-data-loggers-EL-GFX-SP-2-Thumb-800x463-2-1.png",800,463,false],"2048x2048":["https:\/\/praxas.com\/wp-content\/uploads\/Easylog-data-loggers-EL-GFX-SP-2-Thumb-800x463-2-1.png",800,463,false],"crunchify-admin-post-featured-image":["https:\/\/praxas.com\/wp-content\/uploads\/Easylog-data-loggers-EL-GFX-SP-2-Thumb-800x463-2-1-120x69.png",120,69,true],"commercegurus-pdp-large":["https:\/\/praxas.com\/wp-content\/uploads\/Easylog-data-loggers-EL-GFX-SP-2-Thumb-800x463-2-1.png",800,463,false],"commercegurus-plp-mobile":["https:\/\/praxas.com\/wp-content\/uploads\/Easylog-data-loggers-EL-GFX-SP-2-Thumb-800x463-2-1-441x255.png",441,255,true],"cgkit_image_swatch":["https:\/\/praxas.com\/wp-content\/uploads\/Easylog-data-loggers-EL-GFX-SP-2-Thumb-800x463-2-1-100x100.png",100,100,true],"woocommerce_thumbnail":["https:\/\/praxas.com\/wp-content\/uploads\/Easylog-data-loggers-EL-GFX-SP-2-Thumb-800x463-2-1-350x203.png",350,203,true],"woocommerce_single":["https:\/\/praxas.com\/wp-content\/uploads\/Easylog-data-loggers-EL-GFX-SP-2-Thumb-800x463-2-1.png",800,463,false],"woocommerce_gallery_thumbnail":["https:\/\/praxas.com\/wp-content\/uploads\/Easylog-data-loggers-EL-GFX-SP-2-Thumb-800x463-2-1-150x87.png",150,87,true]},"uagb_author_info":{"display_name":"Alex James","author_link":"https:\/\/praxas.com\/nl\/author\/"},"uagb_comment_info":0,"uagb_excerpt":"Temperatuur- en vochtigheidssensor Ontworpen voor de EL-IOT-SP-TH 2M kabel","_links":{"self":[{"href":"https:\/\/praxas.com\/nl\/wp-json\/wp\/v2\/product\/42503","targetHints":{"allow":["GET"]}}],"collection":[{"href":"https:\/\/praxas.com\/nl\/wp-json\/wp\/v2\/product"}],"about":[{"href":"https:\/\/praxas.com\/nl\/wp-json\/wp\/v2\/types\/product"}],"wp:featuredmedia":[{"embeddable":true,"href":"https:\/\/praxas.com\/nl\/wp-json\/wp\/v2\/media\/42398"}],"wp:attachment":[{"href":"https:\/\/praxas.com\/nl\/wp-json\/wp\/v2\/media?parent=42503"}],"wp:term":[{"taxonomy":"product_brand","embeddable":true,"href":"https:\/\/praxas.com\/nl\/wp-json\/wp\/v2\/product_brand?post=42503"},{"taxonomy":"product_cat","embeddable":true,"href":"https:\/\/praxas.com\/nl\/wp-json\/wp\/v2\/product_cat?post=42503"},{"taxonomy":"product_tag","embeddable":true,"href":"https:\/\/praxas.com\/nl\/wp-json\/wp\/v2\/product_tag?post=42503"}],"curies":[{"name":"wp","href":"https:\/\/api.w.org\/{rel}","templated":true}]}}