{"id":47626,"date":"2025-02-28T13:39:34","date_gmt":"2025-02-28T12:39:34","guid":{"rendered":"https:\/\/praxas.com\/product\/niet-gecategoriseerd\/rechte-diepvriezer-uluf-p830-mv\/"},"modified":"2026-01-19T13:43:00","modified_gmt":"2026-01-19T12:43:00","slug":"rechte-diepvriezer-uluf-p830-mv","status":"publish","type":"product","link":"https:\/\/praxas.com\/nl\/product\/koeling_producten\/diepvriezers-voor-lage-temperaturen\/rechte-diepvriezer-uluf-p830-mv\/","title":{"rendered":"Rechte diepvriezer ULUF P830 MV"},"content":{"rendered":"<p>De ULUF P830 MV is een ultramoderne vriezer met ultralage temperatuur (ULT), ontworpen voor optimale monsterbescherming en energiezuinigheid. Dankzij de geavanceerde TRUE DUAL\u2122 technologie garandeert dit model betrouwbare prestaties door -70\u00b0C aan te houden, zelfs als \u00e9\u00e9n compressor uitvalt, zodat uw monsters veilig en goed bewaard blijven. <\/p>\n<p><strong>De ULUF P830 MV:<\/strong><\/p>\n<ul>\n<li>Bereikt -80\u00b0C in minder dan 4 uur, dankzij het krachtige koelsysteem en de robuuste isolatie, die polyurethaan en vacu\u00fcmge\u00efsoleerde panelen combineert. Dit ontwerp zorgt voor snel temperatuurherstel en stabiliteit, zelfs bij frequente toegang tot de deur. <\/li>\n<li>Maakt gebruik van natuurlijke koelmiddelen met een laag ODP (Ozone Depletion Potential) en GWP (Global Warming Potential), waardoor een milieuvriendelijke oplossing wordt geboden die het energieverbruik minimaliseert en de kosteneffectiviteit verbetert.<\/li>\n<li>Werkt naadloos in een multispanningsbereik van 100 tot 240 volt, biedt wereldwijde compatibiliteit en stabiliteit tegen stroomschommelingen, zonder dat er extra adapters nodig zijn.<\/li>\n<li>Uitgerust met de geavanceerde V700-regelaar, die essenti\u00eble alarmen en een ECO-modus bevat om het energieverbruik te optimaliseren en tegelijkertijd een uitstekende temperatuuruniformiteit voor opgeslagen materialen te garanderen.<\/li>\n<li>Voorzien van een ergonomische deurgreep voor eenvoudige bediening met \u00e9\u00e9n hand, samen met een ge\u00efntegreerd slot en RFID smart lock kaartsleutel voor verbeterde beveiliging. Het ontwerp bevat ook vier afneembare binnendeuren met magnetische sluitingen voor eenvoudig onderhoud en ontdooien. <\/li>\n<li>Inclusief moderne Integraline legplanken die geperforeerd en verstelbaar zijn, tot 50 kg dragen en flexibele en duurzame opbergoplossingen op maat bieden.<\/li>\n<\/ul>\n<p>De ULUF P830 MV combineert geavanceerde technologie met milieuoverwegingen en gebruiksvriendelijke functies, waardoor het de ideale keuze is voor laboratoria die behoefte hebben aan betrouwbare opslag bij ultralage temperaturen.<\/p>\n","protected":false},"excerpt":{"rendered":"<ul>\n<li>-40\u02daC \/ -86\u02daC<\/li>\n<li>Ultra Lage Temperatuur &#8211; 815 L<\/li>\n<li class=\"fLight\">Uitstekende koelprestaties<\/li>\n<li>Ruimtebesparend<\/li>\n<li>TRUE DUAL\u2122 koelsysteem<\/li>\n<li>CFK-\/HCFK-vrije formuleringen<\/li>\n<\/ul>\n","protected":false},"featured_media":46421,"template":"","meta":{"_acf_changed":false,"content-type":"","_uag_custom_page_level_css":""},"product_brand":[],"product_cat":[774,775],"product_tag":[2527,2642,2843],"class_list":{"0":"post-47626","1":"product","2":"type-product","3":"status-publish","4":"has-post-thumbnail","6":"product_cat-diepvriezers-voor-lage-temperaturen","7":"product_cat-86c-ultra-lage-temperatuur-diepvriezers","8":"product_tag-arctiko-nl","9":"product_tag-diepvries","10":"product_tag-multi-voltage-nl","11":"product_shipping_class-zwaar","13":"first","14":"instock","15":"taxable","16":"shipping-taxable","17":"purchasable","18":"product-type-simple"},"bundled_by":[],"bundle_stock_status":"instock","bundle_stock_quantity":null,"bundle_virtual":false,"bundle_layout":"","bundle_add_to_cart_form_location":"","bundle_editable_in_cart":false,"bundle_sold_individually_context":"","bundle_item_grouping":"","bundle_min_size":"","bundle_max_size":"","bundle_price":[],"bundled_items":[],"bundle_sell_ids":[],"acf":[],"spectra_custom_meta":{"hubwoo_ecomm_pro_id":["21813988149"],"_wcml_average_rating":[null],"_wcml_review_count":[null],"_wcml_rating_count":[null],"_backorders":["no"],"_download_limit":["0"],"_download_expiry":["0"],"_downloadable":["no"],"_manage_stock":["no"],"_sku":["P830MV"],"_stock_status":["instock"],"_sold_individually":["no"],"_tax_class":[""],"_tax_status":["taxable"],"_virtual":["no"],"_weight":["459"],"_width":["141"],"_height":["225"],"_length":["127"],"total_sales":["0"],"product_datasheet":[""],"_product_datasheet":["field_650ad7d6ea3a0"],"connectivity":[""],"_connectivity":["field_64dce263bb57c"],"brand":["Arctiko"],"_brand":["field_64ddf62ed2593"],"brand_image":[""],"_brand_image":["field_650c5e7c84cae"],"_specifications_table":["field_65044e1db92a8"],"_display_data_alarm":["field_667d647bcb066"],"_resources":["field_650849c6945ee"],"_calibration":["field_66a0ddd599972"],"_accessories":["field_650849e6945f0"],"_faqs":["field_650859523d8d5"],"_calibration_suitable_ids_gb":["field_654b4c4acb54a"],"_calibration_suitable_ids_us":["field_654b4c56cb54b"],"_show_in_calibration_suitable":["field_654cfb691d345"],"_shipping":["field_66852535c98a5"],"_refrigerant_cabinet":["field_66852557c98a6"],"_main_specifications":["field_66855b25b1245"],"_usd_price_4":["field_651570dcac479"],"_usd_price_9":["field_6515713eb4807"],"_usd_price_24":["field_65157141b4809"],"_usd_price_49":["field_65157140b4808"],"_usd_price_99":["field_6515715bb480a"],"_gbp_price_4":["field_6515716e83bfa"],"_gbp_price_9":["field_6515724783bfb"],"_gbp_price_24":["field_6515724b83bfc"],"_gbp_price_49":["field_6515725983bfd"],"_gbp_price_99":["field_6515725d83bfe"],"_usdhk_price_4":["field_6515726f83bff"],"_usdhk_price_9":["field_6515727c83c00"],"_usdhk_price_24":["field_6515728083c01"],"_usdhk_price_49":["field_6515728983c02"],"_usdhk_price_99":["field_6515728e83c03"],"stock_options":["In stock"],"_stock_options":["field_6544b605dc7f9"],"min_temp":["-86"],"max_temp":["-40"],"_min_temp":["field_67ea5eb4e0a77"],"_max_temp":["field_67ea5f81e0a79"],"_top_nav_excluded":[""],"_cms_nav_minihome":[""],"wcml_sync_hash":["a:1:{s:15:\"postmeta_fields\";s:32:\"bc455baaf51b99bcc5556e56a56b85ec\";}"],"attr_label_translations":["a:0:{}"],"_product_attributes":["a:4:{s:16:\"pa_product-brand\";a:6:{s:4:\"name\";s:16:\"pa_product-brand\";s:5:\"value\";s:0:\"\";s:8:\"position\";i:0;s:10:\"is_visible\";i:1;s:12:\"is_variation\";i:0;s:11:\"is_taxonomy\";i:1;}s:19:\"pa_product-features\";a:6:{s:4:\"name\";s:19:\"pa_product-features\";s:5:\"value\";s:0:\"\";s:8:\"position\";i:1;s:10:\"is_visible\";i:1;s:12:\"is_variation\";i:0;s:11:\"is_taxonomy\";i:1;}s:11:\"pa_capacity\";a:6:{s:4:\"name\";s:11:\"pa_capacity\";s:5:\"value\";s:0:\"\";s:8:\"position\";i:2;s:10:\"is_visible\";i:1;s:12:\"is_variation\";i:0;s:11:\"is_taxonomy\";i:1;}s:14:\"pa_temperature\";a:6:{s:4:\"name\";s:14:\"pa_temperature\";s:5:\"value\";s:0:\"\";s:8:\"position\";i:3;s:10:\"is_visible\";i:1;s:12:\"is_variation\";i:0;s:11:\"is_taxonomy\";i:1;}}"],"_thumbnail_id":["46421"],"_product_image_gallery":["46427,46433,46421"],"_crosssell_ids":["a:0:{}"],"_wpml_word_count":["366"],"_last_translation_edit_mode":["translation-editor"],"rank_math_primary_product_cat":["417"],"_other_features_arctiko":["field_668524f8c98a4"],"shipping":["<table class=\"specifications\">\n<tbody>\n<tr>\n<td class=\"left-td\">Verzendgewicht (kg)<\/td>\n<td>459<\/td>\n<\/tr>\n<tr>\n<td class=\"left-td\">Afmetingen bij verzending BxDxH (cm)<\/td>\n<td>141 x 127 x 225<\/td>\n<\/tr>\n<tr>\n<td class=\"left-td\">Verzendvolume (m\u00b3)<\/td>\n<td>4,03<\/td>\n<\/tr>\n<\/tbody>\n<\/table>"],"_regular_price":["15495"],"_price":["15495"],"_other_features":["field_686fa2aa98dce"],"rank_math_description":["De ULUF P830 MV is een ultramoderne ULT-vriezer voor optimale bescherming en effici\u00ebntie van monsters | -40\u02daC \/ -86\u02daC | Ultra Lage Temperatuur - 815 L"],"rank_math_focus_keyword":["ULUF P830 MV"],"display_data_alarm":["<table class=\"specifications\">\n<tbody>\n<tr>\n<td class=\"left-td\">Alarm (weergegeven als tekst, niet als codes)<\/td>\n<td>Ja<\/td>\n<\/tr>\n<tr>\n<td class=\"left-td\">Visueel \/ akoestisch alarm<\/td>\n<td>Ja \/ Ja<\/td>\n<\/tr>\n<tr>\n<td class=\"left-td\">Alarm bij stroomuitval<\/td>\n<td>Ja<\/td>\n<\/tr>\n<tr>\n<td class=\"left-td\">Instelbaar hoog \/ laag temperatuuralarm<\/td>\n<td>Ja \/ Ja<\/td>\n<\/tr>\n<tr>\n<td class=\"left-td\">Open deur alarm<\/td>\n<td>Ja<\/td>\n<\/tr>\n<tr>\n<td class=\"left-td\">Sonde alarm<\/td>\n<td>Ja<\/td>\n<\/tr>\n<tr>\n<td class=\"left-td\">Alarm batterij bijna leeg<\/td>\n<td>Ja<\/td>\n<\/tr>\n<tr>\n<td class=\"left-td\">Compressor storingsalarm<\/td>\n<td>Ja<\/td>\n<\/tr>\n<tr>\n<td class=\"left-td\">Reservebatterij voor alarmen (ca. uur)<\/td>\n<td>72<\/td>\n<\/tr>\n<tr>\n<td class=\"left-td\">Spanningsvrij contact voor alarm op afstand (bijv. GSM-alarmmodule)<\/td>\n<td>Ja<\/td>\n<\/tr>\n<tr>\n<td class=\"left-td\">Elektronische datalogger<\/td>\n<td>Ja<\/td>\n<\/tr>\n<tr>\n<td class=\"left-td\">RS 485-poort<\/td>\n<td>Optioneel<\/td>\n<\/tr>\n<tr>\n<td class=\"left-td\">USB-poort voor software-update en downloaden van gegevens<\/td>\n<td>Ja<\/td>\n<\/tr>\n<tr>\n<td class=\"left-td\">Temperatuurgrafiekrecorder<\/td>\n<td>Optioneel<\/td>\n<\/tr>\n<tr>\n<td class=\"left-td\">Type scherm<\/td>\n<td>7'' aanraakscherm<\/td>\n<\/tr>\n<tr>\n<td class=\"left-td\">Aantal optionele referentieprobes<\/td>\n<td>0 (1 referentieprobe standaard meegeleverd)<\/td>\n<\/tr>\n<tr>\n<td class=\"left-td\">Wachtwoordbeveiliging voor in-\/uitschakelen apparaat<\/td>\n<td>Ja<\/td>\n<\/tr>\n<tr>\n<td class=\"left-td\">Temperatuurgrafiek op display<\/td>\n<td>Ja<\/td>\n<\/tr>\n<\/tbody>\n<\/table>"],"other_features":["<table class=\"specifications\">\n<tbody>\n<tr>\n<td class=\"left-td\">Poort voor vacu\u00fcmvrijgave<\/td>\n<td>Ja<\/td>\n<\/tr>\n<tr>\n<td class=\"left-td\">Antivriesfunctie<\/td>\n<td>Ja<\/td>\n<\/tr>\n<tr>\n<td class=\"left-td\">Toegangspoort voor externe sonde etc. (inwendige diameter mm)<\/td>\n<td>12<\/td>\n<\/tr>\n<tr>\n<td class=\"left-td\">Licht<\/td>\n<td>Ja<\/td>\n<\/tr>\n<tr>\n<td class=\"left-td\">Slot met sleutel<\/td>\n<td>Ja<\/td>\n<\/tr>\n<tr>\n<td class=\"left-td\">Wielen (totaal aantal stuks) \/ wielen met rem (aantal stuks)<\/td>\n<td>5 \/ 2<\/td>\n<\/tr>\n<tr>\n<td class=\"left-td\">Onderdeksels \/ binnendeuren (st)<\/td>\n<td>4<\/td>\n<\/tr>\n<tr>\n<td class=\"left-td\">Vaste legplanken (st.) \/ verstelbare legplanken (st.)<\/td>\n<td>1 \/ 2<\/td>\n<\/tr>\n<tr>\n<td class=\"left-td\">Max. Nee. aantal planken (st) \/ aanbevolen max. Nee. van planken (stuks)<\/td>\n<td>5 \/ 5<\/td>\n<\/tr>\n<tr>\n<td class=\"left-td\">Max. belasting per plank (kg)<\/td>\n<td>50<\/td>\n<\/tr>\n<tr>\n<td class=\"left-td\">Totale capaciteit van 50 mm doosjes 9x9 verdelers (st.)<\/td>\n<td>616<\/td>\n<\/tr>\n<tr>\n<td class=\"left-td\">Totale capaciteit van 75 mm doosjes 9x9 verdelers (st.)<\/td>\n<td>392<\/td>\n<\/tr>\n<tr>\n<td class=\"left-td\">Totale capaciteit van 96 mm doosjes 9x9 verdelers (st.)<\/td>\n<td>280<\/td>\n<\/tr>\n<tr>\n<td class=\"left-td\">Max. Capaciteit van monsters in Arctiko 10x10 dozen (stuks)<\/td>\n<td>61.600<\/td>\n<\/tr>\n<\/tbody>\n<\/table>"],"refrigerant_cabinet":["<table class=\"specifications\">\n<tbody>\n<tr>\n<td class=\"left-td\">Aantal compressoren<\/td>\n<td>2<\/td>\n<\/tr>\n<tr>\n<td class=\"left-td\">Koelmiddel<\/td>\n<td>GG20<\/td>\n<\/tr>\n<tr>\n<td class=\"left-td\">Materiaal binnenkast<\/td>\n<td>Roestvrij staal<\/td>\n<\/tr>\n<tr>\n<td class=\"left-td\">Materiaal buitenkast<\/td>\n<td>Gelakt staal<\/td>\n<\/tr>\n<tr>\n<td class=\"left-td\">Kleur (buitenkast)<\/td>\n<td>Wit<\/td>\n<\/tr>\n<tr>\n<td class=\"left-td\">Type schuim<\/td>\n<td>Polyurethaan<\/td>\n<\/tr>\n<tr>\n<td class=\"left-td\">VIP vacu\u00fcm ge\u00efsoleerde panelen<\/td>\n<td>Ja<\/td>\n<\/tr>\n<\/tbody>\n<\/table>"],"main_specifications":["<table class=\"specifications\">\n<tbody>\n<tr>\n<td class=\"left-td\">Artikelcode<\/td>\n<td>1000050<\/td>\n<\/tr>\n<tr>\n<td class=\"left-td\">Temperatuurbereik (\u02daC)<\/td>\n<td>-40 \/ -86<\/td>\n<\/tr>\n<tr>\n<td class=\"left-td\">Max. omgevingstemperatuur (\u02daC)<\/td>\n<td>32<\/td>\n<\/tr>\n<tr>\n<td class=\"left-td\">Capaciteit (L)<\/td>\n<td>815<\/td>\n<\/tr>\n<tr>\n<td class=\"left-td\">Buitenafmetingen BxDxH (mm)<\/td>\n<td>1285 x 859,5 x 1999<\/td>\n<\/tr>\n<tr>\n<td class=\"left-td\">Binnenafmetingen BxDxH (mm)<\/td>\n<td>996 x 620 x 1320<\/td>\n<\/tr>\n<tr>\n<td class=\"left-td\">Gewicht (KG)<\/td>\n<td>307<\/td>\n<\/tr>\n<tr>\n<td class=\"left-td\">Isolatie (mm)<\/td>\n<td>120<\/td>\n<\/tr>\n<tr>\n<td class=\"left-td\">Koeltechnologie<\/td>\n<td>Dubbel systeem \/ statisch<\/td>\n<\/tr>\n<tr>\n<td class=\"left-td\">Type regelaar \/ sonde<\/td>\n<td>V700 \/ PT100<\/td>\n<\/tr>\n<tr>\n<td class=\"left-td\">Voeding (V)<\/td>\n<td>100 tot 240<\/td>\n<\/tr>\n<tr>\n<td class=\"left-td\">Frequentie (Hz)<\/td>\n<td>50 \/ 60<\/td>\n<\/tr>\n<tr>\n<td class=\"left-td\">Stroomverbruik (kWh\/24h)<\/td>\n<td>8,9<\/td>\n<\/tr>\n<\/tbody>\n<\/table>"],"other_features_arctiko":["<table class=\"specifications\">\n<tbody>\n<tr>\n<td class=\"left-td\">Poort voor vacu\u00fcmvrijgave<\/td>\n<td>Ja<\/td>\n<\/tr>\n<tr>\n<td class=\"left-td\">Antivriesfunctie<\/td>\n<td>Ja<\/td>\n<\/tr>\n<tr>\n<td class=\"left-td\">Toegangspoort voor externe sonde etc. (inwendige diameter mm)<\/td>\n<td>12<\/td>\n<\/tr>\n<tr>\n<td class=\"left-td\">Licht<\/td>\n<td>Ja<\/td>\n<\/tr>\n<tr>\n<td class=\"left-td\">Slot met sleutel<\/td>\n<td>Ja<\/td>\n<\/tr>\n<tr>\n<td class=\"left-td\">Wielen (totaal aantal stuks) \/ wielen met rem (aantal stuks)<\/td>\n<td>5 \/ 2<\/td>\n<\/tr>\n<tr>\n<td class=\"left-td\">Onderdeksels \/ binnendeuren (st)<\/td>\n<td>4<\/td>\n<\/tr>\n<tr>\n<td class=\"left-td\">Vaste legplanken (st.) \/ verstelbare legplanken (st.)<\/td>\n<td>1 \/ 2<\/td>\n<\/tr>\n<tr>\n<td class=\"left-td\">Max. Nee. aantal planken (st) \/ aanbevolen max. Nee. van planken (stuks)<\/td>\n<td>5 \/ 5<\/td>\n<\/tr>\n<tr>\n<td class=\"left-td\">Max. belasting per plank (kg)<\/td>\n<td>50<\/td>\n<\/tr>\n<tr>\n<td class=\"left-td\">Totale capaciteit van 50 mm doosjes 9x9 verdelers (st.)<\/td>\n<td>616<\/td>\n<\/tr>\n<tr>\n<td class=\"left-td\">Totale capaciteit van 75 mm doosjes 9x9 verdelers (st.)<\/td>\n<td>392<\/td>\n<\/tr>\n<tr>\n<td class=\"left-td\">Totale capaciteit van 96 mm doosjes 9x9 verdelers (st.)<\/td>\n<td>280<\/td>\n<\/tr>\n<tr>\n<td class=\"left-td\">Max. Capaciteit van monsters in Arctiko 10x10 dozen (stuks)<\/td>\n<td>61.600<\/td>\n<\/tr>\n<\/tbody>\n<\/table>"],"_uag_page_assets":["a:9:{s:3:\"css\";s:0:\"\";s:2:\"js\";s:0:\"\";s:18:\"current_block_list\";a:0:{}s:8:\"uag_flag\";b:0;s:11:\"uag_version\";s:10:\"1777052440\";s:6:\"gfonts\";a:0:{}s:10:\"gfonts_url\";s:0:\"\";s:12:\"gfonts_files\";a:0:{}s:14:\"uag_faq_layout\";b:0;}"],"_max_variation_price":[""],"_max_variation_regular_price":[""],"_max_variation_sale_price":[""],"_min_variation_price":[""],"_min_variation_regular_price":[""],"_min_variation_sale_price":[""],"_sale_price":[""],"_wc_pb_base_regular_price":[""],"_wc_pb_base_sale_price":[""],"_wc_pb_base_price":[""],"_wc_sw_max_price":[""],"_wc_sw_max_regular_price":[""],"_wc_rating_count":[""],"_wc_review_count":[""],"_wc_average_rating":[0]},"uagb_featured_image_src":{"full":["https:\/\/praxas.com\/wp-content\/uploads\/ULUF-P830MV-Closed-Front.jpg",800,463,false],"thumbnail":["https:\/\/praxas.com\/wp-content\/uploads\/ULUF-P830MV-Closed-Front-150x150.jpg",150,150,true],"medium":["https:\/\/praxas.com\/wp-content\/uploads\/ULUF-P830MV-Closed-Front-300x174.jpg",300,174,true],"medium_large":["https:\/\/praxas.com\/wp-content\/uploads\/ULUF-P830MV-Closed-Front-768x444.jpg",768,444,true],"large":["https:\/\/praxas.com\/wp-content\/uploads\/ULUF-P830MV-Closed-Front.jpg",800,463,false],"1536x1536":["https:\/\/praxas.com\/wp-content\/uploads\/ULUF-P830MV-Closed-Front.jpg",800,463,false],"2048x2048":["https:\/\/praxas.com\/wp-content\/uploads\/ULUF-P830MV-Closed-Front.jpg",800,463,false],"crunchify-admin-post-featured-image":["https:\/\/praxas.com\/wp-content\/uploads\/ULUF-P830MV-Closed-Front-120x69.jpg",120,69,true],"commercegurus-pdp-large":["https:\/\/praxas.com\/wp-content\/uploads\/ULUF-P830MV-Closed-Front.jpg",800,463,false],"commercegurus-plp-mobile":["https:\/\/praxas.com\/wp-content\/uploads\/ULUF-P830MV-Closed-Front-441x255.jpg",441,255,true],"cgkit_image_swatch":["https:\/\/praxas.com\/wp-content\/uploads\/ULUF-P830MV-Closed-Front-100x100.jpg",100,100,true],"woocommerce_thumbnail":["https:\/\/praxas.com\/wp-content\/uploads\/ULUF-P830MV-Closed-Front-350x203.jpg",350,203,true],"woocommerce_single":["https:\/\/praxas.com\/wp-content\/uploads\/ULUF-P830MV-Closed-Front.jpg",800,463,false],"woocommerce_gallery_thumbnail":["https:\/\/praxas.com\/wp-content\/uploads\/ULUF-P830MV-Closed-Front-150x87.jpg",150,87,true]},"uagb_author_info":{"display_name":"Alex James","author_link":"https:\/\/praxas.com\/nl\/author\/"},"uagb_comment_info":0,"uagb_excerpt":"-40\u02daC \/ -86\u02daC Ultra Lage Temperatuur - 815 L Uitstekende koelprestaties Ruimtebesparend TRUE DUAL\u2122 koelsysteem CFK-\/HCFK-vrije formuleringen","_links":{"self":[{"href":"https:\/\/praxas.com\/nl\/wp-json\/wp\/v2\/product\/47626","targetHints":{"allow":["GET"]}}],"collection":[{"href":"https:\/\/praxas.com\/nl\/wp-json\/wp\/v2\/product"}],"about":[{"href":"https:\/\/praxas.com\/nl\/wp-json\/wp\/v2\/types\/product"}],"wp:featuredmedia":[{"embeddable":true,"href":"https:\/\/praxas.com\/nl\/wp-json\/wp\/v2\/media\/46421"}],"wp:attachment":[{"href":"https:\/\/praxas.com\/nl\/wp-json\/wp\/v2\/media?parent=47626"}],"wp:term":[{"taxonomy":"product_brand","embeddable":true,"href":"https:\/\/praxas.com\/nl\/wp-json\/wp\/v2\/product_brand?post=47626"},{"taxonomy":"product_cat","embeddable":true,"href":"https:\/\/praxas.com\/nl\/wp-json\/wp\/v2\/product_cat?post=47626"},{"taxonomy":"product_tag","embeddable":true,"href":"https:\/\/praxas.com\/nl\/wp-json\/wp\/v2\/product_tag?post=47626"}],"curies":[{"name":"wp","href":"https:\/\/api.w.org\/{rel}","templated":true}]}}