{"id":47635,"date":"2025-02-28T13:39:34","date_gmt":"2025-02-28T12:39:34","guid":{"rendered":"https:\/\/praxas.com\/product\/niet-gecategoriseerd\/tafelmodel-onderbouwvriezer-uluf-p65-mv\/"},"modified":"2026-01-19T13:12:34","modified_gmt":"2026-01-19T12:12:34","slug":"tafelmodel-onderbouwvriezer-uluf-p65-mv","status":"publish","type":"product","link":"https:\/\/praxas.com\/nl\/product\/koeling_producten\/diepvriezers-voor-lage-temperaturen\/tafelmodel-onderbouwvriezer-uluf-p65-mv\/","title":{"rendered":"Tafelmodel\/onderbouwvriezer ULUF P65 MV"},"content":{"rendered":"<p>De compacte vriezer biedt eenvoudige toegang tot monsters en flexibele plaatsingsmogelijkheden op de werkplek. Hij is ideaal voor plaatsing onder of op uw tafel, toonbank of in de buurt van uw werkstations. ARCTIKO&#8217;s originele single compressor technologie zorgt voor een superieure temperatuuruniformiteit en uitzonderlijke koelprestaties, zodat u zich kunt concentreren op uw onderzoek. Deze vriezer biedt een uiterst betrouwbare oplossing voor laboratoriumonderzoek, met name wanneer de ruimte in uw laboratorium of klinische omgeving te beperkt is voor een ULT-vriezer van ware grootte.   <\/p>\n<ul>\n<li><strong>Uitzonderlijke koelprestaties<\/strong> dankzij het unieke enkelvoudige koelsysteem en het natuurlijke koelmiddel met ultralaag aardopwarmingsvermogen (GWP).<\/li>\n<li>Dankzij <strong>het compacte, ruimtebesparende ontwerp<\/strong> is de ULT onder de toonbank\/bank een ideale opslagoplossing voor laboratoria met beperkte ruimte.<\/li>\n<li><strong>Single Compressor Technology<\/strong> met een eenvoudige structuur zorgt voor eenvoudig onderhoud, verminderde warmteafvoer, laag energieverbruik en geluidsreductie voor een comfortabele werkomgeving.<\/li>\n<li><strong>Directe koeling<\/strong> voor optimale temperatuurstabiliteit en uniformiteit, zelfs met meerdere deuropeningen.<\/li>\n<li><strong>Het verwarmde deurframe<\/strong> voorkomt ijsophoping rond de pakking en zorgt voor stabiele en constante temperaturen in de vriezer.<\/li>\n<li><strong>Laag energieverbruik<\/strong> dankzij de ECO-modus en zeer effici\u00ebnte vacu\u00fcmge\u00efsoleerde panelen.<\/li>\n<li><strong>De zelfdiagnosefunctie<\/strong> garandeert dat je alarmsysteem altijd correct functioneert.<\/li>\n<\/ul>\n","protected":false},"excerpt":{"rendered":"<ul class=\"small d-none d-sm-block ulnoindent\">\n<li>-40\u00b0C \/ -86\u00b0C<\/li>\n<li>Compact ULT-model &#8211; 54 L<\/li>\n<li class=\"fLight\">Uitstekende koelprestaties<\/li>\n<li>Ruimtebesparend<\/li>\n<li>Technologie met enkele compressor<\/li>\n<li>Verwarmd deurkozijn<\/li>\n<li>Laag energieverbruik<\/li>\n<\/ul>\n","protected":false},"featured_media":24341,"template":"","meta":{"_acf_changed":false,"content-type":"","_uag_custom_page_level_css":""},"product_brand":[],"product_cat":[774,775],"product_tag":[2527,2642,2843,3868],"class_list":{"0":"post-47635","1":"product","2":"type-product","3":"status-publish","4":"has-post-thumbnail","6":"product_cat-diepvriezers-voor-lage-temperaturen","7":"product_cat-86c-ultra-lage-temperatuur-diepvriezers","8":"product_tag-arctiko-nl","9":"product_tag-diepvries","10":"product_tag-multi-voltage-nl","11":"product_tag-onder-de-toonbank","12":"product_shipping_class-zwaar","14":"first","15":"instock","16":"taxable","17":"shipping-taxable","18":"purchasable","19":"product-type-simple"},"bundled_by":[],"bundle_stock_status":"instock","bundle_stock_quantity":null,"bundle_virtual":false,"bundle_layout":"","bundle_add_to_cart_form_location":"","bundle_editable_in_cart":false,"bundle_sold_individually_context":"","bundle_item_grouping":"","bundle_min_size":"","bundle_max_size":"","bundle_price":[],"bundled_items":[],"bundle_sell_ids":[],"acf":[],"spectra_custom_meta":{"hubwoo_ecomm_pro_id":["21778416038"],"_wcml_average_rating":[null],"_wcml_review_count":[null],"_wcml_rating_count":[null],"_backorders":["no"],"_download_limit":["0"],"_download_expiry":["0"],"_downloadable":["no"],"_manage_stock":["no"],"_sku":["P65MV"],"_stock_status":["instock"],"_sold_individually":["no"],"_tax_class":[""],"_tax_status":["taxable"],"_virtual":["no"],"_weight":["108"],"_width":["75"],"_height":["103"],"_length":["83"],"total_sales":["0"],"product_datasheet":[""],"_product_datasheet":["field_650ad7d6ea3a0"],"connectivity":[""],"_connectivity":["field_64dce263bb57c"],"brand":["Arctiko"],"_brand":["field_64ddf62ed2593"],"brand_image":[""],"_brand_image":["field_650c5e7c84cae"],"_specifications_table":["field_65044e1db92a8"],"_display_data_alarm":["field_667d647bcb066"],"_resources":["field_650849c6945ee"],"_calibration":["field_66a0ddd599972"],"_accessories":["field_650849e6945f0"],"_faqs":["field_650859523d8d5"],"_calibration_suitable_ids_gb":["field_654b4c4acb54a"],"_calibration_suitable_ids_us":["field_654b4c56cb54b"],"_show_in_calibration_suitable":["field_654cfb691d345"],"_shipping":["field_66852535c98a5"],"_refrigerant_cabinet":["field_66852557c98a6"],"_main_specifications":["field_66855b25b1245"],"_usd_price_4":["field_651570dcac479"],"_usd_price_9":["field_6515713eb4807"],"_usd_price_24":["field_65157141b4809"],"_usd_price_49":["field_65157140b4808"],"_usd_price_99":["field_6515715bb480a"],"_gbp_price_4":["field_6515716e83bfa"],"_gbp_price_9":["field_6515724783bfb"],"_gbp_price_24":["field_6515724b83bfc"],"_gbp_price_49":["field_6515725983bfd"],"_gbp_price_99":["field_6515725d83bfe"],"_usdhk_price_4":["field_6515726f83bff"],"_usdhk_price_9":["field_6515727c83c00"],"_usdhk_price_24":["field_6515728083c01"],"_usdhk_price_49":["field_6515728983c02"],"_usdhk_price_99":["field_6515728e83c03"],"stock_options":["In stock"],"_stock_options":["field_6544b605dc7f9"],"min_temp":["-86"],"max_temp":["-40"],"_min_temp":["field_67ea5eb4e0a77"],"_max_temp":["field_67ea5f81e0a79"],"_top_nav_excluded":[""],"_cms_nav_minihome":[""],"wcml_sync_hash":["a:1:{s:15:\"postmeta_fields\";s:32:\"74d47d53c680a2dc8679645d87e3455b\";}"],"attr_label_translations":["a:0:{}"],"_product_attributes":["a:4:{s:16:\"pa_product-brand\";a:6:{s:4:\"name\";s:16:\"pa_product-brand\";s:5:\"value\";s:0:\"\";s:8:\"position\";i:0;s:10:\"is_visible\";i:1;s:12:\"is_variation\";i:0;s:11:\"is_taxonomy\";i:1;}s:19:\"pa_product-features\";a:6:{s:4:\"name\";s:19:\"pa_product-features\";s:5:\"value\";s:0:\"\";s:8:\"position\";i:1;s:10:\"is_visible\";i:1;s:12:\"is_variation\";i:0;s:11:\"is_taxonomy\";i:1;}s:11:\"pa_capacity\";a:6:{s:4:\"name\";s:11:\"pa_capacity\";s:5:\"value\";s:0:\"\";s:8:\"position\";i:2;s:10:\"is_visible\";i:1;s:12:\"is_variation\";i:0;s:11:\"is_taxonomy\";i:1;}s:14:\"pa_temperature\";a:6:{s:4:\"name\";s:14:\"pa_temperature\";s:5:\"value\";s:0:\"\";s:8:\"position\";i:3;s:10:\"is_visible\";i:1;s:12:\"is_variation\";i:0;s:11:\"is_taxonomy\";i:1;}}"],"_thumbnail_id":["24341"],"_product_image_gallery":["24342,24343,24344,24345,24346,24347,24348,24349,24350"],"_wpml_word_count":["292"],"_last_translation_edit_mode":["translation-editor"],"rank_math_primary_product_cat":["417"],"_other_features_arctiko":["field_686fa2aa98dce"],"shipping":["<table class=\"specifications\">\n<tbody>\n<tr>\n<td class=\"left-td\">Verzendgewicht (KG)<\/td>\n<td>99<\/td>\n<\/tr>\n<tr>\n<td class=\"left-td\">Afmetingen bij verzending BxDxH (cm)<\/td>\n<td>81 x 69 x 103<\/td>\n<\/tr>\n<tr>\n<td class=\"left-td\">Verzendvolume (M\u00b3)<\/td>\n<td>0,58<\/td>\n<\/tr>\n<\/tbody>\n<\/table>"],"_regular_price":["8245"],"_price":["8245"],"_other_features":["field_686fa2aa98dce"],"rank_math_description":["Ontdek ULUF P50 ULT Diepvriezer. Deze vriezer is ontworpen met het oog op precisie en betrouwbaarheid en zorgt voor optimale opslagcondities voor waardevolle monsters."],"rank_math_focus_keyword":["Diepvries"],"_crosssell_ids":["a:1:{i:0;i:20534;}"],"display_data_alarm":["<table class=\"specifications\">\n<tbody>\n<tr>\n<td class=\"left-td\">Alarm (Weergave als tekst - geen codes)<\/td>\n<td>Ja<\/td>\n<\/tr>\n<tr>\n<td class=\"left-td\">Visueel \/ Akoestisch alarm<\/td>\n<td>Ja \/ Ja<\/td>\n<\/tr>\n<tr>\n<td class=\"left-td\">Alarm bij stroomuitval<\/td>\n<td>Ja<\/td>\n<\/tr>\n<tr>\n<td class=\"left-td\">Instelbaar hoog\/laag temperatuuralarm<\/td>\n<td>Ja \/ Ja<\/td>\n<\/tr>\n<tr>\n<td class=\"left-td\">Alarm bij open deur<\/td>\n<td>Ja<\/td>\n<\/tr>\n<tr>\n<td class=\"left-td\">Alarm voor sondestoring<\/td>\n<td>Ja<\/td>\n<\/tr>\n<tr>\n<td class=\"left-td\">Alarm bij lege batterij<\/td>\n<td>Ja<\/td>\n<\/tr>\n<tr>\n<td class=\"left-td\">Alarm Compressorstoring<\/td>\n<td>Ja<\/td>\n<\/tr>\n<tr>\n<td class=\"left-td\">Reservebatterij voor alarmen (ca. uur)<\/td>\n<td>72<\/td>\n<\/tr>\n<tr>\n<td class=\"left-td\">Spanningsvrij contact voor alarm op afstand (bijv. GSM-alarmmodule)<\/td>\n<td>Ja<\/td>\n<\/tr>\n<tr>\n<td class=\"left-td\">Elektronische datalogger<\/td>\n<td>Ja<\/td>\n<\/tr>\n<tr>\n<td class=\"left-td\">RS 485-poort<\/td>\n<td>Optioneel<\/td>\n<\/tr>\n<tr>\n<td class=\"left-td\">USB-poort voor software-updates en het downloaden van gegevens<\/td>\n<td>Ja<\/td>\n<\/tr>\n<tr>\n<td class=\"left-td\">Temperatuurgrafiekrecorder<\/td>\n<td>Optioneel (externe montage)<\/td>\n<\/tr>\n<tr>\n<td class=\"left-td\">Type scherm<\/td>\n<td>5\" met aanraakscherm<\/td>\n<\/tr>\n<tr>\n<td class=\"left-td\">Aantal optionele referentieprobes<\/td>\n<td>2<\/td>\n<\/tr>\n<tr>\n<td class=\"left-td\">Wachtwoordbeveiliging voor in-\/uitschakelen<\/td>\n<td>Optioneel<\/td>\n<\/tr>\n<tr>\n<td class=\"left-td\">Temperatuurgrafiek op display<\/td>\n<td>Ja<\/td>\n<\/tr>\n<\/tbody>\n<\/table>"],"resources":["<ul class=\"resources-list\">\n \t<li><img src=\"https:\/\/praxas.com\/wp-content\/uploads\/document-icon.png\" alt=\"Documentpictogram\"><a href=\"https:\/\/praxas.com\/wp-content\/uploads\/Datasheet-ULUF-P65-MV-16_01_2025.pdf\">Productgegevens ULUF P65 MV<\/a><\/li>\n \t<li><img src=\"https:\/\/praxas.com\/wp-content\/uploads\/document-icon.png\" alt=\"Documentpictogram\"><a href=\"https:\/\/arctiko.com\/wp-content\/uploads\/5086201-01-Wiring-diagram-for-ULUF-P65MV.pdf\">Bedradingsschema ULUF P65 MV<\/a><\/li>\n \t<li><img src=\"https:\/\/praxas.com\/wp-content\/uploads\/document-icon.png\" alt=\"Documentpictogram\"><a href=\"https:\/\/arctiko.com\/wp-content\/uploads\/5088268-01-Dimension_Drawing-ULUF-P65MV.pdf\">Maatschets ULUF P65 MV<\/a><\/li>\n \t<li><img src=\"https:\/\/praxas.com\/wp-content\/uploads\/document-icon.png\" alt=\"Documentpictogram\"><a href=\"https:\/\/arctiko.com\/wp-content\/uploads\/5082535-04-Safety-Datasheet-GG20-1.pdf\">Veiligheidsinformatieblad GG20<\/a><\/li>\n \t<li><img src=\"https:\/\/praxas.com\/wp-content\/uploads\/document-icon.png\" alt=\"Documentpictogram\"><a href=\"https:\/\/arctiko.com\/wp-content\/uploads\/5088268-01-Dimension_Drawing-ULUF-P65MV.pdf\">CE-certificaat Integraline ULUF P65 MV<\/a><\/li>\n<\/ul>"],"other_features":["<table class=\"specifications\">\n<tbody>\n<tr>\n<td class=\"left-td\">Automatisch ontdooien<\/td>\n<td>Geen<\/td>\n<\/tr>\n<tr>\n<td class=\"left-td\">Antivries Functie<\/td>\n<td>Geen<\/td>\n<\/tr>\n<tr>\n<td class=\"left-td\">Vacu\u00fcm vrijgavepoort<\/td>\n<td>Ja<\/td>\n<\/tr>\n<tr>\n<td class=\"left-td\">Toegangspoort voor externe sonde enz. (Int. Diameter mm)<\/td>\n<td>20<\/td>\n<\/tr>\n<tr>\n<td class=\"left-td\">Licht<\/td>\n<td>Geen<\/td>\n<\/tr>\n<tr>\n<td class=\"left-td\">Slot met sleutel<\/td>\n<td>Ja<\/td>\n<\/tr>\n<tr>\n<td class=\"left-td\">Wielen (totaal aantal stuks) \/ Wielen met rem (aantal stuks)<\/td>\n<td>2 \/ 0<\/td>\n<\/tr>\n<tr>\n<td class=\"left-td\">Vaste voeten (stuks) \/ Stelvoeten (stuks)<\/td>\n<td>0 \/ 2<\/td>\n<\/tr>\n<tr>\n<td class=\"left-td\">Deksels \/ binnendeuren (stuks)<\/td>\n<td>Geen<\/td>\n<\/tr>\n<tr>\n<td class=\"left-td\">Omkeerbare deuren<\/td>\n<td>Geen<\/td>\n<\/tr>\n<tr>\n<td class=\"left-td\">Totale capaciteit van 50 mm dozen 9x9 verdelers (stuks)<\/td>\n<td>36<\/td>\n<\/tr>\n<tr>\n<td class=\"left-td\">Totale capaciteit van 75 mm dozen 9x9 verdelers (stuks)<\/td>\n<td>24<\/td>\n<\/tr>\n<tr>\n<td class=\"left-td\">Totale capaciteit van 96 mm dozen 9x9 verdelers (stuks)<\/td>\n<td>18<\/td>\n<\/tr>\n<\/tbody>\n<\/table>"],"refrigerant_cabinet":["<table class=\"specifications\">\n<tbody>\n<tr>\n<td class=\"left-td\">Aantal compressoren<\/td>\n<td>1<\/td>\n<\/tr>\n<tr>\n<td class=\"left-td\">Koelmiddel<\/td>\n<td>GG20<\/td>\n<\/tr>\n<tr>\n<td class=\"left-td\">Materiaal binnenkast<\/td>\n<td>Roestvrij staal<\/td>\n<\/tr>\n<tr>\n<td class=\"left-td\">Materiaal buitenkast<\/td>\n<td>Geschilderd staal<\/td>\n<\/tr>\n<tr>\n<td class=\"left-td\">Kleur (buitenkast)<\/td>\n<td>Wit<\/td>\n<\/tr>\n<tr>\n<td class=\"left-td\">Schuim Agent<\/td>\n<td>Polyurethaan<\/td>\n<\/tr>\n<tr>\n<td class=\"left-td\">VIP vacu\u00fcm ge\u00efsoleerde panelen<\/td>\n<td>Geen<\/td>\n<\/tr>\n<\/tbody>\n<\/table>"],"main_specifications":["<table class=\"specifications\">\n<tbody>\n<tr>\n<td class=\"left-td\">Artikelcode<\/td>\n<td>100051-01<\/td>\n<\/tr>\n<tr>\n<td class=\"left-td\">Temperatuurbereik (\u00b0C)<\/td>\n<td>-40 \/ -86<\/td>\n<\/tr>\n<tr>\n<td class=\"left-td\">Max. Omgevingstemperatuur (\u00b0C)<\/td>\n<td>25<\/td>\n<\/tr>\n<tr>\n<td class=\"left-td\">Capaciteit (L)<\/td>\n<td>54<\/td>\n<\/tr>\n<tr>\n<td class=\"left-td\">Afmetingen buitenkant BxDxH (mm)<\/td>\n<td>646 x 704 x 820<\/td>\n<\/tr>\n<tr>\n<td class=\"left-td\">Afmetingen interieur BxDxH (mm)<\/td>\n<td>360 x 484 x 319<\/td>\n<\/tr>\n<tr>\n<td class=\"left-td\">Gewicht (KG)<\/td>\n<td>80<\/td>\n<\/tr>\n<tr>\n<td class=\"left-td\">Isolatie (mm)<\/td>\n<td>120<\/td>\n<\/tr>\n<tr>\n<td class=\"left-td\">Technologie voor koeling<\/td>\n<td>Enkel systeem \/ Statisch<\/td>\n<\/tr>\n<tr>\n<td class=\"left-td\">Regelaarmodel \/ Type sonde<\/td>\n<td>V500\/ Pt 100<\/td>\n<\/tr>\n<tr>\n<td class=\"left-td\">Voeding (V)<\/td>\n<td>110-230<\/td>\n<\/tr>\n<tr>\n<td class=\"left-td\">Frequentie (Hz)<\/td>\n<td>50 \/ 60<\/td>\n<\/tr>\n<tr>\n<td class=\"left-td\">Stroomverbruik (KWHH\/24H)<\/td>\n<td>4.20<\/td>\n<\/tr>\n<tr>\n<td class=\"left-td\">AMP (A)<\/td>\n<td>3,2 (110V) \/ 1,7A (230V)<\/td>\n<\/tr>\n<tr>\n<td class=\"left-td\">Vermogen (Watt)<\/td>\n<td>300<\/td>\n<\/tr>\n<tr>\n<td class=\"left-td\">Paardekracht (HP)<\/td>\n<td>3\/4<\/td>\n<\/tr>\n<\/tbody>\n<\/table>\n\u00a0"],"other_features_arctiko":["<table class=\"specifications\">\n<tbody>\n<tr>\n<td class=\"left-td\">Automatisch ontdooien<\/td>\n<td>Geen<\/td>\n<\/tr>\n<tr>\n<td class=\"left-td\">Antivries Functie<\/td>\n<td>Geen<\/td>\n<\/tr>\n<tr>\n<td class=\"left-td\">Vacu\u00fcm vrijgavepoort<\/td>\n<td>Ja<\/td>\n<\/tr>\n<tr>\n<td class=\"left-td\">Toegangspoort voor externe sonde enz. (Int. Diameter mm)<\/td>\n<td>20<\/td>\n<\/tr>\n<tr>\n<td class=\"left-td\">Licht<\/td>\n<td>Geen<\/td>\n<\/tr>\n<tr>\n<td class=\"left-td\">Slot met sleutel<\/td>\n<td>Ja<\/td>\n<\/tr>\n<tr>\n<td class=\"left-td\">Wielen (totaal aantal stuks) \/ Wielen met rem (aantal stuks)<\/td>\n<td>2 \/ 0<\/td>\n<\/tr>\n<tr>\n<td class=\"left-td\">Vaste voeten (stuks) \/ Stelvoeten (stuks)<\/td>\n<td>0 \/ 2<\/td>\n<\/tr>\n<tr>\n<td class=\"left-td\">Deksels \/ binnendeuren (stuks)<\/td>\n<td>Geen<\/td>\n<\/tr>\n<tr>\n<td class=\"left-td\">Omkeerbare deuren<\/td>\n<td>Geen<\/td>\n<\/tr>\n<tr>\n<td class=\"left-td\">Totale capaciteit van 50 mm dozen 9x9 verdelers (stuks)<\/td>\n<td>36<\/td>\n<\/tr>\n<tr>\n<td class=\"left-td\">Totale capaciteit van 75 mm dozen 9x9 verdelers (stuks)<\/td>\n<td>24<\/td>\n<\/tr>\n<tr>\n<td class=\"left-td\">Totale capaciteit van 96 mm dozen 9x9 verdelers (stuks)<\/td>\n<td>18<\/td>\n<\/tr>\n<\/tbody>\n<\/table>"],"_uag_page_assets":["a:9:{s:3:\"css\";s:0:\"\";s:2:\"js\";s:0:\"\";s:18:\"current_block_list\";a:0:{}s:8:\"uag_flag\";b:0;s:11:\"uag_version\";s:10:\"1777380220\";s:6:\"gfonts\";a:0:{}s:10:\"gfonts_url\";s:0:\"\";s:12:\"gfonts_files\";a:0:{}s:14:\"uag_faq_layout\";b:0;}"],"_max_variation_price":[""],"_max_variation_regular_price":[""],"_max_variation_sale_price":[""],"_min_variation_price":[""],"_min_variation_regular_price":[""],"_min_variation_sale_price":[""],"_sale_price":[""],"_wc_pb_base_regular_price":[""],"_wc_pb_base_sale_price":[""],"_wc_pb_base_price":[""],"_wc_sw_max_price":[""],"_wc_sw_max_regular_price":[""],"_wc_rating_count":[""],"_wc_review_count":[""],"_wc_average_rating":[0]},"uagb_featured_image_src":{"full":["https:\/\/praxas.com\/wp-content\/uploads\/ULUF-P50-Right-Facing-Pixels-800x463-2.jpg",800,463,false],"thumbnail":["https:\/\/praxas.com\/wp-content\/uploads\/ULUF-P50-Right-Facing-Pixels-800x463-2-150x150.jpg",150,150,true],"medium":["https:\/\/praxas.com\/wp-content\/uploads\/ULUF-P50-Right-Facing-Pixels-800x463-2-300x174.jpg",300,174,true],"medium_large":["https:\/\/praxas.com\/wp-content\/uploads\/ULUF-P50-Right-Facing-Pixels-800x463-2-768x444.jpg",768,444,true],"large":["https:\/\/praxas.com\/wp-content\/uploads\/ULUF-P50-Right-Facing-Pixels-800x463-2.jpg",800,463,false],"1536x1536":["https:\/\/praxas.com\/wp-content\/uploads\/ULUF-P50-Right-Facing-Pixels-800x463-2.jpg",800,463,false],"2048x2048":["https:\/\/praxas.com\/wp-content\/uploads\/ULUF-P50-Right-Facing-Pixels-800x463-2.jpg",800,463,false],"crunchify-admin-post-featured-image":["https:\/\/praxas.com\/wp-content\/uploads\/ULUF-P50-Right-Facing-Pixels-800x463-2-120x69.jpg",120,69,true],"commercegurus-pdp-large":["https:\/\/praxas.com\/wp-content\/uploads\/ULUF-P50-Right-Facing-Pixels-800x463-2.jpg",800,463,false],"commercegurus-plp-mobile":["https:\/\/praxas.com\/wp-content\/uploads\/ULUF-P50-Right-Facing-Pixels-800x463-2-441x255.jpg",441,255,true],"cgkit_image_swatch":["https:\/\/praxas.com\/wp-content\/uploads\/ULUF-P50-Right-Facing-Pixels-800x463-2-100x100.jpg",100,100,true],"woocommerce_thumbnail":["https:\/\/praxas.com\/wp-content\/uploads\/ULUF-P50-Right-Facing-Pixels-800x463-2-350x203.jpg",350,203,true],"woocommerce_single":["https:\/\/praxas.com\/wp-content\/uploads\/ULUF-P50-Right-Facing-Pixels-800x463-2.jpg",800,463,false],"woocommerce_gallery_thumbnail":["https:\/\/praxas.com\/wp-content\/uploads\/ULUF-P50-Right-Facing-Pixels-800x463-2-150x87.jpg",150,87,true]},"uagb_author_info":{"display_name":"Alex James","author_link":"https:\/\/praxas.com\/nl\/author\/"},"uagb_comment_info":0,"uagb_excerpt":"-40\u00b0C \/ -86\u00b0C Compact ULT-model - 54 L Uitstekende koelprestaties Ruimtebesparend Technologie met enkele compressor Verwarmd deurkozijn Laag energieverbruik","_links":{"self":[{"href":"https:\/\/praxas.com\/nl\/wp-json\/wp\/v2\/product\/47635","targetHints":{"allow":["GET"]}}],"collection":[{"href":"https:\/\/praxas.com\/nl\/wp-json\/wp\/v2\/product"}],"about":[{"href":"https:\/\/praxas.com\/nl\/wp-json\/wp\/v2\/types\/product"}],"wp:featuredmedia":[{"embeddable":true,"href":"https:\/\/praxas.com\/nl\/wp-json\/wp\/v2\/media\/24341"}],"wp:attachment":[{"href":"https:\/\/praxas.com\/nl\/wp-json\/wp\/v2\/media?parent=47635"}],"wp:term":[{"taxonomy":"product_brand","embeddable":true,"href":"https:\/\/praxas.com\/nl\/wp-json\/wp\/v2\/product_brand?post=47635"},{"taxonomy":"product_cat","embeddable":true,"href":"https:\/\/praxas.com\/nl\/wp-json\/wp\/v2\/product_cat?post=47635"},{"taxonomy":"product_tag","embeddable":true,"href":"https:\/\/praxas.com\/nl\/wp-json\/wp\/v2\/product_tag?post=47635"}],"curies":[{"name":"wp","href":"https:\/\/api.w.org\/{rel}","templated":true}]}}