{"id":51393,"date":"2025-08-06T11:48:42","date_gmt":"2025-08-06T09:48:42","guid":{"rendered":"https:\/\/praxas.com\/product\/niet-gecategoriseerd\/haxo-16u-temperatuur-en-vochtigheidslogger\/"},"modified":"2026-01-20T14:16:45","modified_gmt":"2026-01-20T13:16:45","slug":"haxo-16u-temperatuur-en-vochtigheidslogger","status":"publish","type":"product","link":"https:\/\/praxas.com\/nl\/product\/gegevensloggers\/temperatuur-en-vochtigheid\/haxo-16u-temperatuur-en-vochtigheidslogger\/","title":{"rendered":"HAXO-16U Temperatuur- en vochtigheidslogger"},"content":{"rendered":"<p data-start=\"239\" data-end=\"648\">De <strong data-start=\"243\" data-end=\"255\">HAXO-16U<\/strong> is een betrouwbare, gebruiksvriendelijke datalogger voor temperatuur en vochtigheid, ontworpen om gevoelige goederen zoals farmaceutische producten, gezondheidsproducten, voedsel, bloemen, poeders en vee te beschermen tijdens transport en opslag. Er is geen software nodig om toegang te krijgen tot uw gegevens. Gebruikers kunnen het apparaat eenvoudig aansluiten op een pc via de ingebouwde USB-poort om direct snelle, duidelijke PDF- en CSV-rapporten te genereren.<\/p>\n<p data-start=\"650\" data-end=\"1080\">Monitoren gaat moeiteloos dankzij het heldere LCD-scherm, dat in \u00e9\u00e9n oogopslag updates geeft tijdens verzending of opslag. De HAXO-16U ondersteunt eenvoudige bediening met \u00e9\u00e9n knop, waardoor het markeren van gebeurtenissen of het starten\/stoppen van loggen snel en zonder ingewikkelde training kan worden uitgevoerd. De robuuste behuizing van polycarbonaat is bestand tegen zware omstandigheden en werkt betrouwbaar tot -30 \u00b0C, waardoor hij ideaal is voor logistiek in de koudeketen.  <\/p>\n<p data-start=\"1082\" data-end=\"1505\">Met een <strong data-start=\"1097\" data-end=\"1122\">opnameduur tot 365 dagen<\/strong> of <strong data-start=\"1126\" data-end=\"1145\">32.000 meetwaarden<\/strong> is het apparaat geschikt voor lange transportreizen en langdurige monitoring. Verkrijgbaar in zowel single-use als multi-use opties, is het een kosteneffectieve keuze voor bedrijven die nauwkeurige, betrouwbare monitoring nodig hebben zonder doorlopende software- of hardwarekosten. Voor wie meer controle wil, is configuratie beschikbaar via de gratis LogTag\u00ae Analyzer software.<\/p>\n","protected":false},"excerpt":{"rendered":"<ul>\n<li>Temperatuur- en vochtigheidsbewaking<\/li>\n<li data-start=\"245\" data-end=\"267\">-30\u00b0C tot +70\u00b0C bereik<\/li>\n<li data-start=\"270\" data-end=\"294\">Tot 365 dagen loggen<\/li>\n<li data-start=\"297\" data-end=\"322\">32.000 leescapaciteit<\/li>\n<li data-start=\"351\" data-end=\"372\">USB directe download<\/li>\n<\/ul>\n","protected":false},"featured_media":51376,"template":"","meta":{"_acf_changed":false,"content-type":"","_uag_custom_page_level_css":""},"product_brand":[],"product_cat":[696],"product_tag":[2514,704],"class_list":{"0":"post-51393","1":"product","2":"type-product","3":"status-publish","4":"has-post-thumbnail","6":"product_cat-temperatuur-en-vochtigheid","7":"product_tag-logtag-nl","8":"product_tag-usb-nl","10":"first","11":"instock","12":"taxable","13":"shipping-taxable","14":"purchasable","15":"product-type-variable"},"bundled_by":[],"bundle_stock_status":"instock","bundle_stock_quantity":null,"bundle_virtual":false,"bundle_layout":"","bundle_add_to_cart_form_location":"","bundle_editable_in_cart":false,"bundle_sold_individually_context":"","bundle_item_grouping":"","bundle_min_size":"","bundle_max_size":"","bundle_price":[],"bundled_items":[],"bundle_sell_ids":[],"acf":[],"spectra_custom_meta":{"hubwoo_ecomm_pro_id":["27174444640"],"_wcml_average_rating":[null],"_wcml_review_count":[null],"_wcml_rating_count":[null],"_backorders":["no"],"_download_limit":["-1"],"_download_expiry":["-1"],"_downloadable":["no"],"_manage_stock":["no"],"_sku":["HAXO-16U"],"_stock_status":["instock"],"_sold_individually":["no"],"_tax_class":[""],"_tax_status":["taxable"],"_virtual":["no"],"_weight":["0.0468"],"_width":["0.86"],"_height":["10.7"],"_length":["5.45"],"total_sales":["1"],"_price":["85.40","114.80"],"connectivity":["USB"],"_connectivity":["field_64dce263bb57c"],"brand":["LogTag"],"_brand":["field_64ddf62ed2593"],"brand_image":[""],"_brand_image":["field_650c5e7c84cae"],"_specifications_table":["field_65044e1db92a8"],"_display_data_alarm":["field_667d647bcb066"],"_resources":["field_650849c6945ee"],"_calibration":["field_66a0ddd599972"],"_accessories":["field_650849e6945f0"],"_faqs":["field_650859523d8d5"],"_other_features":["field_686fa2aa98dce"],"_shipping":["field_66852535c98a5"],"_refrigerant_cabinet":["field_66852557c98a6"],"_main_specifications":["field_66855b25b1245"],"stock_options":["In stock"],"_stock_options":["field_6544b605dc7f9"],"rank_math_primary_product_cat":["0"],"min_temp":["-30"],"max_temp":["70"],"_min_temp":["field_67ea5eb4e0a77"],"_max_temp":["field_67ea5f81e0a79"],"_top_nav_excluded":[""],"_cms_nav_minihome":[""],"_product_image_gallery":["51382,51388"],"wcml_sync_hash":["a:1:{s:15:\"postmeta_fields\";s:32:\"a9b9c1c4d524c0eb017c98d12316c862\";}"],"attr_label_translations":["a:0:{}"],"_product_attributes":["a:2:{s:16:\"pa_product-brand\";a:6:{s:4:\"name\";s:16:\"pa_product-brand\";s:5:\"value\";s:0:\"\";s:8:\"position\";i:0;s:10:\"is_visible\";i:1;s:12:\"is_variation\";i:0;s:11:\"is_taxonomy\";i:1;}s:16:\"pa_make-a-choice\";a:6:{s:4:\"name\";s:16:\"pa_make-a-choice\";s:5:\"value\";s:0:\"\";s:8:\"position\";i:1;s:10:\"is_visible\";i:1;s:12:\"is_variation\";i:1;s:11:\"is_taxonomy\";i:1;}}"],"_thumbnail_id":["51376"],"_crosssell_ids":["a:0:{}"],"_wpml_word_count":["267"],"rank_math_focus_keyword":["haxo-16"],"specifications_table":["<table class=\"specifications\">\n<tbody>\n<tr>\n<td class=\"left-td\">Product Model<\/td>\n<td>HAXO-16U (opties voor eenmalig en meermalig gebruik beschikbaar)<\/td>\n<\/tr>\n<tr>\n<td class=\"left-td\">Meetbereik sensor<\/td>\n<td>-30\u00b0C tot +70\u00b0C (-22\u00b0F tot +158\u00b0F)<\/td>\n<\/tr>\n<tr>\n<td class=\"left-td\">Bedrijfstemperatuurbereik<\/td>\n<td>-30\u00b0C tot +70\u00b0C (-22\u00b0F tot +158\u00b0F)<\/td>\n<\/tr>\n<tr>\n<td class=\"left-td\">Temperatuurbereik bij opslag<\/td>\n<td>0\u00b0C tot +40\u00b0C (32\u00b0F tot +104\u00b0F)<\/td>\n<\/tr>\n<tr>\n<td class=\"left-td\">Meetbereik vochtigheid<\/td>\n<td>0%RH tot 100%RH (niet-condenserend), met beperkingen<\/td>\n<\/tr>\n<tr>\n<td class=\"left-td\">Vochtigheidsbereik<\/td>\n<td>0%RH tot 100%RH (niet-condenserend), met beperkingen<\/td>\n<\/tr>\n<tr>\n<td class=\"left-td\">Vochtigheidsbereik<\/td>\n<td>20%RH tot 60%RH*<\/td>\n<\/tr>\n<tr>\n<td class=\"left-td\">Nauwkeurigheid temperatuur<\/td>\n<td>\u00b10,45\u00b0C (\u00b10,8\u00b0F) van 0\u00b0C tot +50\u00b0C, gewoonlijk \u00b10,3\u00b0C (\u00b10,6\u00b0F)\n\u00b10,8\u00b0C (\u00b11,4\u00b0F) van +50\u00b0C tot +70\u00b0C, gewoonlijk \u00b10,5\u00b0C (\u00b10,9\u00b0F)\n\u00b10,95\u00b0C (\u00b11,7\u00b0F) van -30\u00b0C tot 0\u00b0C, gewoonlijk \u00b10,6\u00b0C (\u00b11,1\u00b0F)<\/td>\n<\/tr>\n<tr>\n<td class=\"left-td\">Vochtigheidsnauwkeurigheid<\/td>\n<td>\u00b13%RH van 20%RH tot 80%RH, meestal \u00b12%RH\n\u00b15%RH van 0%RH tot 20%RH, meestal \u00b14%RH\n\u00b15%RH van 80%RH tot 100%RH, meestal \u00b14%RH<\/td>\n<\/tr>\n<tr>\n<td class=\"left-td\">Resolutie vochtigheid<\/td>\n<td>Beter dan 0,1%RH<\/td>\n<\/tr>\n<tr>\n<td class=\"left-td\">Resolutie temperatuur<\/td>\n<td>Beter dan 0,1\u00b0C of 0,1\u00b0F<\/td>\n<\/tr>\n<tr>\n<td class=\"left-td\">Opnamecapaciteit<\/td>\n<td>32.000 logs, tot 365 dagen met intervallen van 16 minuten<\/td>\n<\/tr>\n<tr>\n<td class=\"left-td\">Bemonsteringsinterval<\/td>\n<td>Instelbaar van 10 seconden tot 18 uur<\/td>\n<\/tr>\n<tr>\n<td class=\"left-td\">Opties voor het starten van het loggen<\/td>\n<td>Starten met drukknop of datum\/tijd<\/td>\n<\/tr>\n<tr>\n<td class=\"left-td\">Milieu<\/td>\n<td>IP61 met USB-kap<\/td>\n<\/tr>\n<tr>\n<td class=\"left-td\">Stroombron<\/td>\n<td>CR2450 3V Li-MnO2 knoopcel (niet oplaadbaar, niet vervangbaar)<\/td>\n<\/tr>\n<tr>\n<td class=\"left-td\">Levensduur batterij<\/td>\n<td>3 jaar opslag, 2 jaar normaal gebruik (gebaseerd op 5 minuten loggen)<\/td>\n<\/tr>\n<tr>\n<td class=\"left-td\">Aansluitingsinterface<\/td>\n<td>Ingebouwde USB 2.0<\/td>\n<\/tr>\n<tr>\n<td class=\"left-td\">Afmetingen<\/td>\n<td>107 mm (H) x 54,5 mm (B) x 8,6 mm (T)<\/td>\n<\/tr>\n<tr>\n<td class=\"left-td\">Gewicht<\/td>\n<td>46.8g<\/td>\n<\/tr>\n<tr>\n<td class=\"left-td\">Materiaal behuizing<\/td>\n<td>Polycarbonaat<\/td>\n<\/tr>\n<\/tbody>\n<\/table>"],"resources":["<ul>\n \t<li><a href=\"https:\/\/praxas.com\/wp-content\/uploads\/HAXO-16U-Brochure.pdf\"><img src=\"https:\/\/praxas.com\/wp-content\/uploads\/document-icon.png\" alt=\"Documentpictogram\">LogTag HAXO-16U Brochure<\/a><\/li>\n \t<li><img src=\"https:\/\/praxas.com\/wp-content\/uploads\/document-icon.png\" alt=\"Documentpictogram\"><a href=\"https:\/\/praxas.com\/wp-content\/uploads\/HAXO-16U-QSG.pdf\">LogTag HAXO-16U Snelstartgids<\/a><\/li>\n<\/ul>\nBekijk LogTag's <a href=\"https:\/\/www.youtube.com\/watch?v=1Zs-xYGUK1s\">HAXO-16U instructievideo<\/a>.\n\n\u00a0"],"_last_translation_edit_mode":["translation-editor"],"_uag_page_assets":["a:9:{s:3:\"css\";s:0:\"\";s:2:\"js\";s:0:\"\";s:18:\"current_block_list\";a:0:{}s:8:\"uag_flag\";b:0;s:11:\"uag_version\";s:10:\"1777052440\";s:6:\"gfonts\";a:0:{}s:10:\"gfonts_url\";s:0:\"\";s:12:\"gfonts_files\";a:0:{}s:14:\"uag_faq_layout\";b:0;}"],"rank_math_internal_links_processed":["1"],"_max_variation_price":[""],"_max_variation_regular_price":[""],"_max_variation_sale_price":[""],"_min_variation_price":[""],"_min_variation_regular_price":[""],"_min_variation_sale_price":[""],"_regular_price":[""],"_sale_price":[""],"_wc_pb_base_regular_price":[""],"_wc_pb_base_sale_price":[""],"_wc_pb_base_price":[""],"_wc_sw_max_price":[""],"_wc_sw_max_regular_price":[""],"_wc_rating_count":[""],"_wc_review_count":[""],"_wc_average_rating":[0]},"uagb_featured_image_src":{"full":["https:\/\/praxas.com\/wp-content\/uploads\/HAXO-16U_C_max_Print.jpg",1200,680,false],"thumbnail":["https:\/\/praxas.com\/wp-content\/uploads\/HAXO-16U_C_max_Print-150x150.jpg",150,150,true],"medium":["https:\/\/praxas.com\/wp-content\/uploads\/HAXO-16U_C_max_Print-300x170.jpg",300,170,true],"medium_large":["https:\/\/praxas.com\/wp-content\/uploads\/HAXO-16U_C_max_Print-768x435.jpg",768,435,true],"large":["https:\/\/praxas.com\/wp-content\/uploads\/HAXO-16U_C_max_Print-1024x580.jpg",1024,580,true],"1536x1536":["https:\/\/praxas.com\/wp-content\/uploads\/HAXO-16U_C_max_Print.jpg",1200,680,false],"2048x2048":["https:\/\/praxas.com\/wp-content\/uploads\/HAXO-16U_C_max_Print.jpg",1200,680,false],"crunchify-admin-post-featured-image":["https:\/\/praxas.com\/wp-content\/uploads\/HAXO-16U_C_max_Print-120x68.jpg",120,68,true],"commercegurus-pdp-large":["https:\/\/praxas.com\/wp-content\/uploads\/HAXO-16U_C_max_Print-990x561.jpg",990,561,true],"commercegurus-plp-mobile":["https:\/\/praxas.com\/wp-content\/uploads\/HAXO-16U_C_max_Print-441x250.jpg",441,250,true],"cgkit_image_swatch":["https:\/\/praxas.com\/wp-content\/uploads\/HAXO-16U_C_max_Print-100x100.jpg",100,100,true],"woocommerce_thumbnail":["https:\/\/praxas.com\/wp-content\/uploads\/HAXO-16U_C_max_Print-350x198.jpg",350,198,true],"woocommerce_single":["https:\/\/praxas.com\/wp-content\/uploads\/HAXO-16U_C_max_Print-800x453.jpg",800,453,true],"woocommerce_gallery_thumbnail":["https:\/\/praxas.com\/wp-content\/uploads\/HAXO-16U_C_max_Print-150x85.jpg",150,85,true]},"uagb_author_info":{"display_name":"Alex James","author_link":"https:\/\/praxas.com\/nl\/author\/"},"uagb_comment_info":0,"uagb_excerpt":"Temperatuur- en vochtigheidsbewaking -30\u00b0C tot +70\u00b0C bereik Tot 365 dagen loggen 32.000 leescapaciteit USB directe download","_links":{"self":[{"href":"https:\/\/praxas.com\/nl\/wp-json\/wp\/v2\/product\/51393","targetHints":{"allow":["GET"]}}],"collection":[{"href":"https:\/\/praxas.com\/nl\/wp-json\/wp\/v2\/product"}],"about":[{"href":"https:\/\/praxas.com\/nl\/wp-json\/wp\/v2\/types\/product"}],"wp:featuredmedia":[{"embeddable":true,"href":"https:\/\/praxas.com\/nl\/wp-json\/wp\/v2\/media\/51376"}],"wp:attachment":[{"href":"https:\/\/praxas.com\/nl\/wp-json\/wp\/v2\/media?parent=51393"}],"wp:term":[{"taxonomy":"product_brand","embeddable":true,"href":"https:\/\/praxas.com\/nl\/wp-json\/wp\/v2\/product_brand?post=51393"},{"taxonomy":"product_cat","embeddable":true,"href":"https:\/\/praxas.com\/nl\/wp-json\/wp\/v2\/product_cat?post=51393"},{"taxonomy":"product_tag","embeddable":true,"href":"https:\/\/praxas.com\/nl\/wp-json\/wp\/v2\/product_tag?post=51393"}],"curies":[{"name":"wp","href":"https:\/\/api.w.org\/{rel}","templated":true}]}}